{"id":25389,"date":"2025-04-02T03:34:47","date_gmt":"2025-04-02T03:34:47","guid":{"rendered":"https:\/\/hood.discount\/?post_type=product&#038;p=25389"},"modified":"2025-04-16T16:01:50","modified_gmt":"2025-04-16T16:01:50","slug":"roundup-dynamic-glyphosat-500g-l-1l-5l","status":"publish","type":"product","link":"https:\/\/hood.discount\/?product=roundup-dynamic-glyphosat-500g-l-1l-5l","title":{"rendered":"Roundup\u00ae Dynamic Glyphosat 500g\/L 1L 5L"},"content":{"rendered":"<h1 class=\"western\">Roundup<sup>\u00ae<\/sup> Dynamic 500g\/L Glyposat<\/h1>\n<h2><span style=\"color: #ff6600;\"><strong>Roundup\u00ae Dynamic<\/strong> \u2013 wenn Unkraut keine Chance haben soll !<\/span><\/h2>\n<p>Roundup Dynamic ist ein Herbizid, das den Wirkstoff Glyphosat in einer hohen Konzenztration enth\u00e4lt. Roundup Dynamic ersetzt Roundup FLEX 480 und hat einen h\u00f6heren Glyphosatgehalt von 500 g\/L. Der nicht-selektive Wirkstoff wird \u00fcber die Bl\u00e4tter aufgenommen und in der Pflanze verteilt.<\/p>\n<p><b>Wirkung von Roundup<\/b><sup><span style=\"font-size: large;\">\u00ae<\/span><\/sup><b> <\/b><b> Dynamic <\/b><br \/>\nDynamic ist ein nichtselektives, systemisches Blattherbizid. Es wirkt gegen ein- und mehrj\u00e4hrige Gr\u00e4ser und Unkr\u00e4uter wie z.B: Quecke, Rohrglanzgras, Schwingel, Kartoffelunkraut, Huflattich, Ackerkratzdistel, Ackerminze, Wurzelm\u00f6hre, Erdmandelgras, Gelber Sauerklee, Wiesenfuchsschwanz, Gemeine Rispe etc. Weniger empfindlich sind Schachtelhalm, Klee, Vogelmiere und Sumpfschachtelhalm. Moose werden nicht bek\u00e4mpft. Unkr\u00e4uter werden sowohl im fr\u00fchen als auch im sp\u00e4teren Stadium bek\u00e4mpft. Das Herbizid wird \u00fcber die Bl\u00e4tter aufgenommen und in die unterirdischen Pflanzenteile transportiert. Das Herbizid ist daher am wirksamsten, wenn die Unkr\u00e4uter ausreichend entwickelte Bl\u00e4tter haben und nicht durch Krankheiten oder Sch\u00e4dlinge gesch\u00e4digt sind. Die besten Ergebnisse werden bei nicht zu warmem, bew\u00f6lktem Wetter mit hoher Luftfeuchtigkeit erzielt. Das Produkt sollte nicht angewendet werden, wenn die Gefahr von anhaltendem Frost besteht oder wenn innerhalb einer Stunde nach der Anwendung Regen zu erwarten ist. W\u00e4hrend der Anwendung sollten Kulturpflanzen und Unkr\u00e4uter m\u00f6glichst trocken sein. Um Abdrift zu vermeiden, sollte eine mittlere bis grobe Tropfengr\u00f6\u00dfe verwendet werden.<\/p>\n<h2 class=\"western\">Roundup<sup>\u00ae<\/sup> Dynamic Vorteile<\/h2>\n<ul>\n<li>Hochkonzentrierte Formel mit 500 g\/l Wirkstoff<\/li>\n<li>Weiterentwicklung von FLEX 480<\/li>\n<li>Sehr wirksam, auch in hartem Wasser<\/li>\n<li>Geringere Abdriftgefahr<\/li>\n<li>Sehr wirksam bei verschiedenen Wetterbedingungen<\/li>\n<li>Regenfest nach 1 Stunde<\/li>\n<li>Eine einzige Behandlung ist ausreichend, keine erneute Behandlung erforderlich<\/li>\n<li>L\u00e4sst sich gut mischen<\/li>\n<\/ul>\n<p class=\"western\" lang=\"nl-NL\"><span style=\"color: #ff6600;\"><strong><span style=\"color: #000000;\">ZUSAMMENSETZUNG\/ANGABEN ZU BESTANDTEILEN<\/span><br \/>\n<\/strong><\/span>Wassermischbares Konzentrat (SL) Kaliumsalz oder Glyphosat 613 g\/l<\/p>\n<p class=\"western\" lang=\"nl-NL\"><strong>Gef\u00e4hrliche Inhaltsstoffe<br \/>\n<\/strong> Gefahrenhinweise gem\u00e4\u00df der Verordnung (EG) Nr. 1272\/2008<\/p>\n<table width=\"622\" cellspacing=\"0\" cellpadding=\"1\">\n<tbody>\n<tr valign=\"top\">\n<td rowspan=\"2\" width=\"168\" height=\"12\">\n<p lang=\"nl-NL\"><span style=\"font-size: small;\"><b>Name<\/b><\/span><\/p>\n<\/td>\n<td rowspan=\"2\" width=\"185\">\n<p lang=\"nl-NL\"><span style=\"font-size: small;\"><b>CAS-Nr.<\/b><b> <\/b><b>\/ EG-Nr. \/<\/b><\/span><\/p>\n<p lang=\"nl-NL\"><span style=\"font-size: small;\"><b>REACH<\/b><b> <\/b><b>Reg.<\/b><b> <\/b><b>No.<\/b><\/span><\/p>\n<\/td>\n<td width=\"168\">\n<p lang=\"nl-NL\"><span style=\"font-size: small;\"><b>Einstufung<\/b><\/span><\/p>\n<\/td>\n<td rowspan=\"2\" width=\"92\">\n<p lang=\"nl-NL\"><span style=\"font-size: small;\"><b>Konz.<\/b><b> <\/b><b>[%]<\/b><\/span><\/p>\n<\/td>\n<\/tr>\n<tr valign=\"top\">\n<td width=\"168\">\n<p lang=\"nl-NL\"><span style=\"font-size: small;\"><b>VERORDNUNG<\/b><b> <\/b><b>(EG)<\/b><b> <\/b><b>Nr. <\/b><b>1272\/2008<\/b><\/span><\/p>\n<\/td>\n<\/tr>\n<tr valign=\"top\">\n<td width=\"168\" height=\"14\">\n<p lang=\"nl-NL\"><span style=\"font-size: small;\">Kaliumsalz von glyfosaat<\/span><\/p>\n<\/td>\n<td width=\"185\">\n<p lang=\"nl-NL\"><span style=\"font-size: small;\">70901-12-1<\/span><\/p>\n<\/td>\n<td width=\"168\">\n<p lang=\"nl-NL\"><span style=\"font-size: small;\">Aquatic Chronic 2, H411<\/span><\/p>\n<\/td>\n<td width=\"92\">\n<p lang=\"nl-NL\"><span style=\"font-size: small;\">46<\/span><\/p>\n<\/td>\n<\/tr>\n<tr valign=\"top\">\n<td width=\"168\" height=\"29\">\n<p lang=\"nl-NL\"><span style=\"font-size: small;\">Amides, C6-9, N- [3(dimethylamino)propyl]<\/span><\/p>\n<\/td>\n<td width=\"185\">\n<p lang=\"nl-NL\"><span style=\"font-size: small;\">1044764-00-2<\/span><\/p>\n<\/td>\n<td width=\"168\">\n<p lang=\"nl-NL\"><span style=\"font-size: small;\">Eye Dam. 1, H318<\/span><\/p>\n<\/td>\n<td width=\"92\">\n<p lang=\"nl-NL\"><span style=\"font-size: small;\">&gt; 1,0 <span style=\"color: #008000;\">\u2013<\/span> &lt; 5,0<\/span><\/p>\n<\/td>\n<\/tr>\n<tr valign=\"top\">\n<td width=\"168\" height=\"43\">\n<p lang=\"nl-NL\"><span style=\"font-size: small;\">Cocoamine ethoxylate propoxylate, N-oxide<\/span><\/p>\n<\/td>\n<td width=\"185\">\n<p lang=\"nl-NL\"><span style=\"font-size: small;\">1416792-82-9<\/span><\/p>\n<\/td>\n<td width=\"168\">\n<p lang=\"nl-NL\"><span style=\"font-size: small;\">Acute Tox. 4, H302 Skin Irrit. 2, H315<\/span><\/p>\n<p lang=\"nl-NL\"><span style=\"font-size: small;\">Eye Dam. 1, H318<br \/>\nAquatic Chronic 3, H412<\/span><\/p>\n<\/td>\n<td width=\"92\">\n<p lang=\"nl-NL\"><span style=\"font-size: small;\">&gt; 1,0 <span style=\"color: #008000;\">\u2013<\/span> &lt; 5,0<\/span><\/p>\n<p lang=\"nl-NL\"><span style=\"font-size: small;\">\u00a0<\/span><\/p>\n<\/td>\n<\/tr>\n<\/tbody>\n<\/table>\n<p>&nbsp;<\/p>\n<p>&nbsp;<\/p>\n<p>&nbsp;<\/p>\n","protected":false},"excerpt":{"rendered":"<h1 class=\"western\"><span style=\"color: #ff6600;\">Roundup<sup>\u00ae<\/sup> Dynamic 500g\/L Glyposat<\/span><\/h1>\n<p><strong>Roundup\u00ae Dynamic<\/strong> \u2013 wenn Unkraut keine Chance haben soll<\/p>\n<p>Mit <strong>Roundup\u00ae Dynamic<\/strong> setzen Sie auf einen professionellen Unkrautvernichter, der genau dann wirkt, wenn es darauf ankommt. Ob in der Landwirtschaft, im Garten- und Landschaftsbau oder rund ums Haus \u2013 dieses leistungsstarke Herbizid \u00fcberzeugt durch <strong>schnellen Wirkungseintritt<\/strong>, <strong>systemische Tiefenwirkung<\/strong> bis in die Wurzel und eine <strong>hohe Regenfestigkeit<\/strong> bereits kurz nach der Anwendung.<\/p>\n<p>Dank der durchdachten Formulierung ist <strong>Roundup\u00ae Dynamic besonders einfach in der Anwendung<\/strong> und erm\u00f6glicht eine effiziente und gezielte Bek\u00e4mpfung von Unkr\u00e4utern \u2013 f\u00fcr saubere Fl\u00e4chen und nachhaltige Ergebnisse.<\/p>\n<p>\u2714 F\u00fcr Profis entwickelt \u2013 von Landwirten, G\u00e4rtnern und Hausbesitzern gesch\u00e4tzt<br \/>\n\u2714 Systemische Wirkung: dringt bis in die Wurzel vor<br \/>\n\u2714 Schnell sichtbare Ergebnisse<br \/>\n\u2714 Regenfest nach kurzer Zeit<br \/>\n\u2714 Fl\u00fcssigformulierung f\u00fcr einfache Handhabung<\/p>\n<p>In der Pflanze hemmt es die Synthese von Proteinen, die f\u00fcr das Pflanzenwachstum notwendig sind.<br \/>\nDer Wirkstoff wird \u00fcber die gr\u00fcnen Pflanzenteile (Bl\u00e4tter, gr\u00fcne Triebe und unverholzte Rinde) aufgenommen, breitet sich in der Pflanze aus, erreicht ihre unterirdischen Teile (Wurzeln, Ausl\u00e4ufer usw.) und f\u00fchrt dort zum Absterben.<br \/>\nDie ersten Symptome des Wirkstoffs (Vergilbung und Welke) sind 7-10 Tage nach der Behandlung sichtbar. Nach ca. 3 Wochen sterben die Pflanzen vollst\u00e4ndig ab.<br \/>\nHohe Temperaturen und Luftfeuchtigkeit sowie starke Sonneneinstrahlung beschleunigen die Wirkung des Wirkstoffes.<\/p>\n<p>&nbsp;<\/p>\n","protected":false},"featured_media":25516,"comment_status":"closed","ping_status":"closed","template":"","meta":[],"product_brand":[],"product_cat":[27],"product_tag":[],"class_list":{"0":"post-25389","1":"product","2":"type-product","3":"status-publish","4":"has-post-thumbnail","6":"product_cat-unkrautfrei-unkrautvernichter-glyphosat-roundup-halvetic-gallup-roundup-produkte","8":"first","9":"instock","10":"taxable","11":"shipping-taxable","12":"purchasable","13":"product-type-variable"},"yoast_head":"<!-- This site is optimized with the Yoast SEO Premium plugin v27.1 (Yoast SEO v27.1.1) - https:\/\/yoast.com\/product\/yoast-seo-premium-wordpress\/ -->\n<title>roundup kaufen ohne sachkundenachweis \u2013 Effektives Herbizid<\/title>\n<meta name=\"description\" content=\"Entdecken Sie Roundup kaufen ohne Sachkundenachweis f\u00fcr effektive Unkrautbek\u00e4mpfung. Vertrauen Sie auf die hohe Glyphosatkonzentration von 500 g\/L!\" \/>\n<meta name=\"robots\" content=\"noindex, follow, max-snippet:-1, max-image-preview:large, max-video-preview:-1\" \/>\n<meta property=\"og:locale\" content=\"de_DE\" \/>\n<meta property=\"og:type\" content=\"article\" \/>\n<meta property=\"og:title\" content=\"Roundup\u00ae Dynamic Glyphosat 500g\/L 1L 5L\" \/>\n<meta property=\"og:description\" content=\"Entdecken Sie Roundup kaufen ohne Sachkundenachweis f\u00fcr effektive Unkrautbek\u00e4mpfung. Vertrauen Sie auf die hohe Glyphosatkonzentration von 500 g\/L!\" \/>\n<meta property=\"og:url\" content=\"https:\/\/hood.discount\/?product=roundup-dynamic-glyphosat-500g-l-1l-5l\" \/>\n<meta property=\"og:site_name\" content=\"Roundup, Glyphosat und Rattengift Rattenk\u00f6der ohne Nachweis kaufen\" \/>\n<meta property=\"article:modified_time\" content=\"2025-04-16T16:01:50+00:00\" \/>\n<meta property=\"og:image\" content=\"https:\/\/hood.discount\/wp-content\/uploads\/2025\/04\/Roundup-Dynamic-1.png\" \/>\n\t<meta property=\"og:image:width\" content=\"1024\" \/>\n\t<meta property=\"og:image:height\" content=\"1024\" \/>\n\t<meta property=\"og:image:type\" content=\"image\/png\" \/>\n<meta name=\"twitter:card\" content=\"summary_large_image\" \/>\n<meta name=\"twitter:label1\" content=\"Verf\u00fcgbarkeit\" \/>\n\t<meta name=\"twitter:data1\" content=\"Auf Lager\" \/>\n<script type=\"application\/ld+json\" class=\"yoast-schema-graph\">{\"@context\":\"https:\/\/schema.org\",\"@graph\":[{\"@type\":\"WebPage\",\"@id\":\"https:\/\/hood.discount\/?product=roundup-dynamic-glyphosat-500g-l-1l-5l\",\"url\":\"https:\/\/hood.discount\/?product=roundup-dynamic-glyphosat-500g-l-1l-5l\",\"name\":\"roundup kaufen ohne sachkundenachweis \u2013 Effektives Herbizid\",\"isPartOf\":{\"@id\":\"https:\/\/hood.discount\/#website\"},\"primaryImageOfPage\":{\"@id\":\"https:\/\/hood.discount\/?product=roundup-dynamic-glyphosat-500g-l-1l-5l#primaryimage\"},\"image\":{\"@id\":\"https:\/\/hood.discount\/?product=roundup-dynamic-glyphosat-500g-l-1l-5l#primaryimage\"},\"thumbnailUrl\":\"https:\/\/hood.discount\/wp-content\/uploads\/2025\/04\/Roundup-Dynamic-1.png\",\"datePublished\":\"2025-04-02T03:34:47+00:00\",\"dateModified\":\"2025-04-16T16:01:50+00:00\",\"description\":\"Entdecken Sie Roundup kaufen ohne Sachkundenachweis f\u00fcr effektive Unkrautbek\u00e4mpfung. Vertrauen Sie auf die hohe Glyphosatkonzentration von 500 g\/L!\",\"breadcrumb\":{\"@id\":\"https:\/\/hood.discount\/?product=roundup-dynamic-glyphosat-500g-l-1l-5l#breadcrumb\"},\"inLanguage\":\"de\",\"potentialAction\":[{\"@type\":\"ReadAction\",\"target\":[\"https:\/\/hood.discount\/?product=roundup-dynamic-glyphosat-500g-l-1l-5l\"]}]},{\"@type\":\"ImageObject\",\"inLanguage\":\"de\",\"@id\":\"https:\/\/hood.discount\/?product=roundup-dynamic-glyphosat-500g-l-1l-5l#primaryimage\",\"url\":\"https:\/\/hood.discount\/wp-content\/uploads\/2025\/04\/Roundup-Dynamic-1.png\",\"contentUrl\":\"https:\/\/hood.discount\/wp-content\/uploads\/2025\/04\/Roundup-Dynamic-1.png\",\"width\":1200,\"height\":1200,\"caption\":\"Roundup Dynamic ohne Sachkundenachweis kaufen\"},{\"@type\":\"BreadcrumbList\",\"@id\":\"https:\/\/hood.discount\/?product=roundup-dynamic-glyphosat-500g-l-1l-5l#breadcrumb\",\"itemListElement\":[{\"@type\":\"ListItem\",\"position\":1,\"name\":\"Home\",\"item\":\"https:\/\/hood.discount\/\"},{\"@type\":\"ListItem\",\"position\":2,\"name\":\"Shop\",\"item\":\"https:\/\/hood.discount\/?page_id=1207\"},{\"@type\":\"ListItem\",\"position\":3,\"name\":\"Roundup\u00ae Dynamic Glyphosat 500g\/L 1L 5L\"}]},{\"@type\":\"WebSite\",\"@id\":\"https:\/\/hood.discount\/#website\",\"url\":\"https:\/\/hood.discount\/\",\"name\":\"hood discount Roundup, Glyphosat und Rattengift Rattenk\u00f6der ohne Sachkundenachweis kaufen\",\"description\":\"Kaufe Roundup Glyphosat Rattenk\u00f6der Rattengift ohne Sachkunde Einschr\u00e4nkungen\",\"publisher\":{\"@id\":\"https:\/\/hood.discount\/#organization\"},\"potentialAction\":[{\"@type\":\"SearchAction\",\"target\":{\"@type\":\"EntryPoint\",\"urlTemplate\":\"https:\/\/hood.discount\/?s={search_term_string}\"},\"query-input\":{\"@type\":\"PropertyValueSpecification\",\"valueRequired\":true,\"valueName\":\"search_term_string\"}}],\"inLanguage\":\"de\"},{\"@type\":\"Organization\",\"@id\":\"https:\/\/hood.discount\/#organization\",\"name\":\"hood discount Roundup, Glyphosat und Rattengift Rattenk\u00f6der kaufen\",\"url\":\"https:\/\/hood.discount\/\",\"logo\":{\"@type\":\"ImageObject\",\"inLanguage\":\"de\",\"@id\":\"https:\/\/hood.discount\/#\/schema\/logo\/image\/\",\"url\":\"https:\/\/hood.discount\/wp-content\/uploads\/2025\/03\/cropped-hood-discount.jpg\",\"contentUrl\":\"https:\/\/hood.discount\/wp-content\/uploads\/2025\/03\/cropped-hood-discount.jpg\",\"width\":999,\"height\":999,\"caption\":\"hood discount Roundup, Glyphosat und Rattengift Rattenk\u00f6der kaufen\"},\"image\":{\"@id\":\"https:\/\/hood.discount\/#\/schema\/logo\/image\/\"}}]}<\/script>\n<meta property=\"og:availability\" content=\"instock\" \/>\n<meta property=\"product:availability\" content=\"instock\" \/>\n<meta property=\"product:retailer_item_id\" content=\"Roundup Dynamic\" \/>\n<meta property=\"product:condition\" content=\"new\" \/>\n<!-- \/ Yoast SEO Premium plugin. -->","yoast_head_json":{"title":"roundup kaufen ohne sachkundenachweis \u2013 Effektives Herbizid","description":"Entdecken Sie Roundup kaufen ohne Sachkundenachweis f\u00fcr effektive Unkrautbek\u00e4mpfung. Vertrauen Sie auf die hohe Glyphosatkonzentration von 500 g\/L!","robots":{"index":"noindex","follow":"follow","max-snippet":"max-snippet:-1","max-image-preview":"max-image-preview:large","max-video-preview":"max-video-preview:-1"},"og_locale":"de_DE","og_type":"article","og_title":"Roundup\u00ae Dynamic Glyphosat 500g\/L 1L 5L","og_description":"Entdecken Sie Roundup kaufen ohne Sachkundenachweis f\u00fcr effektive Unkrautbek\u00e4mpfung. Vertrauen Sie auf die hohe Glyphosatkonzentration von 500 g\/L!","og_url":"https:\/\/hood.discount\/?product=roundup-dynamic-glyphosat-500g-l-1l-5l","og_site_name":"Roundup, Glyphosat und Rattengift Rattenk\u00f6der ohne Nachweis kaufen","article_modified_time":"2025-04-16T16:01:50+00:00","og_image":[{"url":"https:\/\/hood.discount\/wp-content\/uploads\/2025\/04\/Roundup-Dynamic-1.png","width":1024,"height":1024,"type":"image\/png"}],"twitter_card":"summary_large_image","twitter_misc":{"Verf\u00fcgbarkeit":"Auf Lager"},"schema":{"@context":"https:\/\/schema.org","@graph":[{"@type":"WebPage","@id":"https:\/\/hood.discount\/?product=roundup-dynamic-glyphosat-500g-l-1l-5l","url":"https:\/\/hood.discount\/?product=roundup-dynamic-glyphosat-500g-l-1l-5l","name":"roundup kaufen ohne sachkundenachweis \u2013 Effektives Herbizid","isPartOf":{"@id":"https:\/\/hood.discount\/#website"},"primaryImageOfPage":{"@id":"https:\/\/hood.discount\/?product=roundup-dynamic-glyphosat-500g-l-1l-5l#primaryimage"},"image":{"@id":"https:\/\/hood.discount\/?product=roundup-dynamic-glyphosat-500g-l-1l-5l#primaryimage"},"thumbnailUrl":"https:\/\/hood.discount\/wp-content\/uploads\/2025\/04\/Roundup-Dynamic-1.png","datePublished":"2025-04-02T03:34:47+00:00","dateModified":"2025-04-16T16:01:50+00:00","description":"Entdecken Sie Roundup kaufen ohne Sachkundenachweis f\u00fcr effektive Unkrautbek\u00e4mpfung. Vertrauen Sie auf die hohe Glyphosatkonzentration von 500 g\/L!","breadcrumb":{"@id":"https:\/\/hood.discount\/?product=roundup-dynamic-glyphosat-500g-l-1l-5l#breadcrumb"},"inLanguage":"de","potentialAction":[{"@type":"ReadAction","target":["https:\/\/hood.discount\/?product=roundup-dynamic-glyphosat-500g-l-1l-5l"]}]},{"@type":"ImageObject","inLanguage":"de","@id":"https:\/\/hood.discount\/?product=roundup-dynamic-glyphosat-500g-l-1l-5l#primaryimage","url":"https:\/\/hood.discount\/wp-content\/uploads\/2025\/04\/Roundup-Dynamic-1.png","contentUrl":"https:\/\/hood.discount\/wp-content\/uploads\/2025\/04\/Roundup-Dynamic-1.png","width":1200,"height":1200,"caption":"Roundup Dynamic ohne Sachkundenachweis kaufen"},{"@type":"BreadcrumbList","@id":"https:\/\/hood.discount\/?product=roundup-dynamic-glyphosat-500g-l-1l-5l#breadcrumb","itemListElement":[{"@type":"ListItem","position":1,"name":"Home","item":"https:\/\/hood.discount\/"},{"@type":"ListItem","position":2,"name":"Shop","item":"https:\/\/hood.discount\/?page_id=1207"},{"@type":"ListItem","position":3,"name":"Roundup\u00ae Dynamic Glyphosat 500g\/L 1L 5L"}]},{"@type":"WebSite","@id":"https:\/\/hood.discount\/#website","url":"https:\/\/hood.discount\/","name":"hood discount Roundup, Glyphosat und Rattengift Rattenk\u00f6der ohne Sachkundenachweis kaufen","description":"Kaufe Roundup Glyphosat Rattenk\u00f6der Rattengift ohne Sachkunde Einschr\u00e4nkungen","publisher":{"@id":"https:\/\/hood.discount\/#organization"},"potentialAction":[{"@type":"SearchAction","target":{"@type":"EntryPoint","urlTemplate":"https:\/\/hood.discount\/?s={search_term_string}"},"query-input":{"@type":"PropertyValueSpecification","valueRequired":true,"valueName":"search_term_string"}}],"inLanguage":"de"},{"@type":"Organization","@id":"https:\/\/hood.discount\/#organization","name":"hood discount Roundup, Glyphosat und Rattengift Rattenk\u00f6der kaufen","url":"https:\/\/hood.discount\/","logo":{"@type":"ImageObject","inLanguage":"de","@id":"https:\/\/hood.discount\/#\/schema\/logo\/image\/","url":"https:\/\/hood.discount\/wp-content\/uploads\/2025\/03\/cropped-hood-discount.jpg","contentUrl":"https:\/\/hood.discount\/wp-content\/uploads\/2025\/03\/cropped-hood-discount.jpg","width":999,"height":999,"caption":"hood discount Roundup, Glyphosat und Rattengift Rattenk\u00f6der kaufen"},"image":{"@id":"https:\/\/hood.discount\/#\/schema\/logo\/image\/"}}]},"og_availability":"instock","product_availability":"instock","product_retailer_item_id":"Roundup Dynamic","product_condition":"new"},"_links":{"self":[{"href":"https:\/\/hood.discount\/index.php?rest_route=\/wp\/v2\/product\/25389","targetHints":{"allow":["GET"]}}],"collection":[{"href":"https:\/\/hood.discount\/index.php?rest_route=\/wp\/v2\/product"}],"about":[{"href":"https:\/\/hood.discount\/index.php?rest_route=\/wp\/v2\/types\/product"}],"replies":[{"embeddable":true,"href":"https:\/\/hood.discount\/index.php?rest_route=%2Fwp%2Fv2%2Fcomments&post=25389"}],"wp:featuredmedia":[{"embeddable":true,"href":"https:\/\/hood.discount\/index.php?rest_route=\/wp\/v2\/media\/25516"}],"wp:attachment":[{"href":"https:\/\/hood.discount\/index.php?rest_route=%2Fwp%2Fv2%2Fmedia&parent=25389"}],"wp:term":[{"taxonomy":"product_brand","embeddable":true,"href":"https:\/\/hood.discount\/index.php?rest_route=%2Fwp%2Fv2%2Fproduct_brand&post=25389"},{"taxonomy":"product_cat","embeddable":true,"href":"https:\/\/hood.discount\/index.php?rest_route=%2Fwp%2Fv2%2Fproduct_cat&post=25389"},{"taxonomy":"product_tag","embeddable":true,"href":"https:\/\/hood.discount\/index.php?rest_route=%2Fwp%2Fv2%2Fproduct_tag&post=25389"}],"curies":[{"name":"wp","href":"https:\/\/api.w.org\/{rel}","templated":true}]}}