{"id":22231,"date":"2025-02-11T05:20:51","date_gmt":"2025-02-11T05:20:51","guid":{"rendered":"https:\/\/hood.discount\/?post_type=product&#038;p=22231"},"modified":"2025-02-25T14:59:37","modified_gmt":"2025-02-25T14:59:37","slug":"9x-professionelle-ratten-mause-nager-koderstation-koderbox","status":"publish","type":"product","link":"https:\/\/hood.discount\/?product=9x-professionelle-ratten-mause-nager-koderstation-koderbox","title":{"rendered":"9x Professionelle Ratten-M\u00e4use-Nager K\u00f6derstation K\u00f6derbox"},"content":{"rendered":"<div align=\"left\"><strong>9x PROFESSIONELLE K\u00d6DERSTATION F\u00dcR RATTEN UND M\u00c4USE<\/p>\n<p><\/strong><\/div>\n<div class=\"WordSection1\">\n<p class=\"PreformattedText\"><a name=\"tw-target-text\"><\/a>Die K\u00f6derstation besteht aus hochwertigem Kunststoff, der witterungsbest\u00e4ndig und gegen mechanische Besch\u00e4digungen best\u00e4ndig ist. Die Gr\u00f6\u00dfe der Station ist perfekt f\u00fcr die Bek\u00e4mpfung von M\u00e4usen und Ratten. Der Feeder hat zwei Kammern, was die Sicherheit und Trennung der K\u00f6der verbessert. In den Kammern befindet sich jeweils ein spezieller Stift zum Befestigen des Giftes als Paste oder W\u00fcrfel. Auch die Montage direkt an einer Wand ist problemlos m\u00f6glich. Durch den mitgelieferten Schl\u00fc\u00dfel ist die Station vor unbefugtem Zugriff gesch\u00fctzt.<\/p>\n<\/div>\n<h2><span style=\"color: #ff0000;\">Ratten und M\u00e4use sind kluge Tiere. Sie schicken Vorkoster voraus, die als Erste die ausgelegte Nahrung vertilgen.<\/span><\/p>\n<p><span style=\"color: #ff0000;\">Sterben diese kurze Zeit nach dem Vertilgen des K\u00f6ders, r\u00fchren die anderen Tiere dieses Futter nicht mehr an.<\/span><\/h2>\n<div class=\"WordSection1\">\n<div align=\"left\"><b>\u201eRatten haben eine ausgepr\u00e4gte Abneigung gegen Neues\u201c \u2013 Neophobie.<\/p>\n<p>Durch den <\/b><strong><span style=\"color: #800080;\">Anti-Glare Effekt<\/span><\/strong><b> unserer Rattenk\u00f6derboxen sehen diese nicht wie neu aus.<\/b><\/div>\n<\/div>\n<div class=\"WordSection2\">\n<p class=\"PreformattedText\" align=\"left\">Es wird empfohlen, die K\u00f6derboxen insbesondere in der N\u00e4he von Geb\u00e4udeeing\u00e4ngen, auf Wegen, auf denen Nagetiere laufen k\u00f6nnen, und an potenziell f\u00fcr M\u00e4use und Ratten attraktiven Orten zu verwenden.<\/p>\n<\/div>\n<p><span style=\"color: #333333;\">Der K\u00f6der befindet sich der Sicherheit wegen immer in einer K\u00f6derbox.<\/span><\/p>\n<p><span style=\"color: #333333;\">Die Ratte frisst den vergifteten K\u00f6der, der im Blut die Gerinnungsfaktoren abbaut.<\/span><\/p>\n<p><span style=\"color: #333333;\">Dies kann zwischen sechs und acht Stunden andauern. Die Zeit, bis der Sch\u00e4dling verendet, h\u00e4ngt von bestimmten Faktoren ab \u2013 wie beispielsweise die gefressene Menge sowie die Gr\u00f6\u00dfe und Gesundheit des Sch\u00e4dlings.<\/span><\/p>\n<div>\n<table class=\"contenttable\" border=\"0\" width=\"100%\" cellspacing=\"0\" cellpadding=\"3\">\n<tbody>\n<tr>\n<td class=\"newsueberschrift\" align=\"center\">\n<div class=\"WordSection2\">\n<p><strong>Anwendungsempfehlung K\u00f6derstation f\u00fcr\u00a0<\/strong><strong>Ratten und M\u00e4use<\/strong><\/p>\n<p>Mit dieser K\u00f6derbox werden die K\u00f6der zur gezielten Ratten und M\u00e4use Bek\u00e4mpfung optimal angeboten. Die spezielle Bauweise dieser K\u00f6der Box erm\u00f6glicht es Ratten und M\u00e4usek\u00f6der vor Regen, Wind und Wetter gesch\u00fctzt anzubieten. Die Bauweise l\u00e4sst diese K\u00f6der Box eher unscheinbar wirken (Anti-Glare). Die kindersichere Verriegelung kann nur mit dem mitgelieferten Schl\u00fcssel ge\u00f6ffnet werden. V\u00f6gel\u00a0 Hunde und Katzen k\u00f6nnen den K\u00f6der in dieser Box \u00a0auf Grund seiner speziellen Bauweise nicht erreichen. Zwei sichere Stahlstangen mit einer Klick Arretierung verhindern das Verschleppen der angebotenen Ratten und M\u00e4use K\u00f6der.<\/p>\n<p>Geeignet zur Ausbringung verschiedenster Ratten- und M\u00e4use K\u00f6der wie Pellets, Pasten, K\u00f6derbl\u00f6cken, Schaum und auch Puder \u00a0K\u00f6der werden sicher platziert. Auch bei Frost und niedrigen Temperaturen ist diese K\u00f6der Station noch \u00e4u\u00dferst stabil und bruchsicher.<\/p>\n<p>Anwendung im Innen und Au\u00dfenbereich m\u00f6glich.<\/p>\n<p><strong><\/p>\n<p>Aufwandmenge und Dosierung<\/strong><\/p>\n<p>Je nach Befall werden die Ratten- und M\u00e4usek\u00f6der Boxen im Abstand von 5 bis 10 m aufgestellt. An W\u00e4nden und Wandecken, entlang von Holzstapeln, unterhalb von Paletten oder Regalen werden die K\u00f6der Boxen platziert. Generell immer dort die K\u00f6derstationen aufstellen, wo bereits Nager gesichtet wurden. Beim Aufstellen und beim Best\u00fccken mit K\u00f6dern Handschuhe tragen. Einmal zum Selbstschutz und zum anderen um den menschlichen Geruch nicht auf den K\u00f6der zu \u00fcbertragen. Tote oder absterbende Ratten und M\u00e4use sofort entsorgen um Sekund\u00e4r vergiftungen vorzubeugen. Die K\u00f6derbox ist regelm\u00e4\u00dfig zu kontrollieren. Bei Bedarf neue K\u00f6der nachlegen. Sollte nach 14 Tagen der K\u00f6der nicht mehr angenommen werden bitte die Ratten und M\u00e4usek\u00f6der Box an einer anderen Stelle platzieren.<\/p>\n<p>Zur Vermeidung von Risiken f\u00fcr Mensch und Umwelt ist in jedem Fall die Gebrauchsanleitung des angebotenen K\u00f6ders einzuhalten.<\/p>\n<p>Bei der Arbeit speziell beim Best\u00fccken der K\u00f6der Box mit Bioziden ( Ratten oder M\u00e4usek\u00f6der ) Handschuhe tragen, nicht essen trinken oder rauchen. Nach der Arbeit das Gesicht auch die H\u00e4nde gr\u00fcndlich reinigen.<\/p>\n<\/div>\n<\/td>\n<\/tr>\n<tr>\n<td class=\"newsinhalt\"><\/td>\n<\/tr>\n<\/tbody>\n<\/table>\n<p>Technische Daten:<\/p>\n<p class=\"PreformattedText\">\u00a0\u00a0\u00a0\u00a0aus Kunststoff hergestellt<\/p>\n<p class=\"PreformattedText\">\u00a0\u00a0\u00a0\u00a0langlebig und stabil<\/p>\n<p class=\"PreformattedText\">\u00a0\u00a0\u00a0\u00a0widerstandsf\u00e4hig gegen Besch\u00e4digungen und ung\u00fcnstige Witterungsbedingungen<\/p>\n<p class=\"PreformattedText\">\u00a0\u00a0\u00a0\u00a0f\u00fcr den Innen- und Au\u00dfenbereich<\/p>\n<p class=\"PreformattedText\">\u00a0\u00a0\u00a0\u00a0geeignet zum Auskleiden verschiedener Giftarten<\/p>\n<p class=\"PreformattedText\">\u00a0\u00a0\u00a0 Zentrales Schloss\u00a0zum Schutz vor dem Zugriff durch Dritte<\/p>\n<p class=\"PreformattedText\">\u00a0\u00a0\u00a0Zwei\u00a0spezielle Stifte zum Befestigen des Futters in Form von Paste oder W\u00fcrfeln<\/p>\n<p class=\"PreformattedText\">\u00a0\u00a0\u00a0Zentralschl\u00fcssel pro Lieferung \u2013 2 Stk.<\/p>\n<p class=\"PreformattedText\">\u00a0\u00a0\u00a0\u00a0L\u00e4nge: 32 cm<\/p>\n<p class=\"PreformattedText\">\u00a0\u00a0\u00a0\u00a0Breite: 11 cm<\/p>\n<p class=\"PreformattedText\">\u00a0\u00a0\u00a0\u00a0H\u00f6he: 8 cm<\/p>\n<p class=\"PreformattedText\">\u00a0\u00a0\u00a0\u00a0Gewicht: 3,50 kg<\/p>\n<div>\u00a0\u00a0\u00a0\u00a0Satz: 9 St\u00fcck K\u00f6derboxen<\/div>\n<\/div>\n","protected":false},"excerpt":{"rendered":"<p><strong>Mit dieser K\u00f6derbox werden die K\u00f6der zur gezielten Ratten und M\u00e4use Bek\u00e4mpfung optimal angeboten.<\/strong><\/p>\n<p>Technische Daten:<\/p>\n<p>aus Kunststoff hergestellt<\/p>\n<p>langlebig und stabil<\/p>\n<p>widerstandsf\u00e4hig gegen Besch\u00e4digungen und ung\u00fcnstige Witterungsbedingungen<\/p>\n<p>f\u00fcr den Innen- und Au\u00dfenbereich<\/p>\n<p>geeignet zum Auskleiden verschiedener Giftarten<\/p>\n<p>Zentrales Schloss zum Schutz vor dem Zugriff durch Dritte<\/p>\n<p>Zwei spezielle Stifte zum Befestigen des Futters in Form von Paste oder W\u00fcrfeln<\/p>\n<p>Zentralschl\u00fcssel pro Lieferung &#8211; 2 Stk.<\/p>\n<p>L\u00e4nge: 32 cm<\/p>\n<p>Breite: 11 cm<\/p>\n<p>H\u00f6he:\u00a0\u00a0 8 cm<\/p>\n<p>Gewicht: 3,50 kg<\/p>\n<p>Satz: 10 St\u00fcck K\u00f6derboxen<\/p>\n","protected":false},"featured_media":22006,"comment_status":"closed","ping_status":"closed","template":"","meta":[],"product_brand":[],"product_cat":[21],"product_tag":[29,34,91,93,94,95,96],"class_list":{"0":"post-22231","1":"product","2":"type-product","3":"status-publish","4":"has-post-thumbnail","6":"product_cat-koderboxen","7":"product_tag-rattengift","8":"product_tag-rattenkoder","9":"product_tag-bromadiolon","10":"product_tag-koderbox","11":"product_tag-brodifacoum","12":"product_tag-coumatetralyl","13":"product_tag-koderstation","15":"first","16":"instock","17":"taxable","18":"shipping-taxable","19":"purchasable","20":"product-type-simple"},"yoast_head":"<!-- This site is optimized with the Yoast SEO Premium plugin v27.1 (Yoast SEO v27.1.1) - https:\/\/yoast.com\/product\/yoast-seo-premium-wordpress\/ -->\n<title>9x Professionelle Ratten-M\u00e4use-Nager K\u00f6derstation K\u00f6derbox - Roundup, Glyphosat und Rattengift Rattenk\u00f6der ohne Nachweis kaufen<\/title>\n<meta name=\"description\" content=\"Mit dieser K\u00f6derbox werden die K\u00f6der zur gezielten Ratten und M\u00e4use Bek\u00e4mpfung optimal angeboten. Die spezielle Bauweise dieser K\u00f6der Box erm\u00f6glicht es Ratten und M\u00e4usek\u00f6der vor Regen, Wind und Wetter gesch\u00fctzt anzubieten. Die Bauweise l\u00e4sst diese K\u00f6der Box eher unscheinbar wirken. Die kindersichere Verriegelung kann nur mit den 2 mitgelieferten Schl\u00fcsseln ge\u00f6ffnet werden. V\u00f6gel\u00a0 Hunde und Katzen k\u00f6nnen den K\u00f6der in dieser Box \u00a0auf Grund seiner speziellen Bauweise nicht erreichen. Eine sichere Stahlstange mit einer Klick Arretierung verhindert das verschleppen der angebotenen Ratten und M\u00e4use K\u00f6der.Geeignet zur Ausbringung verschiedenster Ratten- und M\u00e4use K\u00f6der wie Pellets, Pasten, K\u00f6derbl\u00f6cke, Schaum und auch Puder \u00a0K\u00f6der werden sicher platziert. Auch bei Frost und niedrigen Temperaturen ist diese K\u00f6der Station noch \u00e4u\u00dferst stabil und bruchsicher.Anwendung im Innen und Au\u00dfenbereich m\u00f6glich.\" \/>\n<meta name=\"robots\" content=\"noindex, follow, max-snippet:-1, max-image-preview:large, max-video-preview:-1\" \/>\n<meta property=\"og:locale\" content=\"de_DE\" \/>\n<meta property=\"og:type\" content=\"article\" \/>\n<meta property=\"og:title\" content=\"9x Professionelle Ratten-M\u00e4use-Nager K\u00f6derstation K\u00f6derbox\" \/>\n<meta property=\"og:description\" content=\"Mit dieser K\u00f6derbox werden die K\u00f6der zur gezielten Ratten und M\u00e4use Bek\u00e4mpfung optimal angeboten. Die spezielle Bauweise dieser K\u00f6der Box erm\u00f6glicht es Ratten und M\u00e4usek\u00f6der vor Regen, Wind und Wetter gesch\u00fctzt anzubieten. Die Bauweise l\u00e4sst diese K\u00f6der Box eher unscheinbar wirken. Die kindersichere Verriegelung kann nur mit den 2 mitgelieferten Schl\u00fcsseln ge\u00f6ffnet werden. V\u00f6gel\u00a0 Hunde und Katzen k\u00f6nnen den K\u00f6der in dieser Box \u00a0auf Grund seiner speziellen Bauweise nicht erreichen. Eine sichere Stahlstange mit einer Klick Arretierung verhindert das verschleppen der angebotenen Ratten und M\u00e4use K\u00f6der.Geeignet zur Ausbringung verschiedenster Ratten- und M\u00e4use K\u00f6der wie Pellets, Pasten, K\u00f6derbl\u00f6cke, Schaum und auch Puder \u00a0K\u00f6der werden sicher platziert. Auch bei Frost und niedrigen Temperaturen ist diese K\u00f6der Station noch \u00e4u\u00dferst stabil und bruchsicher.Anwendung im Innen und Au\u00dfenbereich m\u00f6glich.\" \/>\n<meta property=\"og:url\" content=\"https:\/\/hood.discount\/?product=9x-professionelle-ratten-mause-nager-koderstation-koderbox\" \/>\n<meta property=\"og:site_name\" content=\"Roundup, Glyphosat und Rattengift Rattenk\u00f6der ohne Nachweis kaufen\" \/>\n<meta property=\"article:modified_time\" content=\"2025-02-25T14:59:37+00:00\" \/>\n<meta property=\"og:image\" content=\"https:\/\/hood.discount\/wp-content\/uploads\/2025\/02\/9x-Koederstation-_Anti-Glare.jpg\" \/>\n\t<meta property=\"og:image:width\" content=\"1522\" \/>\n\t<meta property=\"og:image:height\" content=\"1600\" \/>\n\t<meta property=\"og:image:type\" content=\"image\/jpeg\" \/>\n<meta name=\"twitter:card\" content=\"summary_large_image\" \/>\n<meta name=\"twitter:label1\" content=\"Preis\" \/>\n\t<meta name=\"twitter:data1\" content=\"49,90&nbsp;&euro; incl. VAT\" \/>\n\t<meta name=\"twitter:label2\" content=\"Verf\u00fcgbarkeit\" \/>\n\t<meta name=\"twitter:data2\" content=\"Auf Lager\" \/>\n<script type=\"application\/ld+json\" class=\"yoast-schema-graph\">{\"@context\":\"https:\/\/schema.org\",\"@graph\":[{\"@type\":\"WebPage\",\"@id\":\"https:\/\/hood.discount\/?product=9x-professionelle-ratten-mause-nager-koderstation-koderbox\",\"url\":\"https:\/\/hood.discount\/?product=9x-professionelle-ratten-mause-nager-koderstation-koderbox\",\"name\":\"9x Professionelle Ratten-M\u00e4use-Nager K\u00f6derstation K\u00f6derbox - Roundup, Glyphosat und Rattengift Rattenk\u00f6der ohne Nachweis kaufen\",\"isPartOf\":{\"@id\":\"https:\/\/hood.discount\/#website\"},\"primaryImageOfPage\":{\"@id\":\"https:\/\/hood.discount\/?product=9x-professionelle-ratten-mause-nager-koderstation-koderbox#primaryimage\"},\"image\":{\"@id\":\"https:\/\/hood.discount\/?product=9x-professionelle-ratten-mause-nager-koderstation-koderbox#primaryimage\"},\"thumbnailUrl\":\"https:\/\/hood.discount\/wp-content\/uploads\/2025\/02\/9x-Koederstation-_Anti-Glare.jpg\",\"datePublished\":\"2025-02-11T05:20:51+00:00\",\"dateModified\":\"2025-02-25T14:59:37+00:00\",\"description\":\"Mit dieser K\u00f6derbox werden die K\u00f6der zur gezielten Ratten und M\u00e4use Bek\u00e4mpfung optimal angeboten. Die spezielle Bauweise dieser K\u00f6der Box erm\u00f6glicht es Ratten und M\u00e4usek\u00f6der vor Regen, Wind und Wetter gesch\u00fctzt anzubieten. Die Bauweise l\u00e4sst diese K\u00f6der Box eher unscheinbar wirken. Die kindersichere Verriegelung kann nur mit den 2 mitgelieferten Schl\u00fcsseln ge\u00f6ffnet werden. V\u00f6gel\u00a0 Hunde und Katzen k\u00f6nnen den K\u00f6der in dieser Box \u00a0auf Grund seiner speziellen Bauweise nicht erreichen. Eine sichere Stahlstange mit einer Klick Arretierung verhindert das verschleppen der angebotenen Ratten und M\u00e4use K\u00f6der.Geeignet zur Ausbringung verschiedenster Ratten- und M\u00e4use K\u00f6der wie Pellets, Pasten, K\u00f6derbl\u00f6cke, Schaum und auch Puder \u00a0K\u00f6der werden sicher platziert. Auch bei Frost und niedrigen Temperaturen ist diese K\u00f6der Station noch \u00e4u\u00dferst stabil und bruchsicher.Anwendung im Innen und Au\u00dfenbereich m\u00f6glich.\",\"breadcrumb\":{\"@id\":\"https:\/\/hood.discount\/?product=9x-professionelle-ratten-mause-nager-koderstation-koderbox#breadcrumb\"},\"inLanguage\":\"de\",\"potentialAction\":[{\"@type\":\"ReadAction\",\"target\":[\"https:\/\/hood.discount\/?product=9x-professionelle-ratten-mause-nager-koderstation-koderbox\"]}]},{\"@type\":\"ImageObject\",\"inLanguage\":\"de\",\"@id\":\"https:\/\/hood.discount\/?product=9x-professionelle-ratten-mause-nager-koderstation-koderbox#primaryimage\",\"url\":\"https:\/\/hood.discount\/wp-content\/uploads\/2025\/02\/9x-Koederstation-_Anti-Glare.jpg\",\"contentUrl\":\"https:\/\/hood.discount\/wp-content\/uploads\/2025\/02\/9x-Koederstation-_Anti-Glare.jpg\",\"width\":1522,\"height\":1600},{\"@type\":\"BreadcrumbList\",\"@id\":\"https:\/\/hood.discount\/?product=9x-professionelle-ratten-mause-nager-koderstation-koderbox#breadcrumb\",\"itemListElement\":[{\"@type\":\"ListItem\",\"position\":1,\"name\":\"Home\",\"item\":\"https:\/\/hood.discount\/\"},{\"@type\":\"ListItem\",\"position\":2,\"name\":\"Shop\",\"item\":\"https:\/\/hood.discount\/?page_id=1207\"},{\"@type\":\"ListItem\",\"position\":3,\"name\":\"9x Professionelle Ratten-M\u00e4use-Nager K\u00f6derstation K\u00f6derbox\"}]},{\"@type\":\"WebSite\",\"@id\":\"https:\/\/hood.discount\/#website\",\"url\":\"https:\/\/hood.discount\/\",\"name\":\"hood discount Roundup, Glyphosat und Rattengift Rattenk\u00f6der ohne Sachkundenachweis kaufen\",\"description\":\"Kaufe Roundup Glyphosat Rattenk\u00f6der Rattengift ohne Sachkunde Einschr\u00e4nkungen\",\"publisher\":{\"@id\":\"https:\/\/hood.discount\/#organization\"},\"potentialAction\":[{\"@type\":\"SearchAction\",\"target\":{\"@type\":\"EntryPoint\",\"urlTemplate\":\"https:\/\/hood.discount\/?s={search_term_string}\"},\"query-input\":{\"@type\":\"PropertyValueSpecification\",\"valueRequired\":true,\"valueName\":\"search_term_string\"}}],\"inLanguage\":\"de\"},{\"@type\":\"Organization\",\"@id\":\"https:\/\/hood.discount\/#organization\",\"name\":\"hood discount Roundup, Glyphosat und Rattengift Rattenk\u00f6der kaufen\",\"url\":\"https:\/\/hood.discount\/\",\"logo\":{\"@type\":\"ImageObject\",\"inLanguage\":\"de\",\"@id\":\"https:\/\/hood.discount\/#\/schema\/logo\/image\/\",\"url\":\"https:\/\/hood.discount\/wp-content\/uploads\/2025\/03\/cropped-hood-discount.jpg\",\"contentUrl\":\"https:\/\/hood.discount\/wp-content\/uploads\/2025\/03\/cropped-hood-discount.jpg\",\"width\":999,\"height\":999,\"caption\":\"hood discount Roundup, Glyphosat und Rattengift Rattenk\u00f6der kaufen\"},\"image\":{\"@id\":\"https:\/\/hood.discount\/#\/schema\/logo\/image\/\"}}]}<\/script>\n<meta property=\"product:price:amount\" content=\"49.90\" \/>\n<meta property=\"product:price:currency\" content=\"EUR\" \/>\n<meta property=\"og:availability\" content=\"instock\" \/>\n<meta property=\"product:availability\" content=\"instock\" \/>\n<meta property=\"product:retailer_item_id\" content=\"9x Professional Rat Bait Station\" \/>\n<meta property=\"product:condition\" content=\"new\" \/>\n<!-- \/ Yoast SEO Premium plugin. -->","yoast_head_json":{"title":"9x Professionelle Ratten-M\u00e4use-Nager K\u00f6derstation K\u00f6derbox - Roundup, Glyphosat und Rattengift Rattenk\u00f6der ohne Nachweis kaufen","description":"Mit dieser K\u00f6derbox werden die K\u00f6der zur gezielten Ratten und M\u00e4use Bek\u00e4mpfung optimal angeboten. Die spezielle Bauweise dieser K\u00f6der Box erm\u00f6glicht es Ratten und M\u00e4usek\u00f6der vor Regen, Wind und Wetter gesch\u00fctzt anzubieten. Die Bauweise l\u00e4sst diese K\u00f6der Box eher unscheinbar wirken. Die kindersichere Verriegelung kann nur mit den 2 mitgelieferten Schl\u00fcsseln ge\u00f6ffnet werden. V\u00f6gel\u00a0 Hunde und Katzen k\u00f6nnen den K\u00f6der in dieser Box \u00a0auf Grund seiner speziellen Bauweise nicht erreichen. Eine sichere Stahlstange mit einer Klick Arretierung verhindert das verschleppen der angebotenen Ratten und M\u00e4use K\u00f6der.Geeignet zur Ausbringung verschiedenster Ratten- und M\u00e4use K\u00f6der wie Pellets, Pasten, K\u00f6derbl\u00f6cke, Schaum und auch Puder \u00a0K\u00f6der werden sicher platziert. Auch bei Frost und niedrigen Temperaturen ist diese K\u00f6der Station noch \u00e4u\u00dferst stabil und bruchsicher.Anwendung im Innen und Au\u00dfenbereich m\u00f6glich.","robots":{"index":"noindex","follow":"follow","max-snippet":"max-snippet:-1","max-image-preview":"max-image-preview:large","max-video-preview":"max-video-preview:-1"},"og_locale":"de_DE","og_type":"article","og_title":"9x Professionelle Ratten-M\u00e4use-Nager K\u00f6derstation K\u00f6derbox","og_description":"Mit dieser K\u00f6derbox werden die K\u00f6der zur gezielten Ratten und M\u00e4use Bek\u00e4mpfung optimal angeboten. Die spezielle Bauweise dieser K\u00f6der Box erm\u00f6glicht es Ratten und M\u00e4usek\u00f6der vor Regen, Wind und Wetter gesch\u00fctzt anzubieten. Die Bauweise l\u00e4sst diese K\u00f6der Box eher unscheinbar wirken. Die kindersichere Verriegelung kann nur mit den 2 mitgelieferten Schl\u00fcsseln ge\u00f6ffnet werden. V\u00f6gel\u00a0 Hunde und Katzen k\u00f6nnen den K\u00f6der in dieser Box \u00a0auf Grund seiner speziellen Bauweise nicht erreichen. Eine sichere Stahlstange mit einer Klick Arretierung verhindert das verschleppen der angebotenen Ratten und M\u00e4use K\u00f6der.Geeignet zur Ausbringung verschiedenster Ratten- und M\u00e4use K\u00f6der wie Pellets, Pasten, K\u00f6derbl\u00f6cke, Schaum und auch Puder \u00a0K\u00f6der werden sicher platziert. Auch bei Frost und niedrigen Temperaturen ist diese K\u00f6der Station noch \u00e4u\u00dferst stabil und bruchsicher.Anwendung im Innen und Au\u00dfenbereich m\u00f6glich.","og_url":"https:\/\/hood.discount\/?product=9x-professionelle-ratten-mause-nager-koderstation-koderbox","og_site_name":"Roundup, Glyphosat und Rattengift Rattenk\u00f6der ohne Nachweis kaufen","article_modified_time":"2025-02-25T14:59:37+00:00","og_image":[{"width":1522,"height":1600,"url":"https:\/\/hood.discount\/wp-content\/uploads\/2025\/02\/9x-Koederstation-_Anti-Glare.jpg","type":"image\/jpeg"}],"twitter_card":"summary_large_image","twitter_misc":{"Preis":"49,90&nbsp;&euro; incl. VAT","Verf\u00fcgbarkeit":"Auf Lager"},"schema":{"@context":"https:\/\/schema.org","@graph":[{"@type":"WebPage","@id":"https:\/\/hood.discount\/?product=9x-professionelle-ratten-mause-nager-koderstation-koderbox","url":"https:\/\/hood.discount\/?product=9x-professionelle-ratten-mause-nager-koderstation-koderbox","name":"9x Professionelle Ratten-M\u00e4use-Nager K\u00f6derstation K\u00f6derbox - Roundup, Glyphosat und Rattengift Rattenk\u00f6der ohne Nachweis kaufen","isPartOf":{"@id":"https:\/\/hood.discount\/#website"},"primaryImageOfPage":{"@id":"https:\/\/hood.discount\/?product=9x-professionelle-ratten-mause-nager-koderstation-koderbox#primaryimage"},"image":{"@id":"https:\/\/hood.discount\/?product=9x-professionelle-ratten-mause-nager-koderstation-koderbox#primaryimage"},"thumbnailUrl":"https:\/\/hood.discount\/wp-content\/uploads\/2025\/02\/9x-Koederstation-_Anti-Glare.jpg","datePublished":"2025-02-11T05:20:51+00:00","dateModified":"2025-02-25T14:59:37+00:00","description":"Mit dieser K\u00f6derbox werden die K\u00f6der zur gezielten Ratten und M\u00e4use Bek\u00e4mpfung optimal angeboten. Die spezielle Bauweise dieser K\u00f6der Box erm\u00f6glicht es Ratten und M\u00e4usek\u00f6der vor Regen, Wind und Wetter gesch\u00fctzt anzubieten. Die Bauweise l\u00e4sst diese K\u00f6der Box eher unscheinbar wirken. Die kindersichere Verriegelung kann nur mit den 2 mitgelieferten Schl\u00fcsseln ge\u00f6ffnet werden. V\u00f6gel\u00a0 Hunde und Katzen k\u00f6nnen den K\u00f6der in dieser Box \u00a0auf Grund seiner speziellen Bauweise nicht erreichen. Eine sichere Stahlstange mit einer Klick Arretierung verhindert das verschleppen der angebotenen Ratten und M\u00e4use K\u00f6der.Geeignet zur Ausbringung verschiedenster Ratten- und M\u00e4use K\u00f6der wie Pellets, Pasten, K\u00f6derbl\u00f6cke, Schaum und auch Puder \u00a0K\u00f6der werden sicher platziert. Auch bei Frost und niedrigen Temperaturen ist diese K\u00f6der Station noch \u00e4u\u00dferst stabil und bruchsicher.Anwendung im Innen und Au\u00dfenbereich m\u00f6glich.","breadcrumb":{"@id":"https:\/\/hood.discount\/?product=9x-professionelle-ratten-mause-nager-koderstation-koderbox#breadcrumb"},"inLanguage":"de","potentialAction":[{"@type":"ReadAction","target":["https:\/\/hood.discount\/?product=9x-professionelle-ratten-mause-nager-koderstation-koderbox"]}]},{"@type":"ImageObject","inLanguage":"de","@id":"https:\/\/hood.discount\/?product=9x-professionelle-ratten-mause-nager-koderstation-koderbox#primaryimage","url":"https:\/\/hood.discount\/wp-content\/uploads\/2025\/02\/9x-Koederstation-_Anti-Glare.jpg","contentUrl":"https:\/\/hood.discount\/wp-content\/uploads\/2025\/02\/9x-Koederstation-_Anti-Glare.jpg","width":1522,"height":1600},{"@type":"BreadcrumbList","@id":"https:\/\/hood.discount\/?product=9x-professionelle-ratten-mause-nager-koderstation-koderbox#breadcrumb","itemListElement":[{"@type":"ListItem","position":1,"name":"Home","item":"https:\/\/hood.discount\/"},{"@type":"ListItem","position":2,"name":"Shop","item":"https:\/\/hood.discount\/?page_id=1207"},{"@type":"ListItem","position":3,"name":"9x Professionelle Ratten-M\u00e4use-Nager K\u00f6derstation K\u00f6derbox"}]},{"@type":"WebSite","@id":"https:\/\/hood.discount\/#website","url":"https:\/\/hood.discount\/","name":"hood discount Roundup, Glyphosat und Rattengift Rattenk\u00f6der ohne Sachkundenachweis kaufen","description":"Kaufe Roundup Glyphosat Rattenk\u00f6der Rattengift ohne Sachkunde Einschr\u00e4nkungen","publisher":{"@id":"https:\/\/hood.discount\/#organization"},"potentialAction":[{"@type":"SearchAction","target":{"@type":"EntryPoint","urlTemplate":"https:\/\/hood.discount\/?s={search_term_string}"},"query-input":{"@type":"PropertyValueSpecification","valueRequired":true,"valueName":"search_term_string"}}],"inLanguage":"de"},{"@type":"Organization","@id":"https:\/\/hood.discount\/#organization","name":"hood discount Roundup, Glyphosat und Rattengift Rattenk\u00f6der kaufen","url":"https:\/\/hood.discount\/","logo":{"@type":"ImageObject","inLanguage":"de","@id":"https:\/\/hood.discount\/#\/schema\/logo\/image\/","url":"https:\/\/hood.discount\/wp-content\/uploads\/2025\/03\/cropped-hood-discount.jpg","contentUrl":"https:\/\/hood.discount\/wp-content\/uploads\/2025\/03\/cropped-hood-discount.jpg","width":999,"height":999,"caption":"hood discount Roundup, Glyphosat und Rattengift Rattenk\u00f6der kaufen"},"image":{"@id":"https:\/\/hood.discount\/#\/schema\/logo\/image\/"}}]},"product_price_amount":"49.90","product_price_currency":"EUR","og_availability":"instock","product_availability":"instock","product_retailer_item_id":"9x Professional Rat Bait Station","product_condition":"new"},"_links":{"self":[{"href":"https:\/\/hood.discount\/index.php?rest_route=\/wp\/v2\/product\/22231","targetHints":{"allow":["GET"]}}],"collection":[{"href":"https:\/\/hood.discount\/index.php?rest_route=\/wp\/v2\/product"}],"about":[{"href":"https:\/\/hood.discount\/index.php?rest_route=\/wp\/v2\/types\/product"}],"replies":[{"embeddable":true,"href":"https:\/\/hood.discount\/index.php?rest_route=%2Fwp%2Fv2%2Fcomments&post=22231"}],"wp:featuredmedia":[{"embeddable":true,"href":"https:\/\/hood.discount\/index.php?rest_route=\/wp\/v2\/media\/22006"}],"wp:attachment":[{"href":"https:\/\/hood.discount\/index.php?rest_route=%2Fwp%2Fv2%2Fmedia&parent=22231"}],"wp:term":[{"taxonomy":"product_brand","embeddable":true,"href":"https:\/\/hood.discount\/index.php?rest_route=%2Fwp%2Fv2%2Fproduct_brand&post=22231"},{"taxonomy":"product_cat","embeddable":true,"href":"https:\/\/hood.discount\/index.php?rest_route=%2Fwp%2Fv2%2Fproduct_cat&post=22231"},{"taxonomy":"product_tag","embeddable":true,"href":"https:\/\/hood.discount\/index.php?rest_route=%2Fwp%2Fv2%2Fproduct_tag&post=22231"}],"curies":[{"name":"wp","href":"https:\/\/api.w.org\/{rel}","templated":true}]}}