{"id":22229,"date":"2025-02-11T05:20:51","date_gmt":"2025-02-11T05:20:51","guid":{"rendered":"https:\/\/hood.discount\/?post_type=product&#038;p=22229"},"modified":"2025-02-25T14:59:37","modified_gmt":"2025-02-25T14:59:37","slug":"2kg-rodentin-strong-auslegefertige-rattenkoder-rattengift-pellets-brodifacoum","status":"publish","type":"product","link":"https:\/\/hood.discount\/?product=2kg-rodentin-strong-auslegefertige-rattenkoder-rattengift-pellets-brodifacoum","title":{"rendered":"2kg RODENTIN\u00ae STRONG Auslegefertige Rattenk\u00f6der Rattengift Pellets Brodifacoum"},"content":{"rendered":"<table class=\"contenttable\" border=\"0\" width=\"100%\" cellspacing=\"0\" cellpadding=\"3\">\n<tbody>\n<tr>\n<td class=\"newsueberschrift\" align=\"center\"><strong>PRODUKTBESCHREIBUNG<\/strong><\/td>\n<\/tr>\n<tr>\n<td class=\"newsinhalt\">\n<table class=\"contenttable\" border=\"0\" width=\"100%\" cellspacing=\"0\" cellpadding=\"3\">\n<tbody>\n<tr>\n<td class=\"newsinhalt\">\n<h2 class=\"western\"><strong>RODENTIN\u00ae <span style=\"color: #ff6600;\">STRONG<\/span> Auslegefertige Pelletk\u00f6der <\/strong><strong>\u2013 <\/strong><strong>M\u00e4use -&amp; Rattenk\u00f6der<\/strong><\/h2>\n<p>Mit unseren <strong><span style=\"color: #ff6600;\">hochwirksamen<\/span><\/strong> auslegefertigen RODENTIN\u00ae Pelletk\u00f6dern bek\u00e4mpfen Sie Ratten und M\u00e4usen sowohl im Innen- als auch im Au\u00dfenbereich von Geb\u00e4uden. Um eine versehentliche Aufnahme des Rattenk\u00f6ders von Menschen und Haustieren zu verhindern, enth\u00e4lt das Produkt den Bitterstoff Bitrex.<\/p>\n<h3 class=\"western\"><strong>Im \u00dcberblick:<\/strong><\/h3>\n<ul>\n<li>Mit dem Bitterstoff Bitrex!<\/li>\n<li>Zus\u00e4tzlicher Lockstoff PROVOKE<\/li>\n<li>Auslegefertiger Pelletk\u00f6der<\/li>\n<li>Nur f\u00fcr Profi-Anwender mit Nachweis!<\/li>\n<li>Zur wirksamen Bek\u00e4mpfung von Wanderraten und Hausm\u00e4usen.<\/li>\n<li>Eine einmalige Aufnahme des Giftk\u00f6ders durch die Nager reicht aus.<\/li>\n<li>Nach dem Auffressen der Pellets sterben die Schadnager nach ca. 3 bis 14 Tagen an den inneren Blutungen.<\/li>\n<\/ul>\n<h3 class=\"western\"><strong>Anwendung von RODENTIN\u00ae Pellets:<\/strong><\/h3>\n<ul>\n<li>Lesen Sie vor der Anwendung die Gebrauchsanweisung des Produktes.<\/li>\n<li>Aufwandmenge bei Wanderratten: Geben Sie maximal 200 Gramm des Rattenk\u00f6ders in eine K\u00f6derstation. Stellen Sie mehrere K\u00f6derboxen im Abstand von 5 bis 10 Metern auf.<\/li>\n<li>Aufwandmenge bei Hausm\u00e4usen: Geben Sie 20 bis 50 Gramm des M\u00e4usek\u00f6ders in eine K\u00f6derstation. Stellen Sie mehrere K\u00f6derboxen im Abstand von 2 bis 3 Metern auf.<\/li>\n<\/ul>\n<h3 class=\"western\"><strong>Wirkstoff:<\/strong><\/h3>\n<p>0,05 g\/kg Brodifacoum mit Bitterstoff<\/p>\n<h3 class=\"western\"><strong>Hinweis:<\/strong><\/h3>\n<p>Biozidprodukte vorsichtig verwenden. Vor Gebrauch stets Etikett und Produktinformationen lesen.<\/p>\n<h3 class=\"western\"><strong>Gefahrenhinweis:<\/strong><\/h3>\n<p>H360D Kann das Kind im Mutterleib sch\u00e4digen, H373 Kann die Organe sch\u00e4digen bei l\u00e4ngerer oder wiederholter Exposition<\/p>\n<h3 class=\"western\"><strong>Lieferumfang:<\/strong><\/h3>\n<p>1 Eimer RODENTIN\u00ae <strong><span style=\"color: #ff6600;\">EXTRA STRONG<\/span><\/strong> Pelletsk\u00f6der, 2 kg<\/p>\n<table border=\"0\" width=\"412\" cellspacing=\"0\" cellpadding=\"2\">\n<tbody>\n<tr>\n<th width=\"139\"><\/th>\n<td width=\"265\"><\/td>\n<\/tr>\n<tr>\n<th width=\"139\">Zielorganismus<\/th>\n<td width=\"265\">Hausmaus (<i>Mus musculus<\/i>)<\/p>\n<p>Wanderratte (<i>Rattus norvegicus<\/i>)<\/p>\n<p>Dachratte<\/td>\n<\/tr>\n<tr>\n<th width=\"139\">Wirkstoff<\/th>\n<td width=\"265\">0,05 g\/kg Brodifacoum mit Bitterstoff und PROVOKE<\/td>\n<\/tr>\n<tr>\n<th width=\"139\">Farbe<\/th>\n<td width=\"265\">rot<\/td>\n<\/tr>\n<tr>\n<th width=\"139\">Verpackungseinheit<\/th>\n<td width=\"265\">Eimer ( lose )<\/td>\n<\/tr>\n<tr>\n<th width=\"139\">Verkaufseinheit<\/th>\n<td width=\"265\">Eimer<\/td>\n<\/tr>\n<tr>\n<th width=\"139\">Gewicht in kg<\/th>\n<td width=\"265\">2,5<\/td>\n<\/tr>\n<tr>\n<th width=\"139\">Gefahrenhinweise<\/th>\n<td width=\"265\"><img decoding=\"async\" class=\" wp-image-14726\" src=\"https:\/\/agro-fluid.de\/wp-content\/uploads\/GHS08-pictogram-300x300.png\" alt=\"2kg RODENTIN\u00ae Auslegefertige Rattenk\u00f6der Rattengift Pellets Brodifacoum 2\" width=\"53\" height=\"53\" \/><\/td>\n<\/tr>\n<tr>\n<th width=\"139\">Sicherheitshinweise<\/th>\n<td width=\"265\"><img decoding=\"async\" src=\"https:\/\/www.bghm.de\/fileadmin\/user_upload\/Arbeitsschuetzer\/Praxishilfen\/Sicherheitszeichen\/gebote\/M009_Handschutz_benutzen.jpg\" width=\"56\" height=\"56\" \/><\/p>\n<p><img decoding=\"async\" src=\"https:\/\/www.bghm.de\/fileadmin\/user_upload\/Arbeitsschuetzer\/Praxishilfen\/Sicherheitszeichen\/gebote\/M017_Atemschutz-benutzen.jpg\" width=\"55\" height=\"55\" \/><\/p>\n<p><img loading=\"lazy\" decoding=\"async\" src=\"https:\/\/www.bghm.de\/fileadmin\/user_upload\/Arbeitsschuetzer\/Praxishilfen\/Sicherheitszeichen\/gebote\/M004_Augenschutz-benutzen.jpg\" width=\"56\" height=\"56\" \/><\/td>\n<\/tr>\n<\/tbody>\n<\/table>\n<\/td>\n<\/tr>\n<\/tbody>\n<\/table>\n<p>&nbsp;<\/td>\n<\/tr>\n<\/tbody>\n<\/table>\n","protected":false},"excerpt":{"rendered":"<p>Mit unseren<strong> RODENTIN\u00ae <span style=\"color: #ff6600;\">E<\/span><\/strong> <strong><span style=\"color: #ff6600;\">XTRA STRONG<\/span> Auslegefertigen Pelletk\u00f6dern <\/strong>bek\u00e4mpfen Sie effektiv Ratten und M\u00e4usen sowohl im Innen- als auch im Au\u00dfenbereich von Geb\u00e4uden. Um eine versehentliche Aufnahme des Rattenk\u00f6ders von Menschen und Haustieren zu verhindern, enth\u00e4lt das Produkt den Bitterstoff Bitrex.<\/p>\n","protected":false},"featured_media":22002,"comment_status":"open","ping_status":"closed","template":"","meta":[],"product_brand":[],"product_cat":[19],"product_tag":[39,40,41,92,29,38],"class_list":{"0":"post-22229","1":"product","2":"type-product","3":"status-publish","4":"has-post-thumbnail","6":"product_cat-anticoagulant-rodenticides-rattengift","7":"product_tag-koder","8":"product_tag-koderbeutel","9":"product_tag-ratimor","10":"product_tag-rattenkoder-rattengift-pellets","11":"product_tag-rattengift","12":"product_tag-mausegift","14":"first","15":"instock","16":"taxable","17":"shipping-taxable","18":"purchasable","19":"product-type-simple"},"yoast_head":"<!-- This site is optimized with the Yoast SEO Premium plugin v27.1 (Yoast SEO v27.1.1) - https:\/\/yoast.com\/product\/yoast-seo-premium-wordpress\/ -->\n<title>2kg RODENTIN\u00ae STRONG Auslegefertige Rattenk\u00f6der Rattengift Pellets Brodifacoum - Roundup, Glyphosat und Rattengift Rattenk\u00f6der ohne Nachweis kaufen<\/title>\n<meta name=\"description\" content=\"2kg RODENTIN\u00ae STRONG Auslegefertige Rattenk\u00f6der Rattengift Pellets Brodifacoum Roundup, Glyphosat und Rattengift Rattenk\u00f6der ohne Nachweis kaufen Ratimor Pasten Power Rattengift K\u00f6derbl\u00f6cke Brodifacoum\" \/>\n<meta name=\"robots\" content=\"noindex, follow, max-snippet:-1, max-image-preview:large, max-video-preview:-1\" \/>\n<meta property=\"og:locale\" content=\"de_DE\" \/>\n<meta property=\"og:type\" content=\"article\" \/>\n<meta property=\"og:title\" content=\"2kg RODENTIN\u00ae STRONG Auslegefertige Rattenk\u00f6der Rattengift Pellets Brodifacoum\" \/>\n<meta property=\"og:description\" content=\"2kg RODENTIN\u00ae STRONG Auslegefertige Rattenk\u00f6der Rattengift Pellets Brodifacoum Roundup, Glyphosat und Rattengift Rattenk\u00f6der ohne Nachweis kaufen Ratimor Pasten Power Rattengift K\u00f6derbl\u00f6cke Brodifacoum\" \/>\n<meta property=\"og:url\" content=\"https:\/\/hood.discount\/?product=2kg-rodentin-strong-auslegefertige-rattenkoder-rattengift-pellets-brodifacoum\" \/>\n<meta property=\"og:site_name\" content=\"Roundup, Glyphosat und Rattengift Rattenk\u00f6der ohne Nachweis kaufen\" \/>\n<meta property=\"article:modified_time\" content=\"2025-02-25T14:59:37+00:00\" \/>\n<meta property=\"og:image\" content=\"https:\/\/hood.discount\/wp-content\/uploads\/2025\/02\/2kg-STRONG-oval-eimer-mit-UK-Etikett.jpg\" \/>\n\t<meta property=\"og:image:width\" content=\"1280\" \/>\n\t<meta property=\"og:image:height\" content=\"1280\" \/>\n\t<meta property=\"og:image:type\" content=\"image\/jpeg\" \/>\n<meta name=\"twitter:card\" content=\"summary_large_image\" \/>\n<meta name=\"twitter:label1\" content=\"Preis\" \/>\n\t<meta name=\"twitter:data1\" content=\"49,99&nbsp;&euro; incl. VAT\" \/>\n\t<meta name=\"twitter:label2\" content=\"Verf\u00fcgbarkeit\" \/>\n\t<meta name=\"twitter:data2\" content=\"Auf Lager\" \/>\n<script type=\"application\/ld+json\" class=\"yoast-schema-graph\">{\"@context\":\"https:\/\/schema.org\",\"@graph\":[{\"@type\":\"WebPage\",\"@id\":\"https:\/\/hood.discount\/?product=2kg-rodentin-strong-auslegefertige-rattenkoder-rattengift-pellets-brodifacoum\",\"url\":\"https:\/\/hood.discount\/?product=2kg-rodentin-strong-auslegefertige-rattenkoder-rattengift-pellets-brodifacoum\",\"name\":\"2kg RODENTIN\u00ae STRONG Auslegefertige Rattenk\u00f6der Rattengift Pellets Brodifacoum - Roundup, Glyphosat und Rattengift Rattenk\u00f6der ohne Nachweis kaufen\",\"isPartOf\":{\"@id\":\"https:\/\/hood.discount\/#website\"},\"primaryImageOfPage\":{\"@id\":\"https:\/\/hood.discount\/?product=2kg-rodentin-strong-auslegefertige-rattenkoder-rattengift-pellets-brodifacoum#primaryimage\"},\"image\":{\"@id\":\"https:\/\/hood.discount\/?product=2kg-rodentin-strong-auslegefertige-rattenkoder-rattengift-pellets-brodifacoum#primaryimage\"},\"thumbnailUrl\":\"https:\/\/hood.discount\/wp-content\/uploads\/2025\/02\/2kg-STRONG-oval-eimer-mit-UK-Etikett.jpg\",\"datePublished\":\"2025-02-11T05:20:51+00:00\",\"dateModified\":\"2025-02-25T14:59:37+00:00\",\"description\":\"2kg RODENTIN\u00ae STRONG Auslegefertige Rattenk\u00f6der Rattengift Pellets Brodifacoum Roundup, Glyphosat und Rattengift Rattenk\u00f6der ohne Nachweis kaufen Ratimor Pasten Power Rattengift K\u00f6derbl\u00f6cke Brodifacoum\",\"breadcrumb\":{\"@id\":\"https:\/\/hood.discount\/?product=2kg-rodentin-strong-auslegefertige-rattenkoder-rattengift-pellets-brodifacoum#breadcrumb\"},\"inLanguage\":\"de\",\"potentialAction\":[{\"@type\":\"ReadAction\",\"target\":[\"https:\/\/hood.discount\/?product=2kg-rodentin-strong-auslegefertige-rattenkoder-rattengift-pellets-brodifacoum\"]}]},{\"@type\":\"ImageObject\",\"inLanguage\":\"de\",\"@id\":\"https:\/\/hood.discount\/?product=2kg-rodentin-strong-auslegefertige-rattenkoder-rattengift-pellets-brodifacoum#primaryimage\",\"url\":\"https:\/\/hood.discount\/wp-content\/uploads\/2025\/02\/2kg-STRONG-oval-eimer-mit-UK-Etikett.jpg\",\"contentUrl\":\"https:\/\/hood.discount\/wp-content\/uploads\/2025\/02\/2kg-STRONG-oval-eimer-mit-UK-Etikett.jpg\",\"width\":1280,\"height\":1280},{\"@type\":\"BreadcrumbList\",\"@id\":\"https:\/\/hood.discount\/?product=2kg-rodentin-strong-auslegefertige-rattenkoder-rattengift-pellets-brodifacoum#breadcrumb\",\"itemListElement\":[{\"@type\":\"ListItem\",\"position\":1,\"name\":\"Home\",\"item\":\"https:\/\/hood.discount\/\"},{\"@type\":\"ListItem\",\"position\":2,\"name\":\"Shop\",\"item\":\"https:\/\/hood.discount\/?page_id=1207\"},{\"@type\":\"ListItem\",\"position\":3,\"name\":\"2kg RODENTIN\u00ae STRONG Auslegefertige Rattenk\u00f6der Rattengift Pellets Brodifacoum\"}]},{\"@type\":\"WebSite\",\"@id\":\"https:\/\/hood.discount\/#website\",\"url\":\"https:\/\/hood.discount\/\",\"name\":\"hood discount Roundup, Glyphosat und Rattengift Rattenk\u00f6der ohne Sachkundenachweis kaufen\",\"description\":\"Kaufe Roundup Glyphosat Rattenk\u00f6der Rattengift ohne Sachkunde Einschr\u00e4nkungen\",\"publisher\":{\"@id\":\"https:\/\/hood.discount\/#organization\"},\"potentialAction\":[{\"@type\":\"SearchAction\",\"target\":{\"@type\":\"EntryPoint\",\"urlTemplate\":\"https:\/\/hood.discount\/?s={search_term_string}\"},\"query-input\":{\"@type\":\"PropertyValueSpecification\",\"valueRequired\":true,\"valueName\":\"search_term_string\"}}],\"inLanguage\":\"de\"},{\"@type\":\"Organization\",\"@id\":\"https:\/\/hood.discount\/#organization\",\"name\":\"hood discount Roundup, Glyphosat und Rattengift Rattenk\u00f6der kaufen\",\"url\":\"https:\/\/hood.discount\/\",\"logo\":{\"@type\":\"ImageObject\",\"inLanguage\":\"de\",\"@id\":\"https:\/\/hood.discount\/#\/schema\/logo\/image\/\",\"url\":\"https:\/\/hood.discount\/wp-content\/uploads\/2025\/03\/cropped-hood-discount.jpg\",\"contentUrl\":\"https:\/\/hood.discount\/wp-content\/uploads\/2025\/03\/cropped-hood-discount.jpg\",\"width\":999,\"height\":999,\"caption\":\"hood discount Roundup, Glyphosat und Rattengift Rattenk\u00f6der kaufen\"},\"image\":{\"@id\":\"https:\/\/hood.discount\/#\/schema\/logo\/image\/\"}}]}<\/script>\n<meta property=\"product:price:amount\" content=\"49.99\" \/>\n<meta property=\"product:price:currency\" content=\"EUR\" \/>\n<meta property=\"og:availability\" content=\"instock\" \/>\n<meta property=\"product:availability\" content=\"instock\" \/>\n<meta property=\"product:retailer_item_id\" content=\"Rodentin\u00ae STRONG Auslegefertige Rattenk\u00f6der Rattengift Pellets Brodifacoum-1\" \/>\n<meta property=\"product:condition\" content=\"new\" \/>\n<!-- \/ Yoast SEO Premium plugin. -->","yoast_head_json":{"title":"2kg RODENTIN\u00ae STRONG Auslegefertige Rattenk\u00f6der Rattengift Pellets Brodifacoum - Roundup, Glyphosat und Rattengift Rattenk\u00f6der ohne Nachweis kaufen","description":"2kg RODENTIN\u00ae STRONG Auslegefertige Rattenk\u00f6der Rattengift Pellets Brodifacoum Roundup, Glyphosat und Rattengift Rattenk\u00f6der ohne Nachweis kaufen Ratimor Pasten Power Rattengift K\u00f6derbl\u00f6cke Brodifacoum","robots":{"index":"noindex","follow":"follow","max-snippet":"max-snippet:-1","max-image-preview":"max-image-preview:large","max-video-preview":"max-video-preview:-1"},"og_locale":"de_DE","og_type":"article","og_title":"2kg RODENTIN\u00ae STRONG Auslegefertige Rattenk\u00f6der Rattengift Pellets Brodifacoum","og_description":"2kg RODENTIN\u00ae STRONG Auslegefertige Rattenk\u00f6der Rattengift Pellets Brodifacoum Roundup, Glyphosat und Rattengift Rattenk\u00f6der ohne Nachweis kaufen Ratimor Pasten Power Rattengift K\u00f6derbl\u00f6cke Brodifacoum","og_url":"https:\/\/hood.discount\/?product=2kg-rodentin-strong-auslegefertige-rattenkoder-rattengift-pellets-brodifacoum","og_site_name":"Roundup, Glyphosat und Rattengift Rattenk\u00f6der ohne Nachweis kaufen","article_modified_time":"2025-02-25T14:59:37+00:00","og_image":[{"width":1280,"height":1280,"url":"https:\/\/hood.discount\/wp-content\/uploads\/2025\/02\/2kg-STRONG-oval-eimer-mit-UK-Etikett.jpg","type":"image\/jpeg"}],"twitter_card":"summary_large_image","twitter_misc":{"Preis":"49,99&nbsp;&euro; incl. VAT","Verf\u00fcgbarkeit":"Auf Lager"},"schema":{"@context":"https:\/\/schema.org","@graph":[{"@type":"WebPage","@id":"https:\/\/hood.discount\/?product=2kg-rodentin-strong-auslegefertige-rattenkoder-rattengift-pellets-brodifacoum","url":"https:\/\/hood.discount\/?product=2kg-rodentin-strong-auslegefertige-rattenkoder-rattengift-pellets-brodifacoum","name":"2kg RODENTIN\u00ae STRONG Auslegefertige Rattenk\u00f6der Rattengift Pellets Brodifacoum - Roundup, Glyphosat und Rattengift Rattenk\u00f6der ohne Nachweis kaufen","isPartOf":{"@id":"https:\/\/hood.discount\/#website"},"primaryImageOfPage":{"@id":"https:\/\/hood.discount\/?product=2kg-rodentin-strong-auslegefertige-rattenkoder-rattengift-pellets-brodifacoum#primaryimage"},"image":{"@id":"https:\/\/hood.discount\/?product=2kg-rodentin-strong-auslegefertige-rattenkoder-rattengift-pellets-brodifacoum#primaryimage"},"thumbnailUrl":"https:\/\/hood.discount\/wp-content\/uploads\/2025\/02\/2kg-STRONG-oval-eimer-mit-UK-Etikett.jpg","datePublished":"2025-02-11T05:20:51+00:00","dateModified":"2025-02-25T14:59:37+00:00","description":"2kg RODENTIN\u00ae STRONG Auslegefertige Rattenk\u00f6der Rattengift Pellets Brodifacoum Roundup, Glyphosat und Rattengift Rattenk\u00f6der ohne Nachweis kaufen Ratimor Pasten Power Rattengift K\u00f6derbl\u00f6cke Brodifacoum","breadcrumb":{"@id":"https:\/\/hood.discount\/?product=2kg-rodentin-strong-auslegefertige-rattenkoder-rattengift-pellets-brodifacoum#breadcrumb"},"inLanguage":"de","potentialAction":[{"@type":"ReadAction","target":["https:\/\/hood.discount\/?product=2kg-rodentin-strong-auslegefertige-rattenkoder-rattengift-pellets-brodifacoum"]}]},{"@type":"ImageObject","inLanguage":"de","@id":"https:\/\/hood.discount\/?product=2kg-rodentin-strong-auslegefertige-rattenkoder-rattengift-pellets-brodifacoum#primaryimage","url":"https:\/\/hood.discount\/wp-content\/uploads\/2025\/02\/2kg-STRONG-oval-eimer-mit-UK-Etikett.jpg","contentUrl":"https:\/\/hood.discount\/wp-content\/uploads\/2025\/02\/2kg-STRONG-oval-eimer-mit-UK-Etikett.jpg","width":1280,"height":1280},{"@type":"BreadcrumbList","@id":"https:\/\/hood.discount\/?product=2kg-rodentin-strong-auslegefertige-rattenkoder-rattengift-pellets-brodifacoum#breadcrumb","itemListElement":[{"@type":"ListItem","position":1,"name":"Home","item":"https:\/\/hood.discount\/"},{"@type":"ListItem","position":2,"name":"Shop","item":"https:\/\/hood.discount\/?page_id=1207"},{"@type":"ListItem","position":3,"name":"2kg RODENTIN\u00ae STRONG Auslegefertige Rattenk\u00f6der Rattengift Pellets Brodifacoum"}]},{"@type":"WebSite","@id":"https:\/\/hood.discount\/#website","url":"https:\/\/hood.discount\/","name":"hood discount Roundup, Glyphosat und Rattengift Rattenk\u00f6der ohne Sachkundenachweis kaufen","description":"Kaufe Roundup Glyphosat Rattenk\u00f6der Rattengift ohne Sachkunde Einschr\u00e4nkungen","publisher":{"@id":"https:\/\/hood.discount\/#organization"},"potentialAction":[{"@type":"SearchAction","target":{"@type":"EntryPoint","urlTemplate":"https:\/\/hood.discount\/?s={search_term_string}"},"query-input":{"@type":"PropertyValueSpecification","valueRequired":true,"valueName":"search_term_string"}}],"inLanguage":"de"},{"@type":"Organization","@id":"https:\/\/hood.discount\/#organization","name":"hood discount Roundup, Glyphosat und Rattengift Rattenk\u00f6der kaufen","url":"https:\/\/hood.discount\/","logo":{"@type":"ImageObject","inLanguage":"de","@id":"https:\/\/hood.discount\/#\/schema\/logo\/image\/","url":"https:\/\/hood.discount\/wp-content\/uploads\/2025\/03\/cropped-hood-discount.jpg","contentUrl":"https:\/\/hood.discount\/wp-content\/uploads\/2025\/03\/cropped-hood-discount.jpg","width":999,"height":999,"caption":"hood discount Roundup, Glyphosat und Rattengift Rattenk\u00f6der kaufen"},"image":{"@id":"https:\/\/hood.discount\/#\/schema\/logo\/image\/"}}]},"product_price_amount":"49.99","product_price_currency":"EUR","og_availability":"instock","product_availability":"instock","product_retailer_item_id":"Rodentin\u00ae STRONG Auslegefertige Rattenk\u00f6der Rattengift Pellets Brodifacoum-1","product_condition":"new"},"_links":{"self":[{"href":"https:\/\/hood.discount\/index.php?rest_route=\/wp\/v2\/product\/22229","targetHints":{"allow":["GET"]}}],"collection":[{"href":"https:\/\/hood.discount\/index.php?rest_route=\/wp\/v2\/product"}],"about":[{"href":"https:\/\/hood.discount\/index.php?rest_route=\/wp\/v2\/types\/product"}],"replies":[{"embeddable":true,"href":"https:\/\/hood.discount\/index.php?rest_route=%2Fwp%2Fv2%2Fcomments&post=22229"}],"wp:featuredmedia":[{"embeddable":true,"href":"https:\/\/hood.discount\/index.php?rest_route=\/wp\/v2\/media\/22002"}],"wp:attachment":[{"href":"https:\/\/hood.discount\/index.php?rest_route=%2Fwp%2Fv2%2Fmedia&parent=22229"}],"wp:term":[{"taxonomy":"product_brand","embeddable":true,"href":"https:\/\/hood.discount\/index.php?rest_route=%2Fwp%2Fv2%2Fproduct_brand&post=22229"},{"taxonomy":"product_cat","embeddable":true,"href":"https:\/\/hood.discount\/index.php?rest_route=%2Fwp%2Fv2%2Fproduct_cat&post=22229"},{"taxonomy":"product_tag","embeddable":true,"href":"https:\/\/hood.discount\/index.php?rest_route=%2Fwp%2Fv2%2Fproduct_tag&post=22229"}],"curies":[{"name":"wp","href":"https:\/\/api.w.org\/{rel}","templated":true}]}}