{"id":22225,"date":"2025-02-11T05:20:51","date_gmt":"2025-02-11T05:20:51","guid":{"rendered":"https:\/\/hood.discount\/?post_type=product&#038;p=22225"},"modified":"2025-02-25T14:59:38","modified_gmt":"2025-02-25T14:59:38","slug":"halvetic-10l-unkrautvernichter-unkrautfrei-glyphosat","status":"publish","type":"product","link":"https:\/\/hood.discount\/?product=halvetic-10l-unkrautvernichter-unkrautfrei-glyphosat","title":{"rendered":"HALVETIC 10L Unkrautvernichter Unkrautfrei Glyphosat"},"content":{"rendered":"<h1><strong><span style=\"color: #009900;\"><span style=\"font-size: xlarge;\"><b>HALVETIC\u00a0\u00a0 10L Unkrautvernichter Unkrautfrei Glyphosat\u00a0\u00a0 <\/b><\/span><\/span><\/strong>BGT\u00ae<\/h1>\n<p><span style=\"color: #ff6600;\"><span style=\"font-family: Arial, sans-serif;\"><strong>BGT\u00ae ist eine bahnbrechende, patentierte Glyphosat-Technologie.<\/p>\n<p>Dabei handelt es sich um ein neues Pr\u00e4parat auf Glyphosatbasis, das die H\u00e4lfte des aktiven Wirkstoffs der \u00fcblicherweise in vergleichbaren Herbiziden verwendet wird enth\u00e4lt jedoch bei gleicher Wirkung und bei gleicher Aufwandmenge pro Fl\u00e4che.<\/strong><\/span><\/span><\/p>\n<p style=\"background: #000000;\"><span style=\"font-family: Arial, sans-serif; color: #2dc26b;\"><strong>F\u00fcr eine erfolgreiche Anwendung ist die Wirkstoffaufnahme und -verteilung in der Pflanze von entscheidender Bedeutung.<\/p>\n<p>Die innovative BGT\u00ae Formulierungstechnologie ist dabei der Schl\u00fcssel zum Erfolg.<\/strong><\/span><\/p>\n<p><span style=\"font-family: Arial, sans-serif;\"><span style=\"font-size: medium;\"><strong>Lernen Sie das Originalprodukt aus Polen jetzt kennen.<\/p>\n<p><span style=\"font-size: small;\"><i>Wir handeln eine gro\u00dfe Anzahl an Herbiziden, Rodentiziden (Rattengift), Fungiziden, Insektiziden, Molleskuziden, Wachstumsreglern, Fl\u00fcssigd\u00fcngern und ausgesuchte Saatgut Sorten innerhalb der EU.<\/i><\/span><\/strong><\/span><\/span><\/p>\n<p><span style=\"font-family: Arial, sans-serif;\"><span style=\"font-size: small;\"><i><strong>Dabei machen wir uns das Preisgef\u00e4lle innerhalb der EU zu Nutze und k\u00f6nnen Ihnen daher oftmals einen attraktiveren Preis f\u00fcr ein Importprodukt anbieten als das ihr Anbieter vor Ort f\u00fcr ein vergleichbares inl\u00e4ndisches Produkt kann.<\/strong><\/i><\/span><\/span><\/p>\n<p><span style=\"color: #008000;\"><strong><span style=\"font-family: Arial, sans-serif;\"><span style=\"font-size: small;\">HALVETIC basiert auf der Wirkung von Glyphosat, das die Wirkung eines f\u00fcr Pflanzen sehr wichtigen Enzyms EPSP-Synthase (5-Enolpyruvylshikimo-3-Phosphat-Synthase) hemmt, welches ein wichtiges Enzym im Stoffwechselweg im Zusammenhang mit der Biosynthese von aromatischen Aminos\u00e4uren (Phenylalanin, Tyrosin und Tryptophan) ist.<\/span><\/span><\/strong><\/span><\/p>\n<p><span style=\"color: #008000;\"><strong><span style=\"font-family: Arial, sans-serif;\"><span style=\"font-size: small;\">HALVETIC wird von den gr\u00fcnen Pflanzenteilen aufgenommen. Es breitet sich in der gesamten Pflanze aus, erreicht ihre Wurzeln und Ausl\u00e4ufer und l\u00e4sst sie absterben. Bedingungen, die normalerweise das Pflanzenwachstum beschleunigen, verst\u00e4rken die Wirkung des Produkts.<\/span><\/span><\/strong><\/span><\/p>\n<div id=\"attachment_10782\" style=\"width: 310px\" class=\"wp-caption alignnone\"><img fetchpriority=\"high\" decoding=\"async\" aria-describedby=\"caption-attachment-10782\" class=\"size-medium wp-image-10782\" src=\"https:\/\/agro-fluid.de\/wp-content\/uploads\/halvetic-1l-5l-unkrautvernichter-unkrautfrei-glyphosat-kopie-300x177.jpg\" alt=\"HALVETIC Unkrautvernichter Unkrautfrei Glyphosat (Kopie)\" width=\"300\" height=\"177\" \/><p id=\"caption-attachment-10782\" class=\"wp-caption-text\"><strong><span style=\"color: #ff6600;\">HALVETIC<br \/>Die g\u00fcnstige Roundup Alternative<br \/><\/span><\/strong><\/p><\/div>\n<p><strong><span style=\"font-size: large;\">Empfohlene Anwendung:<\/span><\/strong><\/p>\n<ul>\n<li>HALVETIC wirkt effektiv und dauerhaft gegen ein breites Spektrum von Unkr\u00e4utern und Ungr\u00e4sern in einer Vielzahl von Kulturen.<\/li>\n<li>HALVETIC ist ein wasserl\u00f6sliches Konzentrat mit Glyphosat.<\/li>\n<\/ul>\n<p>Formulierung: Wasserl\u00f6sliches Konzentrat<\/p>\n<p>N (Umweltgef\u00e4hrlich)<\/p>\n<p><strong><span style=\"font-size: large;\">AUFLAGEN:<\/span><\/strong><\/p>\n<p>NN2001: Das Mittel wird als schwach sch\u00e4digend f\u00fcr Populationen relevanter Nutzinsekten eingestuft.<\/p>\n<p>NN2002: Das Mittel wird als schwach sch\u00e4digend f\u00fcr Populationen relevanter Raubmilben und Spinnen eingestuft.<\/p>\n<p>NN2842: Das Mittel wird als schwachsch\u00e4digend f\u00fcr Populationen der Art Aphidius rhopalosiphi (Brackwespe) eingestuft.<\/p>\n<p>NW261: Das Mittel ist fischgiftig.<\/p>\n<p>NW262: Das Mittel ist giftig f\u00fcr Algen.<\/p>\n<p>SB001: Jeden unn\u00f6tigen Kontakt mit dem Mittel vermeiden. Missbrauch kann zu Gesundheitssch\u00e4den f\u00fchren.<\/p>\n<p>SB005: Ist \u00e4rztlicher Rat erforderlich, Verpackung oder Etikett des Produktes bereithalten.<\/p>\n<p>SB010:Au\u00dferhalb der Reichweite von Kindern aufbewahren.<\/p>\n<p>SB111: Die Anforderungen an die pers\u00f6nliche Schutzausr\u00fcstung beim Umgang mit Pflanzenschutzmitteln entnehmen Sie dem Sicherheitsdatenblatt und der Gebrauchsanweisung des Pflanzenschutzmittels.<\/p>\n<p>SB166: Beim Umgang mit dem Produkt nicht essen, trinken oder rauchen.<\/p>\n<p>SF245-02: Sicherstellen, dass behandelte Fl\u00e4chen\/Kulturen erst wieder betreten werden, wenn der Pestizidfilm getrocknet ist<\/p>\n<p>SS206: Arbeitskleidung (wenn keine spezifische Schutzkleidung erforderlich ist) und festes Schuhwerk (z.B. Gummistiefel) tragen bei der Ausbringung\/Handhabung von Pflanzenschutzmitteln.<\/p>\n<p>VH368: Der Gehalt an N-Nitrosoglyphosat im technischen Konzentrat von Glyphosat oder Glyphosatsalzen darf 1mg\/kg nicht \u00fcberschreiten. Der Gehalt an Formaldehyd darf 1,3 g\/kg bezogen auf die \u00c4quivalenzmasse der Glyphosats\u00e4ure nicht \u00fcberschreiten.<\/p>\n<p>WH952: Auf der Verpackung und in der Gebrauchsanleitung ist die Angabe zur Kennzeichnung des Wirkungsmechanismus als zus\u00e4tzliche Information direkt jedem entsprechenden Wirkstoffnamen zuzuordnen.<\/p>\n<p>WMG: Wirkmechanismus (HRAC-Gruppe): G.<\/p>\n<p><strong><span style=\"font-size: large;\">ANWENDUNGSBESTIMMUNGEN:<\/span><\/strong><\/p>\n<p>NG352: Halten Sie einen Abstand von 40 Tagen zwischen den Anwendungen ein, wenn die kombinierte Aufwandmenge von zwei aufeinanderfolgenden Spritzungen mit diesem und anderen glyphosathaltigen Pflanzenschutzmitteln eine Gesamtmenge von 2,9 kg Glyphosat \/ ha \u00fcberschreitet.<\/p>\n<p>NW468: Anwendungsfl\u00fcssigkeiten und deren R\u00fcckst\u00e4nde, Mittel und deren R\u00fcckst\u00e4nde, entleerte Beh\u00e4lter oder Verpackungen sowie Reinigungs- und Sp\u00fclfl\u00fcssigkeiten nicht ins Wasser gelangen lassen. Dies gilt auch f\u00fcr indirekte Eintr\u00e4ge \u00fcber Gullys, Hof- und Stra\u00dfenabl\u00e4ufe sowie Regen- und Abwassersysteme.<\/p>\n<p>SF275-EEWE: Es ist sicherzustellen, dass bei Nachfolgearbeiten\/Inspektionen mit direktem Kontakt zu den behandelten Pflanzen\/Fl\u00e4chen nach der Anwendung in Weinbau bis einschlie\u00dflich Ernte lange Arbeitskleidung und festes Schuhwerk getragen werden.<\/p>\n<p>SF275-14GE: Es ist sicherzustellen, dass bei Nachfolgearbeiten\/Inspektionen mit direktem Kontakt zu den behandelten Pflanzen\/Fl\u00e4chen innerhalb von 14 Tagen nach der Anwendung in Gem\u00fcse lange Arbeitskleidung und festes Schuhwerk getragen werden.<\/p>\n<p>SF275-28OS: Es ist sicherzustellen, dass bei Nachfolgearbeiten\/Inspektionen mit direktem Kontakt zu den behandelten Pflanzen\/Fl\u00e4chen innerhalb von 28 Tagen nach der Anwendung in Obstbaumkulturen und in Strauchbeerenobst lange Arbeitskleidung und festes Schuhwerk getragen werden.<\/p>\n<p>SF275-35ZB: Es ist sicherzustellen, dass bei Nachfolgearbeiten\/Inspektionen mit direktem Kontakt zu den behandelten Pflanzen\/Fl\u00e4chen innerhalb von 35 Tagen nach der Anwendung in Zier- und Baumschulpflanzen lange Arbeitskleidung und festes Schuhwerk getragen werden.<\/p>\n<p>SS701-1: Beim Auftragen mit einem Pinsel Schutzhandschuhe tragen (Pflanzenschutz).<\/p>\n<p><span style=\"color: #ff6600;\"><span style=\"font-family: inherit;\"><span style=\"font-size: medium;\"><span style=\"font-size: large;\">Im Falle von Produkten, die Pflanzenschutzmittel sind kann die Bestellung und der Abschluss des Kaufvertrags nur von Kunden vorgenommen werden, die nat\u00fcrliche Personen sind, die voll gesch\u00e4ftsf\u00e4hig sind und die \u00fcber die jeweiligen national vorgeschriebenen Qualifikationen zum Kauf und der Verwendung dieser Mittel verf\u00fcgen.<\/span><\/span><\/span><\/span><\/p>\n<p><em><strong>\u00a0<\/strong><\/em><\/p>\n","protected":false},"excerpt":{"rendered":"<div class=\"content listing--content\">\n<p><strong>Lernen Sie das Originalprodukt aus Polen jetzt kennen.<\/p>\n<p><i>Wir handeln eine gro\u00dfe Anzahl an Herbiziden, Rodentiziden (Rattengift), Fungiziden, Insektiziden, Molleskuziden, Wachstumsreglern, Fl\u00fcssigd\u00fcngern und ausgesuchte Saatgut Sorten zu g\u00fcnstigen Gro\u00dfhandelspreisen online innerhalb der EU.<\/i><\/strong><\/p>\n<p><i><strong>Dabei machen wir uns das Preisgef\u00e4lle innerhalb der EU zu Nutze und k\u00f6nnen Ihnen daher oftmals einen attraktiveren Preis f\u00fcr ein Importprodukt anbieten als das ihr Anbieter vor Ort f\u00fcr ein vergleichbares inl\u00e4ndisches Produkt kann.<\/strong><\/i><\/p>\n<p>Unsere Kunden kommen aus allen Branchen wie Landwirtschaft, Garten- &amp; Landschaftsbau, Hausmeisterdiensten, Facilityservices u.v.m. Wir verteiben nur die <strong>ORIGINALPRODUKTE<\/strong> in der <strong>ORIGINALVERPACKUNG<\/strong>. Treten Sie mit uns in Kontakt, wir beraten Sie gerne weiterf\u00fchrend!<\/p>\n<p>Durch den Kauf bei uns und dem kostenlosen t\u00e4glichen Expressversand erhalten Sie alle Produkte zu konkurrenzlosen Preisen. Bitte beachten Sie dazu unsere Angaben zum Versand und die Lieferbedingungen!<\/p>\n<\/div>\n<p>&nbsp;<\/p>\n","protected":false},"featured_media":21978,"comment_status":"open","ping_status":"closed","template":"","meta":[],"product_brand":[],"product_cat":[27],"product_tag":[49,66,67,72,83,84,87,88],"class_list":{"0":"post-22225","1":"product","2":"type-product","3":"status-publish","4":"has-post-thumbnail","6":"product_cat-unkrautfrei-unkrautvernichter-glyphosat-roundup-halvetic-gallup-roundup-produkte","7":"product_tag-bayer","8":"product_tag-monsanto","9":"product_tag-roundup","10":"product_tag-herbizid","11":"product_tag-unkrautvernichter","12":"product_tag-unkrautfrei","13":"product_tag-ciech","14":"product_tag-halvetic","16":"first","17":"instock","18":"taxable","19":"shipping-taxable","20":"purchasable","21":"product-type-simple"},"yoast_head":"<!-- This site is optimized with the Yoast SEO Premium plugin v27.1 (Yoast SEO v27.1.1) - https:\/\/yoast.com\/product\/yoast-seo-premium-wordpress\/ -->\n<title>HALVETIC 10L Unkrautvernichter Unkrautfrei Glyphosat - Roundup, Glyphosat und Rattengift Rattenk\u00f6der ohne Nachweis kaufen<\/title>\n<meta name=\"description\" content=\"HALVETIC 10L Unkrautvernichter Unkrautfrei Glyphosat\" \/>\n<meta name=\"robots\" content=\"noindex, follow, max-snippet:-1, max-image-preview:large, max-video-preview:-1\" \/>\n<meta property=\"og:locale\" content=\"de_DE\" \/>\n<meta property=\"og:type\" content=\"article\" \/>\n<meta property=\"og:title\" content=\"HALVETIC 10L Unkrautvernichter Unkrautfrei Glyphosat\" \/>\n<meta property=\"og:description\" content=\"HALVETIC 10L Unkrautvernichter Unkrautfrei Glyphosat\" \/>\n<meta property=\"og:url\" content=\"https:\/\/hood.discount\/?product=halvetic-10l-unkrautvernichter-unkrautfrei-glyphosat\" \/>\n<meta property=\"og:site_name\" content=\"Roundup, Glyphosat und Rattengift Rattenk\u00f6der ohne Nachweis kaufen\" \/>\n<meta property=\"article:modified_time\" content=\"2025-02-25T14:59:38+00:00\" \/>\n<meta property=\"og:image\" content=\"https:\/\/hood.discount\/wp-content\/uploads\/2025\/02\/halvetic-10l-unkrautvernichter-unkrautfrei-glyphosat-2.jpg\" \/>\n\t<meta property=\"og:image:width\" content=\"396\" \/>\n\t<meta property=\"og:image:height\" content=\"396\" \/>\n\t<meta property=\"og:image:type\" content=\"image\/jpeg\" \/>\n<meta name=\"twitter:card\" content=\"summary_large_image\" \/>\n<meta name=\"twitter:label1\" content=\"Preis\" \/>\n\t<meta name=\"twitter:data1\" content=\"199,90&nbsp;&euro; incl. VAT\" \/>\n\t<meta name=\"twitter:label2\" content=\"Verf\u00fcgbarkeit\" \/>\n\t<meta name=\"twitter:data2\" content=\"Auf Lager\" \/>\n<script type=\"application\/ld+json\" class=\"yoast-schema-graph\">{\"@context\":\"https:\/\/schema.org\",\"@graph\":[{\"@type\":\"WebPage\",\"@id\":\"https:\/\/hood.discount\/?product=halvetic-10l-unkrautvernichter-unkrautfrei-glyphosat\",\"url\":\"https:\/\/hood.discount\/?product=halvetic-10l-unkrautvernichter-unkrautfrei-glyphosat\",\"name\":\"HALVETIC 10L Unkrautvernichter Unkrautfrei Glyphosat - Roundup, Glyphosat und Rattengift Rattenk\u00f6der ohne Nachweis kaufen\",\"isPartOf\":{\"@id\":\"https:\/\/hood.discount\/#website\"},\"primaryImageOfPage\":{\"@id\":\"https:\/\/hood.discount\/?product=halvetic-10l-unkrautvernichter-unkrautfrei-glyphosat#primaryimage\"},\"image\":{\"@id\":\"https:\/\/hood.discount\/?product=halvetic-10l-unkrautvernichter-unkrautfrei-glyphosat#primaryimage\"},\"thumbnailUrl\":\"https:\/\/hood.discount\/wp-content\/uploads\/2025\/02\/halvetic-10l-unkrautvernichter-unkrautfrei-glyphosat-2.jpg\",\"datePublished\":\"2025-02-11T05:20:51+00:00\",\"dateModified\":\"2025-02-25T14:59:38+00:00\",\"description\":\"HALVETIC 10L Unkrautvernichter Unkrautfrei Glyphosat\",\"breadcrumb\":{\"@id\":\"https:\/\/hood.discount\/?product=halvetic-10l-unkrautvernichter-unkrautfrei-glyphosat#breadcrumb\"},\"inLanguage\":\"de\",\"potentialAction\":[{\"@type\":\"ReadAction\",\"target\":[\"https:\/\/hood.discount\/?product=halvetic-10l-unkrautvernichter-unkrautfrei-glyphosat\"]}]},{\"@type\":\"ImageObject\",\"inLanguage\":\"de\",\"@id\":\"https:\/\/hood.discount\/?product=halvetic-10l-unkrautvernichter-unkrautfrei-glyphosat#primaryimage\",\"url\":\"https:\/\/hood.discount\/wp-content\/uploads\/2025\/02\/halvetic-10l-unkrautvernichter-unkrautfrei-glyphosat-2.jpg\",\"contentUrl\":\"https:\/\/hood.discount\/wp-content\/uploads\/2025\/02\/halvetic-10l-unkrautvernichter-unkrautfrei-glyphosat-2.jpg\",\"width\":396,\"height\":396},{\"@type\":\"BreadcrumbList\",\"@id\":\"https:\/\/hood.discount\/?product=halvetic-10l-unkrautvernichter-unkrautfrei-glyphosat#breadcrumb\",\"itemListElement\":[{\"@type\":\"ListItem\",\"position\":1,\"name\":\"Home\",\"item\":\"https:\/\/hood.discount\/\"},{\"@type\":\"ListItem\",\"position\":2,\"name\":\"Shop\",\"item\":\"https:\/\/hood.discount\/?page_id=1207\"},{\"@type\":\"ListItem\",\"position\":3,\"name\":\"HALVETIC 10L Unkrautvernichter Unkrautfrei Glyphosat\"}]},{\"@type\":\"WebSite\",\"@id\":\"https:\/\/hood.discount\/#website\",\"url\":\"https:\/\/hood.discount\/\",\"name\":\"hood discount Roundup, Glyphosat und Rattengift Rattenk\u00f6der ohne Sachkundenachweis kaufen\",\"description\":\"Kaufe Roundup Glyphosat Rattenk\u00f6der Rattengift ohne Sachkunde Einschr\u00e4nkungen\",\"publisher\":{\"@id\":\"https:\/\/hood.discount\/#organization\"},\"potentialAction\":[{\"@type\":\"SearchAction\",\"target\":{\"@type\":\"EntryPoint\",\"urlTemplate\":\"https:\/\/hood.discount\/?s={search_term_string}\"},\"query-input\":{\"@type\":\"PropertyValueSpecification\",\"valueRequired\":true,\"valueName\":\"search_term_string\"}}],\"inLanguage\":\"de\"},{\"@type\":\"Organization\",\"@id\":\"https:\/\/hood.discount\/#organization\",\"name\":\"hood discount Roundup, Glyphosat und Rattengift Rattenk\u00f6der kaufen\",\"url\":\"https:\/\/hood.discount\/\",\"logo\":{\"@type\":\"ImageObject\",\"inLanguage\":\"de\",\"@id\":\"https:\/\/hood.discount\/#\/schema\/logo\/image\/\",\"url\":\"https:\/\/hood.discount\/wp-content\/uploads\/2025\/03\/cropped-hood-discount.jpg\",\"contentUrl\":\"https:\/\/hood.discount\/wp-content\/uploads\/2025\/03\/cropped-hood-discount.jpg\",\"width\":999,\"height\":999,\"caption\":\"hood discount Roundup, Glyphosat und Rattengift Rattenk\u00f6der kaufen\"},\"image\":{\"@id\":\"https:\/\/hood.discount\/#\/schema\/logo\/image\/\"}}]}<\/script>\n<meta property=\"product:price:amount\" content=\"199.90\" \/>\n<meta property=\"product:price:currency\" content=\"EUR\" \/>\n<meta property=\"og:availability\" content=\"instock\" \/>\n<meta property=\"product:availability\" content=\"instock\" \/>\n<meta property=\"product:retailer_item_id\" content=\"HALVETIC 10L Unkrautfrei Unkrautvernichter Glyphosat-1\" \/>\n<meta property=\"product:condition\" content=\"new\" \/>\n<!-- \/ Yoast SEO Premium plugin. -->","yoast_head_json":{"title":"HALVETIC 10L Unkrautvernichter Unkrautfrei Glyphosat - Roundup, Glyphosat und Rattengift Rattenk\u00f6der ohne Nachweis kaufen","description":"HALVETIC 10L Unkrautvernichter Unkrautfrei Glyphosat","robots":{"index":"noindex","follow":"follow","max-snippet":"max-snippet:-1","max-image-preview":"max-image-preview:large","max-video-preview":"max-video-preview:-1"},"og_locale":"de_DE","og_type":"article","og_title":"HALVETIC 10L Unkrautvernichter Unkrautfrei Glyphosat","og_description":"HALVETIC 10L Unkrautvernichter Unkrautfrei Glyphosat","og_url":"https:\/\/hood.discount\/?product=halvetic-10l-unkrautvernichter-unkrautfrei-glyphosat","og_site_name":"Roundup, Glyphosat und Rattengift Rattenk\u00f6der ohne Nachweis kaufen","article_modified_time":"2025-02-25T14:59:38+00:00","og_image":[{"width":396,"height":396,"url":"https:\/\/hood.discount\/wp-content\/uploads\/2025\/02\/halvetic-10l-unkrautvernichter-unkrautfrei-glyphosat-2.jpg","type":"image\/jpeg"}],"twitter_card":"summary_large_image","twitter_misc":{"Preis":"199,90&nbsp;&euro; incl. VAT","Verf\u00fcgbarkeit":"Auf Lager"},"schema":{"@context":"https:\/\/schema.org","@graph":[{"@type":"WebPage","@id":"https:\/\/hood.discount\/?product=halvetic-10l-unkrautvernichter-unkrautfrei-glyphosat","url":"https:\/\/hood.discount\/?product=halvetic-10l-unkrautvernichter-unkrautfrei-glyphosat","name":"HALVETIC 10L Unkrautvernichter Unkrautfrei Glyphosat - Roundup, Glyphosat und Rattengift Rattenk\u00f6der ohne Nachweis kaufen","isPartOf":{"@id":"https:\/\/hood.discount\/#website"},"primaryImageOfPage":{"@id":"https:\/\/hood.discount\/?product=halvetic-10l-unkrautvernichter-unkrautfrei-glyphosat#primaryimage"},"image":{"@id":"https:\/\/hood.discount\/?product=halvetic-10l-unkrautvernichter-unkrautfrei-glyphosat#primaryimage"},"thumbnailUrl":"https:\/\/hood.discount\/wp-content\/uploads\/2025\/02\/halvetic-10l-unkrautvernichter-unkrautfrei-glyphosat-2.jpg","datePublished":"2025-02-11T05:20:51+00:00","dateModified":"2025-02-25T14:59:38+00:00","description":"HALVETIC 10L Unkrautvernichter Unkrautfrei Glyphosat","breadcrumb":{"@id":"https:\/\/hood.discount\/?product=halvetic-10l-unkrautvernichter-unkrautfrei-glyphosat#breadcrumb"},"inLanguage":"de","potentialAction":[{"@type":"ReadAction","target":["https:\/\/hood.discount\/?product=halvetic-10l-unkrautvernichter-unkrautfrei-glyphosat"]}]},{"@type":"ImageObject","inLanguage":"de","@id":"https:\/\/hood.discount\/?product=halvetic-10l-unkrautvernichter-unkrautfrei-glyphosat#primaryimage","url":"https:\/\/hood.discount\/wp-content\/uploads\/2025\/02\/halvetic-10l-unkrautvernichter-unkrautfrei-glyphosat-2.jpg","contentUrl":"https:\/\/hood.discount\/wp-content\/uploads\/2025\/02\/halvetic-10l-unkrautvernichter-unkrautfrei-glyphosat-2.jpg","width":396,"height":396},{"@type":"BreadcrumbList","@id":"https:\/\/hood.discount\/?product=halvetic-10l-unkrautvernichter-unkrautfrei-glyphosat#breadcrumb","itemListElement":[{"@type":"ListItem","position":1,"name":"Home","item":"https:\/\/hood.discount\/"},{"@type":"ListItem","position":2,"name":"Shop","item":"https:\/\/hood.discount\/?page_id=1207"},{"@type":"ListItem","position":3,"name":"HALVETIC 10L Unkrautvernichter Unkrautfrei Glyphosat"}]},{"@type":"WebSite","@id":"https:\/\/hood.discount\/#website","url":"https:\/\/hood.discount\/","name":"hood discount Roundup, Glyphosat und Rattengift Rattenk\u00f6der ohne Sachkundenachweis kaufen","description":"Kaufe Roundup Glyphosat Rattenk\u00f6der Rattengift ohne Sachkunde Einschr\u00e4nkungen","publisher":{"@id":"https:\/\/hood.discount\/#organization"},"potentialAction":[{"@type":"SearchAction","target":{"@type":"EntryPoint","urlTemplate":"https:\/\/hood.discount\/?s={search_term_string}"},"query-input":{"@type":"PropertyValueSpecification","valueRequired":true,"valueName":"search_term_string"}}],"inLanguage":"de"},{"@type":"Organization","@id":"https:\/\/hood.discount\/#organization","name":"hood discount Roundup, Glyphosat und Rattengift Rattenk\u00f6der kaufen","url":"https:\/\/hood.discount\/","logo":{"@type":"ImageObject","inLanguage":"de","@id":"https:\/\/hood.discount\/#\/schema\/logo\/image\/","url":"https:\/\/hood.discount\/wp-content\/uploads\/2025\/03\/cropped-hood-discount.jpg","contentUrl":"https:\/\/hood.discount\/wp-content\/uploads\/2025\/03\/cropped-hood-discount.jpg","width":999,"height":999,"caption":"hood discount Roundup, Glyphosat und Rattengift Rattenk\u00f6der kaufen"},"image":{"@id":"https:\/\/hood.discount\/#\/schema\/logo\/image\/"}}]},"product_price_amount":"199.90","product_price_currency":"EUR","og_availability":"instock","product_availability":"instock","product_retailer_item_id":"HALVETIC 10L Unkrautfrei Unkrautvernichter Glyphosat-1","product_condition":"new"},"_links":{"self":[{"href":"https:\/\/hood.discount\/index.php?rest_route=\/wp\/v2\/product\/22225","targetHints":{"allow":["GET"]}}],"collection":[{"href":"https:\/\/hood.discount\/index.php?rest_route=\/wp\/v2\/product"}],"about":[{"href":"https:\/\/hood.discount\/index.php?rest_route=\/wp\/v2\/types\/product"}],"replies":[{"embeddable":true,"href":"https:\/\/hood.discount\/index.php?rest_route=%2Fwp%2Fv2%2Fcomments&post=22225"}],"wp:featuredmedia":[{"embeddable":true,"href":"https:\/\/hood.discount\/index.php?rest_route=\/wp\/v2\/media\/21978"}],"wp:attachment":[{"href":"https:\/\/hood.discount\/index.php?rest_route=%2Fwp%2Fv2%2Fmedia&parent=22225"}],"wp:term":[{"taxonomy":"product_brand","embeddable":true,"href":"https:\/\/hood.discount\/index.php?rest_route=%2Fwp%2Fv2%2Fproduct_brand&post=22225"},{"taxonomy":"product_cat","embeddable":true,"href":"https:\/\/hood.discount\/index.php?rest_route=%2Fwp%2Fv2%2Fproduct_cat&post=22225"},{"taxonomy":"product_tag","embeddable":true,"href":"https:\/\/hood.discount\/index.php?rest_route=%2Fwp%2Fv2%2Fproduct_tag&post=22225"}],"curies":[{"name":"wp","href":"https:\/\/api.w.org\/{rel}","templated":true}]}}