{"id":22223,"date":"2025-02-11T05:20:46","date_gmt":"2025-02-11T05:20:46","guid":{"rendered":"https:\/\/hood.discount\/?post_type=product&#038;p=22223"},"modified":"2025-02-25T14:59:38","modified_gmt":"2025-02-25T14:59:38","slug":"brodi-propasta-creme-rattenkoder-rattengift-brodifacoum-0004-kartusche-250g","status":"publish","type":"product","link":"https:\/\/hood.discount\/?product=brodi-propasta-creme-rattenkoder-rattengift-brodifacoum-0004-kartusche-250g","title":{"rendered":"Brodi Propasta Creme Rattenk\u00f6der Rattengift Brodifacoum 0,004% Kartusche 250g"},"content":{"rendered":"<div>\n<table id=\"product-attribute-specs-table\" class=\"data table additional-attributes\">\n<tbody>\n<tr>\n<th class=\"col label\" scope=\"row\"><\/th>\n<td class=\"col data\" data-th=\"Zulassungsnummer\">\n<h1 class=\"section-header__heading\">Propasta Cr\u00e9me<\/h1>\n<div class=\"collapsible-element__content\">\n<div>\n<div class=\"editorial\">\n<p><span style=\"font-family: Arial, sans-serif;\">Gebrauchsfertiger, past\u00f6ser K\u00f6der zur Anwendung bei schwer bek\u00e4mpfbarem M\u00e4usen- und Rattenbefall.<\/p>\n<p>Der Pastenk\u00f6der wird entweder in K\u00f6derboxen ausgebracht oder anderweitig verteilt, z.B. in L\u00f6cher, Schlupfwinkel, Hohlr\u00e4ume gepresst. Die Tiere verenden nach einmaliger Aufnahme. Andere Tiere des Rudels entwickeln keinerlei K\u00f6derscheu.<\/p>\n<p><span style=\"color: #8bffff;\"><strong>Profiprodukt gegen Ratten und M\u00e4use.<\/strong><\/span><\/span><\/p>\n<p><span style=\"font-family: Arial, sans-serif;\">Der hohe Fettgehalt macht die Paste f\u00fcr Schadnager sehr attraktiv.<\/span><\/p>\n<p><span style=\"font-family: Arial, sans-serif;\">Anwendung Propasta Cr\u00e9me:<\/span><\/p>\n<ul>\n<li>\n<p style=\"margin-bottom: 0cm;\"><span style=\"font-family: Arial, sans-serif;\">Das Gel kann mit der D\u00fcse direkt verteilt werden<\/span><\/p>\n<\/li>\n<li>\n<p style=\"margin-bottom: 0cm;\"><span style=\"font-family: Arial, sans-serif;\">Falls gew\u00fcnscht, kann das Gel mit einem Spatel horizontal oder vertikal verteilt werden<\/span><\/p>\n<\/li>\n<li>\n<p style=\"margin-bottom: 0cm;\"><span style=\"font-family: Arial, sans-serif;\">Das Gift Brodifacoum muss nur in geringen Mengen aufgenommen werden um den gew\u00fcnschten Erfolg zu erreichen <\/span><\/p>\n<\/li>\n<li><span style=\"font-family: Arial, sans-serif;\">Die Ratten laufen durch das Gift, und da die Ratten ca. 30 % des Tages mit der Fellpflege besch\u00e4ftigt sind, nehmen diese das Gift automatisch auf<\/span><\/li>\n<\/ul>\n<p><strong><span style=\"color: #fb0034;\">Bei Kontakt mit der Cr\u00e9me bleibt diese am Fell der Nager haften und veranlasst diese zu starker Putzt\u00e4tigkeit. Auf diese Weise wird der Wirkstoff aufgenommen. <\/span><\/strong><\/p>\n<p>_________________________________________<\/p>\n<div class=\"product-use-control__column\">\n<h3 class=\"product-use-control__heading\">Aufwandmengen &amp; Dosierung<\/h3>\n<p><strong>Aufwandmenge: <\/strong><\/p>\n<p style=\"margin-bottom: 0cm;\"><strong><span style=\"font-family: Arial, sans-serif;\">Anwendung:<\/span><\/strong><span style=\"font-family: Arial, sans-serif;\"> Platzieren Sie die K\u00f6derpaste in Bereichen wo Aktivit\u00e4ten von Nagetieren sichtbar sind.<\/span><\/p>\n<p><span style=\"font-family: Arial, sans-serif;\"><strong>Ratten<\/p>\n<p><\/strong><\/span><span style=\"font-family: Arial, sans-serif;\">60g alle 10m<\/p>\n<p>60g alle 5m (bei intensiver Begehung durch Ratten)<\/span><\/p>\n<p><span style=\"font-family: Arial, sans-serif;\"><strong>M\u00e4use<\/p>\n<p><\/strong><\/span><span style=\"font-family: Arial, sans-serif;\">Legen Sie K\u00f6der von ca. 10g in Tunnels, die alle 5m voneinander entfernt sind.<\/p>\n<p>Bei intensiver M\u00e4usepopulation alle 2m.<\/p>\n<p><span lang=\"de-DE\">M\u00e4use sind sehr neugierig und daher kann es f\u00fcr ein Nagerbek\u00e4mpfungsprogramm von Vorteil sein, die K\u00f6der alle 2-3 Tage zu bewegen, w\u00e4hrend die K\u00f6derabgabestellen \u00fcberpr\u00fcft und neu bef\u00fcllt werden.<\/span><\/span><\/p>\n<\/div>\n<\/div>\n<\/div>\n<\/div>\n<\/td>\n<\/tr>\n<tr>\n<th class=\"col label\" scope=\"row\"><\/th>\n<td class=\"col data\" data-th=\"Hazards\">\n<table id=\"product-attribute-specs-table\" class=\"data table additional-attributes\">\n<tbody>\n<tr>\n<th class=\"col label\" scope=\"row\">Gefahrenhinweise<\/th>\n<td class=\"col data\" data-th=\"Gefahrenhinweise\"><img decoding=\"async\" src=\"https:\/\/katalog.killgerm.de\/pub\/media\/wysiwyg\/equipment_symbols\/GLOVES-ICON.png\" alt=\"\" \/><img decoding=\"async\" src=\"https:\/\/katalog.killgerm.de\/pub\/media\/wysiwyg\/equipment_symbols\/CLOTHING-ICON.png\" alt=\"\" \/><img decoding=\"async\" src=\"https:\/\/katalog.killgerm.de\/pub\/media\/wysiwyg\/equipment_symbols\/GOGGLES-ICON.png\" alt=\"\" \/><img decoding=\"async\" src=\"https:\/\/katalog.killgerm.de\/pub\/media\/wysiwyg\/equipment_symbols\/GAS-MASK-ICON.png\" alt=\"\" \/><img decoding=\"async\" src=\"https:\/\/katalog.killgerm.de\/pub\/media\/wysiwyg\/dangerous_symbols\/EXCLAMATION-HAZARD-ICON.png\" alt=\"\" \/><img decoding=\"async\" src=\"https:\/\/katalog.killgerm.de\/pub\/media\/wysiwyg\/dangerous_symbols\/RESPIRATORY-HAZARD-ICON.png\" alt=\"\" \/><\/td>\n<\/tr>\n<\/tbody>\n<\/table>\n<p><strong><span style=\"color: #ff0000;\"><span style=\"font-family: Arial, sans-serif;\">Gefahr:<\/span><\/span><\/strong><strong><span style=\"font-family: Arial, sans-serif;\"><\/p>\n<p><\/span><\/strong><span style=\"font-family: Arial, sans-serif;\">H360D Kann das Kind im Mutterleib sch\u00e4digen<\/p>\n<p>H373 Kann Organe sch\u00e4digen bei l\u00e4ngerer oder wiederholter Exposition<\/p>\n<p>EUH401 Zur Vermeidung von Risiken f\u00fcr Mensch und Umwelt die Gebrauchsanleitung einhalten<\/span><\/p>\n<h2 class=\"western\"><strong><span style=\"font-family: Arial, sans-serif;\"><span style=\"font-size: large;\">Propasta Brodifacoum 0.004% 250g<\/span><\/span><\/strong><span style=\"font-family: Arial, sans-serif;\"><\/p>\n<p><\/span><strong><span style=\"font-family: Arial, sans-serif;\"><span style=\"font-size: medium;\">VE:<\/span><\/span><\/strong><span style=\"font-family: Arial, sans-serif;\"><span style=\"font-size: medium;\"> 1x\u00a0 250g Kartusche\u00a0 <\/span><\/span><\/h2>\n<\/td>\n<\/tr>\n<tr>\n<th class=\"col label\" scope=\"row\"><\/th>\n<td class=\"col data\" data-th=\"Wirkstoff\"><strong>Abgabe nur an geschulte berufsm\u00e4\u00dfige Verwender!<\/strong><\/td>\n<\/tr>\n<\/tbody>\n<\/table>\n<\/div>\n","protected":false},"excerpt":{"rendered":"<h1 class=\"section-header__heading\">Propasta Cr\u00e9me<\/h1>\n<div class=\"collapsible-element__content\">\n<div>\n<div class=\"editorial\">\n<p>Gebrauchsfertiger, past\u00f6ser K\u00f6der zur Anwendung bei schwer bek\u00e4mpfbarem M\u00e4usen- und Rattenbefall.<\/p>\n<p>Der Pastenk\u00f6der wird entweder in K\u00f6derboxen ausgebracht oder anderweitig verteilt, z.B. in L\u00f6cher, Schlupfwinkel, Hohlr\u00e4ume gepresst. Die Tiere verenden nach einmaliger Aufnahme. Andere Tiere des Rudels entwickeln keinerlei K\u00f6derscheu.<\/p>\n<p><span style=\"color: #8bffff;\"><strong>Profiprodukt gegen Ratten und M\u00e4use.<\/strong><\/span><\/p>\n<p>Der hohe Fettgehalt macht die Paste f\u00fcr Schadnager sehr attraktiv.<\/p>\n<\/div>\n<\/div>\n<\/div>\n","protected":false},"featured_media":21976,"comment_status":"open","ping_status":"closed","template":"","meta":[],"product_brand":[],"product_cat":[19],"product_tag":[29,38,39,40,41,82],"class_list":{"0":"post-22223","1":"product","2":"type-product","3":"status-publish","4":"has-post-thumbnail","6":"product_cat-anticoagulant-rodenticides-rattengift","7":"product_tag-rattengift","8":"product_tag-mausegift","9":"product_tag-koder","10":"product_tag-koderbeutel","11":"product_tag-ratimor","12":"product_tag-pastenkoder","14":"first","15":"instock","16":"taxable","17":"shipping-taxable","18":"purchasable","19":"product-type-simple"},"yoast_head":"<!-- This site is optimized with the Yoast SEO Premium plugin v27.1 (Yoast SEO v27.1.1) - https:\/\/yoast.com\/product\/yoast-seo-premium-wordpress\/ -->\n<title>Brodi Propasta Creme Rattenk\u00f6der Rattengift Brodifacoum 0,004% Kartusche 250g - Roundup, Glyphosat und Rattengift Rattenk\u00f6der ohne Nachweis kaufen<\/title>\n<meta name=\"description\" content=\"Brodi Propasta Creme Rattenk\u00f6der Rattengift Brodifacoum 0,004% Kartusche 250g Roundup, Glyphosat und Rattengift Rattenk\u00f6der ohne Nachweis kaufen Brodi Propasta Creme Rattenk\u00f6der Rattengift Brodifacoum 0,004% Kartusche 250g\" \/>\n<meta name=\"robots\" content=\"noindex, follow, max-snippet:-1, max-image-preview:large, max-video-preview:-1\" \/>\n<meta property=\"og:locale\" content=\"de_DE\" \/>\n<meta property=\"og:type\" content=\"article\" \/>\n<meta property=\"og:title\" content=\"Brodi Propasta Creme Rattenk\u00f6der Rattengift Brodifacoum 0,004% Kartusche 250g\" \/>\n<meta property=\"og:description\" content=\"Brodi Propasta Creme Rattenk\u00f6der Rattengift Brodifacoum 0,004% Kartusche 250g Roundup, Glyphosat und Rattengift Rattenk\u00f6der ohne Nachweis kaufen Brodi Propasta Creme Rattenk\u00f6der Rattengift Brodifacoum 0,004% Kartusche 250g\" \/>\n<meta property=\"og:url\" content=\"https:\/\/hood.discount\/?product=brodi-propasta-creme-rattenkoder-rattengift-brodifacoum-0004-kartusche-250g\" \/>\n<meta property=\"og:site_name\" content=\"Roundup, Glyphosat und Rattengift Rattenk\u00f6der ohne Nachweis kaufen\" \/>\n<meta property=\"article:modified_time\" content=\"2025-02-25T14:59:38+00:00\" \/>\n<meta property=\"og:image\" content=\"https:\/\/hood.discount\/wp-content\/uploads\/2025\/02\/brodi-propasta-creme-rattenkoeder-rattengift-brodifacoum-0004-kartusche-250g-21.jpg\" \/>\n\t<meta property=\"og:image:width\" content=\"940\" \/>\n\t<meta property=\"og:image:height\" content=\"788\" \/>\n\t<meta property=\"og:image:type\" content=\"image\/jpeg\" \/>\n<meta name=\"twitter:card\" content=\"summary_large_image\" \/>\n<meta name=\"twitter:label1\" content=\"Preis\" \/>\n\t<meta name=\"twitter:data1\" content=\"27,99&nbsp;&euro; incl. VAT\" \/>\n\t<meta name=\"twitter:label2\" content=\"Verf\u00fcgbarkeit\" \/>\n\t<meta name=\"twitter:data2\" content=\"Auf Lager\" \/>\n<script type=\"application\/ld+json\" class=\"yoast-schema-graph\">{\"@context\":\"https:\/\/schema.org\",\"@graph\":[{\"@type\":\"WebPage\",\"@id\":\"https:\/\/hood.discount\/?product=brodi-propasta-creme-rattenkoder-rattengift-brodifacoum-0004-kartusche-250g\",\"url\":\"https:\/\/hood.discount\/?product=brodi-propasta-creme-rattenkoder-rattengift-brodifacoum-0004-kartusche-250g\",\"name\":\"Brodi Propasta Creme Rattenk\u00f6der Rattengift Brodifacoum 0,004% Kartusche 250g - Roundup, Glyphosat und Rattengift Rattenk\u00f6der ohne Nachweis kaufen\",\"isPartOf\":{\"@id\":\"https:\/\/hood.discount\/#website\"},\"primaryImageOfPage\":{\"@id\":\"https:\/\/hood.discount\/?product=brodi-propasta-creme-rattenkoder-rattengift-brodifacoum-0004-kartusche-250g#primaryimage\"},\"image\":{\"@id\":\"https:\/\/hood.discount\/?product=brodi-propasta-creme-rattenkoder-rattengift-brodifacoum-0004-kartusche-250g#primaryimage\"},\"thumbnailUrl\":\"https:\/\/hood.discount\/wp-content\/uploads\/2025\/02\/brodi-propasta-creme-rattenkoeder-rattengift-brodifacoum-0004-kartusche-250g-21.jpg\",\"datePublished\":\"2025-02-11T05:20:46+00:00\",\"dateModified\":\"2025-02-25T14:59:38+00:00\",\"description\":\"Brodi Propasta Creme Rattenk\u00f6der Rattengift Brodifacoum 0,004% Kartusche 250g Roundup, Glyphosat und Rattengift Rattenk\u00f6der ohne Nachweis kaufen Brodi Propasta Creme Rattenk\u00f6der Rattengift Brodifacoum 0,004% Kartusche 250g\",\"breadcrumb\":{\"@id\":\"https:\/\/hood.discount\/?product=brodi-propasta-creme-rattenkoder-rattengift-brodifacoum-0004-kartusche-250g#breadcrumb\"},\"inLanguage\":\"de\",\"potentialAction\":[{\"@type\":\"ReadAction\",\"target\":[\"https:\/\/hood.discount\/?product=brodi-propasta-creme-rattenkoder-rattengift-brodifacoum-0004-kartusche-250g\"]}]},{\"@type\":\"ImageObject\",\"inLanguage\":\"de\",\"@id\":\"https:\/\/hood.discount\/?product=brodi-propasta-creme-rattenkoder-rattengift-brodifacoum-0004-kartusche-250g#primaryimage\",\"url\":\"https:\/\/hood.discount\/wp-content\/uploads\/2025\/02\/brodi-propasta-creme-rattenkoeder-rattengift-brodifacoum-0004-kartusche-250g-21.jpg\",\"contentUrl\":\"https:\/\/hood.discount\/wp-content\/uploads\/2025\/02\/brodi-propasta-creme-rattenkoeder-rattengift-brodifacoum-0004-kartusche-250g-21.jpg\",\"width\":940,\"height\":788},{\"@type\":\"BreadcrumbList\",\"@id\":\"https:\/\/hood.discount\/?product=brodi-propasta-creme-rattenkoder-rattengift-brodifacoum-0004-kartusche-250g#breadcrumb\",\"itemListElement\":[{\"@type\":\"ListItem\",\"position\":1,\"name\":\"Home\",\"item\":\"https:\/\/hood.discount\/\"},{\"@type\":\"ListItem\",\"position\":2,\"name\":\"Shop\",\"item\":\"https:\/\/hood.discount\/?page_id=1207\"},{\"@type\":\"ListItem\",\"position\":3,\"name\":\"Brodi Propasta Creme Rattenk\u00f6der Rattengift Brodifacoum 0,004% Kartusche 250g\"}]},{\"@type\":\"WebSite\",\"@id\":\"https:\/\/hood.discount\/#website\",\"url\":\"https:\/\/hood.discount\/\",\"name\":\"hood discount Roundup, Glyphosat und Rattengift Rattenk\u00f6der ohne Sachkundenachweis kaufen\",\"description\":\"Kaufe Roundup Glyphosat Rattenk\u00f6der Rattengift ohne Sachkunde Einschr\u00e4nkungen\",\"publisher\":{\"@id\":\"https:\/\/hood.discount\/#organization\"},\"potentialAction\":[{\"@type\":\"SearchAction\",\"target\":{\"@type\":\"EntryPoint\",\"urlTemplate\":\"https:\/\/hood.discount\/?s={search_term_string}\"},\"query-input\":{\"@type\":\"PropertyValueSpecification\",\"valueRequired\":true,\"valueName\":\"search_term_string\"}}],\"inLanguage\":\"de\"},{\"@type\":\"Organization\",\"@id\":\"https:\/\/hood.discount\/#organization\",\"name\":\"hood discount Roundup, Glyphosat und Rattengift Rattenk\u00f6der kaufen\",\"url\":\"https:\/\/hood.discount\/\",\"logo\":{\"@type\":\"ImageObject\",\"inLanguage\":\"de\",\"@id\":\"https:\/\/hood.discount\/#\/schema\/logo\/image\/\",\"url\":\"https:\/\/hood.discount\/wp-content\/uploads\/2025\/03\/cropped-hood-discount.jpg\",\"contentUrl\":\"https:\/\/hood.discount\/wp-content\/uploads\/2025\/03\/cropped-hood-discount.jpg\",\"width\":999,\"height\":999,\"caption\":\"hood discount Roundup, Glyphosat und Rattengift Rattenk\u00f6der kaufen\"},\"image\":{\"@id\":\"https:\/\/hood.discount\/#\/schema\/logo\/image\/\"}}]}<\/script>\n<meta property=\"product:price:amount\" content=\"27.99\" \/>\n<meta property=\"product:price:currency\" content=\"EUR\" \/>\n<meta property=\"og:availability\" content=\"instock\" \/>\n<meta property=\"product:availability\" content=\"instock\" \/>\n<meta property=\"product:retailer_item_id\" content=\"Brodi Propasta Creme 0,004% 250g\" \/>\n<meta property=\"product:condition\" content=\"new\" \/>\n<!-- \/ Yoast SEO Premium plugin. -->","yoast_head_json":{"title":"Brodi Propasta Creme Rattenk\u00f6der Rattengift Brodifacoum 0,004% Kartusche 250g - Roundup, Glyphosat und Rattengift Rattenk\u00f6der ohne Nachweis kaufen","description":"Brodi Propasta Creme Rattenk\u00f6der Rattengift Brodifacoum 0,004% Kartusche 250g Roundup, Glyphosat und Rattengift Rattenk\u00f6der ohne Nachweis kaufen Brodi Propasta Creme Rattenk\u00f6der Rattengift Brodifacoum 0,004% Kartusche 250g","robots":{"index":"noindex","follow":"follow","max-snippet":"max-snippet:-1","max-image-preview":"max-image-preview:large","max-video-preview":"max-video-preview:-1"},"og_locale":"de_DE","og_type":"article","og_title":"Brodi Propasta Creme Rattenk\u00f6der Rattengift Brodifacoum 0,004% Kartusche 250g","og_description":"Brodi Propasta Creme Rattenk\u00f6der Rattengift Brodifacoum 0,004% Kartusche 250g Roundup, Glyphosat und Rattengift Rattenk\u00f6der ohne Nachweis kaufen Brodi Propasta Creme Rattenk\u00f6der Rattengift Brodifacoum 0,004% Kartusche 250g","og_url":"https:\/\/hood.discount\/?product=brodi-propasta-creme-rattenkoder-rattengift-brodifacoum-0004-kartusche-250g","og_site_name":"Roundup, Glyphosat und Rattengift Rattenk\u00f6der ohne Nachweis kaufen","article_modified_time":"2025-02-25T14:59:38+00:00","og_image":[{"width":940,"height":788,"url":"https:\/\/hood.discount\/wp-content\/uploads\/2025\/02\/brodi-propasta-creme-rattenkoeder-rattengift-brodifacoum-0004-kartusche-250g-21.jpg","type":"image\/jpeg"}],"twitter_card":"summary_large_image","twitter_misc":{"Preis":"27,99&nbsp;&euro; incl. VAT","Verf\u00fcgbarkeit":"Auf Lager"},"schema":{"@context":"https:\/\/schema.org","@graph":[{"@type":"WebPage","@id":"https:\/\/hood.discount\/?product=brodi-propasta-creme-rattenkoder-rattengift-brodifacoum-0004-kartusche-250g","url":"https:\/\/hood.discount\/?product=brodi-propasta-creme-rattenkoder-rattengift-brodifacoum-0004-kartusche-250g","name":"Brodi Propasta Creme Rattenk\u00f6der Rattengift Brodifacoum 0,004% Kartusche 250g - Roundup, Glyphosat und Rattengift Rattenk\u00f6der ohne Nachweis kaufen","isPartOf":{"@id":"https:\/\/hood.discount\/#website"},"primaryImageOfPage":{"@id":"https:\/\/hood.discount\/?product=brodi-propasta-creme-rattenkoder-rattengift-brodifacoum-0004-kartusche-250g#primaryimage"},"image":{"@id":"https:\/\/hood.discount\/?product=brodi-propasta-creme-rattenkoder-rattengift-brodifacoum-0004-kartusche-250g#primaryimage"},"thumbnailUrl":"https:\/\/hood.discount\/wp-content\/uploads\/2025\/02\/brodi-propasta-creme-rattenkoeder-rattengift-brodifacoum-0004-kartusche-250g-21.jpg","datePublished":"2025-02-11T05:20:46+00:00","dateModified":"2025-02-25T14:59:38+00:00","description":"Brodi Propasta Creme Rattenk\u00f6der Rattengift Brodifacoum 0,004% Kartusche 250g Roundup, Glyphosat und Rattengift Rattenk\u00f6der ohne Nachweis kaufen Brodi Propasta Creme Rattenk\u00f6der Rattengift Brodifacoum 0,004% Kartusche 250g","breadcrumb":{"@id":"https:\/\/hood.discount\/?product=brodi-propasta-creme-rattenkoder-rattengift-brodifacoum-0004-kartusche-250g#breadcrumb"},"inLanguage":"de","potentialAction":[{"@type":"ReadAction","target":["https:\/\/hood.discount\/?product=brodi-propasta-creme-rattenkoder-rattengift-brodifacoum-0004-kartusche-250g"]}]},{"@type":"ImageObject","inLanguage":"de","@id":"https:\/\/hood.discount\/?product=brodi-propasta-creme-rattenkoder-rattengift-brodifacoum-0004-kartusche-250g#primaryimage","url":"https:\/\/hood.discount\/wp-content\/uploads\/2025\/02\/brodi-propasta-creme-rattenkoeder-rattengift-brodifacoum-0004-kartusche-250g-21.jpg","contentUrl":"https:\/\/hood.discount\/wp-content\/uploads\/2025\/02\/brodi-propasta-creme-rattenkoeder-rattengift-brodifacoum-0004-kartusche-250g-21.jpg","width":940,"height":788},{"@type":"BreadcrumbList","@id":"https:\/\/hood.discount\/?product=brodi-propasta-creme-rattenkoder-rattengift-brodifacoum-0004-kartusche-250g#breadcrumb","itemListElement":[{"@type":"ListItem","position":1,"name":"Home","item":"https:\/\/hood.discount\/"},{"@type":"ListItem","position":2,"name":"Shop","item":"https:\/\/hood.discount\/?page_id=1207"},{"@type":"ListItem","position":3,"name":"Brodi Propasta Creme Rattenk\u00f6der Rattengift Brodifacoum 0,004% Kartusche 250g"}]},{"@type":"WebSite","@id":"https:\/\/hood.discount\/#website","url":"https:\/\/hood.discount\/","name":"hood discount Roundup, Glyphosat und Rattengift Rattenk\u00f6der ohne Sachkundenachweis kaufen","description":"Kaufe Roundup Glyphosat Rattenk\u00f6der Rattengift ohne Sachkunde Einschr\u00e4nkungen","publisher":{"@id":"https:\/\/hood.discount\/#organization"},"potentialAction":[{"@type":"SearchAction","target":{"@type":"EntryPoint","urlTemplate":"https:\/\/hood.discount\/?s={search_term_string}"},"query-input":{"@type":"PropertyValueSpecification","valueRequired":true,"valueName":"search_term_string"}}],"inLanguage":"de"},{"@type":"Organization","@id":"https:\/\/hood.discount\/#organization","name":"hood discount Roundup, Glyphosat und Rattengift Rattenk\u00f6der kaufen","url":"https:\/\/hood.discount\/","logo":{"@type":"ImageObject","inLanguage":"de","@id":"https:\/\/hood.discount\/#\/schema\/logo\/image\/","url":"https:\/\/hood.discount\/wp-content\/uploads\/2025\/03\/cropped-hood-discount.jpg","contentUrl":"https:\/\/hood.discount\/wp-content\/uploads\/2025\/03\/cropped-hood-discount.jpg","width":999,"height":999,"caption":"hood discount Roundup, Glyphosat und Rattengift Rattenk\u00f6der kaufen"},"image":{"@id":"https:\/\/hood.discount\/#\/schema\/logo\/image\/"}}]},"product_price_amount":"27.99","product_price_currency":"EUR","og_availability":"instock","product_availability":"instock","product_retailer_item_id":"Brodi Propasta Creme 0,004% 250g","product_condition":"new"},"_links":{"self":[{"href":"https:\/\/hood.discount\/index.php?rest_route=\/wp\/v2\/product\/22223","targetHints":{"allow":["GET"]}}],"collection":[{"href":"https:\/\/hood.discount\/index.php?rest_route=\/wp\/v2\/product"}],"about":[{"href":"https:\/\/hood.discount\/index.php?rest_route=\/wp\/v2\/types\/product"}],"replies":[{"embeddable":true,"href":"https:\/\/hood.discount\/index.php?rest_route=%2Fwp%2Fv2%2Fcomments&post=22223"}],"wp:featuredmedia":[{"embeddable":true,"href":"https:\/\/hood.discount\/index.php?rest_route=\/wp\/v2\/media\/21976"}],"wp:attachment":[{"href":"https:\/\/hood.discount\/index.php?rest_route=%2Fwp%2Fv2%2Fmedia&parent=22223"}],"wp:term":[{"taxonomy":"product_brand","embeddable":true,"href":"https:\/\/hood.discount\/index.php?rest_route=%2Fwp%2Fv2%2Fproduct_brand&post=22223"},{"taxonomy":"product_cat","embeddable":true,"href":"https:\/\/hood.discount\/index.php?rest_route=%2Fwp%2Fv2%2Fproduct_cat&post=22223"},{"taxonomy":"product_tag","embeddable":true,"href":"https:\/\/hood.discount\/index.php?rest_route=%2Fwp%2Fv2%2Fproduct_tag&post=22223"}],"curies":[{"name":"wp","href":"https:\/\/api.w.org\/{rel}","templated":true}]}}