{"id":22217,"date":"2025-02-11T05:20:46","date_gmt":"2025-02-11T05:20:46","guid":{"rendered":"https:\/\/hood.discount\/?post_type=product&#038;p=22217"},"modified":"2025-02-25T14:59:38","modified_gmt":"2025-02-25T14:59:38","slug":"roundup-flex-480-1-liter-unkrautvernichter-unkrautfrei-glyphosat","status":"publish","type":"product","link":"https:\/\/hood.discount\/?product=roundup-flex-480-1-liter-unkrautvernichter-unkrautfrei-glyphosat","title":{"rendered":"Roundup\u00ae Flex 480   1 Liter Unkrautvernichter Unkrautfrei Glyphosat"},"content":{"rendered":"<h2 class=\"western\">Roundup\u00aeFlex 480 \u2013 Erfolg hat einen Namen<\/h2>\n<p>Roundup\u00ae Flex 480 wurde nach neuesten wissenschaftlichen Erkenntnissen entwickelt und zeichnet sich durch folgende Vorteile aus:<\/p>\n<ul>\n<li>Hochkonzentrierte Fl\u00fcssigformulierung mit 480g Wirkstoff\/Liter<\/li>\n<li>Hohe Wirkung<\/li>\n<li>Breiter Zulassungsumfang<\/li>\n<li>Hohe Anwenderflexibilit\u00e4t<\/li>\n<li>Unkrautspezifische Aufwandmengen<\/li>\n<li>2 Tage Wartezeit bei Quecke* und 6 Stunden bei einj\u00e4hrigen Unkr\u00e4utern<\/li>\n<li>Hervorragende Wirkung bei unterschiedlichsten Bedingungen<\/li>\n<\/ul>\n<p>Roundup\u00ae\u00a0ist durch Gebindegr\u00f6\u00dfen von 1 Liter, 5 Liter, 15 Liter und 640 Liter auf Ihre Verbrauchsbed\u00fcrfnisse abgestimmt.<\/p>\n<p>*bei voller Aufwandmenge und unter optimalen Bedingungen<\/p>\n<p>Roundup\u00ae Flex 480 wirkt effektiv und nachhaltig gegen eine Vielzahl von Unkr\u00e4utern und Ungr\u00e4sern in den verschiedensten Kulturen.<\/p>\n<p>F\u00fcr eine erfolgreiche Glyphosat-Anwendung ist die Wirkstoffaufnahme und -verteilung in der Pflanze von entscheidender Bedeutung. Eine innovative Formulierungstechnologie ist der Schl\u00fcssel zum Erfolg. Roundup\u00aeFlex 480 wird schneller als andere Glyphosat Produkte in der Pflanze verteilt. Die Folge daraus ist, dass 6 Stunden nach einer Roundup\u00ae Flex 480 Anwendung bei einj\u00e4hrigen Unkr\u00e4utern und 2 Tage bei Quecke* bereits die Bodenbearbeitung erfolgen kann.<\/p>\n<p>*bei voller Aufwandmenge und unter optimalen Bedingungen<\/p>\n<p>Der Entwicklungsfokus der neuen Roundup\u00ae-Generation, sich kontinuierlich an den wachsenden landwirtschaftlichen Bed\u00fcrfnissen zu orientieren, wurde bei dieser Formulierung nie aus dem Auge verloren.<\/p>\n<p>Neben dem neuartigen Kaliumsalz wurde ein innovatives Netzmittelsystem verwendet, welches ma\u00dfgeblich f\u00fcr die Produktmerkmale verantwortlich ist. Roundup\u00ae Flex 480 ist ein wasserl\u00f6sliches Konzentrat mit einem hohen Wirkstoffgehalt von 480g Glyphosat pro Liter (33% h\u00f6her als klassische Glyphosat Produkte).<\/p>\n<p>Ob zur Vorsaat- oder Stoppelanwendung, im Wein-, Obst- und Gem\u00fcsebau, auf Stilllegungsfl\u00e4chen sowie im Nichtkulturland und im Forstbereich Roundup\u00aePowerFlex erzielt in den verschiedenen Segmenten eine effektive Wirkung. Folgende Anwendungshinweise sollten Sie wissen:<\/p>\n<ul>\n<li>Einsatz in der gesamten Vegetationsphase \u2013 auch nach kurzen Nachtfr\u00f6sten bis -4\u00b0C<\/li>\n<li>Bek\u00e4mpfende Unkrautarten m\u00fcssen gen\u00fcgend Blattmasse gebildet haben und ausreichend benetzt werden<\/li>\n<li>Eine Anwendung ist nach Regen oder bei taufeuchtem, aber nicht tropfnassem Unkrautbestand m\u00f6glich<\/li>\n<li>Ein witterungsbedingt langsamer Eintritt von Wirkungssymptomen hat auf die Nachhaltigkeit der Wirkung keinen Einfluss<\/li>\n<\/ul>\n<h1 class=\"western\">Pflanzenschutzmittel: Roundup Flex 480<\/h1>\n<p><a rel=\"nofollow\" name=\"mitteldaten\"><\/a><\/p>\n<table border=\"0\" width=\"569\" cellspacing=\"0\" cellpadding=\"2\">\n<colgroup>\n<col width=\"111\" \/>\n<col width=\"449\" \/> <\/colgroup>\n<tbody>\n<tr bgcolor=\"#e6e6e6\">\n<td width=\"111\">Zulassungsnummer:<\/td>\n<td width=\"449\">006149-00<\/td>\n<\/tr>\n<tr bgcolor=\"#f5f5f5\">\n<td width=\"111\">Zulassungsanfang:<\/td>\n<td width=\"449\">19.12.2012<\/td>\n<\/tr>\n<tr bgcolor=\"#e6e6e6\">\n<td width=\"111\">Zulassungsende:<\/td>\n<td width=\"449\">31.12.2022<\/td>\n<\/tr>\n<tr bgcolor=\"#f5f5f5\">\n<td width=\"111\">Vertriebsfirmen:<\/td>\n<td width=\"449\">Monsanto<\/td>\n<\/tr>\n<tr bgcolor=\"#e6e6e6\">\n<td width=\"111\">Wirkstoffe:<\/td>\n<td width=\"449\">480g\/l Glyphosat (588g\/l Kalium-Salz)<\/td>\n<\/tr>\n<tr bgcolor=\"#f5f5f5\">\n<td width=\"111\">Kennzeichen:<\/td>\n<td width=\"449\"><i>N\u00a0<img decoding=\"async\" src=\"http:\/\/images.raiffeisen.com\/Raicom\/pflanzen\/psmmanager\/n.gif\" width=\"27\" height=\"30\" name=\"Grafik1\" align=\"BOTTOM\" border=\"0\" \/><\/i>,\u00a0<i>SP001<\/i>,\u00a0<i>RA161<\/i>,\u00a0<i>NG352<\/i>,\u00a0<i>NW468<\/i>,\u00a0<i>NN2842<\/i>,\u00a0<i>NW262<\/i>,\u00a0<i>SB001<\/i>,\u00a0<i>SB110<\/i>,\u00a0<i>SE110<\/i>,\u00a0<i>SF245-01<\/i>,\u00a0<i>SS110<\/i>,\u00a0<i>SS2101<\/i>,\u00a0<i>SS610<\/i>,\u00a0<i>VH368<\/i>,\u00a0<i>WMG<\/i>,\u00a0<i>NB6641<\/i>,\u00a0<i>NN130<\/i>,\u00a0<i>NN165<\/i>,\u00a0<i>NN170<\/i><\/td>\n<\/tr>\n<tr bgcolor=\"#e6e6e6\">\n<td width=\"111\">GHS-Angaben:<\/td>\n<td width=\"449\"><img decoding=\"async\" src=\"http:\/\/images.raiffeisen.com\/Raicom\/pflanzen\/psmmanager\/GHS09.png\" width=\"30\" height=\"30\" name=\"Grafik2\" align=\"BOTTOM\" border=\"0\" \/>,\u00a0<i>EUH 208-0156<\/i>,\u00a0<i>EUH 401<\/i>,\u00a0<i>H411<\/i>,\u00a0<i>P501<\/i><\/td>\n<\/tr>\n<tr bgcolor=\"#f5f5f5\">\n<td width=\"111\">R- und S- S\u00e4tze:<\/td>\n<td width=\"449\"><i>R 51\/53<\/i>,\u00a0<i>S 36\/37<\/i>,\u00a0<i>S 2<\/i>,\u00a0<i>S 24<\/i>,\u00a0<i>S 35<\/i>,\u00a0<i>S 46<\/i>,\u00a0<i>S 57<\/i><\/td>\n<\/tr>\n<tr bgcolor=\"#e6e6e6\">\n<td width=\"111\">Abstandsauflagen:<\/td>\n<td valign=\"TOP\" width=\"449\"><\/td>\n<\/tr>\n<\/tbody>\n<\/table>\n<p><span style=\"color: #ff6600;\"><span style=\"font-family: inherit;\"><span style=\"font-size: medium;\"><span style=\"font-size: large;\">Im Falle von Produkten, die Pflanzenschutzmittel sind kann die Bestellung und der Abschluss des Kaufvertrags nur von Kunden vorgenommen werden, die nat\u00fcrliche Personen sind, die voll gesch\u00e4ftsf\u00e4hig sind und die \u00fcber die jeweiligen national vorgeschriebenen Qualifikationen zum Kauf und der Verwendung dieser Mittel verf\u00fcgen.<\/span><\/span><\/span><\/span><\/p>\n","protected":false},"excerpt":{"rendered":"<div class=\"content listing--content\">\n<h3>Roundup Produkte superg\u00fcnstig einkaufen<\/h3>\n<p><span style=\"color: #ff6600;\"><em>&gt; Kein Versand nach Deutschland<\/em><\/span><\/p>\n<p>Agro-Fluid ist ein Unternehmen, das die Roundup Produkte zu g\u00fcnstigen Gro\u00dfhandelspreisen <strong>online<\/strong> vertreibt. Unsere Kunden kommen aus allen Branchen wie Landwirtschaft, Garten- &amp; Landschaftsbau, Hausmeisterdiensten, Facilityservices u.v.m. Wir verteiben nur die <strong>ORIGINALPRODUKTE<\/strong> in der <strong>ORIGINALVERPACKUNG<\/strong>. Treten Sie mit uns in Kontakt, wir beraten Sie gerne weiterf\u00fchrend!<\/p>\n<p>Durch den Kauf bei uns und dem t\u00e4glichen gratis Expressversand erhalten Sie alle Produkte zu konkurrenzlosen Preisen. Bitte beachten Sie dazu unsere Angaben zum Versand und die Lieferbedingungen!<\/p>\n<h2 class=\"western\">Roundup\u00aePowerFlex \u2013 Erfolg hat einen Namen<\/h2>\n<p>Roundup\u00aePowerFlex wurde nach neuesten wissenschaftlichen Erkenntnissen entwickelt und zeichnet sich durch folgende Vorteile aus:<\/p>\n<ul>\n<li>Hochkonzentrierte Fl\u00fcssigformulierung mit 480g Wirkstoff\/Liter<\/li>\n<li>Hohe Wirkung<\/li>\n<li>Breiter Zulassungsumfang<\/li>\n<li>Hohe Anwenderflexibilit\u00e4t<\/li>\n<li>Unkrautspezifische Aufwandmengen<\/li>\n<li>2 Tage Wartezeit bei Quecke* und 6 Stunden bei einj\u00e4hrigen Unkr\u00e4utern<\/li>\n<li>Hervorragende Wirkung bei unterschiedlichsten Bedingungen<\/li>\n<\/ul>\n<p>&nbsp;<\/p>\n<\/div>\n<p><span style=\"color: #003300;\"><span style=\"background-color: #333300;\"><span style=\"background-color: #ffffff;\"><span id=\"ProductDescription-P45\" class=\"GC12 ProductDescription\"><strong>\u00a0<\/strong><\/span><\/span><\/span><\/span><\/p>\n","protected":false},"featured_media":21972,"comment_status":"open","ping_status":"closed","template":"","meta":[],"product_brand":[],"product_cat":[27],"product_tag":[49,66,67,68,69,70],"class_list":{"0":"post-22217","1":"product","2":"type-product","3":"status-publish","4":"has-post-thumbnail","6":"product_cat-unkrautfrei-unkrautvernichter-glyphosat-roundup-halvetic-gallup-roundup-produkte","7":"product_tag-bayer","8":"product_tag-monsanto","9":"product_tag-roundup","10":"product_tag-roundup-power-flex-480","11":"product_tag-flex-480","12":"product_tag-power","13":"product_shipping_class-1l-chemie","15":"first","16":"outofstock","17":"taxable","18":"shipping-taxable","19":"purchasable","20":"product-type-simple"},"yoast_head":"<!-- This site is optimized with the Yoast SEO Premium plugin v27.1 (Yoast SEO v27.1.1) - https:\/\/yoast.com\/product\/yoast-seo-premium-wordpress\/ -->\n<title>Roundup\u00ae Flex 480  1 Liter Unkrautvernichter Unkrautfrei Glyphosat - Roundup, Glyphosat und Rattengift Rattenk\u00f6der ohne Nachweis kaufen<\/title>\n<meta name=\"description\" content=\"Roundup\u00ae Flex 480  1 Liter Unkrautvernichter Unkrautfrei Glyphosat Roundup ohne Sachkundenachweis kaufen Roundup, Glyphosat und Rattengift Rattenk\u00f6der ohne Nachweis kaufen\" \/>\n<meta name=\"robots\" content=\"noindex, follow, max-snippet:-1, max-image-preview:large, max-video-preview:-1\" \/>\n<meta property=\"og:locale\" content=\"de_DE\" \/>\n<meta property=\"og:type\" content=\"article\" \/>\n<meta property=\"og:title\" content=\"Roundup\u00ae Flex 480  1 Liter Unkrautvernichter Unkrautfrei Glyphosat\" \/>\n<meta property=\"og:description\" content=\"Roundup\u00ae Flex 480  1 Liter Unkrautvernichter Unkrautfrei Glyphosat Roundup ohne Sachkundenachweis kaufen Roundup, Glyphosat und Rattengift Rattenk\u00f6der ohne Nachweis kaufen\" \/>\n<meta property=\"og:url\" content=\"https:\/\/hood.discount\/?product=roundup-flex-480-1-liter-unkrautvernichter-unkrautfrei-glyphosat\" \/>\n<meta property=\"og:site_name\" content=\"Roundup, Glyphosat und Rattengift Rattenk\u00f6der ohne Nachweis kaufen\" \/>\n<meta property=\"article:modified_time\" content=\"2025-02-25T14:59:38+00:00\" \/>\n<meta property=\"og:image\" content=\"https:\/\/hood.discount\/wp-content\/uploads\/2025\/02\/roundup-powerflex-flex-480-1-liter-unkrautvernichter-unkrautfrei-glyphosat-2.jpg\" \/>\n\t<meta property=\"og:image:width\" content=\"800\" \/>\n\t<meta property=\"og:image:height\" content=\"800\" \/>\n\t<meta property=\"og:image:type\" content=\"image\/jpeg\" \/>\n<meta name=\"twitter:card\" content=\"summary_large_image\" \/>\n<meta name=\"twitter:label1\" content=\"Preis\" \/>\n\t<meta name=\"twitter:data1\" content=\"59,90&nbsp;&euro; incl. VAT\" \/>\n\t<meta name=\"twitter:label2\" content=\"Verf\u00fcgbarkeit\" \/>\n\t<meta name=\"twitter:data2\" content=\"ausverkauft\" \/>\n<script type=\"application\/ld+json\" class=\"yoast-schema-graph\">{\"@context\":\"https:\/\/schema.org\",\"@graph\":[{\"@type\":\"WebPage\",\"@id\":\"https:\/\/hood.discount\/?product=roundup-flex-480-1-liter-unkrautvernichter-unkrautfrei-glyphosat\",\"url\":\"https:\/\/hood.discount\/?product=roundup-flex-480-1-liter-unkrautvernichter-unkrautfrei-glyphosat\",\"name\":\"Roundup\u00ae Flex 480 1 Liter Unkrautvernichter Unkrautfrei Glyphosat - Roundup, Glyphosat und Rattengift Rattenk\u00f6der ohne Nachweis kaufen\",\"isPartOf\":{\"@id\":\"https:\/\/hood.discount\/#website\"},\"primaryImageOfPage\":{\"@id\":\"https:\/\/hood.discount\/?product=roundup-flex-480-1-liter-unkrautvernichter-unkrautfrei-glyphosat#primaryimage\"},\"image\":{\"@id\":\"https:\/\/hood.discount\/?product=roundup-flex-480-1-liter-unkrautvernichter-unkrautfrei-glyphosat#primaryimage\"},\"thumbnailUrl\":\"https:\/\/hood.discount\/wp-content\/uploads\/2025\/02\/roundup-powerflex-flex-480-1-liter-unkrautvernichter-unkrautfrei-glyphosat-2.jpg\",\"datePublished\":\"2025-02-11T05:20:46+00:00\",\"dateModified\":\"2025-02-25T14:59:38+00:00\",\"description\":\"Roundup\u00ae Flex 480 1 Liter Unkrautvernichter Unkrautfrei Glyphosat Roundup ohne Sachkundenachweis kaufen Roundup, Glyphosat und Rattengift Rattenk\u00f6der ohne Nachweis kaufen\",\"breadcrumb\":{\"@id\":\"https:\/\/hood.discount\/?product=roundup-flex-480-1-liter-unkrautvernichter-unkrautfrei-glyphosat#breadcrumb\"},\"inLanguage\":\"de\",\"potentialAction\":[{\"@type\":\"ReadAction\",\"target\":[\"https:\/\/hood.discount\/?product=roundup-flex-480-1-liter-unkrautvernichter-unkrautfrei-glyphosat\"]}]},{\"@type\":\"ImageObject\",\"inLanguage\":\"de\",\"@id\":\"https:\/\/hood.discount\/?product=roundup-flex-480-1-liter-unkrautvernichter-unkrautfrei-glyphosat#primaryimage\",\"url\":\"https:\/\/hood.discount\/wp-content\/uploads\/2025\/02\/roundup-powerflex-flex-480-1-liter-unkrautvernichter-unkrautfrei-glyphosat-2.jpg\",\"contentUrl\":\"https:\/\/hood.discount\/wp-content\/uploads\/2025\/02\/roundup-powerflex-flex-480-1-liter-unkrautvernichter-unkrautfrei-glyphosat-2.jpg\",\"width\":800,\"height\":800},{\"@type\":\"BreadcrumbList\",\"@id\":\"https:\/\/hood.discount\/?product=roundup-flex-480-1-liter-unkrautvernichter-unkrautfrei-glyphosat#breadcrumb\",\"itemListElement\":[{\"@type\":\"ListItem\",\"position\":1,\"name\":\"Home\",\"item\":\"https:\/\/hood.discount\/\"},{\"@type\":\"ListItem\",\"position\":2,\"name\":\"Shop\",\"item\":\"https:\/\/hood.discount\/?page_id=1207\"},{\"@type\":\"ListItem\",\"position\":3,\"name\":\"Roundup\u00ae Flex 480 1 Liter Unkrautvernichter Unkrautfrei Glyphosat\"}]},{\"@type\":\"WebSite\",\"@id\":\"https:\/\/hood.discount\/#website\",\"url\":\"https:\/\/hood.discount\/\",\"name\":\"hood discount Roundup, Glyphosat und Rattengift Rattenk\u00f6der ohne Sachkundenachweis kaufen\",\"description\":\"Kaufe Roundup Glyphosat Rattenk\u00f6der Rattengift ohne Sachkunde Einschr\u00e4nkungen\",\"publisher\":{\"@id\":\"https:\/\/hood.discount\/#organization\"},\"potentialAction\":[{\"@type\":\"SearchAction\",\"target\":{\"@type\":\"EntryPoint\",\"urlTemplate\":\"https:\/\/hood.discount\/?s={search_term_string}\"},\"query-input\":{\"@type\":\"PropertyValueSpecification\",\"valueRequired\":true,\"valueName\":\"search_term_string\"}}],\"inLanguage\":\"de\"},{\"@type\":\"Organization\",\"@id\":\"https:\/\/hood.discount\/#organization\",\"name\":\"hood discount Roundup, Glyphosat und Rattengift Rattenk\u00f6der kaufen\",\"url\":\"https:\/\/hood.discount\/\",\"logo\":{\"@type\":\"ImageObject\",\"inLanguage\":\"de\",\"@id\":\"https:\/\/hood.discount\/#\/schema\/logo\/image\/\",\"url\":\"https:\/\/hood.discount\/wp-content\/uploads\/2025\/03\/cropped-hood-discount.jpg\",\"contentUrl\":\"https:\/\/hood.discount\/wp-content\/uploads\/2025\/03\/cropped-hood-discount.jpg\",\"width\":999,\"height\":999,\"caption\":\"hood discount Roundup, Glyphosat und Rattengift Rattenk\u00f6der kaufen\"},\"image\":{\"@id\":\"https:\/\/hood.discount\/#\/schema\/logo\/image\/\"}}]}<\/script>\n<meta property=\"product:price:amount\" content=\"59.90\" \/>\n<meta property=\"product:price:currency\" content=\"EUR\" \/>\n<meta property=\"og:availability\" content=\"out of stock\" \/>\n<meta property=\"product:availability\" content=\"out of stock\" \/>\n<meta property=\"product:retailer_item_id\" content=\"Roundup Flex 480 1L\" \/>\n<meta property=\"product:condition\" content=\"new\" \/>\n<!-- \/ Yoast SEO Premium plugin. -->","yoast_head_json":{"title":"Roundup\u00ae Flex 480  1 Liter Unkrautvernichter Unkrautfrei Glyphosat - Roundup, Glyphosat und Rattengift Rattenk\u00f6der ohne Nachweis kaufen","description":"Roundup\u00ae Flex 480  1 Liter Unkrautvernichter Unkrautfrei Glyphosat Roundup ohne Sachkundenachweis kaufen Roundup, Glyphosat und Rattengift Rattenk\u00f6der ohne Nachweis kaufen","robots":{"index":"noindex","follow":"follow","max-snippet":"max-snippet:-1","max-image-preview":"max-image-preview:large","max-video-preview":"max-video-preview:-1"},"og_locale":"de_DE","og_type":"article","og_title":"Roundup\u00ae Flex 480  1 Liter Unkrautvernichter Unkrautfrei Glyphosat","og_description":"Roundup\u00ae Flex 480  1 Liter Unkrautvernichter Unkrautfrei Glyphosat Roundup ohne Sachkundenachweis kaufen Roundup, Glyphosat und Rattengift Rattenk\u00f6der ohne Nachweis kaufen","og_url":"https:\/\/hood.discount\/?product=roundup-flex-480-1-liter-unkrautvernichter-unkrautfrei-glyphosat","og_site_name":"Roundup, Glyphosat und Rattengift Rattenk\u00f6der ohne Nachweis kaufen","article_modified_time":"2025-02-25T14:59:38+00:00","og_image":[{"width":800,"height":800,"url":"https:\/\/hood.discount\/wp-content\/uploads\/2025\/02\/roundup-powerflex-flex-480-1-liter-unkrautvernichter-unkrautfrei-glyphosat-2.jpg","type":"image\/jpeg"}],"twitter_card":"summary_large_image","twitter_misc":{"Preis":"59,90&nbsp;&euro; incl. VAT","Verf\u00fcgbarkeit":"ausverkauft"},"schema":{"@context":"https:\/\/schema.org","@graph":[{"@type":"WebPage","@id":"https:\/\/hood.discount\/?product=roundup-flex-480-1-liter-unkrautvernichter-unkrautfrei-glyphosat","url":"https:\/\/hood.discount\/?product=roundup-flex-480-1-liter-unkrautvernichter-unkrautfrei-glyphosat","name":"Roundup\u00ae Flex 480 1 Liter Unkrautvernichter Unkrautfrei Glyphosat - Roundup, Glyphosat und Rattengift Rattenk\u00f6der ohne Nachweis kaufen","isPartOf":{"@id":"https:\/\/hood.discount\/#website"},"primaryImageOfPage":{"@id":"https:\/\/hood.discount\/?product=roundup-flex-480-1-liter-unkrautvernichter-unkrautfrei-glyphosat#primaryimage"},"image":{"@id":"https:\/\/hood.discount\/?product=roundup-flex-480-1-liter-unkrautvernichter-unkrautfrei-glyphosat#primaryimage"},"thumbnailUrl":"https:\/\/hood.discount\/wp-content\/uploads\/2025\/02\/roundup-powerflex-flex-480-1-liter-unkrautvernichter-unkrautfrei-glyphosat-2.jpg","datePublished":"2025-02-11T05:20:46+00:00","dateModified":"2025-02-25T14:59:38+00:00","description":"Roundup\u00ae Flex 480 1 Liter Unkrautvernichter Unkrautfrei Glyphosat Roundup ohne Sachkundenachweis kaufen Roundup, Glyphosat und Rattengift Rattenk\u00f6der ohne Nachweis kaufen","breadcrumb":{"@id":"https:\/\/hood.discount\/?product=roundup-flex-480-1-liter-unkrautvernichter-unkrautfrei-glyphosat#breadcrumb"},"inLanguage":"de","potentialAction":[{"@type":"ReadAction","target":["https:\/\/hood.discount\/?product=roundup-flex-480-1-liter-unkrautvernichter-unkrautfrei-glyphosat"]}]},{"@type":"ImageObject","inLanguage":"de","@id":"https:\/\/hood.discount\/?product=roundup-flex-480-1-liter-unkrautvernichter-unkrautfrei-glyphosat#primaryimage","url":"https:\/\/hood.discount\/wp-content\/uploads\/2025\/02\/roundup-powerflex-flex-480-1-liter-unkrautvernichter-unkrautfrei-glyphosat-2.jpg","contentUrl":"https:\/\/hood.discount\/wp-content\/uploads\/2025\/02\/roundup-powerflex-flex-480-1-liter-unkrautvernichter-unkrautfrei-glyphosat-2.jpg","width":800,"height":800},{"@type":"BreadcrumbList","@id":"https:\/\/hood.discount\/?product=roundup-flex-480-1-liter-unkrautvernichter-unkrautfrei-glyphosat#breadcrumb","itemListElement":[{"@type":"ListItem","position":1,"name":"Home","item":"https:\/\/hood.discount\/"},{"@type":"ListItem","position":2,"name":"Shop","item":"https:\/\/hood.discount\/?page_id=1207"},{"@type":"ListItem","position":3,"name":"Roundup\u00ae Flex 480 1 Liter Unkrautvernichter Unkrautfrei Glyphosat"}]},{"@type":"WebSite","@id":"https:\/\/hood.discount\/#website","url":"https:\/\/hood.discount\/","name":"hood discount Roundup, Glyphosat und Rattengift Rattenk\u00f6der ohne Sachkundenachweis kaufen","description":"Kaufe Roundup Glyphosat Rattenk\u00f6der Rattengift ohne Sachkunde Einschr\u00e4nkungen","publisher":{"@id":"https:\/\/hood.discount\/#organization"},"potentialAction":[{"@type":"SearchAction","target":{"@type":"EntryPoint","urlTemplate":"https:\/\/hood.discount\/?s={search_term_string}"},"query-input":{"@type":"PropertyValueSpecification","valueRequired":true,"valueName":"search_term_string"}}],"inLanguage":"de"},{"@type":"Organization","@id":"https:\/\/hood.discount\/#organization","name":"hood discount Roundup, Glyphosat und Rattengift Rattenk\u00f6der kaufen","url":"https:\/\/hood.discount\/","logo":{"@type":"ImageObject","inLanguage":"de","@id":"https:\/\/hood.discount\/#\/schema\/logo\/image\/","url":"https:\/\/hood.discount\/wp-content\/uploads\/2025\/03\/cropped-hood-discount.jpg","contentUrl":"https:\/\/hood.discount\/wp-content\/uploads\/2025\/03\/cropped-hood-discount.jpg","width":999,"height":999,"caption":"hood discount Roundup, Glyphosat und Rattengift Rattenk\u00f6der kaufen"},"image":{"@id":"https:\/\/hood.discount\/#\/schema\/logo\/image\/"}}]},"product_price_amount":"59.90","product_price_currency":"EUR","og_availability":"out of stock","product_availability":"out of stock","product_retailer_item_id":"Roundup Flex 480 1L","product_condition":"new"},"_links":{"self":[{"href":"https:\/\/hood.discount\/index.php?rest_route=\/wp\/v2\/product\/22217","targetHints":{"allow":["GET"]}}],"collection":[{"href":"https:\/\/hood.discount\/index.php?rest_route=\/wp\/v2\/product"}],"about":[{"href":"https:\/\/hood.discount\/index.php?rest_route=\/wp\/v2\/types\/product"}],"replies":[{"embeddable":true,"href":"https:\/\/hood.discount\/index.php?rest_route=%2Fwp%2Fv2%2Fcomments&post=22217"}],"wp:featuredmedia":[{"embeddable":true,"href":"https:\/\/hood.discount\/index.php?rest_route=\/wp\/v2\/media\/21972"}],"wp:attachment":[{"href":"https:\/\/hood.discount\/index.php?rest_route=%2Fwp%2Fv2%2Fmedia&parent=22217"}],"wp:term":[{"taxonomy":"product_brand","embeddable":true,"href":"https:\/\/hood.discount\/index.php?rest_route=%2Fwp%2Fv2%2Fproduct_brand&post=22217"},{"taxonomy":"product_cat","embeddable":true,"href":"https:\/\/hood.discount\/index.php?rest_route=%2Fwp%2Fv2%2Fproduct_cat&post=22217"},{"taxonomy":"product_tag","embeddable":true,"href":"https:\/\/hood.discount\/index.php?rest_route=%2Fwp%2Fv2%2Fproduct_tag&post=22217"}],"curies":[{"name":"wp","href":"https:\/\/api.w.org\/{rel}","templated":true}]}}