{"id":22216,"date":"2025-02-11T05:20:46","date_gmt":"2025-02-11T05:20:46","guid":{"rendered":"https:\/\/hood.discount\/?post_type=product&#038;p=22216"},"modified":"2025-02-25T14:59:38","modified_gmt":"2025-02-25T14:59:38","slug":"detex-blox-monitoring-uberwachungskoder-mit-lumitrack-4kg-8-8lbs","status":"publish","type":"product","link":"https:\/\/hood.discount\/?product=detex-blox-monitoring-uberwachungskoder-mit-lumitrack-4kg-8-8lbs","title":{"rendered":"DETEX\u00ae Blox Monitoring \u00dcberwachungsk\u00f6der mit Lumitrack\u00ae 4kg 8.8lbs"},"content":{"rendered":"<h1 class=\"product-title\"><span style=\"color: #f30094;\">DETEX\u00ae\u00a0 mit Lumitrack\u00ae<\/span><\/h1>\n<h4>Non-Toxic Monitoring &amp; Tracking Bait<\/h4>\n<div>\n<p>Der beliebte \u00dcberwachungsk\u00f6der DETEX BLOX von Bell wurde weiterentwickelt und wird jetzt als DETEX mit Lumitrack angeboten. Ein ungiftiger K\u00f6der mit einem speziellen Zusatzstoff, der Nagetierkot unter Schwarzlicht hellgr\u00fcn leuchten l\u00e4sst.<\/p>\n<p>DETEX mit Lumitrack ist nach wie vor ein unverzichtbares Hilfsmittel f\u00fcr die \u00dcberwachung von Nagetieraktivit\u00e4ten, kann aber jetzt auch zur Verfolgung von Nagetierbewegungen und zur Identifizierung von Nagetierunterschl\u00fcpfen eingesetzt werden. Der Kot von Nagetieren, die DETEX mit Lumitrack gefressen haben, erscheint unter normalem Licht normal, leuchtet aber unter Schwarzlicht in einem hellen Neongr\u00fcn. Durch die Verfolgung dieses Kots k\u00f6nnen Sie jetzt die spezifische Art und Gr\u00f6\u00dfe eines Befalls identifizieren und die Bewegungen der Nagetiere zu den Unterschlupf- und Nistpl\u00e4tzen verfolgen. Auch aktive Baue werden unter Schwarzlicht sichtbar.<\/p>\n<p>Das neue DETEX mit Lumitrack ist deshalb besonders geeignet f\u00fcr die \u00dcberwachung von Nagetieraktivit\u00e4ten in Schulen, Lebensmittellagern, Zoos, Parks und anderen sensiblen Bereichen. Sobald Nagetieraktivit\u00e4t festgestellt wird, kann das ungifitige DETEX durch Rodentizidk\u00f6der, Fallen oder andere Produkte zur Nagetierbek\u00e4mpfung ersetzt werden um den Befall zu beseitigen.<\/p>\n<p>Der 20 g Block ist \u00e4u\u00dferst schmackhaft und enth\u00e4lt lebensmitteltaugliche Inhaltsstoffe. DETEX mit Lumitrack bietet dem Anwender die gleiche hervorragende K\u00f6derakzeptanz und Witterungsbest\u00e4ndigkeit wie die bisherigen BLOX-K\u00f6der von Bell, da die manigfaltigen Duftstoffe und Geschmacksrichtungen die Nager ansprechen.<\/p>\n<p>DETEX kann durch ein Loch in der Mitte des Blocks an senkrechten oder waagerechten Stangen in jeder K\u00f6derstationen von Bell befestigt werden.<\/p>\n<\/div>\n<table class=\"myre_zn mp7g_oh m7er_k4 qh857 mp0t_0a\">\n<tbody>\n<tr class=\"mlkp_ag mnyp_co mx7m_0 q1728 qkenm mgn2_14\">\n<td class=\"mg9e_8 mj7a_8 mpof_vs mupj_5k _3c6dd_urkXg mjyo_6x mzmg_7i mh36_16 m09p_40 qk8xe mgmw_4j mp4t_0 m3h2_0 mryx_0 munh_0 _3c6dd_v-6PT\">Zustand<\/td>\n<td class=\"mg9e_8 mj7a_8 mpof_vs mupj_5k _3c6dd_urkXg mjyo_6x mzmg_7i mh36_16 m09p_40 mvrt_8 qk8xe mgmw_ia m9qz_yp _3c6dd_H81d-\"><a class=\"mgn2_14 mp0t_0a mgmw_wo mqu1_21 mj9z_5r mli8_k4 mqen_m6 l1fas\" title=\"filter by parameter\" data-analytics-clickable=\"true\" data-analytics-click-label=\"parameterLink\" data-analytics-click-value=\"Condition\" data-analytics-click-custom-param-id=\"11323\" data-analytics-click-custom-param-value-name=\"New\" data-analytics-click-custom-param-value-id=\"11323_1\">New<\/a><\/td>\n<\/tr>\n<tr class=\"mlkp_ag mnyp_co mx7m_0 q1728 qkenm mgn2_14\">\n<td class=\"mg9e_8 mj7a_8 mpof_vs mupj_5k _3c6dd_urkXg mjyo_6x mzmg_7i mh36_16 m09p_40 qk8xe mgmw_4j mp4t_0 m3h2_0 mryx_0 munh_0 _3c6dd_v-6PT\">Rechnung<\/td>\n<td class=\"mg9e_8 mj7a_8 mpof_vs mupj_5k _3c6dd_urkXg mjyo_6x mzmg_7i mh36_16 m09p_40 mvrt_8 qk8xe mgmw_ia m9qz_yp _3c6dd_H81d-\">MwSt. Rechnung<\/td>\n<\/tr>\n<tr class=\"mlkp_ag mnyp_co mx7m_0 q1728 qkenm mgn2_14\">\n<td class=\"mg9e_8 mj7a_8 mpof_vs mupj_5k _3c6dd_urkXg mjyo_6x mzmg_7i mh36_16 m09p_40 qk8xe mgmw_4j mp4t_0 m3h2_0 mryx_0 munh_0 _3c6dd_v-6PT\">Marke<\/td>\n<td class=\"mg9e_8 mj7a_8 mpof_vs mupj_5k _3c6dd_urkXg mjyo_6x mzmg_7i mh36_16 m09p_40 mvrt_8 qk8xe mgmw_ia m9qz_yp _3c6dd_H81d-\">Bell Labs<\/td>\n<\/tr>\n<tr class=\"mlkp_ag mnyp_co mx7m_0 q1728 qkenm mgn2_14\">\n<td class=\"mg9e_8 mj7a_8 mpof_vs mupj_5k _3c6dd_urkXg mjyo_6x mzmg_7i mh36_16 m09p_40 qk8xe mgmw_4j mp4t_0 m3h2_0 mryx_0 munh_0 _3c6dd_v-6PT\">Type<\/td>\n<td class=\"mg9e_8 mj7a_8 mpof_vs mupj_5k _3c6dd_urkXg mjyo_6x mzmg_7i mh36_16 m09p_40 mvrt_8 qk8xe mgmw_ia m9qz_yp _3c6dd_H81d-\">Ungiftig<\/td>\n<\/tr>\n<tr class=\"mlkp_ag mnyp_co mx7m_0 q1728 qkenm mgn2_14\">\n<td class=\"mg9e_8 mj7a_8 mpof_vs mupj_5k _3c6dd_urkXg mjyo_6x mzmg_7i mh36_16 m09p_40 qk8xe mgmw_4j mp4t_0 m3h2_0 mryx_0 munh_0 _3c6dd_v-6PT\">Anwendung<\/td>\n<td class=\"mg9e_8 mj7a_8 mpof_vs mupj_5k _3c6dd_urkXg mjyo_6x mzmg_7i mh36_16 m09p_40 mvrt_8 qk8xe mgmw_ia m9qz_yp _3c6dd_H81d-\">M\u00e4use- und Ratten\u00fcberwachungsk\u00f6der<\/td>\n<\/tr>\n<tr class=\"mlkp_ag mnyp_co mx7m_0 q1728 qkenm mgn2_14\">\n<td class=\"mg9e_8 mj7a_8 mpof_vs mupj_5k _3c6dd_urkXg mjyo_6x mzmg_7i mh36_16 m09p_40 qk8xe mgmw_4j mp4t_0 m3h2_0 mryx_0 munh_0 _3c6dd_v-6PT\">Bruttogewicht<\/td>\n<td class=\"mg9e_8 mj7a_8 mpof_vs mupj_5k _3c6dd_urkXg mjyo_6x mzmg_7i mh36_16 m09p_40 mvrt_8 qk8xe mgmw_ia m9qz_yp _3c6dd_H81d-\">4.5 kg<\/td>\n<\/tr>\n<tr class=\"mlkp_ag mnyp_co mx7m_0 q1728 qkenm mgn2_14\">\n<td class=\"mg9e_8 mj7a_8 mpof_vs mupj_5k _3c6dd_urkXg mjyo_6x mzmg_7i mh36_16 m09p_40 qk8xe mgmw_4j mp4t_0 m3h2_0 mryx_0 munh_0 _3c6dd_v-6PT\">Herstellerbezeichnung<\/td>\n<td class=\"mg9e_8 mj7a_8 mpof_vs mupj_5k _3c6dd_urkXg mjyo_6x mzmg_7i mh36_16 m09p_40 mvrt_8 qk8xe mgmw_ia m9qz_yp _3c6dd_H81d-\">DETEX with Lumitrack<\/td>\n<\/tr>\n<\/tbody>\n<\/table>\n","protected":false},"excerpt":{"rendered":"<div class=\"content listing--content\">\n<h2>DETEX\u00ae mit LUMITRACK als \u00dcberwachungsk\u00f6der &#8211; anwendungsfertig<\/h2>\n<h3>Hochattraktiver \u00dcberwachungsk\u00f6der sowohl im Innen- als auch im Au\u00dfenbereich einsetzbar.<\/h3>\n<hr \/>\n[table id=10 \/]\n<\/div>\n<p><strong>PRODUKTMERKMALE:<\/strong><\/p>\n<p>\u23f5 Biomarker<\/p>\n<p>\u2013 Spezielles Additiv unter Schwarzlicht sichtbar<\/p>\n<p>\u2013 Leicht nachweisbar in Nagetierkot<\/p>\n<p>\u23f5 Ungiftig<\/p>\n<p>\u2013 Enth\u00e4lt keinen aktiven Wirkstoff<\/p>\n<p>\u23f5Sensible Bereiche<\/p>\n<p>\u2013 Zur \u00dcberwachung der Nagetieraktivit\u00e4t in Schulen, Lebensmittelkonten<\/p>\n<p>usw.<\/p>\n<p>\u23f5Verfolgung\/Beobachtung<\/p>\n<p>\u2013 Leichtes Aufsp\u00fcren von Nagetierbewegungen und Identifizierung von<\/p>\n<p>Unterschlupfm\u00f6glichkeiten<\/p>\n<p>\u23f5 \u00dcberwachungsk\u00f6der<\/p>\n<p>\u2013 Sorgt f\u00fcr eine schnelle Akzeptanz des Rodentizids, wenn es als Vork\u00f6der<\/p>\n<p>verwendet wird<\/p>\n<p>\u23f5\u00c4u\u00dferst schmackhaft<\/p>\n<p>\u2013 Mit lebensmittelgeeigneten Inhaltsstoffen formuliert<\/p>\n<p><strong>\u00a0<\/strong><\/p>\n","protected":false},"featured_media":21963,"comment_status":"open","ping_status":"closed","template":"","meta":[],"product_brand":[],"product_cat":[20],"product_tag":[65,29,38,39,40,41,63,64],"class_list":{"0":"post-22216","1":"product","2":"type-product","3":"status-publish","4":"has-post-thumbnail","6":"product_cat-ratten-lokalisieren-und-bekampfen","7":"product_tag-detex","8":"product_tag-rattengift","9":"product_tag-mausegift","10":"product_tag-koder","11":"product_tag-koderbeutel","12":"product_tag-ratimor","13":"product_tag-monitoring","14":"product_tag-uberwachungskoder","16":"first","17":"instock","18":"taxable","19":"shipping-taxable","20":"purchasable","21":"product-type-simple"},"yoast_head":"<!-- This site is optimized with the Yoast SEO Premium plugin v27.1 (Yoast SEO v27.1.1) - https:\/\/yoast.com\/product\/yoast-seo-premium-wordpress\/ -->\n<title>DETEX\u00ae Blox Monitoring \u00dcberwachungsk\u00f6der mit Lumitrack\u00ae 4kg 8.8lbs - Roundup, Glyphosat und Rattengift Rattenk\u00f6der ohne Nachweis kaufen<\/title>\n<meta name=\"description\" content=\"DETEX\u00ae Blox Monitoring \u00dcberwachungsk\u00f6der mit Lumitrack\u00ae 4kg 8.8lbs Roundup, Glyphosat und Rattengift Rattenk\u00f6der ohne Nachweis kaufen\" \/>\n<meta name=\"robots\" content=\"noindex, follow, max-snippet:-1, max-image-preview:large, max-video-preview:-1\" \/>\n<meta property=\"og:locale\" content=\"de_DE\" \/>\n<meta property=\"og:type\" content=\"article\" \/>\n<meta property=\"og:title\" content=\"DETEX\u00ae Blox Monitoring \u00dcberwachungsk\u00f6der mit Lumitrack\u00ae 4kg 8.8lbs\" \/>\n<meta property=\"og:description\" content=\"DETEX\u00ae Blox Monitoring \u00dcberwachungsk\u00f6der mit Lumitrack\u00ae 4kg 8.8lbs Roundup, Glyphosat und Rattengift Rattenk\u00f6der ohne Nachweis kaufen\" \/>\n<meta property=\"og:url\" content=\"https:\/\/hood.discount\/?product=detex-blox-monitoring-uberwachungskoder-mit-lumitrack-4kg-8-8lbs\" \/>\n<meta property=\"og:site_name\" content=\"Roundup, Glyphosat und Rattengift Rattenk\u00f6der ohne Nachweis kaufen\" \/>\n<meta property=\"article:modified_time\" content=\"2025-02-25T14:59:38+00:00\" \/>\n<meta property=\"og:image\" content=\"https:\/\/hood.discount\/wp-content\/uploads\/2025\/02\/detex-blox-monitoring-ueberwachungskoeder-mit-lumitrack-4kg-8-8lbs-2.jpg\" \/>\n\t<meta property=\"og:image:width\" content=\"958\" \/>\n\t<meta property=\"og:image:height\" content=\"613\" \/>\n\t<meta property=\"og:image:type\" content=\"image\/jpeg\" \/>\n<meta name=\"twitter:card\" content=\"summary_large_image\" \/>\n<meta name=\"twitter:label1\" content=\"Preis\" \/>\n\t<meta name=\"twitter:data1\" content=\"69,90&nbsp;&euro; incl. VAT\" \/>\n\t<meta name=\"twitter:label2\" content=\"Verf\u00fcgbarkeit\" \/>\n\t<meta name=\"twitter:data2\" content=\"Auf Lager\" \/>\n<script type=\"application\/ld+json\" class=\"yoast-schema-graph\">{\"@context\":\"https:\/\/schema.org\",\"@graph\":[{\"@type\":\"WebPage\",\"@id\":\"https:\/\/hood.discount\/?product=detex-blox-monitoring-uberwachungskoder-mit-lumitrack-4kg-8-8lbs\",\"url\":\"https:\/\/hood.discount\/?product=detex-blox-monitoring-uberwachungskoder-mit-lumitrack-4kg-8-8lbs\",\"name\":\"DETEX\u00ae Blox Monitoring \u00dcberwachungsk\u00f6der mit Lumitrack\u00ae 4kg 8.8lbs - Roundup, Glyphosat und Rattengift Rattenk\u00f6der ohne Nachweis kaufen\",\"isPartOf\":{\"@id\":\"https:\/\/hood.discount\/#website\"},\"primaryImageOfPage\":{\"@id\":\"https:\/\/hood.discount\/?product=detex-blox-monitoring-uberwachungskoder-mit-lumitrack-4kg-8-8lbs#primaryimage\"},\"image\":{\"@id\":\"https:\/\/hood.discount\/?product=detex-blox-monitoring-uberwachungskoder-mit-lumitrack-4kg-8-8lbs#primaryimage\"},\"thumbnailUrl\":\"https:\/\/hood.discount\/wp-content\/uploads\/2025\/02\/detex-blox-monitoring-ueberwachungskoeder-mit-lumitrack-4kg-8-8lbs-2.jpg\",\"datePublished\":\"2025-02-11T05:20:46+00:00\",\"dateModified\":\"2025-02-25T14:59:38+00:00\",\"description\":\"DETEX\u00ae Blox Monitoring \u00dcberwachungsk\u00f6der mit Lumitrack\u00ae 4kg 8.8lbs Roundup, Glyphosat und Rattengift Rattenk\u00f6der ohne Nachweis kaufen\",\"breadcrumb\":{\"@id\":\"https:\/\/hood.discount\/?product=detex-blox-monitoring-uberwachungskoder-mit-lumitrack-4kg-8-8lbs#breadcrumb\"},\"inLanguage\":\"de\",\"potentialAction\":[{\"@type\":\"ReadAction\",\"target\":[\"https:\/\/hood.discount\/?product=detex-blox-monitoring-uberwachungskoder-mit-lumitrack-4kg-8-8lbs\"]}]},{\"@type\":\"ImageObject\",\"inLanguage\":\"de\",\"@id\":\"https:\/\/hood.discount\/?product=detex-blox-monitoring-uberwachungskoder-mit-lumitrack-4kg-8-8lbs#primaryimage\",\"url\":\"https:\/\/hood.discount\/wp-content\/uploads\/2025\/02\/detex-blox-monitoring-ueberwachungskoeder-mit-lumitrack-4kg-8-8lbs-2.jpg\",\"contentUrl\":\"https:\/\/hood.discount\/wp-content\/uploads\/2025\/02\/detex-blox-monitoring-ueberwachungskoeder-mit-lumitrack-4kg-8-8lbs-2.jpg\",\"width\":958,\"height\":613},{\"@type\":\"BreadcrumbList\",\"@id\":\"https:\/\/hood.discount\/?product=detex-blox-monitoring-uberwachungskoder-mit-lumitrack-4kg-8-8lbs#breadcrumb\",\"itemListElement\":[{\"@type\":\"ListItem\",\"position\":1,\"name\":\"Home\",\"item\":\"https:\/\/hood.discount\/\"},{\"@type\":\"ListItem\",\"position\":2,\"name\":\"Shop\",\"item\":\"https:\/\/hood.discount\/?page_id=1207\"},{\"@type\":\"ListItem\",\"position\":3,\"name\":\"DETEX\u00ae Blox Monitoring \u00dcberwachungsk\u00f6der mit Lumitrack\u00ae 4kg 8.8lbs\"}]},{\"@type\":\"WebSite\",\"@id\":\"https:\/\/hood.discount\/#website\",\"url\":\"https:\/\/hood.discount\/\",\"name\":\"hood discount Roundup, Glyphosat und Rattengift Rattenk\u00f6der ohne Sachkundenachweis kaufen\",\"description\":\"Kaufe Roundup Glyphosat Rattenk\u00f6der Rattengift ohne Sachkunde Einschr\u00e4nkungen\",\"publisher\":{\"@id\":\"https:\/\/hood.discount\/#organization\"},\"potentialAction\":[{\"@type\":\"SearchAction\",\"target\":{\"@type\":\"EntryPoint\",\"urlTemplate\":\"https:\/\/hood.discount\/?s={search_term_string}\"},\"query-input\":{\"@type\":\"PropertyValueSpecification\",\"valueRequired\":true,\"valueName\":\"search_term_string\"}}],\"inLanguage\":\"de\"},{\"@type\":\"Organization\",\"@id\":\"https:\/\/hood.discount\/#organization\",\"name\":\"hood discount Roundup, Glyphosat und Rattengift Rattenk\u00f6der kaufen\",\"url\":\"https:\/\/hood.discount\/\",\"logo\":{\"@type\":\"ImageObject\",\"inLanguage\":\"de\",\"@id\":\"https:\/\/hood.discount\/#\/schema\/logo\/image\/\",\"url\":\"https:\/\/hood.discount\/wp-content\/uploads\/2025\/03\/cropped-hood-discount.jpg\",\"contentUrl\":\"https:\/\/hood.discount\/wp-content\/uploads\/2025\/03\/cropped-hood-discount.jpg\",\"width\":999,\"height\":999,\"caption\":\"hood discount Roundup, Glyphosat und Rattengift Rattenk\u00f6der kaufen\"},\"image\":{\"@id\":\"https:\/\/hood.discount\/#\/schema\/logo\/image\/\"}}]}<\/script>\n<meta property=\"product:price:amount\" content=\"69.90\" \/>\n<meta property=\"product:price:currency\" content=\"EUR\" \/>\n<meta property=\"og:availability\" content=\"instock\" \/>\n<meta property=\"product:availability\" content=\"instock\" \/>\n<meta property=\"product:retailer_item_id\" content=\"DETEX Monitoring mit Lumitrack 4kg\" \/>\n<meta property=\"product:condition\" content=\"new\" \/>\n<!-- \/ Yoast SEO Premium plugin. -->","yoast_head_json":{"title":"DETEX\u00ae Blox Monitoring \u00dcberwachungsk\u00f6der mit Lumitrack\u00ae 4kg 8.8lbs - Roundup, Glyphosat und Rattengift Rattenk\u00f6der ohne Nachweis kaufen","description":"DETEX\u00ae Blox Monitoring \u00dcberwachungsk\u00f6der mit Lumitrack\u00ae 4kg 8.8lbs Roundup, Glyphosat und Rattengift Rattenk\u00f6der ohne Nachweis kaufen","robots":{"index":"noindex","follow":"follow","max-snippet":"max-snippet:-1","max-image-preview":"max-image-preview:large","max-video-preview":"max-video-preview:-1"},"og_locale":"de_DE","og_type":"article","og_title":"DETEX\u00ae Blox Monitoring \u00dcberwachungsk\u00f6der mit Lumitrack\u00ae 4kg 8.8lbs","og_description":"DETEX\u00ae Blox Monitoring \u00dcberwachungsk\u00f6der mit Lumitrack\u00ae 4kg 8.8lbs Roundup, Glyphosat und Rattengift Rattenk\u00f6der ohne Nachweis kaufen","og_url":"https:\/\/hood.discount\/?product=detex-blox-monitoring-uberwachungskoder-mit-lumitrack-4kg-8-8lbs","og_site_name":"Roundup, Glyphosat und Rattengift Rattenk\u00f6der ohne Nachweis kaufen","article_modified_time":"2025-02-25T14:59:38+00:00","og_image":[{"width":958,"height":613,"url":"https:\/\/hood.discount\/wp-content\/uploads\/2025\/02\/detex-blox-monitoring-ueberwachungskoeder-mit-lumitrack-4kg-8-8lbs-2.jpg","type":"image\/jpeg"}],"twitter_card":"summary_large_image","twitter_misc":{"Preis":"69,90&nbsp;&euro; incl. VAT","Verf\u00fcgbarkeit":"Auf Lager"},"schema":{"@context":"https:\/\/schema.org","@graph":[{"@type":"WebPage","@id":"https:\/\/hood.discount\/?product=detex-blox-monitoring-uberwachungskoder-mit-lumitrack-4kg-8-8lbs","url":"https:\/\/hood.discount\/?product=detex-blox-monitoring-uberwachungskoder-mit-lumitrack-4kg-8-8lbs","name":"DETEX\u00ae Blox Monitoring \u00dcberwachungsk\u00f6der mit Lumitrack\u00ae 4kg 8.8lbs - Roundup, Glyphosat und Rattengift Rattenk\u00f6der ohne Nachweis kaufen","isPartOf":{"@id":"https:\/\/hood.discount\/#website"},"primaryImageOfPage":{"@id":"https:\/\/hood.discount\/?product=detex-blox-monitoring-uberwachungskoder-mit-lumitrack-4kg-8-8lbs#primaryimage"},"image":{"@id":"https:\/\/hood.discount\/?product=detex-blox-monitoring-uberwachungskoder-mit-lumitrack-4kg-8-8lbs#primaryimage"},"thumbnailUrl":"https:\/\/hood.discount\/wp-content\/uploads\/2025\/02\/detex-blox-monitoring-ueberwachungskoeder-mit-lumitrack-4kg-8-8lbs-2.jpg","datePublished":"2025-02-11T05:20:46+00:00","dateModified":"2025-02-25T14:59:38+00:00","description":"DETEX\u00ae Blox Monitoring \u00dcberwachungsk\u00f6der mit Lumitrack\u00ae 4kg 8.8lbs Roundup, Glyphosat und Rattengift Rattenk\u00f6der ohne Nachweis kaufen","breadcrumb":{"@id":"https:\/\/hood.discount\/?product=detex-blox-monitoring-uberwachungskoder-mit-lumitrack-4kg-8-8lbs#breadcrumb"},"inLanguage":"de","potentialAction":[{"@type":"ReadAction","target":["https:\/\/hood.discount\/?product=detex-blox-monitoring-uberwachungskoder-mit-lumitrack-4kg-8-8lbs"]}]},{"@type":"ImageObject","inLanguage":"de","@id":"https:\/\/hood.discount\/?product=detex-blox-monitoring-uberwachungskoder-mit-lumitrack-4kg-8-8lbs#primaryimage","url":"https:\/\/hood.discount\/wp-content\/uploads\/2025\/02\/detex-blox-monitoring-ueberwachungskoeder-mit-lumitrack-4kg-8-8lbs-2.jpg","contentUrl":"https:\/\/hood.discount\/wp-content\/uploads\/2025\/02\/detex-blox-monitoring-ueberwachungskoeder-mit-lumitrack-4kg-8-8lbs-2.jpg","width":958,"height":613},{"@type":"BreadcrumbList","@id":"https:\/\/hood.discount\/?product=detex-blox-monitoring-uberwachungskoder-mit-lumitrack-4kg-8-8lbs#breadcrumb","itemListElement":[{"@type":"ListItem","position":1,"name":"Home","item":"https:\/\/hood.discount\/"},{"@type":"ListItem","position":2,"name":"Shop","item":"https:\/\/hood.discount\/?page_id=1207"},{"@type":"ListItem","position":3,"name":"DETEX\u00ae Blox Monitoring \u00dcberwachungsk\u00f6der mit Lumitrack\u00ae 4kg 8.8lbs"}]},{"@type":"WebSite","@id":"https:\/\/hood.discount\/#website","url":"https:\/\/hood.discount\/","name":"hood discount Roundup, Glyphosat und Rattengift Rattenk\u00f6der ohne Sachkundenachweis kaufen","description":"Kaufe Roundup Glyphosat Rattenk\u00f6der Rattengift ohne Sachkunde Einschr\u00e4nkungen","publisher":{"@id":"https:\/\/hood.discount\/#organization"},"potentialAction":[{"@type":"SearchAction","target":{"@type":"EntryPoint","urlTemplate":"https:\/\/hood.discount\/?s={search_term_string}"},"query-input":{"@type":"PropertyValueSpecification","valueRequired":true,"valueName":"search_term_string"}}],"inLanguage":"de"},{"@type":"Organization","@id":"https:\/\/hood.discount\/#organization","name":"hood discount Roundup, Glyphosat und Rattengift Rattenk\u00f6der kaufen","url":"https:\/\/hood.discount\/","logo":{"@type":"ImageObject","inLanguage":"de","@id":"https:\/\/hood.discount\/#\/schema\/logo\/image\/","url":"https:\/\/hood.discount\/wp-content\/uploads\/2025\/03\/cropped-hood-discount.jpg","contentUrl":"https:\/\/hood.discount\/wp-content\/uploads\/2025\/03\/cropped-hood-discount.jpg","width":999,"height":999,"caption":"hood discount Roundup, Glyphosat und Rattengift Rattenk\u00f6der kaufen"},"image":{"@id":"https:\/\/hood.discount\/#\/schema\/logo\/image\/"}}]},"product_price_amount":"69.90","product_price_currency":"EUR","og_availability":"instock","product_availability":"instock","product_retailer_item_id":"DETEX Monitoring mit Lumitrack 4kg","product_condition":"new"},"_links":{"self":[{"href":"https:\/\/hood.discount\/index.php?rest_route=\/wp\/v2\/product\/22216","targetHints":{"allow":["GET"]}}],"collection":[{"href":"https:\/\/hood.discount\/index.php?rest_route=\/wp\/v2\/product"}],"about":[{"href":"https:\/\/hood.discount\/index.php?rest_route=\/wp\/v2\/types\/product"}],"replies":[{"embeddable":true,"href":"https:\/\/hood.discount\/index.php?rest_route=%2Fwp%2Fv2%2Fcomments&post=22216"}],"wp:featuredmedia":[{"embeddable":true,"href":"https:\/\/hood.discount\/index.php?rest_route=\/wp\/v2\/media\/21963"}],"wp:attachment":[{"href":"https:\/\/hood.discount\/index.php?rest_route=%2Fwp%2Fv2%2Fmedia&parent=22216"}],"wp:term":[{"taxonomy":"product_brand","embeddable":true,"href":"https:\/\/hood.discount\/index.php?rest_route=%2Fwp%2Fv2%2Fproduct_brand&post=22216"},{"taxonomy":"product_cat","embeddable":true,"href":"https:\/\/hood.discount\/index.php?rest_route=%2Fwp%2Fv2%2Fproduct_cat&post=22216"},{"taxonomy":"product_tag","embeddable":true,"href":"https:\/\/hood.discount\/index.php?rest_route=%2Fwp%2Fv2%2Fproduct_tag&post=22216"}],"curies":[{"name":"wp","href":"https:\/\/api.w.org\/{rel}","templated":true}]}}