{"id":22208,"date":"2025-02-11T05:20:46","date_gmt":"2025-02-11T05:20:46","guid":{"rendered":"https:\/\/hood.discount\/?post_type=product&#038;p=22208"},"modified":"2025-02-25T14:59:38","modified_gmt":"2025-02-25T14:59:38","slug":"dobol-rauch-nebelautomat-schadlingsbekampfung-mucken-insekten-doppelter-inhalt-20g","status":"publish","type":"product","link":"https:\/\/hood.discount\/?product=dobol-rauch-nebelautomat-schadlingsbekampfung-mucken-insekten-doppelter-inhalt-20g","title":{"rendered":"DOBOL Rauch-Nebelautomat Sch\u00e4dlingsbek\u00e4mpfung M\u00fccken Insekten &#8211; Doppelter Inhalt 20g"},"content":{"rendered":"<h2><strong>Thermischer Rauch-Nebel zur Sch\u00e4dlingsbek\u00e4mpfung in geschlossenen R\u00e4umen. <\/strong><\/h2>\n<h2><strong>Mit breitem Anwendungsbereich und Wirkungsspektrum.<\/strong><\/h2>\n<div>\n<p style=\"margin-bottom: 0cm; text-align: left;\" align=\"LEFT\"><span style=\"font-family: Arial;\"><span style=\"font-size: medium;\"><span lang=\"de-DE\">Gegen kriechende und fliegende Insekten geeignet, u.a. A<\/span><span lang=\"de-DE\">meisen, Bettwanzen, Kakerlaken, Fl\u00f6he, Getreidek\u00e4fer, Staubmilben, M\u00fccken, Kleidermotten, Nachtschmetterling, Silberfisch, Spinnen, Stinkwanzen, Essigfliegen, Wespen, Holzbohrer, Holzl\u00e4use, Holzwespen.<\/span><\/span><\/span><\/p>\n<p><strong>Gleichm\u00e4\u00dfige Nebelbildung aufgrund einer<\/strong> <strong>exothermen Reaktion, starker Austreibeeffekt. Keine Gasentwicklung &#8211;<\/strong> <strong>Die innovative Art der Freisetzung des Wirkstoffes unterscheidet den<\/strong> <strong>DOBOL Rauch-Nebelautomaten von gew\u00f6hnlichen Nebelautomaten dadurch,<\/strong> <strong>dass keine Brandgef\u00e4hrdungen, giftigen Emissionen und Restasche<\/strong> <strong>entstehen. Keine Verschmutzung &#8211; Dank des sehr niedrige Dampfniveaus<\/strong> <strong>des DOBOL Rauch-Nebelautomaten bilden sich weder Flecken an M\u00f6beln<\/strong> <strong>oder sonstigen Einrichtungsgegenst\u00e4nden noch entsteht nach Gebrauch<\/strong> <strong>eine Geruchsbel\u00e4stigung. Wirkungsweise\/Wirkungsbereich &#8211; Der DOBOL<\/strong> <strong>Rauch-Nebelautomat enth\u00e4lt ein Insektizid mit Kontakt- und<\/strong> <strong>Aufnahmewirkung, das am Nervensystem der Insekten ansetzt und mit<\/strong> <strong>einem schnellen Knock-down Effekt und einer guten Dauerwirkung<\/strong> <strong>ausgestattet ist. Die Wirkstoffpartikel sind sehr fein, so dass sie<\/strong> <strong>in alle Bereiche des zu behandelnden Raumes vordringen k\u00f6nnen.<\/strong><\/p>\n<p><strong>Gebrauchsanleitung<\/strong><\/p>\n<ul>\n<li>Stellen Sie vor der Verwendung des DOBOL Rauch-Nebelautomaten sicher, dass alle Fenster und T\u00fcren geschlossen sind und alle Pflanzen und Tiere aus dem zu behandelnden Bereich entfernt wurden.<\/li>\n<li>Um eine h\u00f6here Effektivit\u00e4t zu erreichen \u00f6ffnen Sie alle F\u00e4cher und Wandschr\u00e4nke.<\/li>\n<li>Entfernen Sie die Schutzfolie des DOBOL Rauch-Nebelautomaten.<\/li>\n<li>Entnehmen Sie die Aluminium-Verpackung aus dem Kunststoffbeh\u00e4lter und entfernen Sie vorsichtig das Aluminium (Verpackung).<\/li>\n<li><span style=\"color: #ff0000;\"> Achten Sie darauf, dass die rote Folie am Deckel der Aluminium-Dose, die sich in der Aluminium-Verpackung befindet dabei nicht <\/span><span style=\"color: #ff0000;\">besch\u00e4digt wird!\n<p><\/span><\/li>\n<li><span style=\"color: #0000ff;\">F\u00fcllen Sie den Kunststoffbeh\u00e4lter bis zur gestrichelten Markierungslinie mit Wasser (ca. 1cm <\/span><span style=\"color: #0000ff;\">\u00fcber den Boden!).<\/span><\/li>\n<li>Jetzt stellen Sie die Aluminium-Dose mit der <span style=\"color: #ff0000;\">roten Folie<\/span> nach Oben zur\u00fcck in den Kunststoffbeh\u00e4lter.<\/li>\n<li>Platzieren Sie den DOBOL Rauch-Nebelautomaten in der Mitte des zu behandelnden Raumes.\n<p><strong><\/p>\n<p>Die Vernebelung beginnt circa 40 Sekunden nachdem die Aluminium-Dose mit dem <\/strong><strong>Wasser in Kontakt gekommen ist.<\/p>\n<p>Verlassen Sie den Raum und halten Sie ihn f\u00fcr mindestens 2 Stunden <\/strong><strong>geschlossen.<\/p>\n<p>Zur Verbesserung des Ergebnisses halten Sie den Raum f\u00fcr eine Nacht <\/strong><strong>verschlossen.<\/strong><\/p>\n<p><span style=\"color: #ff6600;\"><strong>Der behandelten Bereich muss f\u00fcr mindestens 60 Minuten gut gel\u00fcftet werden bevor er <\/strong><\/span><span style=\"color: #ff6600;\"><strong>wieder genutzt werden kann!<\/strong> <\/span><\/li>\n<\/ul>\n<\/div>\n<div><\/div>\n<p><iframe width=\"400\" height=\"500\" src=\"https:\/\/www.youtube.com\/embed\/7KqXbJhXSc8?rel=0&#038;showinfo=0&#038;iv_load_policy=3&#038;modestbranding=1&#038;nologo=1&#038;autoplay=0\" frameborder=\"0\" allowfullscreen=\"1\" ><\/iframe><\/p>\n<div>\n<table id=\"product-attribute-specs-table\" class=\"data table additional-attributes\">\n<tbody>\n<tr>\n<th class=\"col label\" scope=\"row\">Zulassungsnummer<\/th>\n<td class=\"col data\" data-th=\"Zulassungsnummer\">N-65683<\/td>\n<\/tr>\n<tr>\n<th class=\"col label\" scope=\"row\">Hazards<\/th>\n<td class=\"col data\" data-th=\"Hazards\"><img decoding=\"async\" src=\"https:\/\/katalog.killgerm.de\/pub\/media\/wysiwyg\/equipment_symbols\/CLOTHING-ICON.png\" alt=\"\" \/><img decoding=\"async\" src=\"https:\/\/katalog.killgerm.de\/pub\/media\/wysiwyg\/equipment_symbols\/GOGGLES-ICON.png\" alt=\"\" \/><img decoding=\"async\" src=\"https:\/\/katalog.killgerm.de\/pub\/media\/wysiwyg\/dangerous_symbols\/COROSIVE-HAZARD-ICON.png\" alt=\"\" \/><img decoding=\"async\" src=\"https:\/\/katalog.killgerm.de\/pub\/media\/wysiwyg\/dangerous_symbols\/RESPIRATORY-HAZARD-ICON.png\" alt=\"\" \/><img decoding=\"async\" src=\"https:\/\/katalog.killgerm.de\/pub\/media\/wysiwyg\/dangerous_symbols\/ENVIRON-HAZARD-ICON.png\" alt=\"\" \/><\/td>\n<\/tr>\n<tr>\n<th class=\"col label\" scope=\"row\">Wirkstoff<\/th>\n<td class=\"col data\" data-th=\"Wirkstoff\">Cyphenothrin 72 g\/kg<\/td>\n<\/tr>\n<tr>\n<th class=\"col label\" scope=\"row\">Anwendung Gegen<\/th>\n<td class=\"col data\" data-th=\"Anwendung Gegen\">kriechende<\/p>\n<p>und fliegende Insekten wie Schaben, Ameisen, Bettwanzen, Katzenfloh,<\/p>\n<p>Winkelspinne, Hausfliege, Stechm\u00fccke, deutsche Wespe<\/td>\n<\/tr>\n<tr>\n<th class=\"col label\" scope=\"row\">Dosierung<\/th>\n<td class=\"col data\" data-th=\"Dosierung\">\n<ul>\n<li>fliegende Insekten: 1 Nebelautomat f\u00fcr 100 m\u00b2 oder\u00a0260 m\u00b3<\/li>\n<li>kriechende Insekten:\u00a01 Nebelautomat f\u00fcr 50 m\u00b2 oder\u00a0130 m\u00b3<\/li>\n<\/ul>\n<\/td>\n<\/tr>\n<\/tbody>\n<\/table>\n<\/div>\n","protected":false},"excerpt":{"rendered":"<h2><strong>Thermischer Rauch-Nebel zur Sch\u00e4dlingsbek\u00e4mpfung in geschlossenen R\u00e4umen. <\/strong><\/h2>\n<h2><strong>Mit breitem Anwendungsbereich und Wirkungsspektrum.<\/strong><\/h2>\n<div>\n<p align=\"LEFT\"><span lang=\"de-DE\">Gegen kriechende und fliegende Insekten geeignet, u.a. A<\/span><span lang=\"de-DE\">meisen, Bettwanzen, Kakerlaken, Fl\u00f6he, Getreidek\u00e4fer, Staubmilben, M\u00fccken, Kleidermotten, Nachtschmetterling, Silberfisch, Spinnen, Stinkwanzen, Essigfliegen, Wespen, Holzbohrer, Holzl\u00e4use, Holzwespen.<\/span><\/p>\n<\/div>\n","protected":false},"featured_media":21953,"comment_status":"open","ping_status":"closed","template":"","meta":[],"product_brand":[],"product_cat":[22],"product_tag":[59,50,58],"class_list":{"0":"post-22208","1":"product","2":"type-product","3":"status-publish","4":"has-post-thumbnail","6":"product_cat-insektizide-schadlingsbekampfung","7":"product_tag-insektenvernichtung","8":"product_tag-insektizid","9":"product_tag-dobol","11":"first","12":"instock","13":"taxable","14":"shipping-taxable","15":"purchasable","16":"product-type-simple"},"yoast_head":"<!-- This site is optimized with the Yoast SEO Premium plugin v27.1 (Yoast SEO v27.1.1) - https:\/\/yoast.com\/product\/yoast-seo-premium-wordpress\/ -->\n<title>DOBOL Rauch-Nebelautomat Sch\u00e4dlingsbek\u00e4mpfung M\u00fccken Insekten - Doppelter Inhalt 20g - Roundup, Glyphosat und Rattengift Rattenk\u00f6der ohne Nachweis kaufen<\/title>\n<meta name=\"description\" content=\"DOBOL Rauch-Nebelautomat Sch\u00e4dlingsbek\u00e4mpfung M\u00fccken Insekten - Doppelter Inhalt 20g Roundup, Glyphosat und Rattengift Rattenk\u00f6der ohne Nachweis kaufen Ratimor Pasten Power Rattengift K\u00f6derbeutel Brodifacoum\" \/>\n<meta name=\"robots\" content=\"noindex, follow, max-snippet:-1, max-image-preview:large, max-video-preview:-1\" \/>\n<meta property=\"og:locale\" content=\"de_DE\" \/>\n<meta property=\"og:type\" content=\"article\" \/>\n<meta property=\"og:title\" content=\"DOBOL Rauch-Nebelautomat Sch\u00e4dlingsbek\u00e4mpfung M\u00fccken Insekten - Doppelter Inhalt 20g\" \/>\n<meta property=\"og:description\" content=\"DOBOL Rauch-Nebelautomat Sch\u00e4dlingsbek\u00e4mpfung M\u00fccken Insekten - Doppelter Inhalt 20g Roundup, Glyphosat und Rattengift Rattenk\u00f6der ohne Nachweis kaufen Ratimor Pasten Power Rattengift K\u00f6derbeutel Brodifacoum\" \/>\n<meta property=\"og:url\" content=\"https:\/\/hood.discount\/?product=dobol-rauch-nebelautomat-schadlingsbekampfung-mucken-insekten-doppelter-inhalt-20g\" \/>\n<meta property=\"og:site_name\" content=\"Roundup, Glyphosat und Rattengift Rattenk\u00f6der ohne Nachweis kaufen\" \/>\n<meta property=\"article:modified_time\" content=\"2025-02-25T14:59:38+00:00\" \/>\n<meta property=\"og:image\" content=\"https:\/\/hood.discount\/wp-content\/uploads\/2025\/02\/100-500-gramm-ratimor-pasten-power-koederbeutel-rattengift-maeusegift-kopie.jpg\" \/>\n\t<meta property=\"og:image:width\" content=\"501\" \/>\n\t<meta property=\"og:image:height\" content=\"501\" \/>\n\t<meta property=\"og:image:type\" content=\"image\/jpeg\" \/>\n<meta name=\"twitter:card\" content=\"summary_large_image\" \/>\n<meta name=\"twitter:label1\" content=\"Preis\" \/>\n\t<meta name=\"twitter:data1\" content=\"28,90&nbsp;&euro; incl. VAT\" \/>\n\t<meta name=\"twitter:label2\" content=\"Verf\u00fcgbarkeit\" \/>\n\t<meta name=\"twitter:data2\" content=\"Auf Lager\" \/>\n<script type=\"application\/ld+json\" class=\"yoast-schema-graph\">{\"@context\":\"https:\/\/schema.org\",\"@graph\":[{\"@type\":\"WebPage\",\"@id\":\"https:\/\/hood.discount\/?product=dobol-rauch-nebelautomat-schadlingsbekampfung-mucken-insekten-doppelter-inhalt-20g\",\"url\":\"https:\/\/hood.discount\/?product=dobol-rauch-nebelautomat-schadlingsbekampfung-mucken-insekten-doppelter-inhalt-20g\",\"name\":\"DOBOL Rauch-Nebelautomat Sch\u00e4dlingsbek\u00e4mpfung M\u00fccken Insekten - Doppelter Inhalt 20g - Roundup, Glyphosat und Rattengift Rattenk\u00f6der ohne Nachweis kaufen\",\"isPartOf\":{\"@id\":\"https:\/\/hood.discount\/#website\"},\"primaryImageOfPage\":{\"@id\":\"https:\/\/hood.discount\/?product=dobol-rauch-nebelautomat-schadlingsbekampfung-mucken-insekten-doppelter-inhalt-20g#primaryimage\"},\"image\":{\"@id\":\"https:\/\/hood.discount\/?product=dobol-rauch-nebelautomat-schadlingsbekampfung-mucken-insekten-doppelter-inhalt-20g#primaryimage\"},\"thumbnailUrl\":\"https:\/\/hood.discount\/wp-content\/uploads\/2025\/02\/100-500-gramm-ratimor-pasten-power-koederbeutel-rattengift-maeusegift-kopie.jpg\",\"datePublished\":\"2025-02-11T05:20:46+00:00\",\"dateModified\":\"2025-02-25T14:59:38+00:00\",\"description\":\"DOBOL Rauch-Nebelautomat Sch\u00e4dlingsbek\u00e4mpfung M\u00fccken Insekten - Doppelter Inhalt 20g Roundup, Glyphosat und Rattengift Rattenk\u00f6der ohne Nachweis kaufen Ratimor Pasten Power Rattengift K\u00f6derbeutel Brodifacoum\",\"breadcrumb\":{\"@id\":\"https:\/\/hood.discount\/?product=dobol-rauch-nebelautomat-schadlingsbekampfung-mucken-insekten-doppelter-inhalt-20g#breadcrumb\"},\"inLanguage\":\"de\",\"potentialAction\":[{\"@type\":\"ReadAction\",\"target\":[\"https:\/\/hood.discount\/?product=dobol-rauch-nebelautomat-schadlingsbekampfung-mucken-insekten-doppelter-inhalt-20g\"]}]},{\"@type\":\"ImageObject\",\"inLanguage\":\"de\",\"@id\":\"https:\/\/hood.discount\/?product=dobol-rauch-nebelautomat-schadlingsbekampfung-mucken-insekten-doppelter-inhalt-20g#primaryimage\",\"url\":\"https:\/\/hood.discount\/wp-content\/uploads\/2025\/02\/100-500-gramm-ratimor-pasten-power-koederbeutel-rattengift-maeusegift-kopie.jpg\",\"contentUrl\":\"https:\/\/hood.discount\/wp-content\/uploads\/2025\/02\/100-500-gramm-ratimor-pasten-power-koederbeutel-rattengift-maeusegift-kopie.jpg\",\"width\":501,\"height\":501},{\"@type\":\"BreadcrumbList\",\"@id\":\"https:\/\/hood.discount\/?product=dobol-rauch-nebelautomat-schadlingsbekampfung-mucken-insekten-doppelter-inhalt-20g#breadcrumb\",\"itemListElement\":[{\"@type\":\"ListItem\",\"position\":1,\"name\":\"Home\",\"item\":\"https:\/\/hood.discount\/\"},{\"@type\":\"ListItem\",\"position\":2,\"name\":\"Shop\",\"item\":\"https:\/\/hood.discount\/?page_id=1207\"},{\"@type\":\"ListItem\",\"position\":3,\"name\":\"DOBOL Rauch-Nebelautomat Sch\u00e4dlingsbek\u00e4mpfung M\u00fccken Insekten &#8211; Doppelter Inhalt 20g\"}]},{\"@type\":\"WebSite\",\"@id\":\"https:\/\/hood.discount\/#website\",\"url\":\"https:\/\/hood.discount\/\",\"name\":\"hood discount Roundup, Glyphosat und Rattengift Rattenk\u00f6der ohne Sachkundenachweis kaufen\",\"description\":\"Kaufe Roundup Glyphosat Rattenk\u00f6der Rattengift ohne Sachkunde Einschr\u00e4nkungen\",\"publisher\":{\"@id\":\"https:\/\/hood.discount\/#organization\"},\"potentialAction\":[{\"@type\":\"SearchAction\",\"target\":{\"@type\":\"EntryPoint\",\"urlTemplate\":\"https:\/\/hood.discount\/?s={search_term_string}\"},\"query-input\":{\"@type\":\"PropertyValueSpecification\",\"valueRequired\":true,\"valueName\":\"search_term_string\"}}],\"inLanguage\":\"de\"},{\"@type\":\"Organization\",\"@id\":\"https:\/\/hood.discount\/#organization\",\"name\":\"hood discount Roundup, Glyphosat und Rattengift Rattenk\u00f6der kaufen\",\"url\":\"https:\/\/hood.discount\/\",\"logo\":{\"@type\":\"ImageObject\",\"inLanguage\":\"de\",\"@id\":\"https:\/\/hood.discount\/#\/schema\/logo\/image\/\",\"url\":\"https:\/\/hood.discount\/wp-content\/uploads\/2025\/03\/cropped-hood-discount.jpg\",\"contentUrl\":\"https:\/\/hood.discount\/wp-content\/uploads\/2025\/03\/cropped-hood-discount.jpg\",\"width\":999,\"height\":999,\"caption\":\"hood discount Roundup, Glyphosat und Rattengift Rattenk\u00f6der kaufen\"},\"image\":{\"@id\":\"https:\/\/hood.discount\/#\/schema\/logo\/image\/\"}}]}<\/script>\n<meta property=\"product:price:amount\" content=\"28.90\" \/>\n<meta property=\"product:price:currency\" content=\"EUR\" \/>\n<meta property=\"og:availability\" content=\"instock\" \/>\n<meta property=\"product:availability\" content=\"instock\" \/>\n<meta property=\"product:retailer_item_id\" content=\"Dobol Nebelautomat 20g\" \/>\n<meta property=\"product:condition\" content=\"new\" \/>\n<!-- \/ Yoast SEO Premium plugin. -->","yoast_head_json":{"title":"DOBOL Rauch-Nebelautomat Sch\u00e4dlingsbek\u00e4mpfung M\u00fccken Insekten - Doppelter Inhalt 20g - Roundup, Glyphosat und Rattengift Rattenk\u00f6der ohne Nachweis kaufen","description":"DOBOL Rauch-Nebelautomat Sch\u00e4dlingsbek\u00e4mpfung M\u00fccken Insekten - Doppelter Inhalt 20g Roundup, Glyphosat und Rattengift Rattenk\u00f6der ohne Nachweis kaufen Ratimor Pasten Power Rattengift K\u00f6derbeutel Brodifacoum","robots":{"index":"noindex","follow":"follow","max-snippet":"max-snippet:-1","max-image-preview":"max-image-preview:large","max-video-preview":"max-video-preview:-1"},"og_locale":"de_DE","og_type":"article","og_title":"DOBOL Rauch-Nebelautomat Sch\u00e4dlingsbek\u00e4mpfung M\u00fccken Insekten - Doppelter Inhalt 20g","og_description":"DOBOL Rauch-Nebelautomat Sch\u00e4dlingsbek\u00e4mpfung M\u00fccken Insekten - Doppelter Inhalt 20g Roundup, Glyphosat und Rattengift Rattenk\u00f6der ohne Nachweis kaufen Ratimor Pasten Power Rattengift K\u00f6derbeutel Brodifacoum","og_url":"https:\/\/hood.discount\/?product=dobol-rauch-nebelautomat-schadlingsbekampfung-mucken-insekten-doppelter-inhalt-20g","og_site_name":"Roundup, Glyphosat und Rattengift Rattenk\u00f6der ohne Nachweis kaufen","article_modified_time":"2025-02-25T14:59:38+00:00","og_image":[{"width":501,"height":501,"url":"https:\/\/hood.discount\/wp-content\/uploads\/2025\/02\/100-500-gramm-ratimor-pasten-power-koederbeutel-rattengift-maeusegift-kopie.jpg","type":"image\/jpeg"}],"twitter_card":"summary_large_image","twitter_misc":{"Preis":"28,90&nbsp;&euro; incl. VAT","Verf\u00fcgbarkeit":"Auf Lager"},"schema":{"@context":"https:\/\/schema.org","@graph":[{"@type":"WebPage","@id":"https:\/\/hood.discount\/?product=dobol-rauch-nebelautomat-schadlingsbekampfung-mucken-insekten-doppelter-inhalt-20g","url":"https:\/\/hood.discount\/?product=dobol-rauch-nebelautomat-schadlingsbekampfung-mucken-insekten-doppelter-inhalt-20g","name":"DOBOL Rauch-Nebelautomat Sch\u00e4dlingsbek\u00e4mpfung M\u00fccken Insekten - Doppelter Inhalt 20g - Roundup, Glyphosat und Rattengift Rattenk\u00f6der ohne Nachweis kaufen","isPartOf":{"@id":"https:\/\/hood.discount\/#website"},"primaryImageOfPage":{"@id":"https:\/\/hood.discount\/?product=dobol-rauch-nebelautomat-schadlingsbekampfung-mucken-insekten-doppelter-inhalt-20g#primaryimage"},"image":{"@id":"https:\/\/hood.discount\/?product=dobol-rauch-nebelautomat-schadlingsbekampfung-mucken-insekten-doppelter-inhalt-20g#primaryimage"},"thumbnailUrl":"https:\/\/hood.discount\/wp-content\/uploads\/2025\/02\/100-500-gramm-ratimor-pasten-power-koederbeutel-rattengift-maeusegift-kopie.jpg","datePublished":"2025-02-11T05:20:46+00:00","dateModified":"2025-02-25T14:59:38+00:00","description":"DOBOL Rauch-Nebelautomat Sch\u00e4dlingsbek\u00e4mpfung M\u00fccken Insekten - Doppelter Inhalt 20g Roundup, Glyphosat und Rattengift Rattenk\u00f6der ohne Nachweis kaufen Ratimor Pasten Power Rattengift K\u00f6derbeutel Brodifacoum","breadcrumb":{"@id":"https:\/\/hood.discount\/?product=dobol-rauch-nebelautomat-schadlingsbekampfung-mucken-insekten-doppelter-inhalt-20g#breadcrumb"},"inLanguage":"de","potentialAction":[{"@type":"ReadAction","target":["https:\/\/hood.discount\/?product=dobol-rauch-nebelautomat-schadlingsbekampfung-mucken-insekten-doppelter-inhalt-20g"]}]},{"@type":"ImageObject","inLanguage":"de","@id":"https:\/\/hood.discount\/?product=dobol-rauch-nebelautomat-schadlingsbekampfung-mucken-insekten-doppelter-inhalt-20g#primaryimage","url":"https:\/\/hood.discount\/wp-content\/uploads\/2025\/02\/100-500-gramm-ratimor-pasten-power-koederbeutel-rattengift-maeusegift-kopie.jpg","contentUrl":"https:\/\/hood.discount\/wp-content\/uploads\/2025\/02\/100-500-gramm-ratimor-pasten-power-koederbeutel-rattengift-maeusegift-kopie.jpg","width":501,"height":501},{"@type":"BreadcrumbList","@id":"https:\/\/hood.discount\/?product=dobol-rauch-nebelautomat-schadlingsbekampfung-mucken-insekten-doppelter-inhalt-20g#breadcrumb","itemListElement":[{"@type":"ListItem","position":1,"name":"Home","item":"https:\/\/hood.discount\/"},{"@type":"ListItem","position":2,"name":"Shop","item":"https:\/\/hood.discount\/?page_id=1207"},{"@type":"ListItem","position":3,"name":"DOBOL Rauch-Nebelautomat Sch\u00e4dlingsbek\u00e4mpfung M\u00fccken Insekten &#8211; Doppelter Inhalt 20g"}]},{"@type":"WebSite","@id":"https:\/\/hood.discount\/#website","url":"https:\/\/hood.discount\/","name":"hood discount Roundup, Glyphosat und Rattengift Rattenk\u00f6der ohne Sachkundenachweis kaufen","description":"Kaufe Roundup Glyphosat Rattenk\u00f6der Rattengift ohne Sachkunde Einschr\u00e4nkungen","publisher":{"@id":"https:\/\/hood.discount\/#organization"},"potentialAction":[{"@type":"SearchAction","target":{"@type":"EntryPoint","urlTemplate":"https:\/\/hood.discount\/?s={search_term_string}"},"query-input":{"@type":"PropertyValueSpecification","valueRequired":true,"valueName":"search_term_string"}}],"inLanguage":"de"},{"@type":"Organization","@id":"https:\/\/hood.discount\/#organization","name":"hood discount Roundup, Glyphosat und Rattengift Rattenk\u00f6der kaufen","url":"https:\/\/hood.discount\/","logo":{"@type":"ImageObject","inLanguage":"de","@id":"https:\/\/hood.discount\/#\/schema\/logo\/image\/","url":"https:\/\/hood.discount\/wp-content\/uploads\/2025\/03\/cropped-hood-discount.jpg","contentUrl":"https:\/\/hood.discount\/wp-content\/uploads\/2025\/03\/cropped-hood-discount.jpg","width":999,"height":999,"caption":"hood discount Roundup, Glyphosat und Rattengift Rattenk\u00f6der kaufen"},"image":{"@id":"https:\/\/hood.discount\/#\/schema\/logo\/image\/"}}]},"product_price_amount":"28.90","product_price_currency":"EUR","og_availability":"instock","product_availability":"instock","product_retailer_item_id":"Dobol Nebelautomat 20g","product_condition":"new"},"_links":{"self":[{"href":"https:\/\/hood.discount\/index.php?rest_route=\/wp\/v2\/product\/22208","targetHints":{"allow":["GET"]}}],"collection":[{"href":"https:\/\/hood.discount\/index.php?rest_route=\/wp\/v2\/product"}],"about":[{"href":"https:\/\/hood.discount\/index.php?rest_route=\/wp\/v2\/types\/product"}],"replies":[{"embeddable":true,"href":"https:\/\/hood.discount\/index.php?rest_route=%2Fwp%2Fv2%2Fcomments&post=22208"}],"wp:featuredmedia":[{"embeddable":true,"href":"https:\/\/hood.discount\/index.php?rest_route=\/wp\/v2\/media\/21953"}],"wp:attachment":[{"href":"https:\/\/hood.discount\/index.php?rest_route=%2Fwp%2Fv2%2Fmedia&parent=22208"}],"wp:term":[{"taxonomy":"product_brand","embeddable":true,"href":"https:\/\/hood.discount\/index.php?rest_route=%2Fwp%2Fv2%2Fproduct_brand&post=22208"},{"taxonomy":"product_cat","embeddable":true,"href":"https:\/\/hood.discount\/index.php?rest_route=%2Fwp%2Fv2%2Fproduct_cat&post=22208"},{"taxonomy":"product_tag","embeddable":true,"href":"https:\/\/hood.discount\/index.php?rest_route=%2Fwp%2Fv2%2Fproduct_tag&post=22208"}],"curies":[{"name":"wp","href":"https:\/\/api.w.org\/{rel}","templated":true}]}}