{"id":22207,"date":"2025-02-11T05:20:46","date_gmt":"2025-02-11T05:20:46","guid":{"rendered":"https:\/\/hood.discount\/?post_type=product&#038;p=22207"},"modified":"2025-05-11T20:31:15","modified_gmt":"2025-05-11T18:31:15","slug":"bayer-maxforce-platin-kakerlaken-schabengel-30g-1-clothianidine","status":"publish","type":"product","link":"https:\/\/hood.discount\/?product=bayer-maxforce-platin-kakerlaken-schabengel-30g-1-clothianidine","title":{"rendered":"Bayer Maxforce PLATIN Kakerlaken &#8211; Schabengel 30g (1% Clothianidine)"},"content":{"rendered":"<h2><span style=\"color: #800080;\"><strong>Gr\u00f6sseres Anwendungsspektrum als Maxforce Prime<\/strong><\/span><\/h2>\n<p><strong>Die moderne K\u00f6dermatrix zeichnet sich durch eine einzigartige Mischung aus insektizidem Gel und fra\u00dfstimulierenden K\u00f6derkapseln aus. Sowohl Nymphen als auch adulte Schaben nehmen Maxforce\u00ae Platin unmittelbar auf, so dass eine Kontrolle von allen Entwicklungsstadien in k\u00fcrzester Zeit erreicht wird. Hierbei werden auch k\u00f6derscheue Schaben sicher erfasst.\u00a0<\/strong><\/p>\n<table border=\"0\" cellspacing=\"1\" cellpadding=\"1\" align=\"left\">\n<tbody>\n<tr>\n<td>Handelsbezeichnung:<\/td>\n<td>Bayer Maxforce Platin<\/td>\n<\/tr>\n<tr>\n<td>Zulassungsnummer:<\/td>\n<td>N-54817<\/td>\n<\/tr>\n<tr>\n<td>Zulassungsinhaber:<\/td>\n<td>Bayer Cropscience Deutschland GbmH<\/td>\n<\/tr>\n<tr>\n<td>Zulassungsende:<\/td>\n<td>-\/-<\/td>\n<\/tr>\n<tr>\n<td>Wirkungsbereich:<\/td>\n<td>Insektizid<\/td>\n<\/tr>\n<tr>\n<td>Wirkstoff:<\/td>\n<td>Clothianidine<\/td>\n<\/tr>\n<tr>\n<td>Kennzeichnung nach GefStoffV:<\/td>\n<td>H410 Sehr giftig f\u00fcr Wasserorganismen mit langfristiger Wirkung<\/td>\n<\/tr>\n<tr>\n<td>Gefahrenpiktogramme (GHS) Umwelt:<\/td>\n<td><img decoding=\"async\" src=\"https:\/\/www.agro-fluid.de\/images\/umwelt.jpg\" alt=\"\" \/><\/td>\n<\/tr>\n<\/tbody>\n<\/table>\n<p>&nbsp;<\/p>\n<style>\n<p>a:link {<br \/>  color: blue;<br \/>  background-color: transparent;<br \/>  text-decoration: none;<br \/>}<\/p>\n<p>a:visited {<br \/>  color: pink;<br \/>  background-color: transparent;<br \/>  text-decoration: none;<br \/>}<\/p>\n<p>a:hover {<br \/>  color: red;<br \/>  background-color: transparent;<br \/>  text-decoration: underline;<br \/>}<\/p>\n<p>a:active {<br \/>  color: yellow;<br \/>  background-color: transparent;<br \/>  text-decoration: underline;<br \/>}<br \/><\/style>\n<p><a href=\"https:\/\/www.environmentalscience.bayer.de\/schaedlingskontrolle\/Produkte\/Maxforce-PLATIN\" target=\"_blank\" rel=\"noopener\">Sicherheitsdatenblatt und Produktinformationen siehe Hersteller\u00a0<\/a><\/p>\n<p>Anwendungsbeschreibung:<\/p>\n<p>Maxforce Platin ist ein K\u00f6dermix, der durch seine Mischung aus fra\u00dfstimulierenden K\u00f6derkapseln und insektizidem Gel erfolgreich wirkt. K\u00f6derscheue Schaben k\u00f6nnen damit auch erfolgreich bek\u00e4mpft werden.<\/p>\n<p>Anwendungsempfehlung:<\/p>\n<p>Vor der Anwendung von Maxforce Platin sollten der Befallgrad und die Befallstellen ermittelt werden. Maxforce Platin sollte in der N\u00e4he der Verstecke der Schaben ausgebracht werden, z.B. in Fugen oder Ritzen. Ausgebracht werden sollte das Mittel mit einer entsprechenden Kartuschenpistole. Sind bereits andere Mittel im Einsatz, sollten keine weiteren verwendet werden, da es m\u00f6glich ist, dass diese miteinander kontaminieren. Das Mittel kann ganzj\u00e4hrig angewendet werden.<\/p>\n<p>Aufwandmenge:<\/p>\n<ul>\n<li>K\u00f6derpunkt (5 mm \u00d8) = 0,05 g Pr\u00e4parat<\/li>\n<li>K\u00f6derpunkt (7 mm \u00d8 ) = 0,1 g Pr\u00e4parat<\/li>\n<li>Dosierung je 2m\u00b2 Deutsche Schabe<\/li>\n<li>Befallskontrolle: 1 K\u00f6derpunkt (5 mm \u00d8)<\/li>\n<li>Schwacher Befall: 1 K\u00f6derpunkt (7 mm \u00d8)<\/li>\n<li>Starker Befall: 2 K\u00f6derpunkte (7 mm \u00d8)<\/li>\n<li>Amerikanische &amp; Orientalische Schabe Befallskontrolle: &#8211; Schwacher Befall: 2 K\u00f6derpunkte (7 mm \u00d8)<\/li>\n<li>Starker Befall: 3 K\u00f6derpunkte (7 mm \u00d8)<\/li>\n<\/ul>\n<p><iframe src=\"https:\/\/www.youtube.com\/embed\/OJJPmt71puM?rel=0&amp;showinfo=0&amp;iv_load_policy=3&amp;modestbranding=1&amp;nologo=1&amp;autoplay=0\" width=\"400\" height=\"500\" frameborder=\"0\" allowfullscreen=\"allowfullscreen\"><\/iframe><\/p>\n<p>&nbsp;<\/p>\n<p><span style=\"color: #ff0000;\">Gebrauchsanleitung &#8211; Produktbeschreibung &#8211; Biozidrichtlinie<\/span><\/p>\n<p>Eine wichtige Information f\u00fcr Sie!<\/p>\n<p>Trotz sorgf\u00e4ltigster Arbeit unserer Mitarbeiter sind gelegentliche Abweichungen in der Produktbeschreibung bzw. Artikelbeschreibung nicht auszuschlie\u00dfen. Um Sch\u00e4den zu vermeiden ist in jedem Fall die aktuelle Produktbeschreibung oder Gebrauchsanweisung, die jedem ausgelieferten Artikel beigef\u00fcgt ist, f\u00fcr die Anwendung ausschlie\u00dflich bindend. Die in unserem Online Shop ver\u00f6ffentlichten Beschreibungen haben keinen Anspruch auf Vollst\u00e4ndigkeit und 100%iger Aktualit\u00e4t. Sie dienen lediglich der Kurzinformation f\u00fcr Sie als Kunden.<\/p>\n<p>Entsprechend dem Pflanzenschutzgesetz darf dieses Mittel nur nach der Gebrauchsanweisung eingesetzt bzw. angewendet werden.<\/p>\n<p><span style=\"color: #ff0000;\">Biozide sicher verwenden. Vor Gebrauch stets Kennzeichnung und Produktinformation lesen.<\/span><\/p>\n","protected":false},"excerpt":{"rendered":"<h2><span style=\"color: #800080;\"><strong>Gr\u00f6sseres Anwendungsspektrum als Maxforce Prime<\/strong><\/span><\/h2>\n<p><strong>Die moderne K\u00f6dermatrix zeichnet sich durch eine einzigartige Mischung aus insektizidem Gel und fra\u00dfstimulierenden K\u00f6derkapseln aus. Sowohl Nymphen als auch adulte Schaben nehmen Maxforce\u00ae Platin unmittelbar auf, so dass eine Kontrolle von allen Entwicklungsstadien in k\u00fcrzester Zeit erreicht wird. Hierbei werden auch k\u00f6derscheue Schaben sicher erfasst.\u00a0<\/strong><\/p>\n","protected":false},"featured_media":26071,"comment_status":"closed","ping_status":"closed","template":"","meta":[],"product_brand":[],"product_cat":[22],"product_tag":[49,50,51,52,53,54,57],"class_list":{"0":"post-22207","1":"product","2":"type-product","3":"status-publish","4":"has-post-thumbnail","6":"product_cat-insektizide-schadlingsbekampfung","7":"product_tag-bayer","8":"product_tag-insektizid","9":"product_tag-schabengel","10":"product_tag-maxforce","11":"product_tag-kakerlake","12":"product_tag-blattidae","13":"product_tag-bayer-maxforce-platin","15":"first","16":"instock","17":"taxable","18":"shipping-taxable","19":"purchasable","20":"product-type-simple"},"yoast_head":"<!-- This site is optimized with the Yoast SEO Premium plugin v27.1 (Yoast SEO v27.1.1) - https:\/\/yoast.com\/product\/yoast-seo-premium-wordpress\/ -->\n<title>Maxforce Platin: K\u00f6dermatrix gegen alle Schabenarten<\/title>\n<meta name=\"description\" content=\"Erleben Sie die kraftvolle Wirkung von Maxforce Platin gegen Schaben. Setzen Sie auf einen Hochleistungs-K\u00f6dermix f\u00fcr beste Ergebnisse! \ud83e\udeb3\" \/>\n<meta name=\"robots\" content=\"noindex, follow, max-snippet:-1, max-image-preview:large, max-video-preview:-1\" \/>\n<meta property=\"og:locale\" content=\"de_DE\" \/>\n<meta property=\"og:type\" content=\"article\" \/>\n<meta property=\"og:title\" content=\"Bayer Maxforce PLATIN Kakerlaken - Schabengel 30g (1% Clothianidine)\" \/>\n<meta property=\"og:description\" content=\"Erleben Sie die kraftvolle Wirkung von Maxforce Platin gegen Schaben. Setzen Sie auf einen Hochleistungs-K\u00f6dermix f\u00fcr beste Ergebnisse! \ud83e\udeb3\" \/>\n<meta property=\"og:url\" content=\"https:\/\/hood.discount\/?product=bayer-maxforce-platin-kakerlaken-schabengel-30g-1-clothianidine\" \/>\n<meta property=\"og:site_name\" content=\"Roundup, Glyphosat und Rattengift Rattenk\u00f6der ohne Nachweis kaufen\" \/>\n<meta property=\"article:modified_time\" content=\"2025-05-11T18:31:15+00:00\" \/>\n<meta property=\"og:image\" content=\"https:\/\/hood.discount\/wp-content\/uploads\/2025\/05\/titel-10.webp\" \/>\n\t<meta property=\"og:image:width\" content=\"449\" \/>\n\t<meta property=\"og:image:height\" content=\"194\" \/>\n\t<meta property=\"og:image:type\" content=\"image\/webp\" \/>\n<meta name=\"twitter:card\" content=\"summary_large_image\" \/>\n<meta name=\"twitter:label1\" content=\"Preis\" \/>\n\t<meta name=\"twitter:data1\" content=\"39,99&nbsp;&euro; incl. VAT\" \/>\n\t<meta name=\"twitter:label2\" content=\"Verf\u00fcgbarkeit\" \/>\n\t<meta name=\"twitter:data2\" content=\"Auf Lager\" \/>\n<script type=\"application\/ld+json\" class=\"yoast-schema-graph\">{\"@context\":\"https:\/\/schema.org\",\"@graph\":[{\"@type\":\"WebPage\",\"@id\":\"https:\/\/hood.discount\/?product=bayer-maxforce-platin-kakerlaken-schabengel-30g-1-clothianidine\",\"url\":\"https:\/\/hood.discount\/?product=bayer-maxforce-platin-kakerlaken-schabengel-30g-1-clothianidine\",\"name\":\"Maxforce Platin: K\u00f6dermatrix gegen alle Schabenarten\",\"isPartOf\":{\"@id\":\"https:\/\/hood.discount\/#website\"},\"primaryImageOfPage\":{\"@id\":\"https:\/\/hood.discount\/?product=bayer-maxforce-platin-kakerlaken-schabengel-30g-1-clothianidine#primaryimage\"},\"image\":{\"@id\":\"https:\/\/hood.discount\/?product=bayer-maxforce-platin-kakerlaken-schabengel-30g-1-clothianidine#primaryimage\"},\"thumbnailUrl\":\"https:\/\/hood.discount\/wp-content\/uploads\/2025\/05\/titel-10.webp\",\"datePublished\":\"2025-02-11T05:20:46+00:00\",\"dateModified\":\"2025-05-11T18:31:15+00:00\",\"description\":\"Erleben Sie die kraftvolle Wirkung von Maxforce Platin gegen Schaben. Setzen Sie auf einen Hochleistungs-K\u00f6dermix f\u00fcr beste Ergebnisse! \ud83e\udeb3\",\"breadcrumb\":{\"@id\":\"https:\/\/hood.discount\/?product=bayer-maxforce-platin-kakerlaken-schabengel-30g-1-clothianidine#breadcrumb\"},\"inLanguage\":\"de\",\"potentialAction\":[{\"@type\":\"ReadAction\",\"target\":[\"https:\/\/hood.discount\/?product=bayer-maxforce-platin-kakerlaken-schabengel-30g-1-clothianidine\"]}]},{\"@type\":\"ImageObject\",\"inLanguage\":\"de\",\"@id\":\"https:\/\/hood.discount\/?product=bayer-maxforce-platin-kakerlaken-schabengel-30g-1-clothianidine#primaryimage\",\"url\":\"https:\/\/hood.discount\/wp-content\/uploads\/2025\/05\/titel-10.webp\",\"contentUrl\":\"https:\/\/hood.discount\/wp-content\/uploads\/2025\/05\/titel-10.webp\",\"width\":449,\"height\":194,\"caption\":\"Die moderne K\u00f6dermatrix zeichnet sich durch eine einzigartige Mischung aus insektizidem Gel und fra\u00dfstimulierenden K\u00f6derkapseln aus. Sowohl Nymphen als auch adulte Schaben nehmen Maxforce\u00ae Platin unmittelbar auf, so dass eine Kontrolle von allen Entwicklungsstadien in k\u00fcrzester Zeit erreicht wird. Hierbei werden auch k\u00f6derscheue Schaben sicher erfasst.\"},{\"@type\":\"BreadcrumbList\",\"@id\":\"https:\/\/hood.discount\/?product=bayer-maxforce-platin-kakerlaken-schabengel-30g-1-clothianidine#breadcrumb\",\"itemListElement\":[{\"@type\":\"ListItem\",\"position\":1,\"name\":\"Home\",\"item\":\"https:\/\/hood.discount\/\"},{\"@type\":\"ListItem\",\"position\":2,\"name\":\"Shop\",\"item\":\"https:\/\/hood.discount\/?page_id=1207\"},{\"@type\":\"ListItem\",\"position\":3,\"name\":\"Bayer Maxforce PLATIN Kakerlaken &#8211; Schabengel 30g (1% Clothianidine)\"}]},{\"@type\":\"WebSite\",\"@id\":\"https:\/\/hood.discount\/#website\",\"url\":\"https:\/\/hood.discount\/\",\"name\":\"hood discount Roundup, Glyphosat und Rattengift Rattenk\u00f6der ohne Sachkundenachweis kaufen\",\"description\":\"Kaufe Roundup Glyphosat Rattenk\u00f6der Rattengift ohne Sachkunde Einschr\u00e4nkungen\",\"publisher\":{\"@id\":\"https:\/\/hood.discount\/#organization\"},\"potentialAction\":[{\"@type\":\"SearchAction\",\"target\":{\"@type\":\"EntryPoint\",\"urlTemplate\":\"https:\/\/hood.discount\/?s={search_term_string}\"},\"query-input\":{\"@type\":\"PropertyValueSpecification\",\"valueRequired\":true,\"valueName\":\"search_term_string\"}}],\"inLanguage\":\"de\"},{\"@type\":\"Organization\",\"@id\":\"https:\/\/hood.discount\/#organization\",\"name\":\"hood discount Roundup, Glyphosat und Rattengift Rattenk\u00f6der kaufen\",\"url\":\"https:\/\/hood.discount\/\",\"logo\":{\"@type\":\"ImageObject\",\"inLanguage\":\"de\",\"@id\":\"https:\/\/hood.discount\/#\/schema\/logo\/image\/\",\"url\":\"https:\/\/hood.discount\/wp-content\/uploads\/2025\/03\/cropped-hood-discount.jpg\",\"contentUrl\":\"https:\/\/hood.discount\/wp-content\/uploads\/2025\/03\/cropped-hood-discount.jpg\",\"width\":999,\"height\":999,\"caption\":\"hood discount Roundup, Glyphosat und Rattengift Rattenk\u00f6der kaufen\"},\"image\":{\"@id\":\"https:\/\/hood.discount\/#\/schema\/logo\/image\/\"}}]}<\/script>\n<meta property=\"product:price:amount\" content=\"39.99\" \/>\n<meta property=\"product:price:currency\" content=\"EUR\" \/>\n<meta property=\"og:availability\" content=\"instock\" \/>\n<meta property=\"product:availability\" content=\"instock\" \/>\n<meta property=\"product:retailer_item_id\" content=\"MaxforcePlatin 30g\" \/>\n<meta property=\"product:condition\" content=\"new\" \/>\n<!-- \/ Yoast SEO Premium plugin. -->","yoast_head_json":{"title":"Maxforce Platin: K\u00f6dermatrix gegen alle Schabenarten","description":"Erleben Sie die kraftvolle Wirkung von Maxforce Platin gegen Schaben. Setzen Sie auf einen Hochleistungs-K\u00f6dermix f\u00fcr beste Ergebnisse! \ud83e\udeb3","robots":{"index":"noindex","follow":"follow","max-snippet":"max-snippet:-1","max-image-preview":"max-image-preview:large","max-video-preview":"max-video-preview:-1"},"og_locale":"de_DE","og_type":"article","og_title":"Bayer Maxforce PLATIN Kakerlaken - Schabengel 30g (1% Clothianidine)","og_description":"Erleben Sie die kraftvolle Wirkung von Maxforce Platin gegen Schaben. Setzen Sie auf einen Hochleistungs-K\u00f6dermix f\u00fcr beste Ergebnisse! \ud83e\udeb3","og_url":"https:\/\/hood.discount\/?product=bayer-maxforce-platin-kakerlaken-schabengel-30g-1-clothianidine","og_site_name":"Roundup, Glyphosat und Rattengift Rattenk\u00f6der ohne Nachweis kaufen","article_modified_time":"2025-05-11T18:31:15+00:00","og_image":[{"width":449,"height":194,"url":"https:\/\/hood.discount\/wp-content\/uploads\/2025\/05\/titel-10.webp","type":"image\/webp"}],"twitter_card":"summary_large_image","twitter_misc":{"Preis":"39,99&nbsp;&euro; incl. VAT","Verf\u00fcgbarkeit":"Auf Lager"},"schema":{"@context":"https:\/\/schema.org","@graph":[{"@type":"WebPage","@id":"https:\/\/hood.discount\/?product=bayer-maxforce-platin-kakerlaken-schabengel-30g-1-clothianidine","url":"https:\/\/hood.discount\/?product=bayer-maxforce-platin-kakerlaken-schabengel-30g-1-clothianidine","name":"Maxforce Platin: K\u00f6dermatrix gegen alle Schabenarten","isPartOf":{"@id":"https:\/\/hood.discount\/#website"},"primaryImageOfPage":{"@id":"https:\/\/hood.discount\/?product=bayer-maxforce-platin-kakerlaken-schabengel-30g-1-clothianidine#primaryimage"},"image":{"@id":"https:\/\/hood.discount\/?product=bayer-maxforce-platin-kakerlaken-schabengel-30g-1-clothianidine#primaryimage"},"thumbnailUrl":"https:\/\/hood.discount\/wp-content\/uploads\/2025\/05\/titel-10.webp","datePublished":"2025-02-11T05:20:46+00:00","dateModified":"2025-05-11T18:31:15+00:00","description":"Erleben Sie die kraftvolle Wirkung von Maxforce Platin gegen Schaben. Setzen Sie auf einen Hochleistungs-K\u00f6dermix f\u00fcr beste Ergebnisse! \ud83e\udeb3","breadcrumb":{"@id":"https:\/\/hood.discount\/?product=bayer-maxforce-platin-kakerlaken-schabengel-30g-1-clothianidine#breadcrumb"},"inLanguage":"de","potentialAction":[{"@type":"ReadAction","target":["https:\/\/hood.discount\/?product=bayer-maxforce-platin-kakerlaken-schabengel-30g-1-clothianidine"]}]},{"@type":"ImageObject","inLanguage":"de","@id":"https:\/\/hood.discount\/?product=bayer-maxforce-platin-kakerlaken-schabengel-30g-1-clothianidine#primaryimage","url":"https:\/\/hood.discount\/wp-content\/uploads\/2025\/05\/titel-10.webp","contentUrl":"https:\/\/hood.discount\/wp-content\/uploads\/2025\/05\/titel-10.webp","width":449,"height":194,"caption":"Die moderne K\u00f6dermatrix zeichnet sich durch eine einzigartige Mischung aus insektizidem Gel und fra\u00dfstimulierenden K\u00f6derkapseln aus. Sowohl Nymphen als auch adulte Schaben nehmen Maxforce\u00ae Platin unmittelbar auf, so dass eine Kontrolle von allen Entwicklungsstadien in k\u00fcrzester Zeit erreicht wird. Hierbei werden auch k\u00f6derscheue Schaben sicher erfasst."},{"@type":"BreadcrumbList","@id":"https:\/\/hood.discount\/?product=bayer-maxforce-platin-kakerlaken-schabengel-30g-1-clothianidine#breadcrumb","itemListElement":[{"@type":"ListItem","position":1,"name":"Home","item":"https:\/\/hood.discount\/"},{"@type":"ListItem","position":2,"name":"Shop","item":"https:\/\/hood.discount\/?page_id=1207"},{"@type":"ListItem","position":3,"name":"Bayer Maxforce PLATIN Kakerlaken &#8211; Schabengel 30g (1% Clothianidine)"}]},{"@type":"WebSite","@id":"https:\/\/hood.discount\/#website","url":"https:\/\/hood.discount\/","name":"hood discount Roundup, Glyphosat und Rattengift Rattenk\u00f6der ohne Sachkundenachweis kaufen","description":"Kaufe Roundup Glyphosat Rattenk\u00f6der Rattengift ohne Sachkunde Einschr\u00e4nkungen","publisher":{"@id":"https:\/\/hood.discount\/#organization"},"potentialAction":[{"@type":"SearchAction","target":{"@type":"EntryPoint","urlTemplate":"https:\/\/hood.discount\/?s={search_term_string}"},"query-input":{"@type":"PropertyValueSpecification","valueRequired":true,"valueName":"search_term_string"}}],"inLanguage":"de"},{"@type":"Organization","@id":"https:\/\/hood.discount\/#organization","name":"hood discount Roundup, Glyphosat und Rattengift Rattenk\u00f6der kaufen","url":"https:\/\/hood.discount\/","logo":{"@type":"ImageObject","inLanguage":"de","@id":"https:\/\/hood.discount\/#\/schema\/logo\/image\/","url":"https:\/\/hood.discount\/wp-content\/uploads\/2025\/03\/cropped-hood-discount.jpg","contentUrl":"https:\/\/hood.discount\/wp-content\/uploads\/2025\/03\/cropped-hood-discount.jpg","width":999,"height":999,"caption":"hood discount Roundup, Glyphosat und Rattengift Rattenk\u00f6der kaufen"},"image":{"@id":"https:\/\/hood.discount\/#\/schema\/logo\/image\/"}}]},"product_price_amount":"39.99","product_price_currency":"EUR","og_availability":"instock","product_availability":"instock","product_retailer_item_id":"MaxforcePlatin 30g","product_condition":"new"},"_links":{"self":[{"href":"https:\/\/hood.discount\/index.php?rest_route=\/wp\/v2\/product\/22207","targetHints":{"allow":["GET"]}}],"collection":[{"href":"https:\/\/hood.discount\/index.php?rest_route=\/wp\/v2\/product"}],"about":[{"href":"https:\/\/hood.discount\/index.php?rest_route=\/wp\/v2\/types\/product"}],"replies":[{"embeddable":true,"href":"https:\/\/hood.discount\/index.php?rest_route=%2Fwp%2Fv2%2Fcomments&post=22207"}],"wp:featuredmedia":[{"embeddable":true,"href":"https:\/\/hood.discount\/index.php?rest_route=\/wp\/v2\/media\/26071"}],"wp:attachment":[{"href":"https:\/\/hood.discount\/index.php?rest_route=%2Fwp%2Fv2%2Fmedia&parent=22207"}],"wp:term":[{"taxonomy":"product_brand","embeddable":true,"href":"https:\/\/hood.discount\/index.php?rest_route=%2Fwp%2Fv2%2Fproduct_brand&post=22207"},{"taxonomy":"product_cat","embeddable":true,"href":"https:\/\/hood.discount\/index.php?rest_route=%2Fwp%2Fv2%2Fproduct_cat&post=22207"},{"taxonomy":"product_tag","embeddable":true,"href":"https:\/\/hood.discount\/index.php?rest_route=%2Fwp%2Fv2%2Fproduct_tag&post=22207"}],"curies":[{"name":"wp","href":"https:\/\/api.w.org\/{rel}","templated":true}]}}