{"id":22201,"date":"2025-02-11T05:20:45","date_gmt":"2025-02-11T05:20:45","guid":{"rendered":"https:\/\/hood.discount\/?post_type=product&#038;p=22201"},"modified":"2025-02-25T14:59:39","modified_gmt":"2025-02-25T14:59:39","slug":"roundup-360-plus-konzentrat-5-liter","status":"publish","type":"product","link":"https:\/\/hood.discount\/?product=roundup-360-plus-konzentrat-5-liter","title":{"rendered":"ROUNDUP 360 Plus \u00ae Konzentrat 5 Liter"},"content":{"rendered":"<div id=\"main-wrapper\" class=\"main-wrapper fluid\">\n<div id=\"content-wrapper\">\n<div class=\"container\">\n<div id=\"lx_artikeldetail\" class=\"container-block beveled\">\n<div class=\"row\">\n<div id=\"content\" class=\"col-xs-12\">\n<div id=\"result-wrapper\">\n<div id=\"article-tabs\" class=\"tab-content\">\n<div id=\"tab-description\" class=\"tab-pane fade in active\" role=\"tabpanel\">\n<div class=\"tab-content-wrapper\">\n<div class=\"desc\">\n<p><strong>5 Liter &#8211; Konzentrat ROUNDUP \u00ae 360 Plus &#8211; Glyphosat<\/strong><\/p>\n<ul>\n<li>Konzentrat gegen Unkr\u00e4uter<\/li>\n<li>wurzeltiefe Wirkung, wirkt in den Bl\u00e4ttern der Unkr\u00e4uter<\/li>\n<li>bek\u00e4mpft nahezu alle Unkr\u00e4uter und ungewollten Wildwachs<\/li>\n<li>ist geeignet zur Abt\u00f6tung von Rasen f\u00fcr erforderliche Neusaat<\/li>\n<\/ul>\n<p>Zur Abt\u00f6tung von Rasen und Unkr\u00e4utern und der Erleichterung der Neueinsaat. Dieses Mittel darf nur entsprechend der Gebrauchsanweisung angewendet werden. Unkrautbek\u00e4mpfungsmittel in Form dieses Konzentrats wird zur Bek\u00e4mpfung von Quecken sowie ein -und zweikeimbl\u00e4ttriger (ein- und mehrj\u00e4hriger) Unkr\u00e4uter auf Feldern, im Apfelanbau und anderen Gebieten sowie zur Beseitigung von Bodenbrachen und Stilllegungsfl\u00e4chen vor der Pflanzzeit der Kulturpflanzen eingesetzt.<\/p>\n<p>Mit Wasser aufl\u00f6sbar und wird direkt auf die Bl\u00e4tter gespr\u00fcht. ROUNDUP\u00ae 360 Plus Konzentrat in einer Flasche mit einer F\u00fcllmenge von 1000 ml f\u00fcr mindestens 1.000 m\u00b2 Unkrautfl\u00e4che. Dosiertes Konzentrat.<\/p>\n<p>Hersteller: Monsanto Europe S.A. Belgien<\/p>\n<p>Wirkstoff: 360 g\/l Glyphosat.<\/p>\n<\/div>\n<hr \/>\n<div class=\"product-attributes\">\n<div class=\"table-responsive\">\n<table class=\"table table-striped table-bordered\">\n<tbody>\n<tr class=\"attr-characteristic\">\n<td class=\"attr-label word-break\">Fassungsverm\u00f6gen:<\/td>\n<td class=\"attr-value\"><span class=\"value\">1,0 Liter <\/span><\/td>\n<\/tr>\n<tr class=\"attr-characteristic\">\n<td class=\"attr-label word-break\">Farbe:<\/td>\n<td class=\"attr-value\"><img decoding=\"async\" title=\"Wei\u00df\" src=\"https:\/\/lotex24.at\/bilder\/merkmalwerte\/klein\/716.jpg\" alt=\"Wei\u00df\" \/><\/td>\n<\/tr>\n<tr class=\"attr-characteristic\">\n<td class=\"attr-label word-break\">Form:<\/td>\n<td class=\"attr-value\">Kanister<\/td>\n<\/tr>\n<tr class=\"attr-weight\">\n<td class=\"attr-label word-break\">Versandgewicht:<\/td>\n<td class=\"attr-value weight-unit\">5,90 Kg<\/td>\n<\/tr>\n<tr class=\"attr-weight\">\n<td class=\"attr-label word-break\">Artikelgewicht:<\/td>\n<td class=\"attr-value weight-unit weight-unit-article\">5,26 Kg<\/td>\n<\/tr>\n<tr class=\"attr-contents\">\n<td class=\"attr-label word-break\">Inhalt:<\/td>\n<td class=\"attr-value\">5,00 l<\/td>\n<\/tr>\n<\/tbody>\n<\/table>\n<\/div>\n<\/div>\n<\/div>\n<\/div>\n<div id=\"tab-tab1-name\" class=\"tab-pane fade \" role=\"tabpanel\">\n<p><strong>Dosierungshinweise (Mischungstabelle):<\/strong><\/p>\n<p>Kleinstdosierung: 25 ml auf 1 Liter Wasser.<\/p>\n<p>&#8211; 125 ml Konzentrat auf 5 Liter Wasser (zum Beispiel in einem 5 Liter Dr\u00fcckspr\u00fcher) vermischen.<\/p>\n<p>Spr\u00fchen Sie Roundup auf die Bl\u00e4tter der Pflanze. Roundup wird von den Bl\u00e4ttern aufgenommen und gelangt in den Saftstrom der Pflanz und wird auf diese Weise ins Wachstumszentrum der Wurzel und Triebe transportiert. Roundup wirkt dauerhaft in Bl\u00e4tter, Triebe und Wurzeln. Das Pflanzenschutzmittel ist bereits nach 1 Stunde Regenfest, sollte aber bei trockenen Bedingungen ausgebracht werden, um die Absp\u00fchlung bei Regen zu vermeiden. Laut Hersteller k\u00f6nnen mit Roundup behandelte Pflanzen bereits 2 Tagen wieder neu bepflanzt werden, ohne Auswirkung auf die Neusaat.<\/p>\n<p><strong>Wirkstoff:<\/strong><\/p>\n<p>Roundup 360 Plus arbeitet mit dem Wirkstoff Glyphosat. Glyphosat hemmt das Enzym \u2013 EPSP bei der Synthese im Stoffwechsel der Pflanze, welche zur Herstellung von Aminos\u00e4uren ben\u00f6tigt wird.<\/p>\n<p>Glyphosat ist ein Breitbandherbizid. Es verhindert die Aufnahme von N\u00e4hrstoffen in den Pflanzen. Pflanzen sterben nach ca. 3 bis 4 Tagen nach dem benetzen mit Roundup, inklusive der Wurzel komplett ab.<\/p>\n<p><span style=\"color: #ff00ff;\"><strong>Nachfolgende Pflanzen werden von Roundup 360 Plus nicht \u2013 bzw. nur unzureichend \u2013 bek\u00e4mpft:<\/strong><\/span><\/p>\n<ul>\n<li>Salbeigamander<\/li>\n<li>Sumpfschachtelhalm (Ackerschachtelhalm)<\/li>\n<li>Mauerpfeffer<\/li>\n<li>Giersch<br \/>\n<h4 class=\"western\"><span style=\"color: #993366;\">Standard-Dosierung und Mischverh\u00e4ltnis von Roundup 360 Plus<\/span><\/h4>\n<ul>\n<li><span style=\"color: #993366;\">10 ml<strong>\u00a0<\/strong><strong><b>Roundup 360 Plus<\/b><\/strong> auf 1 Liter Wasser.<\/span><\/li>\n<li><span style=\"color: #993366;\">100\u00a0ml\u00a0<strong><b>Roundup 360 Plus<\/b><\/strong> auf 10 Liter Wasser.<\/span><\/li>\n<li><span style=\"color: #993366;\">1 Liter\u00a0<strong><b>Roundup 360 Plus <\/b><\/strong>auf 100 Liter Wasser.<\/span><\/li>\n<\/ul>\n<p>&nbsp;<\/p>\n<h4 class=\"western\"><span style=\"color: #993366;\">Maximal-Dosierung und Mischverh\u00e4ltnis von Roundup 360 Plus<\/span><\/h4>\n<ul>\n<li><span style=\"color: #993366;\">40\u00a0ml\u00a0<strong><b>Roundup 360\u00a0<\/b><\/strong><strong><b>Plus<\/b><\/strong><b><\/b> auf 1 Liter Wasser.<\/span><\/li>\n<li><span style=\"color: #993366;\">400\u00a0ml\u00a0<strong><b>Roundup 360 Plus <\/b><\/strong>1auf 10 Liter Wasser.<\/span><\/li>\n<li><span style=\"color: #993366;\">4,0\u00a0Liter\u00a0<strong><b>Roundup 360 Plus<\/b><\/strong> auf 100 Liter Wasser.<\/span><\/li>\n<\/ul>\n<p>&nbsp;<\/p>\n<h4 class=\"western\"><span style=\"color: #993366;\">Optimal-Dosierung und Mischverh\u00e4ltnis von Roundup 360 Plus zur Bek\u00e4mpfung einzelner Pflanzen, wie Quecke, Ginster, L\u00f6wenzahn und Sauerampfer<\/span><\/h4>\n<ul>\n<li><span style=\"color: #993366;\">80\u00a0ml\u00a0<strong><b>Roundup 360 Plus<\/b><\/strong> auf 1 Liter Wasser.<\/span><\/li>\n<li><span style=\"color: #993366;\">800\u00a0ml\u00a0<strong><b>Roundup 360 Plus<\/b><\/strong> auf 10 Liter Wasser.<\/span><\/li>\n<li><span style=\"color: #993366;\">8,0\u00a0Liter\u00a0<strong><b>Roundup 360 Plus<\/b><\/strong> auf 100 Liter Wasser.<\/span><\/li>\n<\/ul>\n<\/li>\n<\/ul>\n<\/div>\n<div id=\"tab-votes\" class=\"tab-pane fade \" role=\"tabpanel\">\n<div class=\"reviews row\">\n<div class=\"col-xs-12\">\n<form class=\"reviews-list\" action=\"https:\/\/lotex24.at\/bewertung.php#tab-votes\" method=\"post\"><input name=\"btgseite\" type=\"hidden\" value=\"1\" \/><\/p>\n<div class=\"review panel panel-default \">\n<div class=\"panel-body\">\n<div id=\"comment105\" class=\"review-comment \">\n<div class=\"top5\">\n<hr class=\"hr-sm\" \/>\n<\/div>\n<\/div>\n<\/div>\n<\/div>\n<\/form>\n<\/div>\n<\/div>\n<\/div>\n<\/div>\n<div class=\"recommendations hidden-print\">\n<section id=\"slider-xsell-group-1\" class=\"panel panel-default panel-slider x-supplies\">\n<div class=\"panel-body\">\n<div class=\"evo-slider\">\n<div class=\"product-wrapper\">\n<div class=\"product-cell text-center thumbnail\">\n<div class=\"image-content\">\n<p><span style=\"color: #ff6600;\"><span style=\"font-family: inherit;\"><span style=\"font-size: medium;\"><span style=\"font-size: large;\">Im Falle von Produkten, die Pflanzenschutzmittel sind kann die Bestellung und der Abschluss des Kaufvertrags nur von Kunden vorgenommen werden, die nat\u00fcrliche Personen sind, die voll gesch\u00e4ftsf\u00e4hig sind und die \u00fcber die jeweiligen national vorgeschriebenen Qualifikationen zum Kauf und der Verwendung dieser Mittel verf\u00fcgen.<\/span><\/span><\/span><\/span><\/p>\n<p><em><strong>\u00a0<\/strong><\/em><\/p>\n<\/div>\n<\/div>\n<\/div>\n<\/div>\n<\/div>\n<\/section>\n<\/div>\n<\/div>\n<\/div>\n<\/div>\n<\/div>\n<\/div>\n<\/div>\n<\/div>\n<p>&nbsp;<\/p>\n","protected":false},"excerpt":{"rendered":"<h3>Roundup Produkte superg\u00fcnstig einkaufen<\/h3>\n<p>Agro-Fluid ist ein Unternehmen, das die Roundup Produkte zu g\u00fcnstigen Gro\u00dfhandelspreisen <strong>online<\/strong> vertreibt. Unsere Kunden kommen aus allen Branchen wie Landwirtschaft, Garten- &amp; Landschaftsbau, Hausmeisterdiensten, Facilityservices u.v.m. Wir verteiben nur die <strong>ORIGINALPRODUKTE<\/strong> in der <strong>ORIGINALVERPACKUNG<\/strong>. Treten Sie mit uns in Kontakt, wir beraten Sie gerne weiterf\u00fchrend!<\/p>\n<p>Durch den Kauf bei uns und dem kostenlosen t\u00e4glichen Expressversand erhalten Sie alle Produkte zu konkurrenzlosen Preisen. Bitte beachten Sie dazu unsere Angaben zum Versand und die Lieferbedingungen!<\/p>\n<h2 class=\"western\">Roundup\u00ae360 Plus \u2013 Erfolg hat einen Namen<\/h2>\n<ul>\n<li>Hochkonzentrierte Fl\u00fcssigformulierung mit 360g Wirkstoff\/Liter<\/li>\n<li>Hohe Wirkung<\/li>\n<li>Breiter Zulassungsumfang<\/li>\n<li>Hohe Anwenderflexibilit\u00e4t<\/li>\n<li>Unkrautspezifische Aufwandmengen<\/li>\n<li>Hervorragende Wirkung bei unterschiedlichsten Bedingungen<\/li>\n<\/ul>\n","protected":false},"featured_media":21938,"comment_status":"open","ping_status":"closed","template":"","meta":[],"product_brand":[],"product_cat":[27],"product_tag":[],"class_list":{"0":"post-22201","1":"product","2":"type-product","3":"status-publish","4":"has-post-thumbnail","6":"product_cat-unkrautfrei-unkrautvernichter-glyphosat-roundup-halvetic-gallup-roundup-produkte","8":"first","9":"instock","10":"taxable","11":"shipping-taxable","12":"purchasable","13":"product-type-simple"},"yoast_head":"<!-- This site is optimized with the Yoast SEO Premium plugin v27.1 (Yoast SEO v27.1.1) - https:\/\/yoast.com\/product\/yoast-seo-premium-wordpress\/ -->\n<title>ROUNDUP 360 Plus \u00ae Konzentrat 5 Liter - Roundup, Glyphosat und Rattengift Rattenk\u00f6der ohne Nachweis kaufen<\/title>\n<meta name=\"description\" content=\"ROUNDUP 360 Plus \u00ae Konzentrat 5 Liter Roundup, Glyphosat und Rattengift Rattenk\u00f6der ohne Nachweis kaufen sofort ohne Sachkundenachweis kaufen\" \/>\n<meta name=\"robots\" content=\"noindex, follow, max-snippet:-1, max-image-preview:large, max-video-preview:-1\" \/>\n<meta property=\"og:locale\" content=\"de_DE\" \/>\n<meta property=\"og:type\" content=\"article\" \/>\n<meta property=\"og:title\" content=\"ROUNDUP 360 Plus \u00ae Konzentrat 5 Liter\" \/>\n<meta property=\"og:description\" content=\"ROUNDUP 360 Plus \u00ae Konzentrat 5 Liter Roundup, Glyphosat und Rattengift Rattenk\u00f6der ohne Nachweis kaufen sofort ohne Sachkundenachweis kaufen\" \/>\n<meta property=\"og:url\" content=\"https:\/\/hood.discount\/?product=roundup-360-plus-konzentrat-5-liter\" \/>\n<meta property=\"og:site_name\" content=\"Roundup, Glyphosat und Rattengift Rattenk\u00f6der ohne Nachweis kaufen\" \/>\n<meta property=\"article:modified_time\" content=\"2025-02-25T14:59:39+00:00\" \/>\n<meta property=\"og:image\" content=\"https:\/\/hood.discount\/wp-content\/uploads\/2025\/02\/roundup-360sl-plus-konzentrat-5-liter.png\" \/>\n\t<meta property=\"og:image:width\" content=\"1519\" \/>\n\t<meta property=\"og:image:height\" content=\"854\" \/>\n\t<meta property=\"og:image:type\" content=\"image\/png\" \/>\n<meta name=\"twitter:card\" content=\"summary_large_image\" \/>\n<meta name=\"twitter:label1\" content=\"Preis\" \/>\n\t<meta name=\"twitter:data1\" content=\"139,90&nbsp;&euro; incl. VAT\" \/>\n\t<meta name=\"twitter:label2\" content=\"Verf\u00fcgbarkeit\" \/>\n\t<meta name=\"twitter:data2\" content=\"Auf Lager\" \/>\n<script type=\"application\/ld+json\" class=\"yoast-schema-graph\">{\"@context\":\"https:\/\/schema.org\",\"@graph\":[{\"@type\":\"WebPage\",\"@id\":\"https:\/\/hood.discount\/?product=roundup-360-plus-konzentrat-5-liter\",\"url\":\"https:\/\/hood.discount\/?product=roundup-360-plus-konzentrat-5-liter\",\"name\":\"ROUNDUP 360 Plus \u00ae Konzentrat 5 Liter - Roundup, Glyphosat und Rattengift Rattenk\u00f6der ohne Nachweis kaufen\",\"isPartOf\":{\"@id\":\"https:\/\/hood.discount\/#website\"},\"primaryImageOfPage\":{\"@id\":\"https:\/\/hood.discount\/?product=roundup-360-plus-konzentrat-5-liter#primaryimage\"},\"image\":{\"@id\":\"https:\/\/hood.discount\/?product=roundup-360-plus-konzentrat-5-liter#primaryimage\"},\"thumbnailUrl\":\"https:\/\/hood.discount\/wp-content\/uploads\/2025\/02\/roundup-360sl-plus-konzentrat-5-liter.png\",\"datePublished\":\"2025-02-11T05:20:45+00:00\",\"dateModified\":\"2025-02-25T14:59:39+00:00\",\"description\":\"ROUNDUP 360 Plus \u00ae Konzentrat 5 Liter Roundup, Glyphosat und Rattengift Rattenk\u00f6der ohne Nachweis kaufen sofort ohne Sachkundenachweis kaufen\",\"breadcrumb\":{\"@id\":\"https:\/\/hood.discount\/?product=roundup-360-plus-konzentrat-5-liter#breadcrumb\"},\"inLanguage\":\"de\",\"potentialAction\":[{\"@type\":\"ReadAction\",\"target\":[\"https:\/\/hood.discount\/?product=roundup-360-plus-konzentrat-5-liter\"]}]},{\"@type\":\"ImageObject\",\"inLanguage\":\"de\",\"@id\":\"https:\/\/hood.discount\/?product=roundup-360-plus-konzentrat-5-liter#primaryimage\",\"url\":\"https:\/\/hood.discount\/wp-content\/uploads\/2025\/02\/roundup-360sl-plus-konzentrat-5-liter.png\",\"contentUrl\":\"https:\/\/hood.discount\/wp-content\/uploads\/2025\/02\/roundup-360sl-plus-konzentrat-5-liter.png\",\"width\":1519,\"height\":854},{\"@type\":\"BreadcrumbList\",\"@id\":\"https:\/\/hood.discount\/?product=roundup-360-plus-konzentrat-5-liter#breadcrumb\",\"itemListElement\":[{\"@type\":\"ListItem\",\"position\":1,\"name\":\"Home\",\"item\":\"https:\/\/hood.discount\/\"},{\"@type\":\"ListItem\",\"position\":2,\"name\":\"Shop\",\"item\":\"https:\/\/hood.discount\/?page_id=1207\"},{\"@type\":\"ListItem\",\"position\":3,\"name\":\"ROUNDUP 360 Plus \u00ae Konzentrat 5 Liter\"}]},{\"@type\":\"WebSite\",\"@id\":\"https:\/\/hood.discount\/#website\",\"url\":\"https:\/\/hood.discount\/\",\"name\":\"hood discount Roundup, Glyphosat und Rattengift Rattenk\u00f6der ohne Sachkundenachweis kaufen\",\"description\":\"Kaufe Roundup Glyphosat Rattenk\u00f6der Rattengift ohne Sachkunde Einschr\u00e4nkungen\",\"publisher\":{\"@id\":\"https:\/\/hood.discount\/#organization\"},\"potentialAction\":[{\"@type\":\"SearchAction\",\"target\":{\"@type\":\"EntryPoint\",\"urlTemplate\":\"https:\/\/hood.discount\/?s={search_term_string}\"},\"query-input\":{\"@type\":\"PropertyValueSpecification\",\"valueRequired\":true,\"valueName\":\"search_term_string\"}}],\"inLanguage\":\"de\"},{\"@type\":\"Organization\",\"@id\":\"https:\/\/hood.discount\/#organization\",\"name\":\"hood discount Roundup, Glyphosat und Rattengift Rattenk\u00f6der kaufen\",\"url\":\"https:\/\/hood.discount\/\",\"logo\":{\"@type\":\"ImageObject\",\"inLanguage\":\"de\",\"@id\":\"https:\/\/hood.discount\/#\/schema\/logo\/image\/\",\"url\":\"https:\/\/hood.discount\/wp-content\/uploads\/2025\/03\/cropped-hood-discount.jpg\",\"contentUrl\":\"https:\/\/hood.discount\/wp-content\/uploads\/2025\/03\/cropped-hood-discount.jpg\",\"width\":999,\"height\":999,\"caption\":\"hood discount Roundup, Glyphosat und Rattengift Rattenk\u00f6der kaufen\"},\"image\":{\"@id\":\"https:\/\/hood.discount\/#\/schema\/logo\/image\/\"}}]}<\/script>\n<meta property=\"product:price:amount\" content=\"139.90\" \/>\n<meta property=\"product:price:currency\" content=\"EUR\" \/>\n<meta property=\"og:availability\" content=\"instock\" \/>\n<meta property=\"product:availability\" content=\"instock\" \/>\n<meta property=\"product:retailer_item_id\" content=\"Roundup 360 Plus 5L\" \/>\n<meta property=\"product:condition\" content=\"new\" \/>\n<!-- \/ Yoast SEO Premium plugin. -->","yoast_head_json":{"title":"ROUNDUP 360 Plus \u00ae Konzentrat 5 Liter - Roundup, Glyphosat und Rattengift Rattenk\u00f6der ohne Nachweis kaufen","description":"ROUNDUP 360 Plus \u00ae Konzentrat 5 Liter Roundup, Glyphosat und Rattengift Rattenk\u00f6der ohne Nachweis kaufen sofort ohne Sachkundenachweis kaufen","robots":{"index":"noindex","follow":"follow","max-snippet":"max-snippet:-1","max-image-preview":"max-image-preview:large","max-video-preview":"max-video-preview:-1"},"og_locale":"de_DE","og_type":"article","og_title":"ROUNDUP 360 Plus \u00ae Konzentrat 5 Liter","og_description":"ROUNDUP 360 Plus \u00ae Konzentrat 5 Liter Roundup, Glyphosat und Rattengift Rattenk\u00f6der ohne Nachweis kaufen sofort ohne Sachkundenachweis kaufen","og_url":"https:\/\/hood.discount\/?product=roundup-360-plus-konzentrat-5-liter","og_site_name":"Roundup, Glyphosat und Rattengift Rattenk\u00f6der ohne Nachweis kaufen","article_modified_time":"2025-02-25T14:59:39+00:00","og_image":[{"width":1519,"height":854,"url":"https:\/\/hood.discount\/wp-content\/uploads\/2025\/02\/roundup-360sl-plus-konzentrat-5-liter.png","type":"image\/png"}],"twitter_card":"summary_large_image","twitter_misc":{"Preis":"139,90&nbsp;&euro; incl. VAT","Verf\u00fcgbarkeit":"Auf Lager"},"schema":{"@context":"https:\/\/schema.org","@graph":[{"@type":"WebPage","@id":"https:\/\/hood.discount\/?product=roundup-360-plus-konzentrat-5-liter","url":"https:\/\/hood.discount\/?product=roundup-360-plus-konzentrat-5-liter","name":"ROUNDUP 360 Plus \u00ae Konzentrat 5 Liter - Roundup, Glyphosat und Rattengift Rattenk\u00f6der ohne Nachweis kaufen","isPartOf":{"@id":"https:\/\/hood.discount\/#website"},"primaryImageOfPage":{"@id":"https:\/\/hood.discount\/?product=roundup-360-plus-konzentrat-5-liter#primaryimage"},"image":{"@id":"https:\/\/hood.discount\/?product=roundup-360-plus-konzentrat-5-liter#primaryimage"},"thumbnailUrl":"https:\/\/hood.discount\/wp-content\/uploads\/2025\/02\/roundup-360sl-plus-konzentrat-5-liter.png","datePublished":"2025-02-11T05:20:45+00:00","dateModified":"2025-02-25T14:59:39+00:00","description":"ROUNDUP 360 Plus \u00ae Konzentrat 5 Liter Roundup, Glyphosat und Rattengift Rattenk\u00f6der ohne Nachweis kaufen sofort ohne Sachkundenachweis kaufen","breadcrumb":{"@id":"https:\/\/hood.discount\/?product=roundup-360-plus-konzentrat-5-liter#breadcrumb"},"inLanguage":"de","potentialAction":[{"@type":"ReadAction","target":["https:\/\/hood.discount\/?product=roundup-360-plus-konzentrat-5-liter"]}]},{"@type":"ImageObject","inLanguage":"de","@id":"https:\/\/hood.discount\/?product=roundup-360-plus-konzentrat-5-liter#primaryimage","url":"https:\/\/hood.discount\/wp-content\/uploads\/2025\/02\/roundup-360sl-plus-konzentrat-5-liter.png","contentUrl":"https:\/\/hood.discount\/wp-content\/uploads\/2025\/02\/roundup-360sl-plus-konzentrat-5-liter.png","width":1519,"height":854},{"@type":"BreadcrumbList","@id":"https:\/\/hood.discount\/?product=roundup-360-plus-konzentrat-5-liter#breadcrumb","itemListElement":[{"@type":"ListItem","position":1,"name":"Home","item":"https:\/\/hood.discount\/"},{"@type":"ListItem","position":2,"name":"Shop","item":"https:\/\/hood.discount\/?page_id=1207"},{"@type":"ListItem","position":3,"name":"ROUNDUP 360 Plus \u00ae Konzentrat 5 Liter"}]},{"@type":"WebSite","@id":"https:\/\/hood.discount\/#website","url":"https:\/\/hood.discount\/","name":"hood discount Roundup, Glyphosat und Rattengift Rattenk\u00f6der ohne Sachkundenachweis kaufen","description":"Kaufe Roundup Glyphosat Rattenk\u00f6der Rattengift ohne Sachkunde Einschr\u00e4nkungen","publisher":{"@id":"https:\/\/hood.discount\/#organization"},"potentialAction":[{"@type":"SearchAction","target":{"@type":"EntryPoint","urlTemplate":"https:\/\/hood.discount\/?s={search_term_string}"},"query-input":{"@type":"PropertyValueSpecification","valueRequired":true,"valueName":"search_term_string"}}],"inLanguage":"de"},{"@type":"Organization","@id":"https:\/\/hood.discount\/#organization","name":"hood discount Roundup, Glyphosat und Rattengift Rattenk\u00f6der kaufen","url":"https:\/\/hood.discount\/","logo":{"@type":"ImageObject","inLanguage":"de","@id":"https:\/\/hood.discount\/#\/schema\/logo\/image\/","url":"https:\/\/hood.discount\/wp-content\/uploads\/2025\/03\/cropped-hood-discount.jpg","contentUrl":"https:\/\/hood.discount\/wp-content\/uploads\/2025\/03\/cropped-hood-discount.jpg","width":999,"height":999,"caption":"hood discount Roundup, Glyphosat und Rattengift Rattenk\u00f6der kaufen"},"image":{"@id":"https:\/\/hood.discount\/#\/schema\/logo\/image\/"}}]},"product_price_amount":"139.90","product_price_currency":"EUR","og_availability":"instock","product_availability":"instock","product_retailer_item_id":"Roundup 360 Plus 5L","product_condition":"new"},"_links":{"self":[{"href":"https:\/\/hood.discount\/index.php?rest_route=\/wp\/v2\/product\/22201","targetHints":{"allow":["GET"]}}],"collection":[{"href":"https:\/\/hood.discount\/index.php?rest_route=\/wp\/v2\/product"}],"about":[{"href":"https:\/\/hood.discount\/index.php?rest_route=\/wp\/v2\/types\/product"}],"replies":[{"embeddable":true,"href":"https:\/\/hood.discount\/index.php?rest_route=%2Fwp%2Fv2%2Fcomments&post=22201"}],"wp:featuredmedia":[{"embeddable":true,"href":"https:\/\/hood.discount\/index.php?rest_route=\/wp\/v2\/media\/21938"}],"wp:attachment":[{"href":"https:\/\/hood.discount\/index.php?rest_route=%2Fwp%2Fv2%2Fmedia&parent=22201"}],"wp:term":[{"taxonomy":"product_brand","embeddable":true,"href":"https:\/\/hood.discount\/index.php?rest_route=%2Fwp%2Fv2%2Fproduct_brand&post=22201"},{"taxonomy":"product_cat","embeddable":true,"href":"https:\/\/hood.discount\/index.php?rest_route=%2Fwp%2Fv2%2Fproduct_cat&post=22201"},{"taxonomy":"product_tag","embeddable":true,"href":"https:\/\/hood.discount\/index.php?rest_route=%2Fwp%2Fv2%2Fproduct_tag&post=22201"}],"curies":[{"name":"wp","href":"https:\/\/api.w.org\/{rel}","templated":true}]}}