{"id":22197,"date":"2025-02-11T05:20:42","date_gmt":"2025-02-11T05:20:42","guid":{"rendered":"https:\/\/hood.discount\/?post_type=product&#038;p=22197"},"modified":"2025-02-25T14:59:39","modified_gmt":"2025-02-25T14:59:39","slug":"roundup-rekord-powermax-720-10kg","status":"publish","type":"product","link":"https:\/\/hood.discount\/?product=roundup-rekord-powermax-720-10kg","title":{"rendered":"Roundup\u00ae REKORD PowerMax 720  10kg"},"content":{"rendered":"<p><strong>DAS KONZENTRAT ALS GRANULAT F\u00dcR DEN PROFI wirkt schnell und sicher !<\/p>\n<p>Mit Messbecher zur schnellen Dosierung.<\/p>\n<p><\/strong><\/p>\n<p><strong><span style=\"color: #ff6600;\">Hinweis: Je nach Land tr\u00e4gt das Produkt auch den Namen PowerMax und\/oder ist mit dem Zusatz 720 versehen.<\/span><\/strong><\/p>\n<p>Nichtselektives Herbizid zur Anwendung im Freiland in Ackerbau- und Gem\u00fcsekulturen, auf Gr\u00fcnland, auf Stilllegungsfl\u00e4chen, im Obst- und Weinbau sowie auf Nichtkulturland ohne Holzgew\u00e4chse und im Zierpflanzenbau. Roundup REKORD kann w\u00e4hrend der gesamten Vegetationsperiode eingesetzt werden. Der Einsatz kann sogar vor oder nach kurzen Nachtfr\u00f6sten bis -4\u00b0 C erfolgen. Es ist zu beachten, dass die zu bek\u00e4mpfenden Unkraut-Arten gen\u00fcgend aufnahmef\u00e4hige Blattmasse gebildet haben und ausreichend benetzt werden. Bei anhaltender Trockenheit oder bei hohen Temperaturen, verbunden mit extrem niedriger Luftfeuchtigkeit, k\u00f6nnen Wirkstoffaufnahme und -ableitung beeintr\u00e4chtigt werden. Bei diesen wie auch anderen nicht optimalen Anwendungsbedingungen sind Verringerungen der empfohlenen Aufwandmengen nicht angeraten. Anwendungen nach Regen oder<\/p>\n<p>Tau auf feuchtem, aber nicht tropfnassem Unkrautbestand m\u00f6glich!<\/p>\n<p>Roundup REKORD ist ab ca. 1 Stunde nach der Anwendung regenfest.<\/p>\n<div class=\"usp\">\n<ul>\n<li><span style=\"color: #ff0000;\">Hoher Wirkstoffgehalt von 720 g\/kg<\/span><\/li>\n<li>Wurzeltiefe Wirkung ohne Wiederaustrieb<\/li>\n<li>Minimaler Verpackungsabfall, einfache Handhabung, geringer Platzbedarf<\/li>\n<li>Hervorragende Wirkung bei unterschiedlichen Bedingungen<\/li>\n<\/ul>\n<p><strong>Spritzl\u00f6sung 3% zum Einsatz in Handspritzger\u00e4ten<\/strong><\/p>\n<p>Zur Herstellung einer 3%igen L\u00f6sung zum Einsatz in Handspritzger\u00e4ten 20 g Roundup REKORD in einem Liter Wasser aufl\u00f6sen. Wird mehr Spritzl\u00f6sung ben\u00f6tigt, muss die Menge von 20 g mit der ben\u00f6tigten Wassermenge multipliziert werden. Zum Aufl\u00f6sen zun\u00e4chst ein Drittel der Wassermenge in den Tank des Spritzger\u00e4tes geben. Danach die berechnete Menge Roundup REKORD zusetzen. Zum Schluss die restliche Wassermenge zugeben und r\u00fchren.<\/p>\n<p><span style=\"color: #993366;\"><strong>Beimischungen von weiteren Herbiziden zur Spritzbr\u00fche k\u00f6nnen die Wirkung von Roundup REKORD u. U. einschr\u00e4nken.<\/strong><\/span><\/p>\n<div class=\"technical-infos\">\n<h6><strong>Formulierung<\/p>\n<p>Wasserl\u00f6sliches Granulat<\/strong><\/h6>\n<h6><strong>Wirkstoff<\/strong><\/p>\n<p>720 g\/kg Glyphosat ((als Ammonium-Salz 792 g\/kg))<\/h6>\n<\/div>\n<\/div>\n","protected":false},"excerpt":{"rendered":"<p>Roundup Rekord PowerMax 720 &#8211; Das bew\u00e4hrte Konzentrat als Granulat f\u00fcr den Profi. Sichert schnelle und sichere Unkrautbek\u00e4mpfung in verschiedenen Anwendungsbereichen. Hier informieren!<\/p>\n","protected":false},"featured_media":21872,"comment_status":"open","ping_status":"closed","template":"","meta":[],"product_brand":[],"product_cat":[27],"product_tag":[],"class_list":{"0":"post-22197","1":"product","2":"type-product","3":"status-publish","4":"has-post-thumbnail","6":"product_cat-unkrautfrei-unkrautvernichter-glyphosat-roundup-halvetic-gallup-roundup-produkte","8":"first","9":"instock","10":"taxable","11":"shipping-taxable","12":"purchasable","13":"product-type-simple"},"yoast_head":"<!-- This site is optimized with the Yoast SEO Premium plugin v27.1 (Yoast SEO v27.1.1) - https:\/\/yoast.com\/product\/yoast-seo-premium-wordpress\/ -->\n<title>Roundup\u00ae REKORD PowerMax 720 10kg - Roundup, Glyphosat und Rattengift Rattenk\u00f6der ohne Nachweis kaufen %Roundup Rekord 720 DAS KONZENTRAT ALS GRANULAT F\u00dcR DEN PROFI<\/title>\n<meta name=\"description\" content=\"Das bew\u00e4hrte Roundup Rekord 720-Konzentrat als Granulat f\u00fcr den Profi. Sichert schnelle und sichere Unkrautbek\u00e4mpfung in verschiedenen Anwendungsbereichen. Hier informieren!\" \/>\n<meta name=\"robots\" content=\"noindex, follow, max-snippet:-1, max-image-preview:large, max-video-preview:-1\" \/>\n<meta property=\"og:locale\" content=\"de_DE\" \/>\n<meta property=\"og:type\" content=\"article\" \/>\n<meta property=\"og:title\" content=\"Roundup\u00ae REKORD PowerMax 720 10kg\" \/>\n<meta property=\"og:description\" content=\"Das bew\u00e4hrte Roundup Rekord 720-Konzentrat als Granulat f\u00fcr den Profi. Sichert schnelle und sichere Unkrautbek\u00e4mpfung in verschiedenen Anwendungsbereichen. Hier informieren!\" \/>\n<meta property=\"og:url\" content=\"https:\/\/hood.discount\/?product=roundup-rekord-powermax-720-10kg\" \/>\n<meta property=\"og:site_name\" content=\"Roundup, Glyphosat und Rattengift Rattenk\u00f6der ohne Nachweis kaufen\" \/>\n<meta property=\"article:modified_time\" content=\"2025-02-25T14:59:39+00:00\" \/>\n<meta property=\"og:image\" content=\"https:\/\/hood.discount\/wp-content\/uploads\/2025\/02\/roundup-rekord-powermax-720-product-image_1_1200x1200.jpg\" \/>\n\t<meta property=\"og:image:width\" content=\"1200\" \/>\n\t<meta property=\"og:image:height\" content=\"1200\" \/>\n\t<meta property=\"og:image:type\" content=\"image\/jpeg\" \/>\n<meta name=\"twitter:card\" content=\"summary_large_image\" \/>\n<meta name=\"twitter:label1\" content=\"Preis\" \/>\n\t<meta name=\"twitter:data1\" content=\"429,00&nbsp;&euro; incl. VAT\" \/>\n\t<meta name=\"twitter:label2\" content=\"Verf\u00fcgbarkeit\" \/>\n\t<meta name=\"twitter:data2\" content=\"Auf Lager\" \/>\n<script type=\"application\/ld+json\" class=\"yoast-schema-graph\">{\"@context\":\"https:\/\/schema.org\",\"@graph\":[{\"@type\":\"WebPage\",\"@id\":\"https:\/\/hood.discount\/?product=roundup-rekord-powermax-720-10kg\",\"url\":\"https:\/\/hood.discount\/?product=roundup-rekord-powermax-720-10kg\",\"name\":\"Roundup\u00ae REKORD PowerMax 720 10kg - Roundup, Glyphosat und Rattengift Rattenk\u00f6der ohne Nachweis kaufen %Roundup Rekord 720 DAS KONZENTRAT ALS GRANULAT F\u00dcR DEN PROFI\",\"isPartOf\":{\"@id\":\"https:\/\/hood.discount\/#website\"},\"primaryImageOfPage\":{\"@id\":\"https:\/\/hood.discount\/?product=roundup-rekord-powermax-720-10kg#primaryimage\"},\"image\":{\"@id\":\"https:\/\/hood.discount\/?product=roundup-rekord-powermax-720-10kg#primaryimage\"},\"thumbnailUrl\":\"https:\/\/hood.discount\/wp-content\/uploads\/2025\/02\/roundup-rekord-powermax-720-product-image_1_1200x1200.jpg\",\"datePublished\":\"2025-02-11T05:20:42+00:00\",\"dateModified\":\"2025-02-25T14:59:39+00:00\",\"description\":\"Das bew\u00e4hrte Roundup Rekord 720-Konzentrat als Granulat f\u00fcr den Profi. Sichert schnelle und sichere Unkrautbek\u00e4mpfung in verschiedenen Anwendungsbereichen. Hier informieren!\",\"breadcrumb\":{\"@id\":\"https:\/\/hood.discount\/?product=roundup-rekord-powermax-720-10kg#breadcrumb\"},\"inLanguage\":\"de\",\"potentialAction\":[{\"@type\":\"ReadAction\",\"target\":[\"https:\/\/hood.discount\/?product=roundup-rekord-powermax-720-10kg\"]}]},{\"@type\":\"ImageObject\",\"inLanguage\":\"de\",\"@id\":\"https:\/\/hood.discount\/?product=roundup-rekord-powermax-720-10kg#primaryimage\",\"url\":\"https:\/\/hood.discount\/wp-content\/uploads\/2025\/02\/roundup-rekord-powermax-720-product-image_1_1200x1200.jpg\",\"contentUrl\":\"https:\/\/hood.discount\/wp-content\/uploads\/2025\/02\/roundup-rekord-powermax-720-product-image_1_1200x1200.jpg\",\"width\":1200,\"height\":1200},{\"@type\":\"BreadcrumbList\",\"@id\":\"https:\/\/hood.discount\/?product=roundup-rekord-powermax-720-10kg#breadcrumb\",\"itemListElement\":[{\"@type\":\"ListItem\",\"position\":1,\"name\":\"Home\",\"item\":\"https:\/\/hood.discount\/\"},{\"@type\":\"ListItem\",\"position\":2,\"name\":\"Shop\",\"item\":\"https:\/\/hood.discount\/?page_id=1207\"},{\"@type\":\"ListItem\",\"position\":3,\"name\":\"Roundup\u00ae REKORD PowerMax 720 10kg\"}]},{\"@type\":\"WebSite\",\"@id\":\"https:\/\/hood.discount\/#website\",\"url\":\"https:\/\/hood.discount\/\",\"name\":\"hood discount Roundup, Glyphosat und Rattengift Rattenk\u00f6der ohne Sachkundenachweis kaufen\",\"description\":\"Kaufe Roundup Glyphosat Rattenk\u00f6der Rattengift ohne Sachkunde Einschr\u00e4nkungen\",\"publisher\":{\"@id\":\"https:\/\/hood.discount\/#organization\"},\"potentialAction\":[{\"@type\":\"SearchAction\",\"target\":{\"@type\":\"EntryPoint\",\"urlTemplate\":\"https:\/\/hood.discount\/?s={search_term_string}\"},\"query-input\":{\"@type\":\"PropertyValueSpecification\",\"valueRequired\":true,\"valueName\":\"search_term_string\"}}],\"inLanguage\":\"de\"},{\"@type\":\"Organization\",\"@id\":\"https:\/\/hood.discount\/#organization\",\"name\":\"hood discount Roundup, Glyphosat und Rattengift Rattenk\u00f6der kaufen\",\"url\":\"https:\/\/hood.discount\/\",\"logo\":{\"@type\":\"ImageObject\",\"inLanguage\":\"de\",\"@id\":\"https:\/\/hood.discount\/#\/schema\/logo\/image\/\",\"url\":\"https:\/\/hood.discount\/wp-content\/uploads\/2025\/03\/cropped-hood-discount.jpg\",\"contentUrl\":\"https:\/\/hood.discount\/wp-content\/uploads\/2025\/03\/cropped-hood-discount.jpg\",\"width\":999,\"height\":999,\"caption\":\"hood discount Roundup, Glyphosat und Rattengift Rattenk\u00f6der kaufen\"},\"image\":{\"@id\":\"https:\/\/hood.discount\/#\/schema\/logo\/image\/\"}}]}<\/script>\n<meta property=\"product:price:amount\" content=\"429.00\" \/>\n<meta property=\"product:price:currency\" content=\"EUR\" \/>\n<meta property=\"og:availability\" content=\"instock\" \/>\n<meta property=\"product:availability\" content=\"instock\" \/>\n<meta property=\"product:retailer_item_id\" content=\"Roundup REKORD PowerMax 720\" \/>\n<meta property=\"product:condition\" content=\"new\" \/>\n<!-- \/ Yoast SEO Premium plugin. -->","yoast_head_json":{"title":"Roundup\u00ae REKORD PowerMax 720 10kg - Roundup, Glyphosat und Rattengift Rattenk\u00f6der ohne Nachweis kaufen %Roundup Rekord 720 DAS KONZENTRAT ALS GRANULAT F\u00dcR DEN PROFI","description":"Das bew\u00e4hrte Roundup Rekord 720-Konzentrat als Granulat f\u00fcr den Profi. Sichert schnelle und sichere Unkrautbek\u00e4mpfung in verschiedenen Anwendungsbereichen. Hier informieren!","robots":{"index":"noindex","follow":"follow","max-snippet":"max-snippet:-1","max-image-preview":"max-image-preview:large","max-video-preview":"max-video-preview:-1"},"og_locale":"de_DE","og_type":"article","og_title":"Roundup\u00ae REKORD PowerMax 720 10kg","og_description":"Das bew\u00e4hrte Roundup Rekord 720-Konzentrat als Granulat f\u00fcr den Profi. Sichert schnelle und sichere Unkrautbek\u00e4mpfung in verschiedenen Anwendungsbereichen. Hier informieren!","og_url":"https:\/\/hood.discount\/?product=roundup-rekord-powermax-720-10kg","og_site_name":"Roundup, Glyphosat und Rattengift Rattenk\u00f6der ohne Nachweis kaufen","article_modified_time":"2025-02-25T14:59:39+00:00","og_image":[{"width":1200,"height":1200,"url":"https:\/\/hood.discount\/wp-content\/uploads\/2025\/02\/roundup-rekord-powermax-720-product-image_1_1200x1200.jpg","type":"image\/jpeg"}],"twitter_card":"summary_large_image","twitter_misc":{"Preis":"429,00&nbsp;&euro; incl. VAT","Verf\u00fcgbarkeit":"Auf Lager"},"schema":{"@context":"https:\/\/schema.org","@graph":[{"@type":"WebPage","@id":"https:\/\/hood.discount\/?product=roundup-rekord-powermax-720-10kg","url":"https:\/\/hood.discount\/?product=roundup-rekord-powermax-720-10kg","name":"Roundup\u00ae REKORD PowerMax 720 10kg - Roundup, Glyphosat und Rattengift Rattenk\u00f6der ohne Nachweis kaufen %Roundup Rekord 720 DAS KONZENTRAT ALS GRANULAT F\u00dcR DEN PROFI","isPartOf":{"@id":"https:\/\/hood.discount\/#website"},"primaryImageOfPage":{"@id":"https:\/\/hood.discount\/?product=roundup-rekord-powermax-720-10kg#primaryimage"},"image":{"@id":"https:\/\/hood.discount\/?product=roundup-rekord-powermax-720-10kg#primaryimage"},"thumbnailUrl":"https:\/\/hood.discount\/wp-content\/uploads\/2025\/02\/roundup-rekord-powermax-720-product-image_1_1200x1200.jpg","datePublished":"2025-02-11T05:20:42+00:00","dateModified":"2025-02-25T14:59:39+00:00","description":"Das bew\u00e4hrte Roundup Rekord 720-Konzentrat als Granulat f\u00fcr den Profi. Sichert schnelle und sichere Unkrautbek\u00e4mpfung in verschiedenen Anwendungsbereichen. Hier informieren!","breadcrumb":{"@id":"https:\/\/hood.discount\/?product=roundup-rekord-powermax-720-10kg#breadcrumb"},"inLanguage":"de","potentialAction":[{"@type":"ReadAction","target":["https:\/\/hood.discount\/?product=roundup-rekord-powermax-720-10kg"]}]},{"@type":"ImageObject","inLanguage":"de","@id":"https:\/\/hood.discount\/?product=roundup-rekord-powermax-720-10kg#primaryimage","url":"https:\/\/hood.discount\/wp-content\/uploads\/2025\/02\/roundup-rekord-powermax-720-product-image_1_1200x1200.jpg","contentUrl":"https:\/\/hood.discount\/wp-content\/uploads\/2025\/02\/roundup-rekord-powermax-720-product-image_1_1200x1200.jpg","width":1200,"height":1200},{"@type":"BreadcrumbList","@id":"https:\/\/hood.discount\/?product=roundup-rekord-powermax-720-10kg#breadcrumb","itemListElement":[{"@type":"ListItem","position":1,"name":"Home","item":"https:\/\/hood.discount\/"},{"@type":"ListItem","position":2,"name":"Shop","item":"https:\/\/hood.discount\/?page_id=1207"},{"@type":"ListItem","position":3,"name":"Roundup\u00ae REKORD PowerMax 720 10kg"}]},{"@type":"WebSite","@id":"https:\/\/hood.discount\/#website","url":"https:\/\/hood.discount\/","name":"hood discount Roundup, Glyphosat und Rattengift Rattenk\u00f6der ohne Sachkundenachweis kaufen","description":"Kaufe Roundup Glyphosat Rattenk\u00f6der Rattengift ohne Sachkunde Einschr\u00e4nkungen","publisher":{"@id":"https:\/\/hood.discount\/#organization"},"potentialAction":[{"@type":"SearchAction","target":{"@type":"EntryPoint","urlTemplate":"https:\/\/hood.discount\/?s={search_term_string}"},"query-input":{"@type":"PropertyValueSpecification","valueRequired":true,"valueName":"search_term_string"}}],"inLanguage":"de"},{"@type":"Organization","@id":"https:\/\/hood.discount\/#organization","name":"hood discount Roundup, Glyphosat und Rattengift Rattenk\u00f6der kaufen","url":"https:\/\/hood.discount\/","logo":{"@type":"ImageObject","inLanguage":"de","@id":"https:\/\/hood.discount\/#\/schema\/logo\/image\/","url":"https:\/\/hood.discount\/wp-content\/uploads\/2025\/03\/cropped-hood-discount.jpg","contentUrl":"https:\/\/hood.discount\/wp-content\/uploads\/2025\/03\/cropped-hood-discount.jpg","width":999,"height":999,"caption":"hood discount Roundup, Glyphosat und Rattengift Rattenk\u00f6der kaufen"},"image":{"@id":"https:\/\/hood.discount\/#\/schema\/logo\/image\/"}}]},"product_price_amount":"429.00","product_price_currency":"EUR","og_availability":"instock","product_availability":"instock","product_retailer_item_id":"Roundup REKORD PowerMax 720","product_condition":"new"},"_links":{"self":[{"href":"https:\/\/hood.discount\/index.php?rest_route=\/wp\/v2\/product\/22197","targetHints":{"allow":["GET"]}}],"collection":[{"href":"https:\/\/hood.discount\/index.php?rest_route=\/wp\/v2\/product"}],"about":[{"href":"https:\/\/hood.discount\/index.php?rest_route=\/wp\/v2\/types\/product"}],"replies":[{"embeddable":true,"href":"https:\/\/hood.discount\/index.php?rest_route=%2Fwp%2Fv2%2Fcomments&post=22197"}],"wp:featuredmedia":[{"embeddable":true,"href":"https:\/\/hood.discount\/index.php?rest_route=\/wp\/v2\/media\/21872"}],"wp:attachment":[{"href":"https:\/\/hood.discount\/index.php?rest_route=%2Fwp%2Fv2%2Fmedia&parent=22197"}],"wp:term":[{"taxonomy":"product_brand","embeddable":true,"href":"https:\/\/hood.discount\/index.php?rest_route=%2Fwp%2Fv2%2Fproduct_brand&post=22197"},{"taxonomy":"product_cat","embeddable":true,"href":"https:\/\/hood.discount\/index.php?rest_route=%2Fwp%2Fv2%2Fproduct_cat&post=22197"},{"taxonomy":"product_tag","embeddable":true,"href":"https:\/\/hood.discount\/index.php?rest_route=%2Fwp%2Fv2%2Fproduct_tag&post=22197"}],"curies":[{"name":"wp","href":"https:\/\/api.w.org\/{rel}","templated":true}]}}