{"id":22196,"date":"2025-02-11T05:20:42","date_gmt":"2025-02-11T05:20:42","guid":{"rendered":"https:\/\/hood.discount\/?post_type=product&#038;p=22196"},"modified":"2025-02-25T14:59:39","modified_gmt":"2025-02-25T14:59:39","slug":"fluoreszierendes-nagerspuren-pulver-250g","status":"publish","type":"product","link":"https:\/\/hood.discount\/?product=fluoreszierendes-nagerspuren-pulver-250g","title":{"rendered":"Fluoreszierendes Nagerspuren Pulver 250g"},"content":{"rendered":"<h2>ANWENDUNG<\/h2>\n<h3>Hier erfahren Sie, wie Sie vorgehen m\u00fcssen, um dieses innovative Produkt optimal zu nutzen:<\/h3>\n<ol>\n<li><strong>Bestimmung der \u00dcberwachungsbereiche: <\/strong>Beginnen Sie damit, die Bereiche zu identifizieren, in denen Nagetieraktivit\u00e4t vermutet wird. <strong>FLUORESCENT TRACKING DUST <\/strong>ist besonders n\u00fctzlich in Bereichen, in denen die Anwesenheit von Nagetieren nicht bestimmt werden kann.<\/li>\n<li><strong>Auftragen des Pulvers: <\/strong>Versteuen Sie das Pulver entweder mit der Hand oder verwenden Sie unser Applikator-Set.<\/li>\n<li><strong>\u00dcberwachung unter UV-Licht<\/strong>: \u00dcberpr\u00fcfen Sie die behandelten Bereiche nach dem Auftragen regelm\u00e4\u00dfig mit unserer UV-Lampe. Das fluoreszierende Pulver wird die Laufspuren der Nagetiere sichtbar machen und ihre \u00fcblichen Routen und Bereiche anzeigen.<\/li>\n<li><strong>Analyse und Aktion: <\/strong>Nutzen Sie die mit <strong>FLUORESCENT TRACKING DUST <\/strong>gesammelten Informationen, um Ihre Strategie zur Bek\u00e4mpfung von Nagetieren anzupassen. Stellen Sie gezielt Fallen und K\u00f6der entlang der ermittelten Routen auf, um eine effektivere Ausrottung zu erreichen.<\/li>\n<li><strong>Vorsichtsma\u00dfnahmen : <\/strong>Obwohl <strong>FLUORESCENT TRACKING DUST <\/strong>nicht giftig ist, gehen Sie vorsichtig damit um, um das Einatmen des Pulvers und l\u00e4ngeren Hautkontakt zu vermeiden. Stellen Sie au\u00dferdem sicher, da\u00df das Pulver au\u00dferhalb der Reichweite von Kindern und Haustieren, die nicht zu den Zielgruppen geh\u00f6ren, aufbewahrt wird.<\/li>\n<\/ol>\n","protected":false},"excerpt":{"rendered":"<p><span style=\"font-family: Times New Roman, sans-serif;\"><span style=\"font-size: x-large;\"><span lang=\"en-GB\"><b>Nagetiere aufsp\u00fcren<\/b><\/span><\/span><\/span><\/p>\n<p><span style=\"font-family: Times New Roman, sans-serif;\"><span style=\"font-size: medium;\"><span lang=\"en-GB\">Herauszufinden, wo sich Ratten und M\u00e4use aufhalten und wo sie in einem befallenen Geb\u00e4ude aktiv sind, ist eine der wichtigsten Aufgaben bei der Planung von Bek\u00e4mpfungsma\u00dfnahmen. Seit Jahrzehnten verwenden <\/span><\/span><\/span><span style=\"font-family: Times New Roman, sans-serif;\"><span style=\"font-size: medium;\"><span lang=\"en-GB\">Sch\u00e4dlingsbek\u00e4mpfer <\/span><\/span><\/span><span style=\"font-family: Times New Roman, sans-serif;\"><span style=\"font-size: medium;\"><span lang=\"en-GB\">hierzu <\/span><\/span><\/span><span style=\"font-family: Times New Roman, sans-serif;\"><span style=\"font-size: medium;\"><span lang=\"en-GB\">eine einfache pulverf\u00f6rmige Substanz, die allgemein als Sp\u00fcrstaub bezeichnet wird, um zu zeigen, wo sich Ratten und M\u00e4use herumtreiben.<\/span><\/span><\/span><\/p>\n<p><span style=\"font-family: Times New Roman, sans-serif;\"><span style=\"font-size: medium;\"><span lang=\"en-GB\">In j\u00fcngster Zeit sind allerdings <\/span><\/span><\/span><span style=\"font-family: Times New Roman, sans-serif;\"><span style=\"font-size: medium;\"><span lang=\"en-GB\">Markenprodukte <\/span><\/span><\/span><span style=\"font-family: Times New Roman, sans-serif;\"><span style=\"font-size: medium;\"><span lang=\"en-GB\">wie FLUORESCENT TRACKING DUST erh\u00e4ltlich, die <\/span><\/span><\/span><span style=\"font-family: Times New Roman, sans-serif;\"><span style=\"font-size: medium;\"><span lang=\"en-GB\">fluoreszierende Farbstoffe enthalten. Diese sind nicht zu verwechseln mit giftigen F\u00e4hrtenst\u00e4uben, die Ratten und M\u00e4use t\u00f6ten sollen, nachdem sie den Staub bei der K\u00f6rperpflege verschluckt haben.<\/span><\/span><\/span><\/p>\n<p><span style=\"font-family: Times New Roman, sans-serif;\"><span style=\"font-size: medium;\"><span lang=\"en-GB\">FLUORESCENT TRACKING DUST <\/span><\/span><\/span><span style=\"font-family: Times New Roman, sans-serif;\"><span style=\"font-size: medium;\"><span lang=\"en-GB\">wird einfach auf <\/span><\/span><\/span><span style=\"font-family: Times New Roman, sans-serif;\"><span style=\"font-size: medium;\"><span lang=\"en-GB\">den <\/span><\/span><\/span><span style=\"font-family: Times New Roman, sans-serif;\"><span style=\"font-size: medium;\"><span lang=\"en-GB\">Boden oder <\/span><\/span><\/span><span style=\"font-family: Times New Roman, sans-serif;\"><span style=\"font-size: medium;\"><span lang=\"en-GB\">andere <\/span><\/span><\/span><span style=\"font-family: Times New Roman, sans-serif;\"><span style=\"font-size: medium;\"><span lang=\"en-GB\">Fl\u00e4che<\/span><\/span><\/span><span style=\"font-family: Times New Roman, sans-serif;\"><span style=\"font-size: medium;\"><span lang=\"en-GB\">n<\/span><\/span><\/span><span style=\"font-family: Times New Roman, sans-serif;\"><span style=\"font-size: medium;\"><span lang=\"en-GB\"> gestreut, auf der Ratten oder M\u00e4use vermutet werden, und \u00fcber Nacht liegen gelassen, um zu sehen, ob Spuren entstehen. <\/span><\/span><\/span><\/p>\n<p><span style=\"font-family: Times New Roman, sans-serif;\"><span style=\"font-size: medium;\"><span lang=\"en-GB\">\u00a0<\/span><\/span><\/span><\/p>\n","protected":false},"featured_media":21857,"comment_status":"open","ping_status":"closed","template":"","meta":[],"product_brand":[],"product_cat":[20],"product_tag":[],"class_list":{"0":"post-22196","1":"product","2":"type-product","3":"status-publish","4":"has-post-thumbnail","6":"product_cat-ratten-lokalisieren-und-bekampfen","8":"first","9":"instock","10":"taxable","11":"shipping-taxable","12":"purchasable","13":"product-type-simple"},"yoast_head":"<!-- This site is optimized with the Yoast SEO Premium plugin v27.1 (Yoast SEO v27.1.1) - https:\/\/yoast.com\/product\/yoast-seo-premium-wordpress\/ -->\n<title>Fluoreszierendes Nagerspuren Pulver 250g - Roundup, Glyphosat und Rattengift Rattenk\u00f6der ohne Nachweis kaufen<\/title>\n<meta name=\"description\" content=\"Entdecken Sie unsere fluoreszierende Nagerspuren Staub Pulver und verfolgen Sie ganz einfach die Aktivit\u00e4t von Ratten und M\u00e4usen. Ein Muss f\u00fcr Sch\u00e4dlingsbek\u00e4mpfung!\" \/>\n<meta name=\"robots\" content=\"noindex, follow, max-snippet:-1, max-image-preview:large, max-video-preview:-1\" \/>\n<meta property=\"og:locale\" content=\"de_DE\" \/>\n<meta property=\"og:type\" content=\"article\" \/>\n<meta property=\"og:title\" content=\"Fluoreszierendes Nagerspuren Pulver 250g\" \/>\n<meta property=\"og:description\" content=\"Entdecken Sie unsere fluoreszierende Nagerspuren Staub Pulver und verfolgen Sie ganz einfach die Aktivit\u00e4t von Ratten und M\u00e4usen. Ein Muss f\u00fcr Sch\u00e4dlingsbek\u00e4mpfung!\" \/>\n<meta property=\"og:url\" content=\"https:\/\/hood.discount\/?product=fluoreszierendes-nagerspuren-pulver-250g\" \/>\n<meta property=\"og:site_name\" content=\"Roundup, Glyphosat und Rattengift Rattenk\u00f6der ohne Nachweis kaufen\" \/>\n<meta property=\"article:modified_time\" content=\"2025-02-25T14:59:39+00:00\" \/>\n<meta property=\"og:image\" content=\"https:\/\/hood.discount\/wp-content\/uploads\/2025\/02\/fluryel250g.jpg\" \/>\n\t<meta property=\"og:image:width\" content=\"500\" \/>\n\t<meta property=\"og:image:height\" content=\"500\" \/>\n\t<meta property=\"og:image:type\" content=\"image\/jpeg\" \/>\n<meta name=\"twitter:card\" content=\"summary_large_image\" \/>\n<meta name=\"twitter:label1\" content=\"Preis\" \/>\n\t<meta name=\"twitter:data1\" content=\"74,99&nbsp;&euro; incl. VAT\" \/>\n\t<meta name=\"twitter:label2\" content=\"Verf\u00fcgbarkeit\" \/>\n\t<meta name=\"twitter:data2\" content=\"Auf Lager\" \/>\n<script type=\"application\/ld+json\" class=\"yoast-schema-graph\">{\"@context\":\"https:\/\/schema.org\",\"@graph\":[{\"@type\":\"WebPage\",\"@id\":\"https:\/\/hood.discount\/?product=fluoreszierendes-nagerspuren-pulver-250g\",\"url\":\"https:\/\/hood.discount\/?product=fluoreszierendes-nagerspuren-pulver-250g\",\"name\":\"Fluoreszierendes Nagerspuren Pulver 250g - Roundup, Glyphosat und Rattengift Rattenk\u00f6der ohne Nachweis kaufen\",\"isPartOf\":{\"@id\":\"https:\/\/hood.discount\/#website\"},\"primaryImageOfPage\":{\"@id\":\"https:\/\/hood.discount\/?product=fluoreszierendes-nagerspuren-pulver-250g#primaryimage\"},\"image\":{\"@id\":\"https:\/\/hood.discount\/?product=fluoreszierendes-nagerspuren-pulver-250g#primaryimage\"},\"thumbnailUrl\":\"https:\/\/hood.discount\/wp-content\/uploads\/2025\/02\/fluryel250g.jpg\",\"datePublished\":\"2025-02-11T05:20:42+00:00\",\"dateModified\":\"2025-02-25T14:59:39+00:00\",\"description\":\"Entdecken Sie unsere fluoreszierende Nagerspuren Staub Pulver und verfolgen Sie ganz einfach die Aktivit\u00e4t von Ratten und M\u00e4usen. Ein Muss f\u00fcr Sch\u00e4dlingsbek\u00e4mpfung!\",\"breadcrumb\":{\"@id\":\"https:\/\/hood.discount\/?product=fluoreszierendes-nagerspuren-pulver-250g#breadcrumb\"},\"inLanguage\":\"de\",\"potentialAction\":[{\"@type\":\"ReadAction\",\"target\":[\"https:\/\/hood.discount\/?product=fluoreszierendes-nagerspuren-pulver-250g\"]}]},{\"@type\":\"ImageObject\",\"inLanguage\":\"de\",\"@id\":\"https:\/\/hood.discount\/?product=fluoreszierendes-nagerspuren-pulver-250g#primaryimage\",\"url\":\"https:\/\/hood.discount\/wp-content\/uploads\/2025\/02\/fluryel250g.jpg\",\"contentUrl\":\"https:\/\/hood.discount\/wp-content\/uploads\/2025\/02\/fluryel250g.jpg\",\"width\":500,\"height\":500},{\"@type\":\"BreadcrumbList\",\"@id\":\"https:\/\/hood.discount\/?product=fluoreszierendes-nagerspuren-pulver-250g#breadcrumb\",\"itemListElement\":[{\"@type\":\"ListItem\",\"position\":1,\"name\":\"Home\",\"item\":\"https:\/\/hood.discount\/\"},{\"@type\":\"ListItem\",\"position\":2,\"name\":\"Shop\",\"item\":\"https:\/\/hood.discount\/?page_id=1207\"},{\"@type\":\"ListItem\",\"position\":3,\"name\":\"Fluoreszierendes Nagerspuren Pulver 250g\"}]},{\"@type\":\"WebSite\",\"@id\":\"https:\/\/hood.discount\/#website\",\"url\":\"https:\/\/hood.discount\/\",\"name\":\"hood discount Roundup, Glyphosat und Rattengift Rattenk\u00f6der ohne Sachkundenachweis kaufen\",\"description\":\"Kaufe Roundup Glyphosat Rattenk\u00f6der Rattengift ohne Sachkunde Einschr\u00e4nkungen\",\"publisher\":{\"@id\":\"https:\/\/hood.discount\/#organization\"},\"potentialAction\":[{\"@type\":\"SearchAction\",\"target\":{\"@type\":\"EntryPoint\",\"urlTemplate\":\"https:\/\/hood.discount\/?s={search_term_string}\"},\"query-input\":{\"@type\":\"PropertyValueSpecification\",\"valueRequired\":true,\"valueName\":\"search_term_string\"}}],\"inLanguage\":\"de\"},{\"@type\":\"Organization\",\"@id\":\"https:\/\/hood.discount\/#organization\",\"name\":\"hood discount Roundup, Glyphosat und Rattengift Rattenk\u00f6der kaufen\",\"url\":\"https:\/\/hood.discount\/\",\"logo\":{\"@type\":\"ImageObject\",\"inLanguage\":\"de\",\"@id\":\"https:\/\/hood.discount\/#\/schema\/logo\/image\/\",\"url\":\"https:\/\/hood.discount\/wp-content\/uploads\/2025\/03\/cropped-hood-discount.jpg\",\"contentUrl\":\"https:\/\/hood.discount\/wp-content\/uploads\/2025\/03\/cropped-hood-discount.jpg\",\"width\":999,\"height\":999,\"caption\":\"hood discount Roundup, Glyphosat und Rattengift Rattenk\u00f6der kaufen\"},\"image\":{\"@id\":\"https:\/\/hood.discount\/#\/schema\/logo\/image\/\"}}]}<\/script>\n<meta property=\"product:price:amount\" content=\"74.99\" \/>\n<meta property=\"product:price:currency\" content=\"EUR\" \/>\n<meta property=\"og:availability\" content=\"instock\" \/>\n<meta property=\"product:availability\" content=\"instock\" \/>\n<meta property=\"product:condition\" content=\"new\" \/>\n<!-- \/ Yoast SEO Premium plugin. -->","yoast_head_json":{"title":"Fluoreszierendes Nagerspuren Pulver 250g - Roundup, Glyphosat und Rattengift Rattenk\u00f6der ohne Nachweis kaufen","description":"Entdecken Sie unsere fluoreszierende Nagerspuren Staub Pulver und verfolgen Sie ganz einfach die Aktivit\u00e4t von Ratten und M\u00e4usen. Ein Muss f\u00fcr Sch\u00e4dlingsbek\u00e4mpfung!","robots":{"index":"noindex","follow":"follow","max-snippet":"max-snippet:-1","max-image-preview":"max-image-preview:large","max-video-preview":"max-video-preview:-1"},"og_locale":"de_DE","og_type":"article","og_title":"Fluoreszierendes Nagerspuren Pulver 250g","og_description":"Entdecken Sie unsere fluoreszierende Nagerspuren Staub Pulver und verfolgen Sie ganz einfach die Aktivit\u00e4t von Ratten und M\u00e4usen. Ein Muss f\u00fcr Sch\u00e4dlingsbek\u00e4mpfung!","og_url":"https:\/\/hood.discount\/?product=fluoreszierendes-nagerspuren-pulver-250g","og_site_name":"Roundup, Glyphosat und Rattengift Rattenk\u00f6der ohne Nachweis kaufen","article_modified_time":"2025-02-25T14:59:39+00:00","og_image":[{"width":500,"height":500,"url":"https:\/\/hood.discount\/wp-content\/uploads\/2025\/02\/fluryel250g.jpg","type":"image\/jpeg"}],"twitter_card":"summary_large_image","twitter_misc":{"Preis":"74,99&nbsp;&euro; incl. VAT","Verf\u00fcgbarkeit":"Auf Lager"},"schema":{"@context":"https:\/\/schema.org","@graph":[{"@type":"WebPage","@id":"https:\/\/hood.discount\/?product=fluoreszierendes-nagerspuren-pulver-250g","url":"https:\/\/hood.discount\/?product=fluoreszierendes-nagerspuren-pulver-250g","name":"Fluoreszierendes Nagerspuren Pulver 250g - Roundup, Glyphosat und Rattengift Rattenk\u00f6der ohne Nachweis kaufen","isPartOf":{"@id":"https:\/\/hood.discount\/#website"},"primaryImageOfPage":{"@id":"https:\/\/hood.discount\/?product=fluoreszierendes-nagerspuren-pulver-250g#primaryimage"},"image":{"@id":"https:\/\/hood.discount\/?product=fluoreszierendes-nagerspuren-pulver-250g#primaryimage"},"thumbnailUrl":"https:\/\/hood.discount\/wp-content\/uploads\/2025\/02\/fluryel250g.jpg","datePublished":"2025-02-11T05:20:42+00:00","dateModified":"2025-02-25T14:59:39+00:00","description":"Entdecken Sie unsere fluoreszierende Nagerspuren Staub Pulver und verfolgen Sie ganz einfach die Aktivit\u00e4t von Ratten und M\u00e4usen. Ein Muss f\u00fcr Sch\u00e4dlingsbek\u00e4mpfung!","breadcrumb":{"@id":"https:\/\/hood.discount\/?product=fluoreszierendes-nagerspuren-pulver-250g#breadcrumb"},"inLanguage":"de","potentialAction":[{"@type":"ReadAction","target":["https:\/\/hood.discount\/?product=fluoreszierendes-nagerspuren-pulver-250g"]}]},{"@type":"ImageObject","inLanguage":"de","@id":"https:\/\/hood.discount\/?product=fluoreszierendes-nagerspuren-pulver-250g#primaryimage","url":"https:\/\/hood.discount\/wp-content\/uploads\/2025\/02\/fluryel250g.jpg","contentUrl":"https:\/\/hood.discount\/wp-content\/uploads\/2025\/02\/fluryel250g.jpg","width":500,"height":500},{"@type":"BreadcrumbList","@id":"https:\/\/hood.discount\/?product=fluoreszierendes-nagerspuren-pulver-250g#breadcrumb","itemListElement":[{"@type":"ListItem","position":1,"name":"Home","item":"https:\/\/hood.discount\/"},{"@type":"ListItem","position":2,"name":"Shop","item":"https:\/\/hood.discount\/?page_id=1207"},{"@type":"ListItem","position":3,"name":"Fluoreszierendes Nagerspuren Pulver 250g"}]},{"@type":"WebSite","@id":"https:\/\/hood.discount\/#website","url":"https:\/\/hood.discount\/","name":"hood discount Roundup, Glyphosat und Rattengift Rattenk\u00f6der ohne Sachkundenachweis kaufen","description":"Kaufe Roundup Glyphosat Rattenk\u00f6der Rattengift ohne Sachkunde Einschr\u00e4nkungen","publisher":{"@id":"https:\/\/hood.discount\/#organization"},"potentialAction":[{"@type":"SearchAction","target":{"@type":"EntryPoint","urlTemplate":"https:\/\/hood.discount\/?s={search_term_string}"},"query-input":{"@type":"PropertyValueSpecification","valueRequired":true,"valueName":"search_term_string"}}],"inLanguage":"de"},{"@type":"Organization","@id":"https:\/\/hood.discount\/#organization","name":"hood discount Roundup, Glyphosat und Rattengift Rattenk\u00f6der kaufen","url":"https:\/\/hood.discount\/","logo":{"@type":"ImageObject","inLanguage":"de","@id":"https:\/\/hood.discount\/#\/schema\/logo\/image\/","url":"https:\/\/hood.discount\/wp-content\/uploads\/2025\/03\/cropped-hood-discount.jpg","contentUrl":"https:\/\/hood.discount\/wp-content\/uploads\/2025\/03\/cropped-hood-discount.jpg","width":999,"height":999,"caption":"hood discount Roundup, Glyphosat und Rattengift Rattenk\u00f6der kaufen"},"image":{"@id":"https:\/\/hood.discount\/#\/schema\/logo\/image\/"}}]},"product_price_amount":"74.99","product_price_currency":"EUR","og_availability":"instock","product_availability":"instock","product_condition":"new"},"_links":{"self":[{"href":"https:\/\/hood.discount\/index.php?rest_route=\/wp\/v2\/product\/22196","targetHints":{"allow":["GET"]}}],"collection":[{"href":"https:\/\/hood.discount\/index.php?rest_route=\/wp\/v2\/product"}],"about":[{"href":"https:\/\/hood.discount\/index.php?rest_route=\/wp\/v2\/types\/product"}],"replies":[{"embeddable":true,"href":"https:\/\/hood.discount\/index.php?rest_route=%2Fwp%2Fv2%2Fcomments&post=22196"}],"wp:featuredmedia":[{"embeddable":true,"href":"https:\/\/hood.discount\/index.php?rest_route=\/wp\/v2\/media\/21857"}],"wp:attachment":[{"href":"https:\/\/hood.discount\/index.php?rest_route=%2Fwp%2Fv2%2Fmedia&parent=22196"}],"wp:term":[{"taxonomy":"product_brand","embeddable":true,"href":"https:\/\/hood.discount\/index.php?rest_route=%2Fwp%2Fv2%2Fproduct_brand&post=22196"},{"taxonomy":"product_cat","embeddable":true,"href":"https:\/\/hood.discount\/index.php?rest_route=%2Fwp%2Fv2%2Fproduct_cat&post=22196"},{"taxonomy":"product_tag","embeddable":true,"href":"https:\/\/hood.discount\/index.php?rest_route=%2Fwp%2Fv2%2Fproduct_tag&post=22196"}],"curies":[{"name":"wp","href":"https:\/\/api.w.org\/{rel}","templated":true}]}}