{"id":22194,"date":"2025-02-11T05:20:42","date_gmt":"2025-02-11T05:20:42","guid":{"rendered":"https:\/\/hood.discount\/?post_type=product&#038;p=22194"},"modified":"2025-05-10T18:18:10","modified_gmt":"2025-05-10T16:18:10","slug":"ratten-monitoring-und-insektizidbekampfung-pulver-handspruher-bulb-duster","status":"publish","type":"product","link":"https:\/\/hood.discount\/?product=ratten-monitoring-und-insektizidbekampfung-pulver-handspruher-bulb-duster","title":{"rendered":"Ratten Monitoring und Insektizidbek\u00e4mpfung Pulver Handspr\u00fcher Bulb Duster"},"content":{"rendered":"<p><span style=\"color: #ff00ff;\"><strong>Der AR Bulb Duster ist ein hochmoderner Handstaubwedel, der f\u00fcr Pr\u00e4zision und Komfort bei der Sch\u00e4dlingsbek\u00e4mpfung entwickelt wurde. Im Gegensatz zu herk\u00f6mmlichen Modellen verf\u00fcgt dieser Staubwedel \u00fcber eine separate Pulverkammer, die einen effizienten Staubaussto\u00df durch ein flexibles Verl\u00e4ngerungsrohr gew\u00e4hrleistet. Durch einfaches Zusammendr\u00fccken des an der Pulverkammer befestigten Handluftkolbens wird der Staub pr\u00e4zise und kontrolliert ausgesto\u00dfen.<\/strong><\/span><\/p>\n<p>Ausgestattet mit der bekannten 30 cm langen, flexiblen Stay-Put-D\u00fcse des AR 8 Systems, bietet dieses Staubger\u00e4t eine unvergleichliche Vielseitigkeit.<\/p>\n<p>Eine Steckd\u00fcse ist vorhanden. Risse und Spalten werden somit gut erreicht. Gezielte Behandlungen werden dadurch vereinfacht.<\/p>\n<p>Die isolierte Kunststoffspitze gew\u00e4hrleistet ein sicheres und effektives Abstauben von Steckdosen und Ger\u00e4ten.<\/p>\n<p>Der AR Bulb Duster ist ein unverzichtbares Werkzeug f\u00fcr das Monitoring von Ratten sowie die Bek\u00e4mpfung von Bettwanzen und sorgt f\u00fcr mehr Effizienz und Pr\u00e4zision. Dieser Staubwedel hebt Ihre Sch\u00e4dlingsbek\u00e4mpfungsm\u00f6glichkeiten auf die n\u00e4chste Stufe.<\/p>\n<p>Der mitgelieferte Messbecher erleichtert das Bef\u00fcllen, und der robuste Schlauch sch\u00fctzt die Staubkomponenten beim Transport vor Besch\u00e4digungen.<\/p>\n<p><strong>Das Set enth\u00e4lt:<\/strong><\/p>\n<p>Transportr\u00f6hre 41,5 cm lang<\/p>\n<p>Pumpe in Form einer Birne<\/p>\n<p>25-g-Pulverspender<\/p>\n<p>flexible Spitze (\u2300 =6 mm), 30 cm lang<\/p>\n<p>stabiler Schlauch f\u00fcr Aufbewahrung und Transport<\/p>\n<p>zwei D\u00fcsen (\u2300 = 4 mm)<\/p>\n<p>5 g Messbecher f\u00fcr den Puderauftrag<\/p>\n","protected":false},"excerpt":{"rendered":"<p>Der AR Bulb Duster ist ein neues Handstaubger\u00e4t, bei dem sich der Staub in einer von der Handpumpe getrennten Pulverkammer befindet. Der Staub wird durch ein flexibles Verl\u00e4ngerungsrohr ausgesto\u00dfen, indem der Handluftballon, der an der Pulverkammer befestigt ist, zusammengedr\u00fcckt wird. Die 30 cm lange, flexible D\u00fcse des AR 8-Systems und wird mit einer Steckd\u00fcse f\u00fcr den Zugang zu Rissen und Spalten geliefert. Die isolierte Kunststoffspitze erleichtert das Best\u00e4uben von Steckdosen und Ger\u00e4ten usw.<\/p>\n<p>Somit besonders geeignet sowohl f\u00fcr das Ratten Monitoring als auch f\u00fcr die Bek\u00e4mpfung von Bettwanzen.<\/p>\n","protected":false},"featured_media":21853,"comment_status":"closed","ping_status":"closed","template":"","meta":[],"product_brand":[],"product_cat":[20],"product_tag":[],"class_list":{"0":"post-22194","1":"product","2":"type-product","3":"status-publish","4":"has-post-thumbnail","6":"product_cat-ratten-lokalisieren-und-bekampfen","8":"first","9":"instock","10":"taxable","11":"shipping-taxable","12":"purchasable","13":"product-type-simple"},"yoast_head":"<!-- This site is optimized with the Yoast SEO Premium plugin v27.1 (Yoast SEO v27.1.1) - https:\/\/yoast.com\/product\/yoast-seo-premium-wordpress\/ -->\n<title>Ratten Monitoring und Insektizidbek\u00e4mpfung Pulver Handspr\u00fcher Bulb Duster - Roundup, Glyphosat und Rattengift Rattenk\u00f6der ohne Nachweis kaufen<\/title>\n<meta name=\"description\" content=\"Der AR Bulb Duster ist ein neues Handstaubger\u00e4t, bei dem sich der Staub in einer von der Handpumpe getrennten Pulverkammer befindet. Der Staub wird durch ein flexibles Verl\u00e4ngerungsrohr ausgesto\u00dfen, indem der Handluftballon, der an der Pulverkammer befestigt ist, zusammengedr\u00fcckt wird. Er hat den Vorteil der 30 cm langen, flexiblen D\u00fcse des AR 8-Systems und wird mit einer Steckd\u00fcse f\u00fcr den Zugang zu Rissen und Spalten geliefert. Die isolierte Kunststoffspitze erm\u00f6glicht die Verwendung zum Abstauben von Steckdosen und Ger\u00e4ten usw. Dies ist auch ein sehr n\u00fctzliches Werkzeug f\u00fcr jeden, der sich mit der Behandlung von Bettwanzen besch\u00e4ftigt.\" \/>\n<meta name=\"robots\" content=\"noindex, follow, max-snippet:-1, max-image-preview:large, max-video-preview:-1\" \/>\n<meta property=\"og:locale\" content=\"de_DE\" \/>\n<meta property=\"og:type\" content=\"article\" \/>\n<meta property=\"og:title\" content=\"Ratten Monitoring und Insektizidbek\u00e4mpfung Pulver Handspr\u00fcher Bulb Duster\" \/>\n<meta property=\"og:description\" content=\"Der AR Bulb Duster ist ein neues Handstaubger\u00e4t, bei dem sich der Staub in einer von der Handpumpe getrennten Pulverkammer befindet. Der Staub wird durch ein flexibles Verl\u00e4ngerungsrohr ausgesto\u00dfen, indem der Handluftballon, der an der Pulverkammer befestigt ist, zusammengedr\u00fcckt wird. Er hat den Vorteil der 30 cm langen, flexiblen D\u00fcse des AR 8-Systems und wird mit einer Steckd\u00fcse f\u00fcr den Zugang zu Rissen und Spalten geliefert. Die isolierte Kunststoffspitze erm\u00f6glicht die Verwendung zum Abstauben von Steckdosen und Ger\u00e4ten usw. Dies ist auch ein sehr n\u00fctzliches Werkzeug f\u00fcr jeden, der sich mit der Behandlung von Bettwanzen besch\u00e4ftigt.\" \/>\n<meta property=\"og:url\" content=\"https:\/\/hood.discount\/?product=ratten-monitoring-und-insektizidbekampfung-pulver-handspruher-bulb-duster\" \/>\n<meta property=\"og:site_name\" content=\"Roundup, Glyphosat und Rattengift Rattenk\u00f6der ohne Nachweis kaufen\" \/>\n<meta property=\"article:modified_time\" content=\"2025-05-10T16:18:10+00:00\" \/>\n<meta property=\"og:image\" content=\"https:\/\/hood.discount\/wp-content\/uploads\/2025\/02\/lance_pro_bulb_duster_kit.jpg\" \/>\n\t<meta property=\"og:image:width\" content=\"500\" \/>\n\t<meta property=\"og:image:height\" content=\"500\" \/>\n\t<meta property=\"og:image:type\" content=\"image\/jpeg\" \/>\n<meta name=\"twitter:card\" content=\"summary_large_image\" \/>\n<meta name=\"twitter:label1\" content=\"Preis\" \/>\n\t<meta name=\"twitter:data1\" content=\"79,88&nbsp;&euro; incl. VAT\" \/>\n\t<meta name=\"twitter:label2\" content=\"Verf\u00fcgbarkeit\" \/>\n\t<meta name=\"twitter:data2\" content=\"Auf Lager\" \/>\n<script type=\"application\/ld+json\" class=\"yoast-schema-graph\">{\"@context\":\"https:\/\/schema.org\",\"@graph\":[{\"@type\":\"WebPage\",\"@id\":\"https:\/\/hood.discount\/?product=ratten-monitoring-und-insektizidbekampfung-pulver-handspruher-bulb-duster\",\"url\":\"https:\/\/hood.discount\/?product=ratten-monitoring-und-insektizidbekampfung-pulver-handspruher-bulb-duster\",\"name\":\"Ratten Monitoring und Insektizidbek\u00e4mpfung Pulver Handspr\u00fcher Bulb Duster - Roundup, Glyphosat und Rattengift Rattenk\u00f6der ohne Nachweis kaufen\",\"isPartOf\":{\"@id\":\"https:\/\/hood.discount\/#website\"},\"primaryImageOfPage\":{\"@id\":\"https:\/\/hood.discount\/?product=ratten-monitoring-und-insektizidbekampfung-pulver-handspruher-bulb-duster#primaryimage\"},\"image\":{\"@id\":\"https:\/\/hood.discount\/?product=ratten-monitoring-und-insektizidbekampfung-pulver-handspruher-bulb-duster#primaryimage\"},\"thumbnailUrl\":\"https:\/\/hood.discount\/wp-content\/uploads\/2025\/02\/lance_pro_bulb_duster_kit.jpg\",\"datePublished\":\"2025-02-11T05:20:42+00:00\",\"dateModified\":\"2025-05-10T16:18:10+00:00\",\"description\":\"Der AR Bulb Duster ist ein neues Handstaubger\u00e4t, bei dem sich der Staub in einer von der Handpumpe getrennten Pulverkammer befindet. Der Staub wird durch ein flexibles Verl\u00e4ngerungsrohr ausgesto\u00dfen, indem der Handluftballon, der an der Pulverkammer befestigt ist, zusammengedr\u00fcckt wird. Er hat den Vorteil der 30 cm langen, flexiblen D\u00fcse des AR 8-Systems und wird mit einer Steckd\u00fcse f\u00fcr den Zugang zu Rissen und Spalten geliefert. Die isolierte Kunststoffspitze erm\u00f6glicht die Verwendung zum Abstauben von Steckdosen und Ger\u00e4ten usw. Dies ist auch ein sehr n\u00fctzliches Werkzeug f\u00fcr jeden, der sich mit der Behandlung von Bettwanzen besch\u00e4ftigt.\",\"breadcrumb\":{\"@id\":\"https:\/\/hood.discount\/?product=ratten-monitoring-und-insektizidbekampfung-pulver-handspruher-bulb-duster#breadcrumb\"},\"inLanguage\":\"de\",\"potentialAction\":[{\"@type\":\"ReadAction\",\"target\":[\"https:\/\/hood.discount\/?product=ratten-monitoring-und-insektizidbekampfung-pulver-handspruher-bulb-duster\"]}]},{\"@type\":\"ImageObject\",\"inLanguage\":\"de\",\"@id\":\"https:\/\/hood.discount\/?product=ratten-monitoring-und-insektizidbekampfung-pulver-handspruher-bulb-duster#primaryimage\",\"url\":\"https:\/\/hood.discount\/wp-content\/uploads\/2025\/02\/lance_pro_bulb_duster_kit.jpg\",\"contentUrl\":\"https:\/\/hood.discount\/wp-content\/uploads\/2025\/02\/lance_pro_bulb_duster_kit.jpg\",\"width\":500,\"height\":500},{\"@type\":\"BreadcrumbList\",\"@id\":\"https:\/\/hood.discount\/?product=ratten-monitoring-und-insektizidbekampfung-pulver-handspruher-bulb-duster#breadcrumb\",\"itemListElement\":[{\"@type\":\"ListItem\",\"position\":1,\"name\":\"Home\",\"item\":\"https:\/\/hood.discount\/\"},{\"@type\":\"ListItem\",\"position\":2,\"name\":\"Shop\",\"item\":\"https:\/\/hood.discount\/?page_id=1207\"},{\"@type\":\"ListItem\",\"position\":3,\"name\":\"Ratten Monitoring und Insektizidbek\u00e4mpfung Pulver Handspr\u00fcher Bulb Duster\"}]},{\"@type\":\"WebSite\",\"@id\":\"https:\/\/hood.discount\/#website\",\"url\":\"https:\/\/hood.discount\/\",\"name\":\"hood discount Roundup, Glyphosat und Rattengift Rattenk\u00f6der ohne Sachkundenachweis kaufen\",\"description\":\"Kaufe Roundup Glyphosat Rattenk\u00f6der Rattengift ohne Sachkunde Einschr\u00e4nkungen\",\"publisher\":{\"@id\":\"https:\/\/hood.discount\/#organization\"},\"potentialAction\":[{\"@type\":\"SearchAction\",\"target\":{\"@type\":\"EntryPoint\",\"urlTemplate\":\"https:\/\/hood.discount\/?s={search_term_string}\"},\"query-input\":{\"@type\":\"PropertyValueSpecification\",\"valueRequired\":true,\"valueName\":\"search_term_string\"}}],\"inLanguage\":\"de\"},{\"@type\":\"Organization\",\"@id\":\"https:\/\/hood.discount\/#organization\",\"name\":\"hood discount Roundup, Glyphosat und Rattengift Rattenk\u00f6der kaufen\",\"url\":\"https:\/\/hood.discount\/\",\"logo\":{\"@type\":\"ImageObject\",\"inLanguage\":\"de\",\"@id\":\"https:\/\/hood.discount\/#\/schema\/logo\/image\/\",\"url\":\"https:\/\/hood.discount\/wp-content\/uploads\/2025\/03\/cropped-hood-discount.jpg\",\"contentUrl\":\"https:\/\/hood.discount\/wp-content\/uploads\/2025\/03\/cropped-hood-discount.jpg\",\"width\":999,\"height\":999,\"caption\":\"hood discount Roundup, Glyphosat und Rattengift Rattenk\u00f6der kaufen\"},\"image\":{\"@id\":\"https:\/\/hood.discount\/#\/schema\/logo\/image\/\"}}]}<\/script>\n<meta property=\"product:price:amount\" content=\"79.88\" \/>\n<meta property=\"product:price:currency\" content=\"EUR\" \/>\n<meta property=\"og:availability\" content=\"instock\" \/>\n<meta property=\"product:availability\" content=\"instock\" \/>\n<meta property=\"product:retailer_item_id\" content=\"AR Bulb Duster\" \/>\n<meta property=\"product:condition\" content=\"new\" \/>\n<!-- \/ Yoast SEO Premium plugin. -->","yoast_head_json":{"title":"Ratten Monitoring und Insektizidbek\u00e4mpfung Pulver Handspr\u00fcher Bulb Duster - Roundup, Glyphosat und Rattengift Rattenk\u00f6der ohne Nachweis kaufen","description":"Der AR Bulb Duster ist ein neues Handstaubger\u00e4t, bei dem sich der Staub in einer von der Handpumpe getrennten Pulverkammer befindet. Der Staub wird durch ein flexibles Verl\u00e4ngerungsrohr ausgesto\u00dfen, indem der Handluftballon, der an der Pulverkammer befestigt ist, zusammengedr\u00fcckt wird. Er hat den Vorteil der 30 cm langen, flexiblen D\u00fcse des AR 8-Systems und wird mit einer Steckd\u00fcse f\u00fcr den Zugang zu Rissen und Spalten geliefert. Die isolierte Kunststoffspitze erm\u00f6glicht die Verwendung zum Abstauben von Steckdosen und Ger\u00e4ten usw. Dies ist auch ein sehr n\u00fctzliches Werkzeug f\u00fcr jeden, der sich mit der Behandlung von Bettwanzen besch\u00e4ftigt.","robots":{"index":"noindex","follow":"follow","max-snippet":"max-snippet:-1","max-image-preview":"max-image-preview:large","max-video-preview":"max-video-preview:-1"},"og_locale":"de_DE","og_type":"article","og_title":"Ratten Monitoring und Insektizidbek\u00e4mpfung Pulver Handspr\u00fcher Bulb Duster","og_description":"Der AR Bulb Duster ist ein neues Handstaubger\u00e4t, bei dem sich der Staub in einer von der Handpumpe getrennten Pulverkammer befindet. Der Staub wird durch ein flexibles Verl\u00e4ngerungsrohr ausgesto\u00dfen, indem der Handluftballon, der an der Pulverkammer befestigt ist, zusammengedr\u00fcckt wird. Er hat den Vorteil der 30 cm langen, flexiblen D\u00fcse des AR 8-Systems und wird mit einer Steckd\u00fcse f\u00fcr den Zugang zu Rissen und Spalten geliefert. Die isolierte Kunststoffspitze erm\u00f6glicht die Verwendung zum Abstauben von Steckdosen und Ger\u00e4ten usw. Dies ist auch ein sehr n\u00fctzliches Werkzeug f\u00fcr jeden, der sich mit der Behandlung von Bettwanzen besch\u00e4ftigt.","og_url":"https:\/\/hood.discount\/?product=ratten-monitoring-und-insektizidbekampfung-pulver-handspruher-bulb-duster","og_site_name":"Roundup, Glyphosat und Rattengift Rattenk\u00f6der ohne Nachweis kaufen","article_modified_time":"2025-05-10T16:18:10+00:00","og_image":[{"width":500,"height":500,"url":"https:\/\/hood.discount\/wp-content\/uploads\/2025\/02\/lance_pro_bulb_duster_kit.jpg","type":"image\/jpeg"}],"twitter_card":"summary_large_image","twitter_misc":{"Preis":"79,88&nbsp;&euro; incl. VAT","Verf\u00fcgbarkeit":"Auf Lager"},"schema":{"@context":"https:\/\/schema.org","@graph":[{"@type":"WebPage","@id":"https:\/\/hood.discount\/?product=ratten-monitoring-und-insektizidbekampfung-pulver-handspruher-bulb-duster","url":"https:\/\/hood.discount\/?product=ratten-monitoring-und-insektizidbekampfung-pulver-handspruher-bulb-duster","name":"Ratten Monitoring und Insektizidbek\u00e4mpfung Pulver Handspr\u00fcher Bulb Duster - Roundup, Glyphosat und Rattengift Rattenk\u00f6der ohne Nachweis kaufen","isPartOf":{"@id":"https:\/\/hood.discount\/#website"},"primaryImageOfPage":{"@id":"https:\/\/hood.discount\/?product=ratten-monitoring-und-insektizidbekampfung-pulver-handspruher-bulb-duster#primaryimage"},"image":{"@id":"https:\/\/hood.discount\/?product=ratten-monitoring-und-insektizidbekampfung-pulver-handspruher-bulb-duster#primaryimage"},"thumbnailUrl":"https:\/\/hood.discount\/wp-content\/uploads\/2025\/02\/lance_pro_bulb_duster_kit.jpg","datePublished":"2025-02-11T05:20:42+00:00","dateModified":"2025-05-10T16:18:10+00:00","description":"Der AR Bulb Duster ist ein neues Handstaubger\u00e4t, bei dem sich der Staub in einer von der Handpumpe getrennten Pulverkammer befindet. Der Staub wird durch ein flexibles Verl\u00e4ngerungsrohr ausgesto\u00dfen, indem der Handluftballon, der an der Pulverkammer befestigt ist, zusammengedr\u00fcckt wird. Er hat den Vorteil der 30 cm langen, flexiblen D\u00fcse des AR 8-Systems und wird mit einer Steckd\u00fcse f\u00fcr den Zugang zu Rissen und Spalten geliefert. Die isolierte Kunststoffspitze erm\u00f6glicht die Verwendung zum Abstauben von Steckdosen und Ger\u00e4ten usw. Dies ist auch ein sehr n\u00fctzliches Werkzeug f\u00fcr jeden, der sich mit der Behandlung von Bettwanzen besch\u00e4ftigt.","breadcrumb":{"@id":"https:\/\/hood.discount\/?product=ratten-monitoring-und-insektizidbekampfung-pulver-handspruher-bulb-duster#breadcrumb"},"inLanguage":"de","potentialAction":[{"@type":"ReadAction","target":["https:\/\/hood.discount\/?product=ratten-monitoring-und-insektizidbekampfung-pulver-handspruher-bulb-duster"]}]},{"@type":"ImageObject","inLanguage":"de","@id":"https:\/\/hood.discount\/?product=ratten-monitoring-und-insektizidbekampfung-pulver-handspruher-bulb-duster#primaryimage","url":"https:\/\/hood.discount\/wp-content\/uploads\/2025\/02\/lance_pro_bulb_duster_kit.jpg","contentUrl":"https:\/\/hood.discount\/wp-content\/uploads\/2025\/02\/lance_pro_bulb_duster_kit.jpg","width":500,"height":500},{"@type":"BreadcrumbList","@id":"https:\/\/hood.discount\/?product=ratten-monitoring-und-insektizidbekampfung-pulver-handspruher-bulb-duster#breadcrumb","itemListElement":[{"@type":"ListItem","position":1,"name":"Home","item":"https:\/\/hood.discount\/"},{"@type":"ListItem","position":2,"name":"Shop","item":"https:\/\/hood.discount\/?page_id=1207"},{"@type":"ListItem","position":3,"name":"Ratten Monitoring und Insektizidbek\u00e4mpfung Pulver Handspr\u00fcher Bulb Duster"}]},{"@type":"WebSite","@id":"https:\/\/hood.discount\/#website","url":"https:\/\/hood.discount\/","name":"hood discount Roundup, Glyphosat und Rattengift Rattenk\u00f6der ohne Sachkundenachweis kaufen","description":"Kaufe Roundup Glyphosat Rattenk\u00f6der Rattengift ohne Sachkunde Einschr\u00e4nkungen","publisher":{"@id":"https:\/\/hood.discount\/#organization"},"potentialAction":[{"@type":"SearchAction","target":{"@type":"EntryPoint","urlTemplate":"https:\/\/hood.discount\/?s={search_term_string}"},"query-input":{"@type":"PropertyValueSpecification","valueRequired":true,"valueName":"search_term_string"}}],"inLanguage":"de"},{"@type":"Organization","@id":"https:\/\/hood.discount\/#organization","name":"hood discount Roundup, Glyphosat und Rattengift Rattenk\u00f6der kaufen","url":"https:\/\/hood.discount\/","logo":{"@type":"ImageObject","inLanguage":"de","@id":"https:\/\/hood.discount\/#\/schema\/logo\/image\/","url":"https:\/\/hood.discount\/wp-content\/uploads\/2025\/03\/cropped-hood-discount.jpg","contentUrl":"https:\/\/hood.discount\/wp-content\/uploads\/2025\/03\/cropped-hood-discount.jpg","width":999,"height":999,"caption":"hood discount Roundup, Glyphosat und Rattengift Rattenk\u00f6der kaufen"},"image":{"@id":"https:\/\/hood.discount\/#\/schema\/logo\/image\/"}}]},"product_price_amount":"79.88","product_price_currency":"EUR","og_availability":"instock","product_availability":"instock","product_retailer_item_id":"AR Bulb Duster","product_condition":"new"},"_links":{"self":[{"href":"https:\/\/hood.discount\/index.php?rest_route=\/wp\/v2\/product\/22194","targetHints":{"allow":["GET"]}}],"collection":[{"href":"https:\/\/hood.discount\/index.php?rest_route=\/wp\/v2\/product"}],"about":[{"href":"https:\/\/hood.discount\/index.php?rest_route=\/wp\/v2\/types\/product"}],"replies":[{"embeddable":true,"href":"https:\/\/hood.discount\/index.php?rest_route=%2Fwp%2Fv2%2Fcomments&post=22194"}],"wp:featuredmedia":[{"embeddable":true,"href":"https:\/\/hood.discount\/index.php?rest_route=\/wp\/v2\/media\/21853"}],"wp:attachment":[{"href":"https:\/\/hood.discount\/index.php?rest_route=%2Fwp%2Fv2%2Fmedia&parent=22194"}],"wp:term":[{"taxonomy":"product_brand","embeddable":true,"href":"https:\/\/hood.discount\/index.php?rest_route=%2Fwp%2Fv2%2Fproduct_brand&post=22194"},{"taxonomy":"product_cat","embeddable":true,"href":"https:\/\/hood.discount\/index.php?rest_route=%2Fwp%2Fv2%2Fproduct_cat&post=22194"},{"taxonomy":"product_tag","embeddable":true,"href":"https:\/\/hood.discount\/index.php?rest_route=%2Fwp%2Fv2%2Fproduct_tag&post=22194"}],"curies":[{"name":"wp","href":"https:\/\/api.w.org\/{rel}","templated":true}]}}