{"id":22182,"date":"2025-02-11T05:20:41","date_gmt":"2025-02-11T05:20:41","guid":{"rendered":"https:\/\/hood.discount\/?post_type=product&#038;p=22182"},"modified":"2025-05-10T18:10:27","modified_gmt":"2025-05-10T16:10:27","slug":"rodentin-forte-rattenkoder-rattengift-power-koderblocke","status":"publish","type":"product","link":"https:\/\/hood.discount\/?product=rodentin-forte-rattenkoder-rattengift-power-koderblocke","title":{"rendered":"Rodentin\u00ae FORTE &#8211; Rattenk\u00f6der Rattengift Power K\u00f6derbl\u00f6cke"},"content":{"rendered":"<table class=\"contenttable\" border=\"0\" width=\"100%\" cellspacing=\"0\" cellpadding=\"3\">\n<tbody>\n<tr>\n<td class=\"newsueberschrift\" align=\"center\"><span style=\"font-family: Arial; font-size: large;\"><strong>PRODUKTBESCHREIBUNG<\/strong><\/span><\/td>\n<\/tr>\n<tr>\n<td class=\"newsinhalt\">\n<div class=\"kasten\">\n<p><b>Rodentin\u00ae FORTE Power K\u00f6derbl\u00f6cke 2kg<\/p>\n<p><\/b><\/p>\n<p><strong>\u2013 Hochattraktiver, Hochkonzentrierter Extrem K\u00f6derblock<\/strong><\/p>\n<p><strong>\u2013 Erfolgreiche Resultate bei Ratten- und M\u00e4usebek\u00e4mpfung<\/strong><\/p>\n<p><strong>\u2013 F\u00fcr Innen- und Au\u00dfenbereich<\/strong><\/p>\n<p><strong>\u2013 Zusammengestellt aus hochattraktiven Lockstoffen<\/strong><\/p>\n<p><strong>\u2013 Speziell abgestimmt auf das Fressverhalten der Schadnager<\/strong><\/p>\n<p><strong>\u2013 Schnell und nachhaltig wirksam.<\/strong><\/p>\n<p><strong>Gefahr:<\/p>\n<p><\/strong>H373 Kann Organe sch\u00e4digen bei l\u00e4ngerer oder wiederholter Exposition<\/p>\n<p>EUH401 Zur Vermeidung von Risiken f\u00fcr Mensch und Umwelt die Gebrauchsanleitung einhalten<\/p>\n<p><strong>Wirkstoff:<\/strong> Bromadiolon 0,05 g\/kg<\/p>\n<p><strong>VE:<\/strong> K\u00f6derbl\u00f6cke je 25 Gramm<\/p>\n<p>Verpackung\u00a0 2 kg<strong>, <\/strong>7 kg<strong> (Design der Umverpackung kann abweichen)<\/strong><\/p>\n<p><span class=\"auto-style4\">H317 Kann allergische Hautreaktionen verursachen.<\/p>\n<p><\/span><span class=\"auto-style4\">H360D Kann das Kind im Mutterleib sch\u00e4digen.<\/span><br class=\"auto-style4\" \/><span class=\"auto-style4\">H372 Sch\u00e4digt die Organe (Blut) bei l\u00e4ngerer oder wiederholter Exposition.<\/span><br class=\"auto-style4\" \/><span class=\"auto-style4\">P201 Vor Gebrauch besondere Anweisungen einholen.<\/span><br class=\"auto-style4\" \/><span class=\"auto-style4\">P202 Vor Gebrauch alle Sicherheitshinweise lesen und verstehen.<\/span><br class=\"auto-style4\" \/><span class=\"auto-style4\">P264 Nach Gebrauch die H\u00e4nde gr\u00fcndlich waschen.<\/span><br class=\"auto-style4\" \/><span class=\"auto-style4\">P270 Bei Gebrauch nicht essen, trinken oder rauchen.<\/span><br class=\"auto-style4\" \/><span class=\"auto-style4\">P280 Schutzhandschuhe tragen.<\/span><br class=\"auto-style4\" \/><span class=\"auto-style4\">P308 + P313 BEI Exposition oder falls betroffen: \u00c4rztlichen Rat einholen\/\u00e4rztliche Hilfe hinzuziehen.<\/span><br class=\"auto-style4\" \/><span class=\"auto-style4\">P314 Bei Unwohlsein \u00e4rztlichen Rat einholen\/\u00e4rztliche Hilfe hinzuziehen.<\/span><br class=\"auto-style4\" \/><span class=\"auto-style4\">P405 Unter Verschluss aufbewahren.<\/span><br class=\"auto-style4\" \/><span class=\"auto-style4\">P501 Inhalt\/Beh\u00e4lter gem\u00e4\u00df lokalen\/regionalen\/nationalen\/internationalen Vorschriften zuf\u00fchren.<\/span><\/p>\n<\/div>\n<div class=\"kasten\">\n<table id=\"product-attribute-specs-table\" class=\"data table additional-attributes\">\n<tbody>\n<tr>\n<th class=\"col label\" scope=\"row\">\n<table id=\"product-attribute-specs-table\" class=\"data table additional-attributes\">\n<tbody>\n<tr>\n<th class=\"col label\" scope=\"row\"><\/th>\n<td class=\"col data\" data-th=\"Zulassungsnummer\"><\/td>\n<\/tr>\n<tr>\n<th class=\"col label\" scope=\"row\"><span style=\"font-family: Arial; font-size: large;\">Hazards<\/span><\/th>\n<td class=\"col data\" data-th=\"Hazards\"><span style=\"font-family: Arial; font-size: large;\"><img decoding=\"async\" src=\"https:\/\/katalog.killgerm.de\/pub\/media\/wysiwyg\/equipment_symbols\/GLOVES-ICON.png\" alt=\"\" \/><img decoding=\"async\" src=\"https:\/\/katalog.killgerm.de\/pub\/media\/wysiwyg\/dangerous_symbols\/RESPIRATORY-HAZARD-ICON.png\" alt=\"\" \/><\/span><\/td>\n<\/tr>\n<tr>\n<th class=\"col label\" scope=\"row\">&nbsp;<\/p>\n<p>Anwendung Gegen<\/th>\n<td class=\"col data\" data-th=\"Anwendung Gegen\"><span style=\"font-family: Arial; font-size: large;\">Wanderratte (und Hausmaus nur 25g Bl\u00f6cke)<\/span><\/p>\n<p><span style=\"font-family: Arial; font-size: large;\">in und um Geb\u00e4ude und im Kanal<\/span><\/td>\n<\/tr>\n<tr>\n<th class=\"col label\" scope=\"row\"><span style=\"font-family: Arial; font-size: large;\">Dosierung<\/p>\n<p><\/span><\/th>\n<td class=\"col data\" data-th=\"Dosierung\">&nbsp;<\/p>\n<p><span style=\"font-family: Arial; font-size: large;\">M\u00e4usebefall 20g bis 25g K\u00f6der auf 3 bis 5m<\/p>\n<p>Rattenbefall 100g bis 150g K\u00f6der auf 5 bis 10m\u00a0<\/span><\/p>\n<p><span style=\"font-family: Arial; font-size: large;\">Die Distanz zwischen den K\u00f6derstationen muss bei starkem Befall reduziert werden.<\/span><\/td>\n<\/tr>\n<tr>\n<th class=\"col label\" scope=\"row\"><span style=\"font-family: Arial; font-size: large;\"><\/p>\n<p>Wirkstoff<\/span><\/th>\n<td class=\"col data\" data-th=\"Wirkstoff\"><span style=\"font-family: Arial; font-size: large;\"><\/p>\n<p>Bromadiolon 0,05 g\/kg<\/p>\n<p><\/span><\/td>\n<\/tr>\n<\/tbody>\n<\/table>\n<\/th>\n<\/tr>\n<\/tbody>\n<\/table>\n<\/div>\n<\/td>\n<\/tr>\n<\/tbody>\n<\/table>\n","protected":false},"excerpt":{"rendered":"<p>Hochattraktiver, wetterfester und kompakter K\u00f6derblock zum Einsatz gegen Wanderratten und Hausm\u00e4use. Diese K\u00f6der sind bedingt durch ihre Gr\u00f6\u00dfe ideal f\u00fcr die Ratten Bek\u00e4mpfung, da sie die Ratten nach Nahrungsaufnahme t\u00f6ten, ohne dass die Tiere unn\u00f6tig leiden m\u00fcssen. Nat\u00fcrlich k\u00f6nnen die K\u00f6der auch f\u00fcr die gleichzeitige Bek\u00e4mpfung von M\u00e4usen verwendet werden. <b>Jeder Block ist mittig mit einem Loch versehen, damit er in geeigneten Rattentunneln und K\u00f6derstationen befestigt werden kann. Hierdurch und durch die eckige Form sowie die Rillen auf der Oberfl\u00e4che werden die Ratten zus\u00e4tzlich zum Nagen animiert.<\/b> Eine Befestigung des K\u00f6ders in einem Rattentunnel sorgt zus\u00e4tzlich daf\u00fcr, dass die Aufnahme des K\u00f6ders in der Box erfolgt und das Verschleppungsrisiko des K\u00f6ders reduziert wird.<\/p>\n","protected":false},"featured_media":21998,"comment_status":"open","ping_status":"closed","template":"","meta":[],"product_brand":[],"product_cat":[19],"product_tag":[29,38,39,40,41,91],"class_list":{"0":"post-22182","1":"product","2":"type-product","3":"status-publish","4":"has-post-thumbnail","6":"product_cat-anticoagulant-rodenticides-rattengift","7":"product_tag-rattengift","8":"product_tag-mausegift","9":"product_tag-koder","10":"product_tag-koderbeutel","11":"product_tag-ratimor","12":"product_tag-bromadiolon","14":"first","15":"instock","16":"taxable","17":"shipping-taxable","18":"purchasable","19":"product-type-variable"},"yoast_head":"<!-- This site is optimized with the Yoast SEO Premium plugin v27.1 (Yoast SEO v27.1.1) - https:\/\/yoast.com\/product\/yoast-seo-premium-wordpress\/ -->\n<title>Rodentin\u00ae FORTE - Rattenk\u00f6der Rattengift Power K\u00f6derbl\u00f6cke - Roundup, Glyphosat und Rattengift Rattenk\u00f6der ohne Nachweis kaufen<\/title>\n<meta name=\"description\" content=\"Rodentin\u00ae FORTE - Rattenk\u00f6der Rattengift Power K\u00f6derbl\u00f6cke Roundup, Glyphosat und Rattengift Rattenk\u00f6der ohne Nachweis kaufen Ratimor Pasten Power Rattengift K\u00f6derbl\u00f6cke Bromadiolon\" \/>\n<meta name=\"robots\" content=\"noindex, follow, max-snippet:-1, max-image-preview:large, max-video-preview:-1\" \/>\n<meta property=\"og:locale\" content=\"de_DE\" \/>\n<meta property=\"og:type\" content=\"article\" \/>\n<meta property=\"og:title\" content=\"Rodentin\u00ae FORTE - Rattenk\u00f6der Rattengift Power K\u00f6derbl\u00f6cke\" \/>\n<meta property=\"og:description\" content=\"Rodentin\u00ae FORTE - Rattenk\u00f6der Rattengift Power K\u00f6derbl\u00f6cke Roundup, Glyphosat und Rattengift Rattenk\u00f6der ohne Nachweis kaufen Ratimor Pasten Power Rattengift K\u00f6derbl\u00f6cke Bromadiolon\" \/>\n<meta property=\"og:url\" content=\"https:\/\/hood.discount\/?product=rodentin-forte-rattenkoder-rattengift-power-koderblocke\" \/>\n<meta property=\"og:site_name\" content=\"Roundup, Glyphosat und Rattengift Rattenk\u00f6der ohne Nachweis kaufen\" \/>\n<meta property=\"article:modified_time\" content=\"2025-05-10T16:10:27+00:00\" \/>\n<meta property=\"og:image\" content=\"https:\/\/hood.discount\/wp-content\/uploads\/2025\/02\/rodentin-forte-rattenkoeder-rattengift-power-koederbloecke-2-kg-3.jpg\" \/>\n\t<meta property=\"og:image:width\" content=\"1536\" \/>\n\t<meta property=\"og:image:height\" content=\"1320\" \/>\n\t<meta property=\"og:image:type\" content=\"image\/jpeg\" \/>\n<meta name=\"twitter:card\" content=\"summary_large_image\" \/>\n<meta name=\"twitter:label1\" content=\"Verf\u00fcgbarkeit\" \/>\n\t<meta name=\"twitter:data1\" content=\"Auf Lager\" \/>\n<script type=\"application\/ld+json\" class=\"yoast-schema-graph\">{\"@context\":\"https:\/\/schema.org\",\"@graph\":[{\"@type\":\"WebPage\",\"@id\":\"https:\/\/hood.discount\/?product=rodentin-forte-rattenkoder-rattengift-power-koderblocke\",\"url\":\"https:\/\/hood.discount\/?product=rodentin-forte-rattenkoder-rattengift-power-koderblocke\",\"name\":\"Rodentin\u00ae FORTE - Rattenk\u00f6der Rattengift Power K\u00f6derbl\u00f6cke - Roundup, Glyphosat und Rattengift Rattenk\u00f6der ohne Nachweis kaufen\",\"isPartOf\":{\"@id\":\"https:\/\/hood.discount\/#website\"},\"primaryImageOfPage\":{\"@id\":\"https:\/\/hood.discount\/?product=rodentin-forte-rattenkoder-rattengift-power-koderblocke#primaryimage\"},\"image\":{\"@id\":\"https:\/\/hood.discount\/?product=rodentin-forte-rattenkoder-rattengift-power-koderblocke#primaryimage\"},\"thumbnailUrl\":\"https:\/\/hood.discount\/wp-content\/uploads\/2025\/02\/rodentin-forte-rattenkoeder-rattengift-power-koederbloecke-2-kg-3.jpg\",\"datePublished\":\"2025-02-11T05:20:41+00:00\",\"dateModified\":\"2025-05-10T16:10:27+00:00\",\"description\":\"Rodentin\u00ae FORTE - Rattenk\u00f6der Rattengift Power K\u00f6derbl\u00f6cke Roundup, Glyphosat und Rattengift Rattenk\u00f6der ohne Nachweis kaufen Ratimor Pasten Power Rattengift K\u00f6derbl\u00f6cke Bromadiolon\",\"breadcrumb\":{\"@id\":\"https:\/\/hood.discount\/?product=rodentin-forte-rattenkoder-rattengift-power-koderblocke#breadcrumb\"},\"inLanguage\":\"de\",\"potentialAction\":[{\"@type\":\"ReadAction\",\"target\":[\"https:\/\/hood.discount\/?product=rodentin-forte-rattenkoder-rattengift-power-koderblocke\"]}]},{\"@type\":\"ImageObject\",\"inLanguage\":\"de\",\"@id\":\"https:\/\/hood.discount\/?product=rodentin-forte-rattenkoder-rattengift-power-koderblocke#primaryimage\",\"url\":\"https:\/\/hood.discount\/wp-content\/uploads\/2025\/02\/rodentin-forte-rattenkoeder-rattengift-power-koederbloecke-2-kg-3.jpg\",\"contentUrl\":\"https:\/\/hood.discount\/wp-content\/uploads\/2025\/02\/rodentin-forte-rattenkoeder-rattengift-power-koederbloecke-2-kg-3.jpg\",\"width\":1536,\"height\":1320},{\"@type\":\"BreadcrumbList\",\"@id\":\"https:\/\/hood.discount\/?product=rodentin-forte-rattenkoder-rattengift-power-koderblocke#breadcrumb\",\"itemListElement\":[{\"@type\":\"ListItem\",\"position\":1,\"name\":\"Home\",\"item\":\"https:\/\/hood.discount\/\"},{\"@type\":\"ListItem\",\"position\":2,\"name\":\"Shop\",\"item\":\"https:\/\/hood.discount\/?page_id=1207\"},{\"@type\":\"ListItem\",\"position\":3,\"name\":\"Rodentin\u00ae FORTE &#8211; Rattenk\u00f6der Rattengift Power K\u00f6derbl\u00f6cke\"}]},{\"@type\":\"WebSite\",\"@id\":\"https:\/\/hood.discount\/#website\",\"url\":\"https:\/\/hood.discount\/\",\"name\":\"hood discount Roundup, Glyphosat und Rattengift Rattenk\u00f6der ohne Sachkundenachweis kaufen\",\"description\":\"Kaufe Roundup Glyphosat Rattenk\u00f6der Rattengift ohne Sachkunde Einschr\u00e4nkungen\",\"publisher\":{\"@id\":\"https:\/\/hood.discount\/#organization\"},\"potentialAction\":[{\"@type\":\"SearchAction\",\"target\":{\"@type\":\"EntryPoint\",\"urlTemplate\":\"https:\/\/hood.discount\/?s={search_term_string}\"},\"query-input\":{\"@type\":\"PropertyValueSpecification\",\"valueRequired\":true,\"valueName\":\"search_term_string\"}}],\"inLanguage\":\"de\"},{\"@type\":\"Organization\",\"@id\":\"https:\/\/hood.discount\/#organization\",\"name\":\"hood discount Roundup, Glyphosat und Rattengift Rattenk\u00f6der kaufen\",\"url\":\"https:\/\/hood.discount\/\",\"logo\":{\"@type\":\"ImageObject\",\"inLanguage\":\"de\",\"@id\":\"https:\/\/hood.discount\/#\/schema\/logo\/image\/\",\"url\":\"https:\/\/hood.discount\/wp-content\/uploads\/2025\/03\/cropped-hood-discount.jpg\",\"contentUrl\":\"https:\/\/hood.discount\/wp-content\/uploads\/2025\/03\/cropped-hood-discount.jpg\",\"width\":999,\"height\":999,\"caption\":\"hood discount Roundup, Glyphosat und Rattengift Rattenk\u00f6der kaufen\"},\"image\":{\"@id\":\"https:\/\/hood.discount\/#\/schema\/logo\/image\/\"}}]}<\/script>\n<meta property=\"og:availability\" content=\"instock\" \/>\n<meta property=\"product:availability\" content=\"instock\" \/>\n<meta property=\"product:condition\" content=\"new\" \/>\n<!-- \/ Yoast SEO Premium plugin. -->","yoast_head_json":{"title":"Rodentin\u00ae FORTE - Rattenk\u00f6der Rattengift Power K\u00f6derbl\u00f6cke - Roundup, Glyphosat und Rattengift Rattenk\u00f6der ohne Nachweis kaufen","description":"Rodentin\u00ae FORTE - Rattenk\u00f6der Rattengift Power K\u00f6derbl\u00f6cke Roundup, Glyphosat und Rattengift Rattenk\u00f6der ohne Nachweis kaufen Ratimor Pasten Power Rattengift K\u00f6derbl\u00f6cke Bromadiolon","robots":{"index":"noindex","follow":"follow","max-snippet":"max-snippet:-1","max-image-preview":"max-image-preview:large","max-video-preview":"max-video-preview:-1"},"og_locale":"de_DE","og_type":"article","og_title":"Rodentin\u00ae FORTE - Rattenk\u00f6der Rattengift Power K\u00f6derbl\u00f6cke","og_description":"Rodentin\u00ae FORTE - Rattenk\u00f6der Rattengift Power K\u00f6derbl\u00f6cke Roundup, Glyphosat und Rattengift Rattenk\u00f6der ohne Nachweis kaufen Ratimor Pasten Power Rattengift K\u00f6derbl\u00f6cke Bromadiolon","og_url":"https:\/\/hood.discount\/?product=rodentin-forte-rattenkoder-rattengift-power-koderblocke","og_site_name":"Roundup, Glyphosat und Rattengift Rattenk\u00f6der ohne Nachweis kaufen","article_modified_time":"2025-05-10T16:10:27+00:00","og_image":[{"width":1536,"height":1320,"url":"https:\/\/hood.discount\/wp-content\/uploads\/2025\/02\/rodentin-forte-rattenkoeder-rattengift-power-koederbloecke-2-kg-3.jpg","type":"image\/jpeg"}],"twitter_card":"summary_large_image","twitter_misc":{"Verf\u00fcgbarkeit":"Auf Lager"},"schema":{"@context":"https:\/\/schema.org","@graph":[{"@type":"WebPage","@id":"https:\/\/hood.discount\/?product=rodentin-forte-rattenkoder-rattengift-power-koderblocke","url":"https:\/\/hood.discount\/?product=rodentin-forte-rattenkoder-rattengift-power-koderblocke","name":"Rodentin\u00ae FORTE - Rattenk\u00f6der Rattengift Power K\u00f6derbl\u00f6cke - Roundup, Glyphosat und Rattengift Rattenk\u00f6der ohne Nachweis kaufen","isPartOf":{"@id":"https:\/\/hood.discount\/#website"},"primaryImageOfPage":{"@id":"https:\/\/hood.discount\/?product=rodentin-forte-rattenkoder-rattengift-power-koderblocke#primaryimage"},"image":{"@id":"https:\/\/hood.discount\/?product=rodentin-forte-rattenkoder-rattengift-power-koderblocke#primaryimage"},"thumbnailUrl":"https:\/\/hood.discount\/wp-content\/uploads\/2025\/02\/rodentin-forte-rattenkoeder-rattengift-power-koederbloecke-2-kg-3.jpg","datePublished":"2025-02-11T05:20:41+00:00","dateModified":"2025-05-10T16:10:27+00:00","description":"Rodentin\u00ae FORTE - Rattenk\u00f6der Rattengift Power K\u00f6derbl\u00f6cke Roundup, Glyphosat und Rattengift Rattenk\u00f6der ohne Nachweis kaufen Ratimor Pasten Power Rattengift K\u00f6derbl\u00f6cke Bromadiolon","breadcrumb":{"@id":"https:\/\/hood.discount\/?product=rodentin-forte-rattenkoder-rattengift-power-koderblocke#breadcrumb"},"inLanguage":"de","potentialAction":[{"@type":"ReadAction","target":["https:\/\/hood.discount\/?product=rodentin-forte-rattenkoder-rattengift-power-koderblocke"]}]},{"@type":"ImageObject","inLanguage":"de","@id":"https:\/\/hood.discount\/?product=rodentin-forte-rattenkoder-rattengift-power-koderblocke#primaryimage","url":"https:\/\/hood.discount\/wp-content\/uploads\/2025\/02\/rodentin-forte-rattenkoeder-rattengift-power-koederbloecke-2-kg-3.jpg","contentUrl":"https:\/\/hood.discount\/wp-content\/uploads\/2025\/02\/rodentin-forte-rattenkoeder-rattengift-power-koederbloecke-2-kg-3.jpg","width":1536,"height":1320},{"@type":"BreadcrumbList","@id":"https:\/\/hood.discount\/?product=rodentin-forte-rattenkoder-rattengift-power-koderblocke#breadcrumb","itemListElement":[{"@type":"ListItem","position":1,"name":"Home","item":"https:\/\/hood.discount\/"},{"@type":"ListItem","position":2,"name":"Shop","item":"https:\/\/hood.discount\/?page_id=1207"},{"@type":"ListItem","position":3,"name":"Rodentin\u00ae FORTE &#8211; Rattenk\u00f6der Rattengift Power K\u00f6derbl\u00f6cke"}]},{"@type":"WebSite","@id":"https:\/\/hood.discount\/#website","url":"https:\/\/hood.discount\/","name":"hood discount Roundup, Glyphosat und Rattengift Rattenk\u00f6der ohne Sachkundenachweis kaufen","description":"Kaufe Roundup Glyphosat Rattenk\u00f6der Rattengift ohne Sachkunde Einschr\u00e4nkungen","publisher":{"@id":"https:\/\/hood.discount\/#organization"},"potentialAction":[{"@type":"SearchAction","target":{"@type":"EntryPoint","urlTemplate":"https:\/\/hood.discount\/?s={search_term_string}"},"query-input":{"@type":"PropertyValueSpecification","valueRequired":true,"valueName":"search_term_string"}}],"inLanguage":"de"},{"@type":"Organization","@id":"https:\/\/hood.discount\/#organization","name":"hood discount Roundup, Glyphosat und Rattengift Rattenk\u00f6der kaufen","url":"https:\/\/hood.discount\/","logo":{"@type":"ImageObject","inLanguage":"de","@id":"https:\/\/hood.discount\/#\/schema\/logo\/image\/","url":"https:\/\/hood.discount\/wp-content\/uploads\/2025\/03\/cropped-hood-discount.jpg","contentUrl":"https:\/\/hood.discount\/wp-content\/uploads\/2025\/03\/cropped-hood-discount.jpg","width":999,"height":999,"caption":"hood discount Roundup, Glyphosat und Rattengift Rattenk\u00f6der kaufen"},"image":{"@id":"https:\/\/hood.discount\/#\/schema\/logo\/image\/"}}]},"og_availability":"instock","product_availability":"instock","product_condition":"new"},"_links":{"self":[{"href":"https:\/\/hood.discount\/index.php?rest_route=\/wp\/v2\/product\/22182","targetHints":{"allow":["GET"]}}],"collection":[{"href":"https:\/\/hood.discount\/index.php?rest_route=\/wp\/v2\/product"}],"about":[{"href":"https:\/\/hood.discount\/index.php?rest_route=\/wp\/v2\/types\/product"}],"replies":[{"embeddable":true,"href":"https:\/\/hood.discount\/index.php?rest_route=%2Fwp%2Fv2%2Fcomments&post=22182"}],"wp:featuredmedia":[{"embeddable":true,"href":"https:\/\/hood.discount\/index.php?rest_route=\/wp\/v2\/media\/21998"}],"wp:attachment":[{"href":"https:\/\/hood.discount\/index.php?rest_route=%2Fwp%2Fv2%2Fmedia&parent=22182"}],"wp:term":[{"taxonomy":"product_brand","embeddable":true,"href":"https:\/\/hood.discount\/index.php?rest_route=%2Fwp%2Fv2%2Fproduct_brand&post=22182"},{"taxonomy":"product_cat","embeddable":true,"href":"https:\/\/hood.discount\/index.php?rest_route=%2Fwp%2Fv2%2Fproduct_cat&post=22182"},{"taxonomy":"product_tag","embeddable":true,"href":"https:\/\/hood.discount\/index.php?rest_route=%2Fwp%2Fv2%2Fproduct_tag&post=22182"}],"curies":[{"name":"wp","href":"https:\/\/api.w.org\/{rel}","templated":true}]}}