{"id":22180,"date":"2025-02-11T05:20:41","date_gmt":"2025-02-11T05:20:41","guid":{"rendered":"https:\/\/hood.discount\/?post_type=product&#038;p=22180"},"modified":"2025-02-25T14:59:39","modified_gmt":"2025-02-25T14:59:39","slug":"1l-candela-energy-540sl-die-hochste-am-markt-erhaltliche-glyphosatkonzentration","status":"publish","type":"product","link":"https:\/\/hood.discount\/?product=1l-candela-energy-540sl-die-hochste-am-markt-erhaltliche-glyphosatkonzentration","title":{"rendered":"1L CANDELA ENERGY 540SL Die h\u00f6chste am Markt erh\u00e4ltliche Glyphosatkonzentration"},"content":{"rendered":"<p><span style=\"color: #800080;\"><strong>CANDELA-ENERGIE 540SL<\/p>\n<p>Hochwirksam da 540 g\/L Glyphosat Anteil<\/strong><\/span><\/p>\n<p>Candela Energy ist ein nicht-selektives Herbizid mit systemischer Wirkung. Das Produkt liegt in Form eines Konzentrats zur Herstellung einer w\u00e4ssrigen L\u00f6sung vor. Es ist ein Blattherbizid &#8211; es wird von den gr\u00fcnen Teilen der Pflanze (Bl\u00e4tter, gr\u00fcne Triebe und nicht verholzte St\u00e4ngel) aufgenommen und wandert dann durch die ganze Pflanze bis zu den unterirdischen Teilen (Wurzeln, St\u00e4ngel usw.), wo es zu einer Wachstums- und Entwicklungshemmung und folglich zum Absterben f\u00fchrt.<\/p>\n<p>Die ersten Symptome der Wirkung des Produkts, d. h. Welken und Vergilben, sind etwa 7-10 Tage nach der Behandlung sichtbar, w\u00e4hrend das vollst\u00e4ndige Absterben nach etwa 3 Wochen eintritt.\u00a0 Hohe Temperaturen und Feuchtigkeit sowie starke Sonneneinstrahlung beschleunigen die Wirkung des Mittels.<\/p>\n<p><strong>ANWENDUNGSBEREICH, ZEITPUNKT UND DOSIERUNG:<\/p>\n<p><\/strong>Das Produkt ist f\u00fcr die Verwendung mit einer selbstfahrenden oder an einen Traktor angebauten Feld- oder Obstgartenspritze oder einer handgef\u00fchrten Spritze, einschlie\u00dflich einer R\u00fcckenspritze (Rebe, Apfel, Birne, Pfirsich, Aprikose, Pflaume, Kirsche), bestimmt.<\/p>\n<p><span style=\"color: #800080;\"><strong>Dosierung und Dosierungshinweise:<\/strong><\/span><\/p>\n<p><span style=\"color: #800080;\">Kleinstdosierung: 25 ml auf 1 Liter Wasser.<\/span><\/p>\n<p><span style=\"color: #800080;\">&#8211; 125 ml Konzentrat auf 5 Liter Wasser (zum Beispiel in einem 5 Liter Dr\u00fcckspr\u00fcher) vermischen.<\/span><\/p>\n<p><strong>Anf\u00e4llige Unkr\u00e4uter: <\/strong>Ackersenf, G\u00e4nsefu\u00df, Gemeiner Rohrkolben, Italienisches Raygras<\/p>\n<p><strong>M\u00e4\u00dfig anf\u00e4llige Unkr\u00e4uter: Wiesenschaumkraut<\/strong>, Gemeiner Star, Ackerveilchen, Schafgarbe, Gemeiner L\u00f6wenzahn, Ackerkratzdistel, Quecke, Ackerwinde, Durchwachsenes Weizengras, Einj\u00e4hrige Rispe, Gemeine Wicke.<\/p>\n<p><strong>Unkr\u00e4uter mit mittlerer Resistenz: <\/strong>Hahnenkamm, Blutweiderich, Wei\u00dfes Rispengras, Wei\u00dfklee, Ackerwinde, Klee, Durchwachsener Raps.<\/p>\n<p><strong>Hartn\u00e4ckige Unkr\u00e4uter: <\/strong>Beifu\u00df, Kornblume, Ackerschmalwand, Kanadische Goldrute, Fenchel, Ackerschmalwand, Ackerschmalwand, Ackerschmalwand, Sauerampfer.<\/p>\n<p>&nbsp;<\/p>\n<p><strong>Wie verwendet man CANDELA ENERGY 540SL?<\/strong><\/p>\n<p><span style=\"color: #800080;\"><strong>Ackerfl\u00e4chen vor der Aussaat einer Kultur<\/strong><\/span><\/p>\n<p><strong>Winterweizen, Wintergerste, Wintertriticale, Winterraps, Sommerweizen, Sommergerste, Mais, Sonnenblumen<\/strong><\/p>\n<p>Maximale \/ empfohlene Dosis f\u00fcr eine einmalige Anwendung: 2,0 l\/ha<\/p>\n<p>Anwendungszeitpunkt: nach dem Auflaufen der Unkr\u00e4uter, aber vor der Aussaat der Kulturpflanze anwenden.<\/p>\n<p>Empfohlene Wassermenge: 200 &#8211; 400 l\/ha.<\/p>\n<p>Maximale Anzahl von Behandlungen pro Vegetationsperiode: 1.<\/p>\n<p><span style=\"color: #800080;\"><strong><\/p>\n<p>Rebe<\/strong><\/span><\/p>\n<p>Maximale \/ empfohlene Dosis f\u00fcr eine einmalige Anwendung: 2,0 l\/ha<\/p>\n<p>Anwendungszeitpunkt: Anwendung im Stadium der Entwicklung von 3 Bl\u00e4ttern bis zum Ende der Bl\u00fctezeit der Pflanze (BBCH 13- 69).<\/p>\n<p>Empfohlene Wassermenge: 600 &#8211; 1000 l\/ha.<\/p>\n<p>Maximale Anzahl von Behandlungen pro Vegetationsperiode: 1.<\/p>\n<p>&nbsp;<\/p>\n<p><span style=\"color: #800080;\"><strong>Apfelbaum<\/strong><\/span><\/p>\n<p>Maximale\/empfohlene Dosis f\u00fcr eine einmalige Anwendung: 2,0 l\/ha.<\/p>\n<p>Anwendungszeitpunkt: Anwendung ab Beginn des Triebwachstums (sichtbare Triebentwicklung) bis zum Ende der Bl\u00fctezeit (alle Bl\u00fctenbl\u00e4tter sind abgefallen) (BBCH 31-69).<\/p>\n<p>Empfohlene Wassermenge: 800 &#8211; 1000 l\/ha.<\/p>\n<p>Maximale Anzahl von Behandlungen pro Vegetationsperiode: 1<\/p>\n<p><strong><\/p>\n<p>CANDELA ENERGY Karenzzeit:<\/p>\n<p><\/strong>nicht erforderlich<\/p>\n<p><strong>Wirkstoff:<\/p>\n<p><\/strong><strong>Glyphosat <\/strong>(eine Verbindung aus der Gruppe der Phosphons\u00e4urederivate, in Form von Isopropylaminsalz) &#8211; 540 g\/l (43,64 %)<\/p>\n","protected":false},"excerpt":{"rendered":"<p>&nbsp;<\/p>\n<h2><span style=\"color: #ff00ff;\"><strong>Hochwirksam da 540 g\/L Glyphosat Anteil<\/strong><\/span><\/h2>\n<p><img fetchpriority=\"high\" decoding=\"async\" class=\"size-medium wp-image-19129\" src=\"https:\/\/agro-fluid.de\/wp-content\/uploads\/Be-A-Killer-500px-300x300.jpg\" alt=\"CANDELA ENERGY 540SL 5L 1\" width=\"300\" height=\"300\" \/><\/p>\n<p><strong>Sharda Cropchem Ltd. <\/strong>hat sich zu einem namhaften indischen Agrochemieunternehmen entwickelt, das 1987 vom Ehepaar R.V. Bubna und Sharda R. Bubna gegr\u00fcndet wurde. Das Unternehmen konzentriert sich auf <strong>generische Wirkstoffe<\/strong>, die in <strong>Pflanzenschutzpr\u00e4paraten <\/strong>eingesetzt werden. Heute ist Sharda ein sich <strong>dynamisch entwickelndes Unternehmen, das auf dem globalen Markt f\u00fcr Pflanzenschutzpr\u00e4parate fest etabliert ist.<\/strong><\/p>\n<p>Der Sitz des Unternehmens befindet sich im indischen Mumbai , Niederlassungen und Vertretungen sind weltweit in 80 L\u00e4ndern pr\u00e4sent. Seit 2013 ist das Unternehmen an der Wertpapierb\u00f6rse NSE in Indien notiert. Derzeit expandiert Sharda <strong>stark in europ\u00e4ische M\u00e4rkte<\/strong>.<\/p>\n<p><img decoding=\"async\" class=\"size-medium wp-image-19127\" src=\"https:\/\/agro-fluid.de\/wp-content\/uploads\/sharda-logo-300x154.jpg\" alt=\"CANDELA ENERGY 540SL 5L\" width=\"300\" height=\"154\" \/><\/p>\n<p>&nbsp;<\/p>\n","protected":false},"featured_media":21851,"comment_status":"closed","ping_status":"closed","template":"","meta":[],"product_brand":[],"product_cat":[27],"product_tag":[28],"class_list":{"0":"post-22180","1":"product","2":"type-product","3":"status-publish","4":"has-post-thumbnail","6":"product_cat-unkrautfrei-unkrautvernichter-glyphosat-roundup-halvetic-gallup-roundup-produkte","7":"product_tag-sharda-glyphosat-candela-540sl","9":"first","10":"instock","11":"taxable","12":"shipping-taxable","13":"purchasable","14":"product-type-simple"},"yoast_head":"<!-- This site is optimized with the Yoast SEO Premium plugin v27.1 (Yoast SEO v27.1.1) - https:\/\/yoast.com\/product\/yoast-seo-premium-wordpress\/ -->\n<title>candela energy 540sl st\u00e4rkster gyphosat gehalt: Systemische Wirkung - Roundup, Glyphosat und Rattengift Rattenk\u00f6der ohne Nachweis kaufen<\/title>\n<meta name=\"description\" content=\"Erzielen Sie optimale Ergebnisse mit Candela Energy 540SL, dem st\u00e4rksten Herbizid mit Glyphosat-Gehalt. Hochwirksam und schnelle Wirkung.\" \/>\n<meta name=\"robots\" content=\"noindex, follow, max-snippet:-1, max-image-preview:large, max-video-preview:-1\" \/>\n<meta property=\"og:locale\" content=\"de_DE\" \/>\n<meta property=\"og:type\" content=\"article\" \/>\n<meta property=\"og:title\" content=\"1L CANDELA ENERGY 540SL Die h\u00f6chste am Markt erh\u00e4ltliche Glyphosatkonzentration\" \/>\n<meta property=\"og:description\" content=\"Erzielen Sie optimale Ergebnisse mit Candela Energy 540SL, dem st\u00e4rksten Herbizid mit Glyphosat-Gehalt. Hochwirksam und schnelle Wirkung.\" \/>\n<meta property=\"og:url\" content=\"https:\/\/hood.discount\/?product=1l-candela-energy-540sl-die-hochste-am-markt-erhaltliche-glyphosatkonzentration\" \/>\n<meta property=\"og:site_name\" content=\"Roundup, Glyphosat und Rattengift Rattenk\u00f6der ohne Nachweis kaufen\" \/>\n<meta property=\"article:modified_time\" content=\"2025-02-25T14:59:39+00:00\" \/>\n<meta property=\"og:image\" content=\"https:\/\/hood.discount\/wp-content\/uploads\/2025\/02\/titel-2.webp\" \/>\n\t<meta property=\"og:image:width\" content=\"1000\" \/>\n\t<meta property=\"og:image:height\" content=\"1000\" \/>\n\t<meta property=\"og:image:type\" content=\"image\/webp\" \/>\n<meta name=\"twitter:card\" content=\"summary_large_image\" \/>\n<meta name=\"twitter:label1\" content=\"Preis\" \/>\n\t<meta name=\"twitter:data1\" content=\"79,99&nbsp;&euro; incl. VAT\" \/>\n\t<meta name=\"twitter:label2\" content=\"Verf\u00fcgbarkeit\" \/>\n\t<meta name=\"twitter:data2\" content=\"Auf Lager\" \/>\n<script type=\"application\/ld+json\" class=\"yoast-schema-graph\">{\"@context\":\"https:\/\/schema.org\",\"@graph\":[{\"@type\":\"WebPage\",\"@id\":\"https:\/\/hood.discount\/?product=1l-candela-energy-540sl-die-hochste-am-markt-erhaltliche-glyphosatkonzentration\",\"url\":\"https:\/\/hood.discount\/?product=1l-candela-energy-540sl-die-hochste-am-markt-erhaltliche-glyphosatkonzentration\",\"name\":\"candela energy 540sl st\u00e4rkster gyphosat gehalt: Systemische Wirkung - Roundup, Glyphosat und Rattengift Rattenk\u00f6der ohne Nachweis kaufen\",\"isPartOf\":{\"@id\":\"https:\/\/hood.discount\/#website\"},\"primaryImageOfPage\":{\"@id\":\"https:\/\/hood.discount\/?product=1l-candela-energy-540sl-die-hochste-am-markt-erhaltliche-glyphosatkonzentration#primaryimage\"},\"image\":{\"@id\":\"https:\/\/hood.discount\/?product=1l-candela-energy-540sl-die-hochste-am-markt-erhaltliche-glyphosatkonzentration#primaryimage\"},\"thumbnailUrl\":\"https:\/\/hood.discount\/wp-content\/uploads\/2025\/02\/titel-2.webp\",\"datePublished\":\"2025-02-11T05:20:41+00:00\",\"dateModified\":\"2025-02-25T14:59:39+00:00\",\"description\":\"Erzielen Sie optimale Ergebnisse mit Candela Energy 540SL, dem st\u00e4rksten Herbizid mit Glyphosat-Gehalt. Hochwirksam und schnelle Wirkung.\",\"breadcrumb\":{\"@id\":\"https:\/\/hood.discount\/?product=1l-candela-energy-540sl-die-hochste-am-markt-erhaltliche-glyphosatkonzentration#breadcrumb\"},\"inLanguage\":\"de\",\"potentialAction\":[{\"@type\":\"ReadAction\",\"target\":[\"https:\/\/hood.discount\/?product=1l-candela-energy-540sl-die-hochste-am-markt-erhaltliche-glyphosatkonzentration\"]}]},{\"@type\":\"ImageObject\",\"inLanguage\":\"de\",\"@id\":\"https:\/\/hood.discount\/?product=1l-candela-energy-540sl-die-hochste-am-markt-erhaltliche-glyphosatkonzentration#primaryimage\",\"url\":\"https:\/\/hood.discount\/wp-content\/uploads\/2025\/02\/titel-2.webp\",\"contentUrl\":\"https:\/\/hood.discount\/wp-content\/uploads\/2025\/02\/titel-2.webp\",\"width\":1000,\"height\":1000},{\"@type\":\"BreadcrumbList\",\"@id\":\"https:\/\/hood.discount\/?product=1l-candela-energy-540sl-die-hochste-am-markt-erhaltliche-glyphosatkonzentration#breadcrumb\",\"itemListElement\":[{\"@type\":\"ListItem\",\"position\":1,\"name\":\"Home\",\"item\":\"https:\/\/hood.discount\/\"},{\"@type\":\"ListItem\",\"position\":2,\"name\":\"Shop\",\"item\":\"https:\/\/hood.discount\/?page_id=1207\"},{\"@type\":\"ListItem\",\"position\":3,\"name\":\"1L CANDELA ENERGY 540SL Die h\u00f6chste am Markt erh\u00e4ltliche Glyphosatkonzentration\"}]},{\"@type\":\"WebSite\",\"@id\":\"https:\/\/hood.discount\/#website\",\"url\":\"https:\/\/hood.discount\/\",\"name\":\"hood discount Roundup, Glyphosat und Rattengift Rattenk\u00f6der ohne Sachkundenachweis kaufen\",\"description\":\"Kaufe Roundup Glyphosat Rattenk\u00f6der Rattengift ohne Sachkunde Einschr\u00e4nkungen\",\"publisher\":{\"@id\":\"https:\/\/hood.discount\/#organization\"},\"potentialAction\":[{\"@type\":\"SearchAction\",\"target\":{\"@type\":\"EntryPoint\",\"urlTemplate\":\"https:\/\/hood.discount\/?s={search_term_string}\"},\"query-input\":{\"@type\":\"PropertyValueSpecification\",\"valueRequired\":true,\"valueName\":\"search_term_string\"}}],\"inLanguage\":\"de\"},{\"@type\":\"Organization\",\"@id\":\"https:\/\/hood.discount\/#organization\",\"name\":\"hood discount Roundup, Glyphosat und Rattengift Rattenk\u00f6der kaufen\",\"url\":\"https:\/\/hood.discount\/\",\"logo\":{\"@type\":\"ImageObject\",\"inLanguage\":\"de\",\"@id\":\"https:\/\/hood.discount\/#\/schema\/logo\/image\/\",\"url\":\"https:\/\/hood.discount\/wp-content\/uploads\/2025\/03\/cropped-hood-discount.jpg\",\"contentUrl\":\"https:\/\/hood.discount\/wp-content\/uploads\/2025\/03\/cropped-hood-discount.jpg\",\"width\":999,\"height\":999,\"caption\":\"hood discount Roundup, Glyphosat und Rattengift Rattenk\u00f6der kaufen\"},\"image\":{\"@id\":\"https:\/\/hood.discount\/#\/schema\/logo\/image\/\"}}]}<\/script>\n<meta property=\"product:price:amount\" content=\"79.99\" \/>\n<meta property=\"product:price:currency\" content=\"EUR\" \/>\n<meta property=\"og:availability\" content=\"instock\" \/>\n<meta property=\"product:availability\" content=\"instock\" \/>\n<meta property=\"product:retailer_item_id\" content=\"Candela Energy 540SL 1L\" \/>\n<meta property=\"product:condition\" content=\"new\" \/>\n<!-- \/ Yoast SEO Premium plugin. -->","yoast_head_json":{"title":"candela energy 540sl st\u00e4rkster gyphosat gehalt: Systemische Wirkung - Roundup, Glyphosat und Rattengift Rattenk\u00f6der ohne Nachweis kaufen","description":"Erzielen Sie optimale Ergebnisse mit Candela Energy 540SL, dem st\u00e4rksten Herbizid mit Glyphosat-Gehalt. Hochwirksam und schnelle Wirkung.","robots":{"index":"noindex","follow":"follow","max-snippet":"max-snippet:-1","max-image-preview":"max-image-preview:large","max-video-preview":"max-video-preview:-1"},"og_locale":"de_DE","og_type":"article","og_title":"1L CANDELA ENERGY 540SL Die h\u00f6chste am Markt erh\u00e4ltliche Glyphosatkonzentration","og_description":"Erzielen Sie optimale Ergebnisse mit Candela Energy 540SL, dem st\u00e4rksten Herbizid mit Glyphosat-Gehalt. Hochwirksam und schnelle Wirkung.","og_url":"https:\/\/hood.discount\/?product=1l-candela-energy-540sl-die-hochste-am-markt-erhaltliche-glyphosatkonzentration","og_site_name":"Roundup, Glyphosat und Rattengift Rattenk\u00f6der ohne Nachweis kaufen","article_modified_time":"2025-02-25T14:59:39+00:00","og_image":[{"width":1000,"height":1000,"url":"https:\/\/hood.discount\/wp-content\/uploads\/2025\/02\/titel-2.webp","type":"image\/webp"}],"twitter_card":"summary_large_image","twitter_misc":{"Preis":"79,99&nbsp;&euro; incl. VAT","Verf\u00fcgbarkeit":"Auf Lager"},"schema":{"@context":"https:\/\/schema.org","@graph":[{"@type":"WebPage","@id":"https:\/\/hood.discount\/?product=1l-candela-energy-540sl-die-hochste-am-markt-erhaltliche-glyphosatkonzentration","url":"https:\/\/hood.discount\/?product=1l-candela-energy-540sl-die-hochste-am-markt-erhaltliche-glyphosatkonzentration","name":"candela energy 540sl st\u00e4rkster gyphosat gehalt: Systemische Wirkung - Roundup, Glyphosat und Rattengift Rattenk\u00f6der ohne Nachweis kaufen","isPartOf":{"@id":"https:\/\/hood.discount\/#website"},"primaryImageOfPage":{"@id":"https:\/\/hood.discount\/?product=1l-candela-energy-540sl-die-hochste-am-markt-erhaltliche-glyphosatkonzentration#primaryimage"},"image":{"@id":"https:\/\/hood.discount\/?product=1l-candela-energy-540sl-die-hochste-am-markt-erhaltliche-glyphosatkonzentration#primaryimage"},"thumbnailUrl":"https:\/\/hood.discount\/wp-content\/uploads\/2025\/02\/titel-2.webp","datePublished":"2025-02-11T05:20:41+00:00","dateModified":"2025-02-25T14:59:39+00:00","description":"Erzielen Sie optimale Ergebnisse mit Candela Energy 540SL, dem st\u00e4rksten Herbizid mit Glyphosat-Gehalt. Hochwirksam und schnelle Wirkung.","breadcrumb":{"@id":"https:\/\/hood.discount\/?product=1l-candela-energy-540sl-die-hochste-am-markt-erhaltliche-glyphosatkonzentration#breadcrumb"},"inLanguage":"de","potentialAction":[{"@type":"ReadAction","target":["https:\/\/hood.discount\/?product=1l-candela-energy-540sl-die-hochste-am-markt-erhaltliche-glyphosatkonzentration"]}]},{"@type":"ImageObject","inLanguage":"de","@id":"https:\/\/hood.discount\/?product=1l-candela-energy-540sl-die-hochste-am-markt-erhaltliche-glyphosatkonzentration#primaryimage","url":"https:\/\/hood.discount\/wp-content\/uploads\/2025\/02\/titel-2.webp","contentUrl":"https:\/\/hood.discount\/wp-content\/uploads\/2025\/02\/titel-2.webp","width":1000,"height":1000},{"@type":"BreadcrumbList","@id":"https:\/\/hood.discount\/?product=1l-candela-energy-540sl-die-hochste-am-markt-erhaltliche-glyphosatkonzentration#breadcrumb","itemListElement":[{"@type":"ListItem","position":1,"name":"Home","item":"https:\/\/hood.discount\/"},{"@type":"ListItem","position":2,"name":"Shop","item":"https:\/\/hood.discount\/?page_id=1207"},{"@type":"ListItem","position":3,"name":"1L CANDELA ENERGY 540SL Die h\u00f6chste am Markt erh\u00e4ltliche Glyphosatkonzentration"}]},{"@type":"WebSite","@id":"https:\/\/hood.discount\/#website","url":"https:\/\/hood.discount\/","name":"hood discount Roundup, Glyphosat und Rattengift Rattenk\u00f6der ohne Sachkundenachweis kaufen","description":"Kaufe Roundup Glyphosat Rattenk\u00f6der Rattengift ohne Sachkunde Einschr\u00e4nkungen","publisher":{"@id":"https:\/\/hood.discount\/#organization"},"potentialAction":[{"@type":"SearchAction","target":{"@type":"EntryPoint","urlTemplate":"https:\/\/hood.discount\/?s={search_term_string}"},"query-input":{"@type":"PropertyValueSpecification","valueRequired":true,"valueName":"search_term_string"}}],"inLanguage":"de"},{"@type":"Organization","@id":"https:\/\/hood.discount\/#organization","name":"hood discount Roundup, Glyphosat und Rattengift Rattenk\u00f6der kaufen","url":"https:\/\/hood.discount\/","logo":{"@type":"ImageObject","inLanguage":"de","@id":"https:\/\/hood.discount\/#\/schema\/logo\/image\/","url":"https:\/\/hood.discount\/wp-content\/uploads\/2025\/03\/cropped-hood-discount.jpg","contentUrl":"https:\/\/hood.discount\/wp-content\/uploads\/2025\/03\/cropped-hood-discount.jpg","width":999,"height":999,"caption":"hood discount Roundup, Glyphosat und Rattengift Rattenk\u00f6der kaufen"},"image":{"@id":"https:\/\/hood.discount\/#\/schema\/logo\/image\/"}}]},"product_price_amount":"79.99","product_price_currency":"EUR","og_availability":"instock","product_availability":"instock","product_retailer_item_id":"Candela Energy 540SL 1L","product_condition":"new"},"_links":{"self":[{"href":"https:\/\/hood.discount\/index.php?rest_route=\/wp\/v2\/product\/22180","targetHints":{"allow":["GET"]}}],"collection":[{"href":"https:\/\/hood.discount\/index.php?rest_route=\/wp\/v2\/product"}],"about":[{"href":"https:\/\/hood.discount\/index.php?rest_route=\/wp\/v2\/types\/product"}],"replies":[{"embeddable":true,"href":"https:\/\/hood.discount\/index.php?rest_route=%2Fwp%2Fv2%2Fcomments&post=22180"}],"wp:featuredmedia":[{"embeddable":true,"href":"https:\/\/hood.discount\/index.php?rest_route=\/wp\/v2\/media\/21851"}],"wp:attachment":[{"href":"https:\/\/hood.discount\/index.php?rest_route=%2Fwp%2Fv2%2Fmedia&parent=22180"}],"wp:term":[{"taxonomy":"product_brand","embeddable":true,"href":"https:\/\/hood.discount\/index.php?rest_route=%2Fwp%2Fv2%2Fproduct_brand&post=22180"},{"taxonomy":"product_cat","embeddable":true,"href":"https:\/\/hood.discount\/index.php?rest_route=%2Fwp%2Fv2%2Fproduct_cat&post=22180"},{"taxonomy":"product_tag","embeddable":true,"href":"https:\/\/hood.discount\/index.php?rest_route=%2Fwp%2Fv2%2Fproduct_tag&post=22180"}],"curies":[{"name":"wp","href":"https:\/\/api.w.org\/{rel}","templated":true}]}}