{"id":22177,"date":"2025-02-11T05:20:41","date_gmt":"2025-02-11T05:20:41","guid":{"rendered":"https:\/\/hood.discount\/?post_type=product&#038;p=22177"},"modified":"2025-02-25T14:59:39","modified_gmt":"2025-02-25T14:59:39","slug":"chwastox-extra-300-sl-1l-5l-25-rabatt","status":"publish","type":"product","link":"https:\/\/hood.discount\/?product=chwastox-extra-300-sl-1l-5l-25-rabatt","title":{"rendered":"CHWASTOX EXTRA\u00ae 300 SL   1L   |   5L 25% Rabatt"},"content":{"rendered":"<p>Chwastox Extra 300 SL ist ein Herbizid in fl\u00fcssiger Form der Herbizidklasse MCPA.<\/p>\n<h5><span style=\"color: #800080;\"><strong>Wirkstoffgehalt<\/strong>: <span style=\"color: #0000ff;\"><strong><a style=\"color: #0000ff;\" href=\"https:\/\/de.wikipedia.org\/wiki\/MCPA\" target=\"_blank\" rel=\"noopener\">MCPA<\/a><\/strong><\/span> (Verbindung der Phenoxys\u00e4uregruppe) &#8211; 300 g\/l (26,5%)<\/span><\/h5>\n<p>Es findet vorwiegend Verwendung zur Herstellung einer w\u00e4ssrigen L\u00f6sung zur Bek\u00e4mpfung von einj\u00e4hrigen zweikeimbl\u00e4ttrigen Unkr\u00e4uter. Das Mittel wird blattf\u00f6rmig ausgebracht.<\/p>\n<p>MCPA Herbizide regen zum schnellen Wachstum an, aufgrund von Nahrungsmangel sterben die breitbl\u00e4ttrigen Unkr\u00e4uter dann jedoch ab. Bek\u00e4mpft werden u.a. die h\u00e4ufigsten zweikeimbl\u00e4ttrigen Unkr\u00e4uter und die ersten Resultate sind bereits wenige Tage nach der Behandlung zu sehen. Die Wirkung tritt sehr schnell ein, da das Unkraut bereits nach 4 Stunden ausgetrocknet ist. Um noch bessere Ergebnisse zu erzielen, muss das Herbizid bei einer h\u00f6heren Temperatur, aber in einem k\u00fcrzeren Zeitraum nach der Behandlung angewendet werden. Dies ist leichter zu erreichen als bei anderen Produkten.<\/p>\n<p>Chwastox Extra erzielt seine beste Wirksamkeit bei Temperaturen zwischen 12 und 20\u00b0C. Bei weniger als 8 \u00b0C sollte die Anwendung abgebrochen und eine Verbesserung der Witterungsbedingungen abgewartet werden. Die Aufnahmegeschwindigkeit des Herbizids und das Absterben der Pflanzen wird auch durch die Gr\u00f6\u00dfe der Pflanze beeinflusst. Das Pr\u00e4parat erzielt die besten Ergebnisse, wenn es auf Unkr\u00e4uter mit 2 bis 6 Bl\u00e4ttern ausgebracht wird.<\/p>\n<p>Chwastox Extra ist ausserdem ideal f\u00fcr Mischungen mit anderen glyphosathaltigen Produkten, wie z.B. HALVETIC und Roundup und kann die Grundlage f\u00fcr die Entwicklung von Programmen zur Bek\u00e4mpfung zweikeimbl\u00e4ttriger Unkr\u00e4uter sein. Es wirkt auch gegen Unkr\u00e4uter in sp\u00e4ten Entwicklungsstadien, bis zum 6-Blatt-Stadium, was eine gr\u00f6\u00dfere Flexibilit\u00e4t bei der Anwendung erm\u00f6glicht. Chwastox Extra enth\u00e4lt eine Substanz, gegen die zweikeimbl\u00e4ttrige Unkr\u00e4uter keine Resistenz entwickelt haben, so dass es immer wirksam ist und in jeder Saison eingesetzt werden kann. Dar\u00fcber hinaus ist es ein wesentlicher Bestandteil bei der Entwicklung einer Anti-Resistenzstrategie.<\/p>\n<p><span style=\"color: #000080;\"><strong>Wie viel Chwastox Exra 300 SL pro Liter Wasser ?<\/p>\n<p><\/strong>Das Produkt sollte mit einer angemessenen Menge Wasser verd\u00fcnnt werden, bevor es in den Spr\u00fchbeh\u00e4lter gef\u00fcllt wird. Die empfohlene Dosis des Herbizids Chwastox Extra 300 SL betr\u00e4gt 0,01 Liter (10 ml) bis 0,015 Liter (15 ml) pro 1 Liter Wasser.<\/span><\/p>\n<p><span style=\"font-family: Times New Roman, sans-serif;\"><strong>Anf\u00e4llige Unkr\u00e4uter:<\/strong> Fr\u00fchlingszwiebel, Wiesenschaumkraut, Ackerwinde, Ackerkratzdistel, Goldkraut, Ackerwinde.<\/span><\/p>\n<p><span style=\"font-family: Times New Roman, sans-serif;\"><strong>Mittelm\u00e4\u00dfig anf\u00e4llige Unkr\u00e4uter:<\/strong> Kornblume, Klatschmohn.<\/span><\/p>\n<p><span style=\"font-family: Times New Roman, sans-serif;\"><strong>Mitteltolerante Unkr\u00e4uter:<\/strong> Gew\u00f6hnliche Sternblume, Ackervergissmeinnicht, Beifu\u00dfbl\u00e4ttriges Knabenkraut, Rauhes Amarant.<\/span><\/p>\n<p><span style=\"font-family: Times New Roman, sans-serif;\"><strong>Hartn\u00e4ckige Unkr\u00e4uter:<\/strong> Ackerstiefm\u00fctterchen, Blutweiderich, Ackerwinde, Rainfarn, Knaulgras, Ackerkn\u00f6terich, Fleckenkn\u00f6terich, Ackerkamille, Getreideginster.<\/span><\/p>\n<p><span style=\"font-family: Times New Roman, sans-serif;\"><strong>Anf\u00e4llige Unkr\u00e4uter:<\/strong> Kleine Ackerwinde, Einseitiger Ackerschachtelhalm, Sternmiere, Roter Gilbweiderich, Wei\u00dfes Rispengras, L\u00f6wenzahn, Ackerfuchsschwanz, Kanadischer Ackerfuchsschwanz, Ackerfuchsschwanz, Ackerschachtelhalm, Akelei, Einj\u00e4hrige Rispe, Dr\u00fcsige Weidenrinde.<\/span><\/p>\n","protected":false},"excerpt":{"rendered":"<p>Chwastox Extra 300 SL ist ein Herbizid in fl\u00fcssiger Form der Herbizidklasse MCPA.<\/p>\n<p>Es findet vorwiegend Verwendung zur Herstellung einer w\u00e4ssrigen L\u00f6sung zur Bek\u00e4mpfung von einj\u00e4hrigen zweikeimbl\u00e4ttrigen Unkr\u00e4uter. Das Mittel wird blattf\u00f6rmig ausgebracht.<\/p>\n<p>MCPA Herbizide regen zum schnellen Wachstum an, aufgrund von Nahrungsmangel sterben die breitbl\u00e4ttrigen Unkr\u00e4uter dann jedoch ab. Bek\u00e4mpft werden u.a. die h\u00e4ufigsten zweikeimbl\u00e4ttrigen Unkr\u00e4uter und die ersten Resultate sind bereits wenige Tage nach der Behandlung zu sehen. Die Wirkung tritt sehr schnell ein, da das Unkraut bereits nach 4 Stunden ausgetrocknet ist. Um noch bessere Ergebnisse zu erzielen, muss das Herbizid bei einer h\u00f6heren Temperatur, aber in einem k\u00fcrzeren Zeitraum nach der Behandlung angewendet werden. Dies ist leichter zu erreichen als bei anderen Produkten.<\/p>\n","protected":false},"featured_media":21902,"comment_status":"open","ping_status":"closed","template":"","meta":[],"product_brand":[],"product_cat":[27],"product_tag":[],"class_list":{"0":"post-22177","1":"product","2":"type-product","3":"status-publish","4":"has-post-thumbnail","6":"product_cat-unkrautfrei-unkrautvernichter-glyphosat-roundup-halvetic-gallup-roundup-produkte","8":"first","9":"instock","10":"taxable","11":"shipping-taxable","12":"purchasable","13":"product-type-variable"},"yoast_head":"<!-- This site is optimized with the Yoast SEO Premium plugin v27.1 (Yoast SEO v27.1.1) - https:\/\/yoast.com\/product\/yoast-seo-premium-wordpress\/ -->\n<title>Halvetic Glyphosat Roundup: Effektives Herbizid zur Unkrautbek\u00e4mpfung - Roundup, Glyphosat und Rattengift Rattenk\u00f6der ohne Nachweis kaufen<\/title>\n<meta name=\"description\" content=\"CHWASTOX EXTRA\u00ae 300 SL  1L  |  5L 25% Rabatt Roundup, Glyphosat und Rattengift Rattenk\u00f6der ohne Nachweis kaufen Chwastox Extra 300 SL ist ein Herbizid in fl\u00fcssiger Form der Herbizidklasse MCPA.Es findet vorwiegend Verwendung zur Herstellung einer w\u00e4ssrigen L\u00f6sung zur Bek\u00e4mpfung von einj\u00e4hrigen zweikeimbl\u00e4ttrigen Unkr\u00e4uter. Das Mittel wird blattf\u00f6rmig ausgebracht.MCPA Herbizide regen zum schnellen Wachstum an, aufgrund von Nahrungsmangel sterben die breitbl\u00e4ttrigen Unkr\u00e4uter dann jedoch ab.\" \/>\n<meta name=\"robots\" content=\"noindex, follow, max-snippet:-1, max-image-preview:large, max-video-preview:-1\" \/>\n<meta property=\"og:locale\" content=\"de_DE\" \/>\n<meta property=\"og:type\" content=\"article\" \/>\n<meta property=\"og:title\" content=\"CHWASTOX EXTRA\u00ae 300 SL  1L  |  5L 25% Rabatt\" \/>\n<meta property=\"og:description\" content=\"CHWASTOX EXTRA\u00ae 300 SL  1L  |  5L 25% Rabatt Roundup, Glyphosat und Rattengift Rattenk\u00f6der ohne Nachweis kaufen Chwastox Extra 300 SL ist ein Herbizid in fl\u00fcssiger Form der Herbizidklasse MCPA.Es findet vorwiegend Verwendung zur Herstellung einer w\u00e4ssrigen L\u00f6sung zur Bek\u00e4mpfung von einj\u00e4hrigen zweikeimbl\u00e4ttrigen Unkr\u00e4uter. Das Mittel wird blattf\u00f6rmig ausgebracht.MCPA Herbizide regen zum schnellen Wachstum an, aufgrund von Nahrungsmangel sterben die breitbl\u00e4ttrigen Unkr\u00e4uter dann jedoch ab.\" \/>\n<meta property=\"og:url\" content=\"https:\/\/hood.discount\/?product=chwastox-extra-300-sl-1l-5l-25-rabatt\" \/>\n<meta property=\"og:site_name\" content=\"Roundup, Glyphosat und Rattengift Rattenk\u00f6der ohne Nachweis kaufen\" \/>\n<meta property=\"article:modified_time\" content=\"2025-02-25T14:59:39+00:00\" \/>\n<meta property=\"og:image\" content=\"https:\/\/hood.discount\/wp-content\/uploads\/2025\/02\/kill-weeds-dead-chwastox-extra-300sl-1l-5l_special-offer.jpg\" \/>\n\t<meta property=\"og:image:width\" content=\"1280\" \/>\n\t<meta property=\"og:image:height\" content=\"720\" \/>\n\t<meta property=\"og:image:type\" content=\"image\/jpeg\" \/>\n<meta name=\"twitter:card\" content=\"summary_large_image\" \/>\n<meta name=\"twitter:label1\" content=\"Verf\u00fcgbarkeit\" \/>\n\t<meta name=\"twitter:data1\" content=\"Auf Lager\" \/>\n<script type=\"application\/ld+json\" class=\"yoast-schema-graph\">{\"@context\":\"https:\/\/schema.org\",\"@graph\":[{\"@type\":\"WebPage\",\"@id\":\"https:\/\/hood.discount\/?product=chwastox-extra-300-sl-1l-5l-25-rabatt\",\"url\":\"https:\/\/hood.discount\/?product=chwastox-extra-300-sl-1l-5l-25-rabatt\",\"name\":\"Halvetic Glyphosat Roundup: Effektives Herbizid zur Unkrautbek\u00e4mpfung - Roundup, Glyphosat und Rattengift Rattenk\u00f6der ohne Nachweis kaufen\",\"isPartOf\":{\"@id\":\"https:\/\/hood.discount\/#website\"},\"primaryImageOfPage\":{\"@id\":\"https:\/\/hood.discount\/?product=chwastox-extra-300-sl-1l-5l-25-rabatt#primaryimage\"},\"image\":{\"@id\":\"https:\/\/hood.discount\/?product=chwastox-extra-300-sl-1l-5l-25-rabatt#primaryimage\"},\"thumbnailUrl\":\"https:\/\/hood.discount\/wp-content\/uploads\/2025\/02\/kill-weeds-dead-chwastox-extra-300sl-1l-5l_special-offer.jpg\",\"datePublished\":\"2025-02-11T05:20:41+00:00\",\"dateModified\":\"2025-02-25T14:59:39+00:00\",\"description\":\"CHWASTOX EXTRA\u00ae 300 SL 1L | 5L 25% Rabatt Roundup, Glyphosat und Rattengift Rattenk\u00f6der ohne Nachweis kaufen Chwastox Extra 300 SL ist ein Herbizid in fl\u00fcssiger Form der Herbizidklasse MCPA.Es findet vorwiegend Verwendung zur Herstellung einer w\u00e4ssrigen L\u00f6sung zur Bek\u00e4mpfung von einj\u00e4hrigen zweikeimbl\u00e4ttrigen Unkr\u00e4uter. Das Mittel wird blattf\u00f6rmig ausgebracht.MCPA Herbizide regen zum schnellen Wachstum an, aufgrund von Nahrungsmangel sterben die breitbl\u00e4ttrigen Unkr\u00e4uter dann jedoch ab.\",\"breadcrumb\":{\"@id\":\"https:\/\/hood.discount\/?product=chwastox-extra-300-sl-1l-5l-25-rabatt#breadcrumb\"},\"inLanguage\":\"de\",\"potentialAction\":[{\"@type\":\"ReadAction\",\"target\":[\"https:\/\/hood.discount\/?product=chwastox-extra-300-sl-1l-5l-25-rabatt\"]}]},{\"@type\":\"ImageObject\",\"inLanguage\":\"de\",\"@id\":\"https:\/\/hood.discount\/?product=chwastox-extra-300-sl-1l-5l-25-rabatt#primaryimage\",\"url\":\"https:\/\/hood.discount\/wp-content\/uploads\/2025\/02\/kill-weeds-dead-chwastox-extra-300sl-1l-5l_special-offer.jpg\",\"contentUrl\":\"https:\/\/hood.discount\/wp-content\/uploads\/2025\/02\/kill-weeds-dead-chwastox-extra-300sl-1l-5l_special-offer.jpg\",\"width\":1280,\"height\":720},{\"@type\":\"BreadcrumbList\",\"@id\":\"https:\/\/hood.discount\/?product=chwastox-extra-300-sl-1l-5l-25-rabatt#breadcrumb\",\"itemListElement\":[{\"@type\":\"ListItem\",\"position\":1,\"name\":\"Home\",\"item\":\"https:\/\/hood.discount\/\"},{\"@type\":\"ListItem\",\"position\":2,\"name\":\"Shop\",\"item\":\"https:\/\/hood.discount\/?page_id=1207\"},{\"@type\":\"ListItem\",\"position\":3,\"name\":\"CHWASTOX EXTRA\u00ae 300 SL 1L | 5L 25% Rabatt\"}]},{\"@type\":\"WebSite\",\"@id\":\"https:\/\/hood.discount\/#website\",\"url\":\"https:\/\/hood.discount\/\",\"name\":\"hood discount Roundup, Glyphosat und Rattengift Rattenk\u00f6der ohne Sachkundenachweis kaufen\",\"description\":\"Kaufe Roundup Glyphosat Rattenk\u00f6der Rattengift ohne Sachkunde Einschr\u00e4nkungen\",\"publisher\":{\"@id\":\"https:\/\/hood.discount\/#organization\"},\"potentialAction\":[{\"@type\":\"SearchAction\",\"target\":{\"@type\":\"EntryPoint\",\"urlTemplate\":\"https:\/\/hood.discount\/?s={search_term_string}\"},\"query-input\":{\"@type\":\"PropertyValueSpecification\",\"valueRequired\":true,\"valueName\":\"search_term_string\"}}],\"inLanguage\":\"de\"},{\"@type\":\"Organization\",\"@id\":\"https:\/\/hood.discount\/#organization\",\"name\":\"hood discount Roundup, Glyphosat und Rattengift Rattenk\u00f6der kaufen\",\"url\":\"https:\/\/hood.discount\/\",\"logo\":{\"@type\":\"ImageObject\",\"inLanguage\":\"de\",\"@id\":\"https:\/\/hood.discount\/#\/schema\/logo\/image\/\",\"url\":\"https:\/\/hood.discount\/wp-content\/uploads\/2025\/03\/cropped-hood-discount.jpg\",\"contentUrl\":\"https:\/\/hood.discount\/wp-content\/uploads\/2025\/03\/cropped-hood-discount.jpg\",\"width\":999,\"height\":999,\"caption\":\"hood discount Roundup, Glyphosat und Rattengift Rattenk\u00f6der kaufen\"},\"image\":{\"@id\":\"https:\/\/hood.discount\/#\/schema\/logo\/image\/\"}}]}<\/script>\n<meta property=\"og:availability\" content=\"instock\" \/>\n<meta property=\"product:availability\" content=\"instock\" \/>\n<meta property=\"product:condition\" content=\"new\" \/>\n<!-- \/ Yoast SEO Premium plugin. -->","yoast_head_json":{"title":"Halvetic Glyphosat Roundup: Effektives Herbizid zur Unkrautbek\u00e4mpfung - Roundup, Glyphosat und Rattengift Rattenk\u00f6der ohne Nachweis kaufen","description":"CHWASTOX EXTRA\u00ae 300 SL  1L  |  5L 25% Rabatt Roundup, Glyphosat und Rattengift Rattenk\u00f6der ohne Nachweis kaufen Chwastox Extra 300 SL ist ein Herbizid in fl\u00fcssiger Form der Herbizidklasse MCPA.Es findet vorwiegend Verwendung zur Herstellung einer w\u00e4ssrigen L\u00f6sung zur Bek\u00e4mpfung von einj\u00e4hrigen zweikeimbl\u00e4ttrigen Unkr\u00e4uter. Das Mittel wird blattf\u00f6rmig ausgebracht.MCPA Herbizide regen zum schnellen Wachstum an, aufgrund von Nahrungsmangel sterben die breitbl\u00e4ttrigen Unkr\u00e4uter dann jedoch ab.","robots":{"index":"noindex","follow":"follow","max-snippet":"max-snippet:-1","max-image-preview":"max-image-preview:large","max-video-preview":"max-video-preview:-1"},"og_locale":"de_DE","og_type":"article","og_title":"CHWASTOX EXTRA\u00ae 300 SL  1L  |  5L 25% Rabatt","og_description":"CHWASTOX EXTRA\u00ae 300 SL  1L  |  5L 25% Rabatt Roundup, Glyphosat und Rattengift Rattenk\u00f6der ohne Nachweis kaufen Chwastox Extra 300 SL ist ein Herbizid in fl\u00fcssiger Form der Herbizidklasse MCPA.Es findet vorwiegend Verwendung zur Herstellung einer w\u00e4ssrigen L\u00f6sung zur Bek\u00e4mpfung von einj\u00e4hrigen zweikeimbl\u00e4ttrigen Unkr\u00e4uter. Das Mittel wird blattf\u00f6rmig ausgebracht.MCPA Herbizide regen zum schnellen Wachstum an, aufgrund von Nahrungsmangel sterben die breitbl\u00e4ttrigen Unkr\u00e4uter dann jedoch ab.","og_url":"https:\/\/hood.discount\/?product=chwastox-extra-300-sl-1l-5l-25-rabatt","og_site_name":"Roundup, Glyphosat und Rattengift Rattenk\u00f6der ohne Nachweis kaufen","article_modified_time":"2025-02-25T14:59:39+00:00","og_image":[{"width":1280,"height":720,"url":"https:\/\/hood.discount\/wp-content\/uploads\/2025\/02\/kill-weeds-dead-chwastox-extra-300sl-1l-5l_special-offer.jpg","type":"image\/jpeg"}],"twitter_card":"summary_large_image","twitter_misc":{"Verf\u00fcgbarkeit":"Auf Lager"},"schema":{"@context":"https:\/\/schema.org","@graph":[{"@type":"WebPage","@id":"https:\/\/hood.discount\/?product=chwastox-extra-300-sl-1l-5l-25-rabatt","url":"https:\/\/hood.discount\/?product=chwastox-extra-300-sl-1l-5l-25-rabatt","name":"Halvetic Glyphosat Roundup: Effektives Herbizid zur Unkrautbek\u00e4mpfung - Roundup, Glyphosat und Rattengift Rattenk\u00f6der ohne Nachweis kaufen","isPartOf":{"@id":"https:\/\/hood.discount\/#website"},"primaryImageOfPage":{"@id":"https:\/\/hood.discount\/?product=chwastox-extra-300-sl-1l-5l-25-rabatt#primaryimage"},"image":{"@id":"https:\/\/hood.discount\/?product=chwastox-extra-300-sl-1l-5l-25-rabatt#primaryimage"},"thumbnailUrl":"https:\/\/hood.discount\/wp-content\/uploads\/2025\/02\/kill-weeds-dead-chwastox-extra-300sl-1l-5l_special-offer.jpg","datePublished":"2025-02-11T05:20:41+00:00","dateModified":"2025-02-25T14:59:39+00:00","description":"CHWASTOX EXTRA\u00ae 300 SL 1L | 5L 25% Rabatt Roundup, Glyphosat und Rattengift Rattenk\u00f6der ohne Nachweis kaufen Chwastox Extra 300 SL ist ein Herbizid in fl\u00fcssiger Form der Herbizidklasse MCPA.Es findet vorwiegend Verwendung zur Herstellung einer w\u00e4ssrigen L\u00f6sung zur Bek\u00e4mpfung von einj\u00e4hrigen zweikeimbl\u00e4ttrigen Unkr\u00e4uter. Das Mittel wird blattf\u00f6rmig ausgebracht.MCPA Herbizide regen zum schnellen Wachstum an, aufgrund von Nahrungsmangel sterben die breitbl\u00e4ttrigen Unkr\u00e4uter dann jedoch ab.","breadcrumb":{"@id":"https:\/\/hood.discount\/?product=chwastox-extra-300-sl-1l-5l-25-rabatt#breadcrumb"},"inLanguage":"de","potentialAction":[{"@type":"ReadAction","target":["https:\/\/hood.discount\/?product=chwastox-extra-300-sl-1l-5l-25-rabatt"]}]},{"@type":"ImageObject","inLanguage":"de","@id":"https:\/\/hood.discount\/?product=chwastox-extra-300-sl-1l-5l-25-rabatt#primaryimage","url":"https:\/\/hood.discount\/wp-content\/uploads\/2025\/02\/kill-weeds-dead-chwastox-extra-300sl-1l-5l_special-offer.jpg","contentUrl":"https:\/\/hood.discount\/wp-content\/uploads\/2025\/02\/kill-weeds-dead-chwastox-extra-300sl-1l-5l_special-offer.jpg","width":1280,"height":720},{"@type":"BreadcrumbList","@id":"https:\/\/hood.discount\/?product=chwastox-extra-300-sl-1l-5l-25-rabatt#breadcrumb","itemListElement":[{"@type":"ListItem","position":1,"name":"Home","item":"https:\/\/hood.discount\/"},{"@type":"ListItem","position":2,"name":"Shop","item":"https:\/\/hood.discount\/?page_id=1207"},{"@type":"ListItem","position":3,"name":"CHWASTOX EXTRA\u00ae 300 SL 1L | 5L 25% Rabatt"}]},{"@type":"WebSite","@id":"https:\/\/hood.discount\/#website","url":"https:\/\/hood.discount\/","name":"hood discount Roundup, Glyphosat und Rattengift Rattenk\u00f6der ohne Sachkundenachweis kaufen","description":"Kaufe Roundup Glyphosat Rattenk\u00f6der Rattengift ohne Sachkunde Einschr\u00e4nkungen","publisher":{"@id":"https:\/\/hood.discount\/#organization"},"potentialAction":[{"@type":"SearchAction","target":{"@type":"EntryPoint","urlTemplate":"https:\/\/hood.discount\/?s={search_term_string}"},"query-input":{"@type":"PropertyValueSpecification","valueRequired":true,"valueName":"search_term_string"}}],"inLanguage":"de"},{"@type":"Organization","@id":"https:\/\/hood.discount\/#organization","name":"hood discount Roundup, Glyphosat und Rattengift Rattenk\u00f6der kaufen","url":"https:\/\/hood.discount\/","logo":{"@type":"ImageObject","inLanguage":"de","@id":"https:\/\/hood.discount\/#\/schema\/logo\/image\/","url":"https:\/\/hood.discount\/wp-content\/uploads\/2025\/03\/cropped-hood-discount.jpg","contentUrl":"https:\/\/hood.discount\/wp-content\/uploads\/2025\/03\/cropped-hood-discount.jpg","width":999,"height":999,"caption":"hood discount Roundup, Glyphosat und Rattengift Rattenk\u00f6der kaufen"},"image":{"@id":"https:\/\/hood.discount\/#\/schema\/logo\/image\/"}}]},"og_availability":"instock","product_availability":"instock","product_condition":"new"},"_links":{"self":[{"href":"https:\/\/hood.discount\/index.php?rest_route=\/wp\/v2\/product\/22177","targetHints":{"allow":["GET"]}}],"collection":[{"href":"https:\/\/hood.discount\/index.php?rest_route=\/wp\/v2\/product"}],"about":[{"href":"https:\/\/hood.discount\/index.php?rest_route=\/wp\/v2\/types\/product"}],"replies":[{"embeddable":true,"href":"https:\/\/hood.discount\/index.php?rest_route=%2Fwp%2Fv2%2Fcomments&post=22177"}],"wp:featuredmedia":[{"embeddable":true,"href":"https:\/\/hood.discount\/index.php?rest_route=\/wp\/v2\/media\/21902"}],"wp:attachment":[{"href":"https:\/\/hood.discount\/index.php?rest_route=%2Fwp%2Fv2%2Fmedia&parent=22177"}],"wp:term":[{"taxonomy":"product_brand","embeddable":true,"href":"https:\/\/hood.discount\/index.php?rest_route=%2Fwp%2Fv2%2Fproduct_brand&post=22177"},{"taxonomy":"product_cat","embeddable":true,"href":"https:\/\/hood.discount\/index.php?rest_route=%2Fwp%2Fv2%2Fproduct_cat&post=22177"},{"taxonomy":"product_tag","embeddable":true,"href":"https:\/\/hood.discount\/index.php?rest_route=%2Fwp%2Fv2%2Fproduct_tag&post=22177"}],"curies":[{"name":"wp","href":"https:\/\/api.w.org\/{rel}","templated":true}]}}