{"id":22173,"date":"2025-02-11T05:20:41","date_gmt":"2025-02-11T05:20:41","guid":{"rendered":"https:\/\/hood.discount\/?post_type=product&#038;p=22173"},"modified":"2025-02-25T14:59:40","modified_gmt":"2025-02-25T14:59:40","slug":"ratimor-pasten-power-koderbeutel-rattengift-mausegift-1kg-10kg","status":"publish","type":"product","link":"https:\/\/hood.discount\/?product=ratimor-pasten-power-koderbeutel-rattengift-mausegift-1kg-10kg","title":{"rendered":"Ratimor\u00ae Pasten Power K\u00f6derbeutel Rattengift M\u00e4usegift 1kg &#8211; 10kg"},"content":{"rendered":"<table class=\"contenttable\" border=\"0\" width=\"100%\" cellspacing=\"0\" cellpadding=\"3\">\n<tbody>\n<tr>\n<td class=\"newsueberschrift\" align=\"center\"><strong>PRODUKTBESCHREIBUNG<\/strong><\/td>\n<\/tr>\n<tr>\n<td class=\"newsinhalt\">\n<div class=\"kasten\">\n<p>Ratimor\u00ae Pasten Power-Pads 29 ppm<\/p>\n<p>&#8211; Hochattraktiver Pastenk\u00f6der<\/p>\n<p>&#8211; Erfolgreiche Resultate bei Ratten- und M\u00e4usebek\u00e4mpfung<\/p>\n<p>&#8211; F\u00fcr Innen- und Au\u00dfenbereich<\/p>\n<p>&#8211; Zusammengestellt aus hochattraktiven Lockstoffen<\/p>\n<p>&#8211; Speziell abgestimmt auf das Fressverhalten der Schadnager<\/p>\n<p>&#8211; Schnell und nachhaltig wirksam.<\/p>\n<p><strong><span style=\"color: red;\">Gefahr:<\/span><\/p>\n<p><\/strong>H373 Kann Organe sch\u00e4digen bei l\u00e4ngerer oder wiederholter Exposition<\/p>\n<p>EUH401 Zur Vermeidung von Risiken f\u00fcr Mensch und Umwelt die Gebrauchsanleitung einhalten<\/p>\n<p><strong>Wirkstoff:<\/strong>\u00a00,029 g\/kg Brodifacoum<\/p>\n<p><strong>VE:<\/strong>\u00a0 Pads je 10 Gramm<\/p>\n<p>Pastenk\u00f6der mit Fluo-NP Technologie<\/p>\n<h2>Ratimor <span class=\"js_produktName\">Pasten Power-Pads &#8211; anwendungsfertig<\/span><\/h2>\n<h3>Rodentizider, hochattraktiver Pastenk\u00f6der sowohl im Innen- als auch im Au\u00dfenbereich einsetzbar.<\/h3>\n<ul>\n<li>Auch f\u00fcr Feuchtbereiche geeignet<\/li>\n<li>Einfach in der Anwendung<\/li>\n<li>Praktische Sachet-Verpackung<\/li>\n<li>Wirksam bei einmaliger Aufnahme<\/li>\n<li>Portionierte &amp; anwendungsfertige Pastenk\u00f6der<\/li>\n<\/ul>\n<p>Ratimor\u00ae Pasten Power-Pads ist der hochattraktive Pastenk\u00f6der zur erfolgreichen Bek\u00e4mpfung von <strong>Wanderratten sowie Hausm\u00e4usen<\/strong> in allen Bereichen (Hof, Stall, Haus&#8230;)<\/p>\n<p><u>Eigenschaften und Wirkungsweise:<\/u><\/p>\n<p>Bei Ratimor\u00ae Pasten Power-Pads 29 handelt es sich um einen gebrauchsfertigen Pastenk\u00f6der (10 g-Pads) mit dem Wirkstoff Brodifacoum (0,029 g\/kg). Er enth\u00e4lt eine ausgewogene Mischung von f\u00fcr Nager attraktiven Zutaten und den Bitterstoff Denatoniumbenzoat, um zu helfen, die versehentliche Aufnahme durch Menschen zu verhindern. Der Wirkstoff Brodifacoum geh\u00f6rt zur Gruppe der Antikoagulanzien (2. Generation), wirksam bereits nach einmaliger Aufnahme. Aufgrund seiner zeitverz\u00f6gerten Wirkung, erfolgt der Tod der Schadnager, ohne dass ein Verdacht bei den anderen Mitgliedern der Kolonie entsteht.<\/p>\n<p><strong>Technische Daten:<\/strong><\/p>\n<ul>\n<li>Wirkstoff : 0,029 g\/kg Brodifacoum<\/li>\n<\/ul>\n<div id=\"tab-safety\" class=\"infotab\">\n<p><span style=\"color: #ff0010; font-size: large;\"><span class=\"contrastHeadline textLarge\">Sicherheitshinweise<\/span><\/span><\/p>\n<div class=\"basicContainerBordered\">\n<p><img decoding=\"async\" class=\"js_loadimage float-right marginLeftMedium marginBottomMedium\" src=\"https:\/\/l-westfalia-eu.secure.footprint.net\/global\/medien\/000603\/img\/icon-safety-large.png\" alt=\"Sicherheitshinweise\" data-src=\"\" \/><\/p>\n<div class=\"safetyNotices\">\n<p><strong>Signalwort GHS: Achtung<\/strong><\/p>\n<p><strong>Sicherheitshinweise GHS:<\/strong><\/p>\n<p><em>EUH401: Zur Vermeidung von Risiken f\u00fcr Mensch und Umwelt die Gebrauchsanleitung einhalten.<\/p>\n<p>H373: kann die Organe bei l\u00e4ngerer oder wiederholter Exposition sch\u00e4digen<\/em><\/p>\n<\/div>\n<div class=\"safetyNoticeBiocide\">\n<p><strong>Biozidprodukte vorsichtig verwenden. Vor Gebrauch stets Etikett und Produktinformationen lesen.<\/strong><\/p>\n<p><span style=\"font-size: large;\"><strong><span style=\"color: red;\">Gefahr:<\/span><\/p>\n<p><\/strong>H373 Kann Organe sch\u00e4digen bei l\u00e4ngerer oder wiederholter Exposition<\/p>\n<p>EUH401 Zur Vermeidung von Risiken f\u00fcr Mensch und Umwelt die Gebrauchsanleitung einhalten<\/span><\/p>\n<p><span style=\"font-size: large;\"><strong>Wirkstoff:<\/strong>\u00a00,029 g\/kg Brodifacoum<\/p>\n<p><\/span><\/p>\n<table id=\"product-attribute-specs-table\" class=\"data table additional-attributes\">\n<tbody>\n<tr>\n<th class=\"col label\" scope=\"row\">Zulassungsnummer<\/th>\n<td class=\"col data\" data-th=\"Zulassungsnummer\">DE-0005188-14 BAuA<\/td>\n<\/tr>\n<tr>\n<th class=\"col label\" scope=\"row\">Hazards<\/th>\n<td class=\"col data\" data-th=\"Hazards\"><img decoding=\"async\" src=\"https:\/\/katalog.killgerm.de\/pub\/media\/wysiwyg\/dangerous_symbols\/RESPIRATORY-HAZARD-ICON.png\" alt=\"\" \/><\/td>\n<\/tr>\n<tr>\n<th class=\"col label\" scope=\"row\">Anwendung Gegen<\/th>\n<td class=\"col data\" data-th=\"Anwendung Gegen\">Wanderratte und Hausratte<\/p>\n<p>in und um Geb\u00e4uden und im Kanal<\/td>\n<\/tr>\n<tr>\n<th class=\"col label\" scope=\"row\">Dosierung<\/th>\n<td class=\"col data\" data-th=\"Dosierung\">&nbsp;<\/p>\n<p>M\u00e4use: 10 bis 20 g K\u00f6der auf 3 bis 5 m<\/p>\n<p>Ratten: 30 bis 50 g K\u00f6der auf 5 bis 10 m<\/p>\n<p>&nbsp;<\/td>\n<\/tr>\n<tr>\n<th class=\"col label\" scope=\"row\">Wirkstoff<\/th>\n<td class=\"col data\" data-th=\"Wirkstoff\">Brodifacoum 0,029 g\/kg<\/td>\n<\/tr>\n<\/tbody>\n<\/table>\n<\/div>\n<\/div>\n<\/div>\n<\/div>\n<\/td>\n<\/tr>\n<\/tbody>\n<\/table>\n<p>&nbsp;<\/p>\n","protected":false},"excerpt":{"rendered":"<div class=\"content listing--content\">\n<h2>Ratimor\u00ae Pasten Power-Pads &#8211; anwendungsfertig<\/h2>\n<h3>Rodentizider, hochattraktiver Pastenk\u00f6der sowohl im Innen- als auch im Au\u00dfenbereich einsetzbar.<\/h3>\n<ul>\n<li>Auch f\u00fcr Feuchtbereiche geeignet<\/li>\n<li>Einfach in der Anwendung<\/li>\n<li>Praktische Sachet-Verpackung<\/li>\n<li>Wirksam bei einmaliger Aufnahme<\/li>\n<li>Portionierte &amp; anwendungsfertige Pastenk\u00f6der<\/li>\n<\/ul>\n<p>Ratimor\u00ae Pasten Power-Pads ist der hochattraktive Pastenk\u00f6der zur erfolgreichen Bek\u00e4mpfung von <strong>Wanderratten sowie Hausm\u00e4usen<\/strong>\u00a0in allen Bereichen (Hof, Stall, Haus&#8230;)<\/p>\n<\/div>\n<p>&nbsp;<\/p>\n","protected":false},"featured_media":21936,"comment_status":"open","ping_status":"closed","template":"","meta":[],"product_brand":[],"product_cat":[19],"product_tag":[29,38,39,40,41],"class_list":{"0":"post-22173","1":"product","2":"type-product","3":"status-publish","4":"has-post-thumbnail","6":"product_cat-anticoagulant-rodenticides-rattengift","7":"product_tag-rattengift","8":"product_tag-mausegift","9":"product_tag-koder","10":"product_tag-koderbeutel","11":"product_tag-ratimor","13":"first","14":"instock","15":"taxable","16":"shipping-taxable","17":"product-type-variable"},"yoast_head":"<!-- This site is optimized with the Yoast SEO Premium plugin v27.1 (Yoast SEO v27.1.1) - https:\/\/yoast.com\/product\/yoast-seo-premium-wordpress\/ -->\n<title>Ratimor\u00ae Pasten Power K\u00f6derbeutel Rattengift M\u00e4usegift 1kg - 10kg - Roundup, Glyphosat und Rattengift Rattenk\u00f6der ohne Nachweis kaufen<\/title>\n<meta name=\"description\" content=\"Ratimor\u00ae Pasten Power K\u00f6derbeutel Rattengift M\u00e4usegift 1kg - 10kg Roundup, Glyphosat und Rattengift Rattenk\u00f6der ohne Nachweis kaufen Ratimor\u00ae ist die wirksamste Formulierung. Sorgf\u00e4ltig ausgew\u00e4hlte Komponenten wie hochwertiges Weizenmehl, geschrotetes Getreide, eine Mischung aus verschiedenen Fetten und \u00d6len, Geschmacksverst\u00e4rkern und Aromen sorgen f\u00fcr eine optimale K\u00f6deraufnahme, w\u00e4hrend Stabilisatoren die Oxidierung verhindern. Der Bitterstoff Bitrex ist gegen eine versehentliche Aufnahme von Nichtzielorganismen hinzugef\u00fcgt.Die Paste ist temperaturbest\u00e4ndig und auch f\u00fcr Bereiche mit hoher Feuchtigkeit bestens geeignet. Jedes Sachet enth\u00e4lt 10 g blaue K\u00f6derpaste welche mit Hilfe von K\u00f6derstangen einfach und sicher in K\u00f6derstationen ausgebracht werden k\u00f6nnen.Ein besonderer Vorteil von Pastenk\u00f6der ist der hohe Fl\u00fcssigkeitsanteil, welcher den K\u00f6der nicht nur besonders schmackhaft macht, sondern auch dem nat\u00fcrlichen Bed\u00fcrfnis der Tiere zur Fl\u00fcssigkeitsaufnahme entgegen kommt.\" \/>\n<meta name=\"robots\" content=\"noindex, follow, max-snippet:-1, max-image-preview:large, max-video-preview:-1\" \/>\n<meta property=\"og:locale\" content=\"de_DE\" \/>\n<meta property=\"og:type\" content=\"article\" \/>\n<meta property=\"og:title\" content=\"Ratimor\u00ae Pasten Power K\u00f6derbeutel Rattengift M\u00e4usegift 1kg - 10kg\" \/>\n<meta property=\"og:description\" content=\"Ratimor\u00ae Pasten Power K\u00f6derbeutel Rattengift M\u00e4usegift 1kg - 10kg Roundup, Glyphosat und Rattengift Rattenk\u00f6der ohne Nachweis kaufen Ratimor\u00ae ist die wirksamste Formulierung. Sorgf\u00e4ltig ausgew\u00e4hlte Komponenten wie hochwertiges Weizenmehl, geschrotetes Getreide, eine Mischung aus verschiedenen Fetten und \u00d6len, Geschmacksverst\u00e4rkern und Aromen sorgen f\u00fcr eine optimale K\u00f6deraufnahme, w\u00e4hrend Stabilisatoren die Oxidierung verhindern. Der Bitterstoff Bitrex ist gegen eine versehentliche Aufnahme von Nichtzielorganismen hinzugef\u00fcgt.Die Paste ist temperaturbest\u00e4ndig und auch f\u00fcr Bereiche mit hoher Feuchtigkeit bestens geeignet. Jedes Sachet enth\u00e4lt 10 g blaue K\u00f6derpaste welche mit Hilfe von K\u00f6derstangen einfach und sicher in K\u00f6derstationen ausgebracht werden k\u00f6nnen.Ein besonderer Vorteil von Pastenk\u00f6der ist der hohe Fl\u00fcssigkeitsanteil, welcher den K\u00f6der nicht nur besonders schmackhaft macht, sondern auch dem nat\u00fcrlichen Bed\u00fcrfnis der Tiere zur Fl\u00fcssigkeitsaufnahme entgegen kommt.\" \/>\n<meta property=\"og:url\" content=\"https:\/\/hood.discount\/?product=ratimor-pasten-power-koderbeutel-rattengift-mausegift-1kg-10kg\" \/>\n<meta property=\"og:site_name\" content=\"Roundup, Glyphosat und Rattengift Rattenk\u00f6der ohne Nachweis kaufen\" \/>\n<meta property=\"article:modified_time\" content=\"2025-02-25T14:59:40+00:00\" \/>\n<meta property=\"og:image\" content=\"https:\/\/hood.discount\/wp-content\/uploads\/2025\/02\/ratimor-brodifacoum-paste.png\" \/>\n\t<meta property=\"og:image:width\" content=\"980\" \/>\n\t<meta property=\"og:image:height\" content=\"743\" \/>\n\t<meta property=\"og:image:type\" content=\"image\/png\" \/>\n<meta name=\"twitter:card\" content=\"summary_large_image\" \/>\n<meta name=\"twitter:label1\" content=\"Verf\u00fcgbarkeit\" \/>\n\t<meta name=\"twitter:data1\" content=\"Auf Lager\" \/>\n<script type=\"application\/ld+json\" class=\"yoast-schema-graph\">{\"@context\":\"https:\/\/schema.org\",\"@graph\":[{\"@type\":\"WebPage\",\"@id\":\"https:\/\/hood.discount\/?product=ratimor-pasten-power-koderbeutel-rattengift-mausegift-1kg-10kg\",\"url\":\"https:\/\/hood.discount\/?product=ratimor-pasten-power-koderbeutel-rattengift-mausegift-1kg-10kg\",\"name\":\"Ratimor\u00ae Pasten Power K\u00f6derbeutel Rattengift M\u00e4usegift 1kg - 10kg - Roundup, Glyphosat und Rattengift Rattenk\u00f6der ohne Nachweis kaufen\",\"isPartOf\":{\"@id\":\"https:\/\/hood.discount\/#website\"},\"primaryImageOfPage\":{\"@id\":\"https:\/\/hood.discount\/?product=ratimor-pasten-power-koderbeutel-rattengift-mausegift-1kg-10kg#primaryimage\"},\"image\":{\"@id\":\"https:\/\/hood.discount\/?product=ratimor-pasten-power-koderbeutel-rattengift-mausegift-1kg-10kg#primaryimage\"},\"thumbnailUrl\":\"https:\/\/hood.discount\/wp-content\/uploads\/2025\/02\/ratimor-brodifacoum-paste.png\",\"datePublished\":\"2025-02-11T05:20:41+00:00\",\"dateModified\":\"2025-02-25T14:59:40+00:00\",\"description\":\"Ratimor\u00ae Pasten Power K\u00f6derbeutel Rattengift M\u00e4usegift 1kg - 10kg Roundup, Glyphosat und Rattengift Rattenk\u00f6der ohne Nachweis kaufen Ratimor\u00ae ist die wirksamste Formulierung. Sorgf\u00e4ltig ausgew\u00e4hlte Komponenten wie hochwertiges Weizenmehl, geschrotetes Getreide, eine Mischung aus verschiedenen Fetten und \u00d6len, Geschmacksverst\u00e4rkern und Aromen sorgen f\u00fcr eine optimale K\u00f6deraufnahme, w\u00e4hrend Stabilisatoren die Oxidierung verhindern. Der Bitterstoff Bitrex ist gegen eine versehentliche Aufnahme von Nichtzielorganismen hinzugef\u00fcgt.Die Paste ist temperaturbest\u00e4ndig und auch f\u00fcr Bereiche mit hoher Feuchtigkeit bestens geeignet. Jedes Sachet enth\u00e4lt 10 g blaue K\u00f6derpaste welche mit Hilfe von K\u00f6derstangen einfach und sicher in K\u00f6derstationen ausgebracht werden k\u00f6nnen.Ein besonderer Vorteil von Pastenk\u00f6der ist der hohe Fl\u00fcssigkeitsanteil, welcher den K\u00f6der nicht nur besonders schmackhaft macht, sondern auch dem nat\u00fcrlichen Bed\u00fcrfnis der Tiere zur Fl\u00fcssigkeitsaufnahme entgegen kommt.\",\"breadcrumb\":{\"@id\":\"https:\/\/hood.discount\/?product=ratimor-pasten-power-koderbeutel-rattengift-mausegift-1kg-10kg#breadcrumb\"},\"inLanguage\":\"de\",\"potentialAction\":[{\"@type\":\"ReadAction\",\"target\":[\"https:\/\/hood.discount\/?product=ratimor-pasten-power-koderbeutel-rattengift-mausegift-1kg-10kg\"]}]},{\"@type\":\"ImageObject\",\"inLanguage\":\"de\",\"@id\":\"https:\/\/hood.discount\/?product=ratimor-pasten-power-koderbeutel-rattengift-mausegift-1kg-10kg#primaryimage\",\"url\":\"https:\/\/hood.discount\/wp-content\/uploads\/2025\/02\/ratimor-brodifacoum-paste.png\",\"contentUrl\":\"https:\/\/hood.discount\/wp-content\/uploads\/2025\/02\/ratimor-brodifacoum-paste.png\",\"width\":980,\"height\":743},{\"@type\":\"BreadcrumbList\",\"@id\":\"https:\/\/hood.discount\/?product=ratimor-pasten-power-koderbeutel-rattengift-mausegift-1kg-10kg#breadcrumb\",\"itemListElement\":[{\"@type\":\"ListItem\",\"position\":1,\"name\":\"Home\",\"item\":\"https:\/\/hood.discount\/\"},{\"@type\":\"ListItem\",\"position\":2,\"name\":\"Shop\",\"item\":\"https:\/\/hood.discount\/?page_id=1207\"},{\"@type\":\"ListItem\",\"position\":3,\"name\":\"Ratimor\u00ae Pasten Power K\u00f6derbeutel Rattengift M\u00e4usegift 1kg &#8211; 10kg\"}]},{\"@type\":\"WebSite\",\"@id\":\"https:\/\/hood.discount\/#website\",\"url\":\"https:\/\/hood.discount\/\",\"name\":\"hood discount Roundup, Glyphosat und Rattengift Rattenk\u00f6der ohne Sachkundenachweis kaufen\",\"description\":\"Kaufe Roundup Glyphosat Rattenk\u00f6der Rattengift ohne Sachkunde Einschr\u00e4nkungen\",\"publisher\":{\"@id\":\"https:\/\/hood.discount\/#organization\"},\"potentialAction\":[{\"@type\":\"SearchAction\",\"target\":{\"@type\":\"EntryPoint\",\"urlTemplate\":\"https:\/\/hood.discount\/?s={search_term_string}\"},\"query-input\":{\"@type\":\"PropertyValueSpecification\",\"valueRequired\":true,\"valueName\":\"search_term_string\"}}],\"inLanguage\":\"de\"},{\"@type\":\"Organization\",\"@id\":\"https:\/\/hood.discount\/#organization\",\"name\":\"hood discount Roundup, Glyphosat und Rattengift Rattenk\u00f6der kaufen\",\"url\":\"https:\/\/hood.discount\/\",\"logo\":{\"@type\":\"ImageObject\",\"inLanguage\":\"de\",\"@id\":\"https:\/\/hood.discount\/#\/schema\/logo\/image\/\",\"url\":\"https:\/\/hood.discount\/wp-content\/uploads\/2025\/03\/cropped-hood-discount.jpg\",\"contentUrl\":\"https:\/\/hood.discount\/wp-content\/uploads\/2025\/03\/cropped-hood-discount.jpg\",\"width\":999,\"height\":999,\"caption\":\"hood discount Roundup, Glyphosat und Rattengift Rattenk\u00f6der kaufen\"},\"image\":{\"@id\":\"https:\/\/hood.discount\/#\/schema\/logo\/image\/\"}}]}<\/script>\n<meta property=\"og:availability\" content=\"instock\" \/>\n<meta property=\"product:availability\" content=\"instock\" \/>\n<meta property=\"product:retailer_item_id\" content=\"Ratimor\u00ae Paste Power Pads\" \/>\n<meta property=\"product:condition\" content=\"new\" \/>\n<!-- \/ Yoast SEO Premium plugin. -->","yoast_head_json":{"title":"Ratimor\u00ae Pasten Power K\u00f6derbeutel Rattengift M\u00e4usegift 1kg - 10kg - Roundup, Glyphosat und Rattengift Rattenk\u00f6der ohne Nachweis kaufen","description":"Ratimor\u00ae Pasten Power K\u00f6derbeutel Rattengift M\u00e4usegift 1kg - 10kg Roundup, Glyphosat und Rattengift Rattenk\u00f6der ohne Nachweis kaufen Ratimor\u00ae ist die wirksamste Formulierung. Sorgf\u00e4ltig ausgew\u00e4hlte Komponenten wie hochwertiges Weizenmehl, geschrotetes Getreide, eine Mischung aus verschiedenen Fetten und \u00d6len, Geschmacksverst\u00e4rkern und Aromen sorgen f\u00fcr eine optimale K\u00f6deraufnahme, w\u00e4hrend Stabilisatoren die Oxidierung verhindern. Der Bitterstoff Bitrex ist gegen eine versehentliche Aufnahme von Nichtzielorganismen hinzugef\u00fcgt.Die Paste ist temperaturbest\u00e4ndig und auch f\u00fcr Bereiche mit hoher Feuchtigkeit bestens geeignet. Jedes Sachet enth\u00e4lt 10 g blaue K\u00f6derpaste welche mit Hilfe von K\u00f6derstangen einfach und sicher in K\u00f6derstationen ausgebracht werden k\u00f6nnen.Ein besonderer Vorteil von Pastenk\u00f6der ist der hohe Fl\u00fcssigkeitsanteil, welcher den K\u00f6der nicht nur besonders schmackhaft macht, sondern auch dem nat\u00fcrlichen Bed\u00fcrfnis der Tiere zur Fl\u00fcssigkeitsaufnahme entgegen kommt.","robots":{"index":"noindex","follow":"follow","max-snippet":"max-snippet:-1","max-image-preview":"max-image-preview:large","max-video-preview":"max-video-preview:-1"},"og_locale":"de_DE","og_type":"article","og_title":"Ratimor\u00ae Pasten Power K\u00f6derbeutel Rattengift M\u00e4usegift 1kg - 10kg","og_description":"Ratimor\u00ae Pasten Power K\u00f6derbeutel Rattengift M\u00e4usegift 1kg - 10kg Roundup, Glyphosat und Rattengift Rattenk\u00f6der ohne Nachweis kaufen Ratimor\u00ae ist die wirksamste Formulierung. Sorgf\u00e4ltig ausgew\u00e4hlte Komponenten wie hochwertiges Weizenmehl, geschrotetes Getreide, eine Mischung aus verschiedenen Fetten und \u00d6len, Geschmacksverst\u00e4rkern und Aromen sorgen f\u00fcr eine optimale K\u00f6deraufnahme, w\u00e4hrend Stabilisatoren die Oxidierung verhindern. Der Bitterstoff Bitrex ist gegen eine versehentliche Aufnahme von Nichtzielorganismen hinzugef\u00fcgt.Die Paste ist temperaturbest\u00e4ndig und auch f\u00fcr Bereiche mit hoher Feuchtigkeit bestens geeignet. Jedes Sachet enth\u00e4lt 10 g blaue K\u00f6derpaste welche mit Hilfe von K\u00f6derstangen einfach und sicher in K\u00f6derstationen ausgebracht werden k\u00f6nnen.Ein besonderer Vorteil von Pastenk\u00f6der ist der hohe Fl\u00fcssigkeitsanteil, welcher den K\u00f6der nicht nur besonders schmackhaft macht, sondern auch dem nat\u00fcrlichen Bed\u00fcrfnis der Tiere zur Fl\u00fcssigkeitsaufnahme entgegen kommt.","og_url":"https:\/\/hood.discount\/?product=ratimor-pasten-power-koderbeutel-rattengift-mausegift-1kg-10kg","og_site_name":"Roundup, Glyphosat und Rattengift Rattenk\u00f6der ohne Nachweis kaufen","article_modified_time":"2025-02-25T14:59:40+00:00","og_image":[{"width":980,"height":743,"url":"https:\/\/hood.discount\/wp-content\/uploads\/2025\/02\/ratimor-brodifacoum-paste.png","type":"image\/png"}],"twitter_card":"summary_large_image","twitter_misc":{"Verf\u00fcgbarkeit":"Auf Lager"},"schema":{"@context":"https:\/\/schema.org","@graph":[{"@type":"WebPage","@id":"https:\/\/hood.discount\/?product=ratimor-pasten-power-koderbeutel-rattengift-mausegift-1kg-10kg","url":"https:\/\/hood.discount\/?product=ratimor-pasten-power-koderbeutel-rattengift-mausegift-1kg-10kg","name":"Ratimor\u00ae Pasten Power K\u00f6derbeutel Rattengift M\u00e4usegift 1kg - 10kg - Roundup, Glyphosat und Rattengift Rattenk\u00f6der ohne Nachweis kaufen","isPartOf":{"@id":"https:\/\/hood.discount\/#website"},"primaryImageOfPage":{"@id":"https:\/\/hood.discount\/?product=ratimor-pasten-power-koderbeutel-rattengift-mausegift-1kg-10kg#primaryimage"},"image":{"@id":"https:\/\/hood.discount\/?product=ratimor-pasten-power-koderbeutel-rattengift-mausegift-1kg-10kg#primaryimage"},"thumbnailUrl":"https:\/\/hood.discount\/wp-content\/uploads\/2025\/02\/ratimor-brodifacoum-paste.png","datePublished":"2025-02-11T05:20:41+00:00","dateModified":"2025-02-25T14:59:40+00:00","description":"Ratimor\u00ae Pasten Power K\u00f6derbeutel Rattengift M\u00e4usegift 1kg - 10kg Roundup, Glyphosat und Rattengift Rattenk\u00f6der ohne Nachweis kaufen Ratimor\u00ae ist die wirksamste Formulierung. Sorgf\u00e4ltig ausgew\u00e4hlte Komponenten wie hochwertiges Weizenmehl, geschrotetes Getreide, eine Mischung aus verschiedenen Fetten und \u00d6len, Geschmacksverst\u00e4rkern und Aromen sorgen f\u00fcr eine optimale K\u00f6deraufnahme, w\u00e4hrend Stabilisatoren die Oxidierung verhindern. Der Bitterstoff Bitrex ist gegen eine versehentliche Aufnahme von Nichtzielorganismen hinzugef\u00fcgt.Die Paste ist temperaturbest\u00e4ndig und auch f\u00fcr Bereiche mit hoher Feuchtigkeit bestens geeignet. Jedes Sachet enth\u00e4lt 10 g blaue K\u00f6derpaste welche mit Hilfe von K\u00f6derstangen einfach und sicher in K\u00f6derstationen ausgebracht werden k\u00f6nnen.Ein besonderer Vorteil von Pastenk\u00f6der ist der hohe Fl\u00fcssigkeitsanteil, welcher den K\u00f6der nicht nur besonders schmackhaft macht, sondern auch dem nat\u00fcrlichen Bed\u00fcrfnis der Tiere zur Fl\u00fcssigkeitsaufnahme entgegen kommt.","breadcrumb":{"@id":"https:\/\/hood.discount\/?product=ratimor-pasten-power-koderbeutel-rattengift-mausegift-1kg-10kg#breadcrumb"},"inLanguage":"de","potentialAction":[{"@type":"ReadAction","target":["https:\/\/hood.discount\/?product=ratimor-pasten-power-koderbeutel-rattengift-mausegift-1kg-10kg"]}]},{"@type":"ImageObject","inLanguage":"de","@id":"https:\/\/hood.discount\/?product=ratimor-pasten-power-koderbeutel-rattengift-mausegift-1kg-10kg#primaryimage","url":"https:\/\/hood.discount\/wp-content\/uploads\/2025\/02\/ratimor-brodifacoum-paste.png","contentUrl":"https:\/\/hood.discount\/wp-content\/uploads\/2025\/02\/ratimor-brodifacoum-paste.png","width":980,"height":743},{"@type":"BreadcrumbList","@id":"https:\/\/hood.discount\/?product=ratimor-pasten-power-koderbeutel-rattengift-mausegift-1kg-10kg#breadcrumb","itemListElement":[{"@type":"ListItem","position":1,"name":"Home","item":"https:\/\/hood.discount\/"},{"@type":"ListItem","position":2,"name":"Shop","item":"https:\/\/hood.discount\/?page_id=1207"},{"@type":"ListItem","position":3,"name":"Ratimor\u00ae Pasten Power K\u00f6derbeutel Rattengift M\u00e4usegift 1kg &#8211; 10kg"}]},{"@type":"WebSite","@id":"https:\/\/hood.discount\/#website","url":"https:\/\/hood.discount\/","name":"hood discount Roundup, Glyphosat und Rattengift Rattenk\u00f6der ohne Sachkundenachweis kaufen","description":"Kaufe Roundup Glyphosat Rattenk\u00f6der Rattengift ohne Sachkunde Einschr\u00e4nkungen","publisher":{"@id":"https:\/\/hood.discount\/#organization"},"potentialAction":[{"@type":"SearchAction","target":{"@type":"EntryPoint","urlTemplate":"https:\/\/hood.discount\/?s={search_term_string}"},"query-input":{"@type":"PropertyValueSpecification","valueRequired":true,"valueName":"search_term_string"}}],"inLanguage":"de"},{"@type":"Organization","@id":"https:\/\/hood.discount\/#organization","name":"hood discount Roundup, Glyphosat und Rattengift Rattenk\u00f6der kaufen","url":"https:\/\/hood.discount\/","logo":{"@type":"ImageObject","inLanguage":"de","@id":"https:\/\/hood.discount\/#\/schema\/logo\/image\/","url":"https:\/\/hood.discount\/wp-content\/uploads\/2025\/03\/cropped-hood-discount.jpg","contentUrl":"https:\/\/hood.discount\/wp-content\/uploads\/2025\/03\/cropped-hood-discount.jpg","width":999,"height":999,"caption":"hood discount Roundup, Glyphosat und Rattengift Rattenk\u00f6der kaufen"},"image":{"@id":"https:\/\/hood.discount\/#\/schema\/logo\/image\/"}}]},"og_availability":"instock","product_availability":"instock","product_retailer_item_id":"Ratimor\u00ae Paste Power Pads","product_condition":"new"},"_links":{"self":[{"href":"https:\/\/hood.discount\/index.php?rest_route=\/wp\/v2\/product\/22173","targetHints":{"allow":["GET"]}}],"collection":[{"href":"https:\/\/hood.discount\/index.php?rest_route=\/wp\/v2\/product"}],"about":[{"href":"https:\/\/hood.discount\/index.php?rest_route=\/wp\/v2\/types\/product"}],"replies":[{"embeddable":true,"href":"https:\/\/hood.discount\/index.php?rest_route=%2Fwp%2Fv2%2Fcomments&post=22173"}],"wp:featuredmedia":[{"embeddable":true,"href":"https:\/\/hood.discount\/index.php?rest_route=\/wp\/v2\/media\/21936"}],"wp:attachment":[{"href":"https:\/\/hood.discount\/index.php?rest_route=%2Fwp%2Fv2%2Fmedia&parent=22173"}],"wp:term":[{"taxonomy":"product_brand","embeddable":true,"href":"https:\/\/hood.discount\/index.php?rest_route=%2Fwp%2Fv2%2Fproduct_brand&post=22173"},{"taxonomy":"product_cat","embeddable":true,"href":"https:\/\/hood.discount\/index.php?rest_route=%2Fwp%2Fv2%2Fproduct_cat&post=22173"},{"taxonomy":"product_tag","embeddable":true,"href":"https:\/\/hood.discount\/index.php?rest_route=%2Fwp%2Fv2%2Fproduct_tag&post=22173"}],"curies":[{"name":"wp","href":"https:\/\/api.w.org\/{rel}","templated":true}]}}