{"id":22171,"date":"2025-02-11T05:20:41","date_gmt":"2025-02-11T05:20:41","guid":{"rendered":"https:\/\/hood.discount\/?post_type=product&#038;p=22171"},"modified":"2025-02-25T14:59:40","modified_gmt":"2025-02-25T14:59:40","slug":"professionelle-multi-koder-station-fur-ratten-und-mause","status":"publish","type":"product","link":"https:\/\/hood.discount\/?product=professionelle-multi-koder-station-fur-ratten-und-mause","title":{"rendered":"PROFESSIONELLE MULTI-K\u00d6DER STATION F\u00dcR RATTEN UND M\u00c4USE"},"content":{"rendered":"<table class=\"contenttable\" border=\"0\" width=\"100%\" cellspacing=\"0\" cellpadding=\"3\">\n<tbody>\n<tr>\n<td class=\"newsueberschrift\" align=\"center\">\n<div style=\"text-align: center;\" align=\"left\"><span style=\"color: #605551; font-family: Arial; font-size: large;\"><strong><\/p>\n<p>PROFESSIONELLE MULTI-K\u00d6DER STATION<\/p>\n<p><\/strong><\/span><\/div>\n<div class=\"WordSection1\">\n<p class=\"PreformattedText\" style=\"text-align: center;\" align=\"center\"><span style=\"color: #873d92;\"><b>DOPPELT TRANSPARENT<\/p>\n<p>EXTRA SICHER<\/b><\/span><\/p>\n<p><img decoding=\"async\" class=\" wp-image-15259\" src=\"https:\/\/agro-fluid.de\/wp-content\/uploads\/professionelle-multi-koeder-station-mit-200-gramm-koeder-jeweils-100g-giftweizen-100g-bloecke.jpg\" alt=\"Ratten K\u00f6derbox Anti Glare Effekt\" width=\"98\" height=\"97\" \/><\/p>\n<p style=\"text-align: center;\"><strong><span style=\"color: #000000;\">&#8222;Ratten haben eine ausgepr\u00e4gte Abneigung gegen Neues\u201c \u2013 Neophobie.<\/span><\/strong><\/p>\n<p><strong><span style=\"color: #000000;\">Durch den Anti-Glare Effekt unserer K\u00f6derstation sehen diese nicht wie neu aus.<\/span><\/strong><\/p>\n<p class=\"PreformattedText\"><span style=\"color: #605551; font-family: Arial; font-size: large;\">Die Multibox besteht aus hochwertigem Kunststoff, der witterungsbest\u00e4ndig und gegen mechanische Besch\u00e4digungen best\u00e4ndig ist. Die Gr\u00f6\u00dfe der Station ist perfekt f\u00fcr die Bek\u00e4mpfung von M\u00e4usen und Ratten.<\/span><\/p>\n<p class=\"PreformattedText\"><span style=\"color: #605551; font-family: Arial; font-size: large;\"><span style=\"color: #605551;\"><strong>Der Feeder hat zwei Kammern, was die Sicherheit und Trennung der K\u00f6der verbessert. In den Kammern befindet sich jeweils ein spezieller Stift zum Befestigen des Giftes als Paste oder W\u00fcrfel.<\/strong><\/span><\/span><\/p>\n<p class=\"PreformattedText\"><span style=\"color: #605551; font-family: Arial; font-size: large;\"><span style=\"color: #999999;\"><strong>Auch die Montage direkt an einer Wand ist problemlos m\u00f6glich. Durch den mitgelieferten Schl\u00fc\u00dfel ist die Station vor unbefugtem Zugriff gesch\u00fctzt.<\/strong><\/span><\/span><\/p>\n<\/div>\n<div class=\"WordSection2\">\n<p class=\"PreformattedText\" align=\"left\"><span style=\"color: #7e6f65; font-family: Arial; font-size: large;\">Es wird empfohlen, die K\u00f6derboxen insbesondere in der N\u00e4he von Geb\u00e4udeeing\u00e4ngen, auf Wegen, auf denen Nagetiere laufen k\u00f6nnen, und an potenziell f\u00fcr M\u00e4use und Ratten attraktiven Orten zu verwenden.<\/p>\n<p><\/span><\/p>\n<p><span style=\"font-family: Arial; font-size: large;\"><strong>Anwendungsempfehlung Multi-K\u00f6derstation f\u00fcr\u00a0<\/strong><strong>Ratten und M\u00e4use<\/strong><\/span><\/p>\n<p><span style=\"font-family: Arial; font-size: large;\">Mit dieser Multi-K\u00f6der Station werden verschiedene K\u00f6der zur gezielten Ratten und M\u00e4use Bek\u00e4mpfung optimal angeboten. Die spezielle Bauweise dieser K\u00f6der Box erm\u00f6glicht es Ratten und M\u00e4usek\u00f6der vor Regen, Wind und Wetter gesch\u00fctzt anzubieten. Die Bauweise l\u00e4sst diese K\u00f6der Box eher unscheinbar wirken (Anti-Glare).<\/span><\/p>\n<p>Die kindersichere Verriegelung kann nur mit dem mitgelieferten Schl\u00fcssel ge\u00f6ffnet werden. V\u00f6gel\u00a0 Hunde und Katzen k\u00f6nnen den K\u00f6der in dieser Box \u00a0auf Grund seiner speziellen Bauweise nicht erreichen.<\/p>\n<p>Zwei sichere Stahlstangen mit einer Klick Arretierung verhindern das Verschleppen der angebotenen Ratten und M\u00e4use K\u00f6der.<\/p>\n<p>Geeignet zur Ausbringung verschiedenster Ratten- und M\u00e4use K\u00f6der wie Pellets, Pasten, K\u00f6derbl\u00f6cken, Schaum- und auch Puderk\u00f6der\u00a0 werden sicher platziert.<\/p>\n<p>Auch bei Frost und niedrigen Temperaturen ist diese K\u00f6der Station noch \u00e4u\u00dferst stabil und bruchsicher.<\/p>\n<p>Anwendung im Innen und Au\u00dfenbereich m\u00f6glich.<\/p>\n<p><span style=\"font-family: Arial; font-size: large;\"><strong><\/p>\n<p>Aufwandmenge und Dosierung<\/strong><\/span><\/p>\n<p><span style=\"font-family: Arial; font-size: large;\">Je nach Befall werden die Ratten- und M\u00e4usek\u00f6der Boxen im Abstand von 5 bis 10 m aufgestellt.<\/span><\/p>\n<p>An W\u00e4nden und Wandecken, entlang von Holzstapeln etwa unterhalb von Paletten oder Regalen werden die K\u00f6der Boxen platziert und generell immer dort die K\u00f6derstationen aufstellen, wo bereits Nager gesichtet wurden.<\/p>\n<p>Beim Aufstellen und beim Best\u00fccken mit K\u00f6dern Handschuhe tragen. Einmal zum Selbstschutz und zum anderen um den menschlichen Geruch nicht auf den K\u00f6der zu \u00fcbertragen. Tote oder absterbende Ratten und M\u00e4use sofort entsorgen um Sekund\u00e4rvergiftungen vorzubeugen.<\/p>\n<p>Die K\u00f6derbox ist regelm\u00e4\u00dfig zu kontrollieren. Bei Bedarf neue K\u00f6der nachlegen. Sollte nach 14 Tagen der K\u00f6der nicht mehr angenommen werden bitte die Ratten und M\u00e4usek\u00f6der Box an einer anderen Stelle platzieren.<\/p>\n<p>Zur Vermeidung von Risiken f\u00fcr Mensch und Umwelt ist in jedem Fall die Gebrauchsanleitung des angebotenen K\u00f6ders einzuhalten.<\/p>\n<p>Bei der Arbeit speziell beim Best\u00fccken der K\u00f6der Box mit Bioziden ( Ratten oder M\u00e4usek\u00f6der ) Handschuhe tragen, nicht essen trinken oder rauchen. Nach der Arbeit das Gesicht auch die H\u00e4nde gr\u00fcndlich reinigen.<\/p>\n<p><span style=\"font-size: large;\"><span style=\"color: #0039f3;\"><b>TECHNISCHE DETAILS<\/p>\n<p><\/b><\/p>\n<p>&#8211; Multibox aus hochwertigem PP-Kunststoff, langlebig und stabil<\/p>\n<p>&#8211; <span style=\"font-family: Arial;\">widerstandsf\u00e4hig gegen Besch\u00e4digungen und ung\u00fcnstige Witterungsbedingungen<\/p>\n<p>&#8211; <\/span><span style=\"font-family: Arial;\">f\u00fcr den Innen- und Au\u00dfenbereich<\/span><\/p>\n<p>&#8211; antireflektierende Beschichtung, einzigartige &#8222;Deep-Dark-Technologie&#8220;<\/p>\n<p>&#8211; L\u00e4nge 28cm \/ Breite 18cm \/ H\u00f6he 11,5cm<\/p>\n<p>&#8211; futuristische Form (f\u00fcgt sich unauff\u00e4llig in das Landschaftsbild ein)<\/p>\n<p>&#8211; au\u00dfergew\u00f6hnliche Benutzerfreundlichkeit und Reinigung (Die Multibox kann ohne Werkzeug von der Wandhalterung enfernt werden)<\/p>\n<p>&#8211; SICHER &#8211; 1 PATENTSCHL\u00dcSSEL &#8211; F\u00dcR ZWEI SCHL\u00d6SSER<\/p>\n<p>&#8211; <span style=\"font-family: Arial;\">Zwei spezielle Stifte zum Befestigen des Futters in Form von Paste oder W\u00fcrfeln<\/p>\n<p>&#8211; Eine Schale zum Bef\u00fcllen mit Giftweizen oder Pellets<\/span><\/span><\/span><\/p>\n<\/div>\n<\/td>\n<\/tr>\n<tr>\n<td class=\"newsinhalt\"><\/td>\n<\/tr>\n<\/tbody>\n<\/table>\n<h3><span style=\"font-family: Arial; font-size: large;\">Wirkstoffe:<\/p>\n<p><\/span><\/h3>\n<p>Wirkstoff: 0,029 g\/kg Brodifacoum<\/p>\n<p>Wirkstoff: 50 mg\/kg (0,005 %) Bromadiolon<\/p>\n<p>Biozid Reg.-Nr.: PL\/2020\/0451\/MR\/SBP<\/p>\n<p><strong>Gefahr:<\/strong><\/p>\n<p>Sicherheitshinweise GHS07<\/p>\n<p><img decoding=\"async\" class=\"alignnone wp-image-12244\" src=\"https:\/\/agro-fluid.de\/wp-content\/uploads\/GHS-07-300x300.jpg\" sizes=\"(max-width: 56px) 100vw, 56px\" srcset=\"https:\/\/agro-fluid.de\/wp-content\/uploads\/GHS-07-150x150@2x.jpg 300w, https:\/\/agro-fluid.de\/wp-content\/uploads\/GHS-07-1024x1024.jpg 1024w, https:\/\/agro-fluid.de\/wp-content\/uploads\/GHS-07-150x150.jpg 150w, https:\/\/agro-fluid.de\/wp-content\/uploads\/GHS-07-768x768.jpg 768w, https:\/\/agro-fluid.de\/wp-content\/uploads\/GHS-07-12x12.jpg 12w, https:\/\/agro-fluid.de\/wp-content\/uploads\/GHS-07-65x65.jpg 65w, https:\/\/agro-fluid.de\/wp-content\/uploads\/GHS-07-340x340.jpg 340w, https:\/\/agro-fluid.de\/wp-content\/uploads\/GHS-07-100x100.jpg 100w, https:\/\/agro-fluid.de\/wp-content\/uploads\/GHS-07.jpg 1200w, https:\/\/agro-fluid.de\/wp-content\/uploads\/GHS-07-300x300@2x.jpg 600w, https:\/\/agro-fluid.de\/wp-content\/uploads\/GHS-07-340x340@2x.jpg 680w, https:\/\/agro-fluid.de\/wp-content\/uploads\/GHS-07-100x100@2x.jpg 200w\" alt=\"\" width=\"56\" height=\"56\" \/><\/p>\n<p><strong>Achtung<\/strong>\u00a0<strong>Sicherheitshinweise GHS:<\/strong><\/p>\n<p><em>EUH401: Zur Vermeidung von Risiken f\u00fcr Mensch und Umwelt die Gebrauchsanleitung einhalten.<\/p>\n<p><\/em><strong>Biozidprodukte vorsichtig verwenden. Vor Gebrauch stets Etikett und Produktinformationen lesen.<\/strong><\/p>\n<h3><span style=\"font-family: Arial; font-size: large;\">\u00a0<\/span><\/h3>\n<div>\n<p><span style=\"font-family: Arial; font-size: large;\">\u00a0<\/span><\/p>\n<\/div>\n","protected":false},"excerpt":{"rendered":"<p>Die Multibox besteht aus hochwertigem Kunststoff, der witterungsbest\u00e4ndig und gegen mechanische Besch\u00e4digungen best\u00e4ndig ist. Der Feeder hat zwei Kammern, was die Sicherheit und Trennung der K\u00f6der verbessert. In den Kammern befindet sich jeweils ein spezieller Stift zum Befestigen des Giftes als Paste oder W\u00fcrfel. Auch die Montage direkt an einer Wand ist problemlos m\u00f6glich.<\/p>\n","protected":false},"featured_media":21912,"comment_status":"closed","ping_status":"closed","template":"","meta":[],"product_brand":[],"product_cat":[21],"product_tag":[30,31,29],"class_list":{"0":"post-22171","1":"product","2":"type-product","3":"status-publish","4":"has-post-thumbnail","6":"product_cat-koderboxen","7":"product_tag-ratten-koder-box","8":"product_tag-rattenfalle","9":"product_tag-rattengift","11":"first","12":"instock","13":"taxable","14":"shipping-taxable","15":"product-type-variable"},"yoast_head":"<!-- This site is optimized with the Yoast SEO Premium plugin v27.1 (Yoast SEO v27.1.1) - https:\/\/yoast.com\/product\/yoast-seo-premium-wordpress\/ -->\n<title>PROFESSIONELLE MULTI-K\u00d6DER STATION F\u00dcR RATTEN UND M\u00c4USE - Roundup, Glyphosat und Rattengift Rattenk\u00f6der ohne Nachweis kaufen<\/title>\n<meta name=\"description\" content=\"Die professionelle multi k\u00f6der station f\u00fcr ratten besteht aus hochwertigem Kunststoff, der witterungsbest\u00e4ndig und gegen mechanische Besch\u00e4digungen best\u00e4ndig ist. Die Gr\u00f6\u00dfe der Station ist perfekt f\u00fcr die Bek\u00e4mpfung von M\u00e4usen und Ratten. Der Feeder hat zwei Kammern, was die Sicherheit und Trennung der K\u00f6der verbessert. In den Kammern befindet sich jeweils ein spezieller Stift zum Befestigen des Giftes als Paste oder W\u00fcrfel. Auch die Montage direkt an einer Wand ist problemlos m\u00f6glich. Durch den mitgelieferten Schl\u00fc\u00dfel ist die Station vor unbefugtem Zugriff gesch\u00fctzt. Die spezielle Bauweise dieser multi k\u00f6der station erm\u00f6glicht es Ratten- und M\u00e4usek\u00f6der vor Regen, Wind und Wetter gesch\u00fctzt anzubieten. Die Bauweise l\u00e4sst diese K\u00f6der Box eher unscheinbar wirken (Anti-Glare).\" \/>\n<meta name=\"robots\" content=\"noindex, follow, max-snippet:-1, max-image-preview:large, max-video-preview:-1\" \/>\n<meta property=\"og:locale\" content=\"de_DE\" \/>\n<meta property=\"og:type\" content=\"article\" \/>\n<meta property=\"og:title\" content=\"PROFESSIONELLE MULTI-K\u00d6DER STATION F\u00dcR RATTEN UND M\u00c4USE\" \/>\n<meta property=\"og:description\" content=\"Die professionelle multi k\u00f6der station f\u00fcr ratten besteht aus hochwertigem Kunststoff, der witterungsbest\u00e4ndig und gegen mechanische Besch\u00e4digungen best\u00e4ndig ist. Die Gr\u00f6\u00dfe der Station ist perfekt f\u00fcr die Bek\u00e4mpfung von M\u00e4usen und Ratten. Der Feeder hat zwei Kammern, was die Sicherheit und Trennung der K\u00f6der verbessert. In den Kammern befindet sich jeweils ein spezieller Stift zum Befestigen des Giftes als Paste oder W\u00fcrfel. Auch die Montage direkt an einer Wand ist problemlos m\u00f6glich. Durch den mitgelieferten Schl\u00fc\u00dfel ist die Station vor unbefugtem Zugriff gesch\u00fctzt. Die spezielle Bauweise dieser multi k\u00f6der station erm\u00f6glicht es Ratten- und M\u00e4usek\u00f6der vor Regen, Wind und Wetter gesch\u00fctzt anzubieten. Die Bauweise l\u00e4sst diese K\u00f6der Box eher unscheinbar wirken (Anti-Glare).\" \/>\n<meta property=\"og:url\" content=\"https:\/\/hood.discount\/?product=professionelle-multi-koder-station-fur-ratten-und-mause\" \/>\n<meta property=\"og:site_name\" content=\"Roundup, Glyphosat und Rattengift Rattenk\u00f6der ohne Nachweis kaufen\" \/>\n<meta property=\"article:modified_time\" content=\"2025-02-25T14:59:40+00:00\" \/>\n<meta property=\"og:image\" content=\"https:\/\/hood.discount\/wp-content\/uploads\/2025\/02\/2x-Multibox-ohne-Koeder_Anti-Glare-EN.jpg\" \/>\n\t<meta property=\"og:image:width\" content=\"1522\" \/>\n\t<meta property=\"og:image:height\" content=\"1600\" \/>\n\t<meta property=\"og:image:type\" content=\"image\/jpeg\" \/>\n<meta name=\"twitter:card\" content=\"summary_large_image\" \/>\n<meta name=\"twitter:label1\" content=\"Verf\u00fcgbarkeit\" \/>\n\t<meta name=\"twitter:data1\" content=\"Auf Lager\" \/>\n<script type=\"application\/ld+json\" class=\"yoast-schema-graph\">{\"@context\":\"https:\/\/schema.org\",\"@graph\":[{\"@type\":\"WebPage\",\"@id\":\"https:\/\/hood.discount\/?product=professionelle-multi-koder-station-fur-ratten-und-mause\",\"url\":\"https:\/\/hood.discount\/?product=professionelle-multi-koder-station-fur-ratten-und-mause\",\"name\":\"PROFESSIONELLE MULTI-K\u00d6DER STATION F\u00dcR RATTEN UND M\u00c4USE - Roundup, Glyphosat und Rattengift Rattenk\u00f6der ohne Nachweis kaufen\",\"isPartOf\":{\"@id\":\"https:\/\/hood.discount\/#website\"},\"primaryImageOfPage\":{\"@id\":\"https:\/\/hood.discount\/?product=professionelle-multi-koder-station-fur-ratten-und-mause#primaryimage\"},\"image\":{\"@id\":\"https:\/\/hood.discount\/?product=professionelle-multi-koder-station-fur-ratten-und-mause#primaryimage\"},\"thumbnailUrl\":\"https:\/\/hood.discount\/wp-content\/uploads\/2025\/02\/2x-Multibox-ohne-Koeder_Anti-Glare-EN.jpg\",\"datePublished\":\"2025-02-11T05:20:41+00:00\",\"dateModified\":\"2025-02-25T14:59:40+00:00\",\"description\":\"Die professionelle multi k\u00f6der station f\u00fcr ratten besteht aus hochwertigem Kunststoff, der witterungsbest\u00e4ndig und gegen mechanische Besch\u00e4digungen best\u00e4ndig ist. Die Gr\u00f6\u00dfe der Station ist perfekt f\u00fcr die Bek\u00e4mpfung von M\u00e4usen und Ratten. Der Feeder hat zwei Kammern, was die Sicherheit und Trennung der K\u00f6der verbessert. In den Kammern befindet sich jeweils ein spezieller Stift zum Befestigen des Giftes als Paste oder W\u00fcrfel. Auch die Montage direkt an einer Wand ist problemlos m\u00f6glich. Durch den mitgelieferten Schl\u00fc\u00dfel ist die Station vor unbefugtem Zugriff gesch\u00fctzt. Die spezielle Bauweise dieser multi k\u00f6der station erm\u00f6glicht es Ratten- und M\u00e4usek\u00f6der vor Regen, Wind und Wetter gesch\u00fctzt anzubieten. Die Bauweise l\u00e4sst diese K\u00f6der Box eher unscheinbar wirken (Anti-Glare).\",\"breadcrumb\":{\"@id\":\"https:\/\/hood.discount\/?product=professionelle-multi-koder-station-fur-ratten-und-mause#breadcrumb\"},\"inLanguage\":\"de\",\"potentialAction\":[{\"@type\":\"ReadAction\",\"target\":[\"https:\/\/hood.discount\/?product=professionelle-multi-koder-station-fur-ratten-und-mause\"]}]},{\"@type\":\"ImageObject\",\"inLanguage\":\"de\",\"@id\":\"https:\/\/hood.discount\/?product=professionelle-multi-koder-station-fur-ratten-und-mause#primaryimage\",\"url\":\"https:\/\/hood.discount\/wp-content\/uploads\/2025\/02\/2x-Multibox-ohne-Koeder_Anti-Glare-EN.jpg\",\"contentUrl\":\"https:\/\/hood.discount\/wp-content\/uploads\/2025\/02\/2x-Multibox-ohne-Koeder_Anti-Glare-EN.jpg\",\"width\":1522,\"height\":1600},{\"@type\":\"BreadcrumbList\",\"@id\":\"https:\/\/hood.discount\/?product=professionelle-multi-koder-station-fur-ratten-und-mause#breadcrumb\",\"itemListElement\":[{\"@type\":\"ListItem\",\"position\":1,\"name\":\"Home\",\"item\":\"https:\/\/hood.discount\/\"},{\"@type\":\"ListItem\",\"position\":2,\"name\":\"Shop\",\"item\":\"https:\/\/hood.discount\/?page_id=1207\"},{\"@type\":\"ListItem\",\"position\":3,\"name\":\"PROFESSIONELLE MULTI-K\u00d6DER STATION F\u00dcR RATTEN UND M\u00c4USE\"}]},{\"@type\":\"WebSite\",\"@id\":\"https:\/\/hood.discount\/#website\",\"url\":\"https:\/\/hood.discount\/\",\"name\":\"hood discount Roundup, Glyphosat und Rattengift Rattenk\u00f6der ohne Sachkundenachweis kaufen\",\"description\":\"Kaufe Roundup Glyphosat Rattenk\u00f6der Rattengift ohne Sachkunde Einschr\u00e4nkungen\",\"publisher\":{\"@id\":\"https:\/\/hood.discount\/#organization\"},\"potentialAction\":[{\"@type\":\"SearchAction\",\"target\":{\"@type\":\"EntryPoint\",\"urlTemplate\":\"https:\/\/hood.discount\/?s={search_term_string}\"},\"query-input\":{\"@type\":\"PropertyValueSpecification\",\"valueRequired\":true,\"valueName\":\"search_term_string\"}}],\"inLanguage\":\"de\"},{\"@type\":\"Organization\",\"@id\":\"https:\/\/hood.discount\/#organization\",\"name\":\"hood discount Roundup, Glyphosat und Rattengift Rattenk\u00f6der kaufen\",\"url\":\"https:\/\/hood.discount\/\",\"logo\":{\"@type\":\"ImageObject\",\"inLanguage\":\"de\",\"@id\":\"https:\/\/hood.discount\/#\/schema\/logo\/image\/\",\"url\":\"https:\/\/hood.discount\/wp-content\/uploads\/2025\/03\/cropped-hood-discount.jpg\",\"contentUrl\":\"https:\/\/hood.discount\/wp-content\/uploads\/2025\/03\/cropped-hood-discount.jpg\",\"width\":999,\"height\":999,\"caption\":\"hood discount Roundup, Glyphosat und Rattengift Rattenk\u00f6der kaufen\"},\"image\":{\"@id\":\"https:\/\/hood.discount\/#\/schema\/logo\/image\/\"}}]}<\/script>\n<meta property=\"og:availability\" content=\"instock\" \/>\n<meta property=\"product:availability\" content=\"instock\" \/>\n<meta property=\"product:retailer_item_id\" content=\"#MBBtrans\" \/>\n<meta property=\"product:condition\" content=\"new\" \/>\n<!-- \/ Yoast SEO Premium plugin. -->","yoast_head_json":{"title":"PROFESSIONELLE MULTI-K\u00d6DER STATION F\u00dcR RATTEN UND M\u00c4USE - Roundup, Glyphosat und Rattengift Rattenk\u00f6der ohne Nachweis kaufen","description":"Die professionelle multi k\u00f6der station f\u00fcr ratten besteht aus hochwertigem Kunststoff, der witterungsbest\u00e4ndig und gegen mechanische Besch\u00e4digungen best\u00e4ndig ist. Die Gr\u00f6\u00dfe der Station ist perfekt f\u00fcr die Bek\u00e4mpfung von M\u00e4usen und Ratten. Der Feeder hat zwei Kammern, was die Sicherheit und Trennung der K\u00f6der verbessert. In den Kammern befindet sich jeweils ein spezieller Stift zum Befestigen des Giftes als Paste oder W\u00fcrfel. Auch die Montage direkt an einer Wand ist problemlos m\u00f6glich. Durch den mitgelieferten Schl\u00fc\u00dfel ist die Station vor unbefugtem Zugriff gesch\u00fctzt. Die spezielle Bauweise dieser multi k\u00f6der station erm\u00f6glicht es Ratten- und M\u00e4usek\u00f6der vor Regen, Wind und Wetter gesch\u00fctzt anzubieten. Die Bauweise l\u00e4sst diese K\u00f6der Box eher unscheinbar wirken (Anti-Glare).","robots":{"index":"noindex","follow":"follow","max-snippet":"max-snippet:-1","max-image-preview":"max-image-preview:large","max-video-preview":"max-video-preview:-1"},"og_locale":"de_DE","og_type":"article","og_title":"PROFESSIONELLE MULTI-K\u00d6DER STATION F\u00dcR RATTEN UND M\u00c4USE","og_description":"Die professionelle multi k\u00f6der station f\u00fcr ratten besteht aus hochwertigem Kunststoff, der witterungsbest\u00e4ndig und gegen mechanische Besch\u00e4digungen best\u00e4ndig ist. Die Gr\u00f6\u00dfe der Station ist perfekt f\u00fcr die Bek\u00e4mpfung von M\u00e4usen und Ratten. Der Feeder hat zwei Kammern, was die Sicherheit und Trennung der K\u00f6der verbessert. In den Kammern befindet sich jeweils ein spezieller Stift zum Befestigen des Giftes als Paste oder W\u00fcrfel. Auch die Montage direkt an einer Wand ist problemlos m\u00f6glich. Durch den mitgelieferten Schl\u00fc\u00dfel ist die Station vor unbefugtem Zugriff gesch\u00fctzt. Die spezielle Bauweise dieser multi k\u00f6der station erm\u00f6glicht es Ratten- und M\u00e4usek\u00f6der vor Regen, Wind und Wetter gesch\u00fctzt anzubieten. Die Bauweise l\u00e4sst diese K\u00f6der Box eher unscheinbar wirken (Anti-Glare).","og_url":"https:\/\/hood.discount\/?product=professionelle-multi-koder-station-fur-ratten-und-mause","og_site_name":"Roundup, Glyphosat und Rattengift Rattenk\u00f6der ohne Nachweis kaufen","article_modified_time":"2025-02-25T14:59:40+00:00","og_image":[{"width":1522,"height":1600,"url":"https:\/\/hood.discount\/wp-content\/uploads\/2025\/02\/2x-Multibox-ohne-Koeder_Anti-Glare-EN.jpg","type":"image\/jpeg"}],"twitter_card":"summary_large_image","twitter_misc":{"Verf\u00fcgbarkeit":"Auf Lager"},"schema":{"@context":"https:\/\/schema.org","@graph":[{"@type":"WebPage","@id":"https:\/\/hood.discount\/?product=professionelle-multi-koder-station-fur-ratten-und-mause","url":"https:\/\/hood.discount\/?product=professionelle-multi-koder-station-fur-ratten-und-mause","name":"PROFESSIONELLE MULTI-K\u00d6DER STATION F\u00dcR RATTEN UND M\u00c4USE - Roundup, Glyphosat und Rattengift Rattenk\u00f6der ohne Nachweis kaufen","isPartOf":{"@id":"https:\/\/hood.discount\/#website"},"primaryImageOfPage":{"@id":"https:\/\/hood.discount\/?product=professionelle-multi-koder-station-fur-ratten-und-mause#primaryimage"},"image":{"@id":"https:\/\/hood.discount\/?product=professionelle-multi-koder-station-fur-ratten-und-mause#primaryimage"},"thumbnailUrl":"https:\/\/hood.discount\/wp-content\/uploads\/2025\/02\/2x-Multibox-ohne-Koeder_Anti-Glare-EN.jpg","datePublished":"2025-02-11T05:20:41+00:00","dateModified":"2025-02-25T14:59:40+00:00","description":"Die professionelle multi k\u00f6der station f\u00fcr ratten besteht aus hochwertigem Kunststoff, der witterungsbest\u00e4ndig und gegen mechanische Besch\u00e4digungen best\u00e4ndig ist. Die Gr\u00f6\u00dfe der Station ist perfekt f\u00fcr die Bek\u00e4mpfung von M\u00e4usen und Ratten. Der Feeder hat zwei Kammern, was die Sicherheit und Trennung der K\u00f6der verbessert. In den Kammern befindet sich jeweils ein spezieller Stift zum Befestigen des Giftes als Paste oder W\u00fcrfel. Auch die Montage direkt an einer Wand ist problemlos m\u00f6glich. Durch den mitgelieferten Schl\u00fc\u00dfel ist die Station vor unbefugtem Zugriff gesch\u00fctzt. Die spezielle Bauweise dieser multi k\u00f6der station erm\u00f6glicht es Ratten- und M\u00e4usek\u00f6der vor Regen, Wind und Wetter gesch\u00fctzt anzubieten. Die Bauweise l\u00e4sst diese K\u00f6der Box eher unscheinbar wirken (Anti-Glare).","breadcrumb":{"@id":"https:\/\/hood.discount\/?product=professionelle-multi-koder-station-fur-ratten-und-mause#breadcrumb"},"inLanguage":"de","potentialAction":[{"@type":"ReadAction","target":["https:\/\/hood.discount\/?product=professionelle-multi-koder-station-fur-ratten-und-mause"]}]},{"@type":"ImageObject","inLanguage":"de","@id":"https:\/\/hood.discount\/?product=professionelle-multi-koder-station-fur-ratten-und-mause#primaryimage","url":"https:\/\/hood.discount\/wp-content\/uploads\/2025\/02\/2x-Multibox-ohne-Koeder_Anti-Glare-EN.jpg","contentUrl":"https:\/\/hood.discount\/wp-content\/uploads\/2025\/02\/2x-Multibox-ohne-Koeder_Anti-Glare-EN.jpg","width":1522,"height":1600},{"@type":"BreadcrumbList","@id":"https:\/\/hood.discount\/?product=professionelle-multi-koder-station-fur-ratten-und-mause#breadcrumb","itemListElement":[{"@type":"ListItem","position":1,"name":"Home","item":"https:\/\/hood.discount\/"},{"@type":"ListItem","position":2,"name":"Shop","item":"https:\/\/hood.discount\/?page_id=1207"},{"@type":"ListItem","position":3,"name":"PROFESSIONELLE MULTI-K\u00d6DER STATION F\u00dcR RATTEN UND M\u00c4USE"}]},{"@type":"WebSite","@id":"https:\/\/hood.discount\/#website","url":"https:\/\/hood.discount\/","name":"hood discount Roundup, Glyphosat und Rattengift Rattenk\u00f6der ohne Sachkundenachweis kaufen","description":"Kaufe Roundup Glyphosat Rattenk\u00f6der Rattengift ohne Sachkunde Einschr\u00e4nkungen","publisher":{"@id":"https:\/\/hood.discount\/#organization"},"potentialAction":[{"@type":"SearchAction","target":{"@type":"EntryPoint","urlTemplate":"https:\/\/hood.discount\/?s={search_term_string}"},"query-input":{"@type":"PropertyValueSpecification","valueRequired":true,"valueName":"search_term_string"}}],"inLanguage":"de"},{"@type":"Organization","@id":"https:\/\/hood.discount\/#organization","name":"hood discount Roundup, Glyphosat und Rattengift Rattenk\u00f6der kaufen","url":"https:\/\/hood.discount\/","logo":{"@type":"ImageObject","inLanguage":"de","@id":"https:\/\/hood.discount\/#\/schema\/logo\/image\/","url":"https:\/\/hood.discount\/wp-content\/uploads\/2025\/03\/cropped-hood-discount.jpg","contentUrl":"https:\/\/hood.discount\/wp-content\/uploads\/2025\/03\/cropped-hood-discount.jpg","width":999,"height":999,"caption":"hood discount Roundup, Glyphosat und Rattengift Rattenk\u00f6der kaufen"},"image":{"@id":"https:\/\/hood.discount\/#\/schema\/logo\/image\/"}}]},"og_availability":"instock","product_availability":"instock","product_retailer_item_id":"#MBBtrans","product_condition":"new"},"_links":{"self":[{"href":"https:\/\/hood.discount\/index.php?rest_route=\/wp\/v2\/product\/22171","targetHints":{"allow":["GET"]}}],"collection":[{"href":"https:\/\/hood.discount\/index.php?rest_route=\/wp\/v2\/product"}],"about":[{"href":"https:\/\/hood.discount\/index.php?rest_route=\/wp\/v2\/types\/product"}],"replies":[{"embeddable":true,"href":"https:\/\/hood.discount\/index.php?rest_route=%2Fwp%2Fv2%2Fcomments&post=22171"}],"wp:featuredmedia":[{"embeddable":true,"href":"https:\/\/hood.discount\/index.php?rest_route=\/wp\/v2\/media\/21912"}],"wp:attachment":[{"href":"https:\/\/hood.discount\/index.php?rest_route=%2Fwp%2Fv2%2Fmedia&parent=22171"}],"wp:term":[{"taxonomy":"product_brand","embeddable":true,"href":"https:\/\/hood.discount\/index.php?rest_route=%2Fwp%2Fv2%2Fproduct_brand&post=22171"},{"taxonomy":"product_cat","embeddable":true,"href":"https:\/\/hood.discount\/index.php?rest_route=%2Fwp%2Fv2%2Fproduct_cat&post=22171"},{"taxonomy":"product_tag","embeddable":true,"href":"https:\/\/hood.discount\/index.php?rest_route=%2Fwp%2Fv2%2Fproduct_tag&post=22171"}],"curies":[{"name":"wp","href":"https:\/\/api.w.org\/{rel}","templated":true}]}}