{"id":22167,"date":"2025-02-11T05:20:40","date_gmt":"2025-02-11T05:20:40","guid":{"rendered":"https:\/\/hood.discount\/?post_type=product&#038;p=22167"},"modified":"2025-02-25T14:59:40","modified_gmt":"2025-02-25T14:59:40","slug":"ratimor-koderblocke-brodifacoum-rattengift-mausegift","status":"publish","type":"product","link":"https:\/\/hood.discount\/?product=ratimor-koderblocke-brodifacoum-rattengift-mausegift","title":{"rendered":"Ratimor\u00ae K\u00f6derbl\u00f6cke Brodifacoum Rattengift M\u00e4usegift"},"content":{"rendered":"<table class=\"contenttable\" border=\"0\" width=\"100%\" cellspacing=\"0\" cellpadding=\"3\">\n<tbody>\n<tr>\n<td class=\"newsueberschrift\" align=\"center\"><strong>PRODUKTBESCHREIBUNG<\/strong><\/td>\n<\/tr>\n<tr>\n<td class=\"newsinhalt\">\n<div class=\"kasten\">\n<p><strong>Ratimor\u00ae K\u00f6derbl\u00f6cke Brodifacoum<\/strong> enthalten den Wirkstoff Brodifacoum, das st\u00e4rkste Antikoagulant auf dem Markt, das schon bei einmaliger Einnahme t\u00f6dlich sein kann. K\u00f6derbl\u00f6cke Brodifacoum sind sowohl bei der Bek\u00e4mpfung von Ratten als auch von Hausm\u00e4usen wirksam, funktionieren aber auch besonders gut bei der Beseitigung von hartn\u00e4ckigem M\u00e4usebefall.<\/p>\n<div id=\"attributedescription\" class=\"data item content\" role=\"tabpanel\" data-role=\"content\" aria-labelledby=\"tab-label-attributedescription\" aria-hidden=\"false\">\n<div class=\"product attribute description\">\n<div class=\"value\">\n<p><span style=\"font-family: Arial; font-size: large;\"><b>Jeder Block ist mittig mit einem Loch versehen, damit er in geeigneten Rattentunneln und K\u00f6derstationen befestigt werden kann. Hierdurch und durch die eckige Form sowie die Rillen auf der Oberfl\u00e4che werden die Ratten zus\u00e4tzlich zum Nagen animiert.<\/b> Eine Befestigung des K\u00f6ders in einem Rattentunnel sorgt zus\u00e4tzlich daf\u00fcr, dass die Aufnahme des K\u00f6ders in der Box erfolgt und das Verschleppungsrisiko des K\u00f6ders reduziert wird.<\/span><\/p>\n<p>Die K\u00f6derbl\u00f6cke enthalten \u00fcber 16 verschiedene inerte Nahrungsbestandteile, die f\u00fcr Nagetiere unwiderstehlich sind. Die patentierten 20g-Bl\u00f6cke f\u00fcr den Allwettergebrauch werden nach dem einzigartigen Bell-Extrusionsverfahren hergestellt, das den Bl\u00f6cken ihre besondere Form, H\u00e4rte und Schmackhaftigkeit verleiht. Die Bl\u00f6cke k\u00f6nnen in und um Geb\u00e4ude, unter nassen und trockenen Bedingungen und auf engstem Raum eingesetzt werden. Dank eines Lochs in der Mitte k\u00f6nnen die Bl\u00f6cke leicht in den g\u00e4ngigsten K\u00f6derboxen befestigt werden.<\/p>\n<p>Die wichtigsten Eigenschaften von Ratimor\u00ae K\u00f6derbl\u00f6cken Brodifacoum:<\/p>\n<p>\u06f0 enth\u00e4lt den starken Wirkstoff Brodifacoum<\/p>\n<p>\u06f0 eine einmalige Aufnahme kann t\u00f6dlich sein<\/p>\n<p>\u06f0 geeignet f\u00fcr die Bek\u00e4mpfung von Ratten und Hausm\u00e4usen<\/p>\n<p>\u06f0 hervorragend geeignet bei hartn\u00e4ckigem M\u00e4usebefall<\/p>\n<p>\u06f0 enth\u00e4lt hoch inerte Nahrungsmittelbestandteile<\/p>\n<p>\u06f0 unverwechselbare Form, an der Nagetiere gerne nagen<\/p>\n<p>\u06f0 Loch in der Mitte zur sicheren Platzierung in K\u00f6derboxen<\/p>\n<p>&nbsp;<\/p>\n<table id=\"product-attribute-specs-table\" class=\"data table additional-attributes\">\n<tbody>\n<tr>\n<th class=\"col label\" scope=\"row\">&nbsp;<\/p>\n<p style=\"padding-left: 40px;\"><img decoding=\"async\" class=\"alignnone size-full wp-image-11206\" src=\"https:\/\/agro-fluid.de\/wp-content\/uploads\/3-und-10kg-ratimor-koederbloecke-brodifacoum-rattengift-maeusegift.png\" alt=\"3 und 10kg Ratimor\u00ae K\u00f6derbl\u00f6cke Brodifacoum Rattengift M\u00e4usegift\" width=\"117\" height=\"80\" \/><\/p>\n<p>&nbsp;<\/th>\n<td class=\"col data\" data-th=\"Dosierung\">&nbsp;<\/p>\n<p>10 \u2013 20 g platziert alle 2 \u2013 5 m<\/p>\n<p>10 \u2013 60 g platziert alle 5 \u2013 10 m<\/p>\n<p>&nbsp;<\/td>\n<\/tr>\n<\/tbody>\n<\/table>\n<p>Kanalisation: bis 200 g pro Kanalschacht<\/p>\n<p><strong>Single Feed<\/strong><\/p>\n<p>&nbsp;<\/p>\n<\/div>\n<\/div>\n<\/div>\n<p><strong><span style=\"color: red;\">Gefahr:<\/span><\/p>\n<p><\/strong>H373 Kann Organe sch\u00e4digen bei l\u00e4ngerer oder wiederholter Exposition<\/p>\n<p>EUH401 Zur Vermeidung von Risiken f\u00fcr Mensch und Umwelt die Gebrauchsanleitung einhalten<\/p>\n<p><strong>Wirkstoff:<\/strong> Brodifakum 0,029 g\/kg (0,0029%),\u00a0Bitrex<\/p>\n<p><strong>Registrierung (Numer pozwolenia): <\/strong><strong>PB\/PL\/2016\/0223\/MR<\/strong><strong>VE<\/strong><\/p>\n<p>VE: Eimer mit 2 kg Nettoinhalt K\u00f6derbl\u00f6cke zu je 20 Gramm, Karton mit 10 kg Nettoinhalt 1000 K\u00f6derbl\u00f6cke zu je 10 Gramm<\/p>\n<div id=\"tab-safety\" class=\"infotab\">\n<p><span style=\"color: #ff0010; font-size: large;\"><span class=\"contrastHeadline textLarge\">Sicherheitshinweise<\/span><\/span><\/p>\n<div class=\"basicContainerBordered\">\n<p><img decoding=\"async\" class=\"js_loadimage float-right marginLeftMedium marginBottomMedium\" src=\"https:\/\/l-westfalia-eu.secure.footprint.net\/global\/medien\/000603\/img\/icon-safety-large.png\" alt=\"Sicherheitshinweise\" data-src=\"\" \/><\/p>\n<div class=\"safetyNotices\">\n<p><strong>Signalwort GHS: Achtung<\/strong><\/p>\n<p><strong>Sicherheitshinweise GHS:<\/strong><\/p>\n<p><em>EUH401: Zur Vermeidung von Risiken f\u00fcr Mensch und Umwelt die Gebrauchsanleitung einhalten.<\/p>\n<p>H373: kann die Organe bei l\u00e4ngerer oder wiederholter Exposition sch\u00e4digen<\/em><\/p>\n<\/div>\n<div class=\"safetyNoticeBiocide\">\n<p><strong>Biozidprodukte vorsichtig verwenden. Vor Gebrauch stets Etikett und Produktinformationen lesen.<\/strong><\/p>\n<p><span style=\"font-size: large;\"><strong><span style=\"color: red;\">Gefahr:<\/span><\/p>\n<p><\/strong>H373 Kann Organe sch\u00e4digen bei l\u00e4ngerer oder wiederholter Exposition<\/p>\n<p>EUH401 Zur Vermeidung von Risiken f\u00fcr Mensch und Umwelt die Gebrauchsanleitung einhalten<\/span><\/p>\n<p>&nbsp;<\/p>\n<\/div>\n<\/div>\n<\/div>\n<\/div>\n<\/td>\n<\/tr>\n<\/tbody>\n<\/table>\n","protected":false},"excerpt":{"rendered":"<p><strong>Ratimor\u00ae K\u00f6derbl\u00f6cke Brodifacoum<\/strong> enthalten den Wirkstoff Brodifacoum, das st\u00e4rkste Antikoagulant auf dem Markt, das schon bei einmaliger Einnahme t\u00f6dlich sein kann. K\u00f6derbl\u00f6cke Brodifacoum sind sowohl bei der Bek\u00e4mpfung von Ratten als auch von Hausm\u00e4usen wirksam, funktionieren aber auch besonders gut bei der Beseitigung von hartn\u00e4ckigem M\u00e4usebefall.<\/p>\n","protected":false},"featured_media":22004,"comment_status":"open","ping_status":"closed","template":"","meta":[],"product_brand":[],"product_cat":[19],"product_tag":[29,38,39,40,41],"class_list":{"0":"post-22167","1":"product","2":"type-product","3":"status-publish","4":"has-post-thumbnail","6":"product_cat-anticoagulant-rodenticides-rattengift","7":"product_tag-rattengift","8":"product_tag-mausegift","9":"product_tag-koder","10":"product_tag-koderbeutel","11":"product_tag-ratimor","13":"first","14":"instock","15":"taxable","16":"shipping-taxable","17":"product-type-variable"},"yoast_head":"<!-- This site is optimized with the Yoast SEO Premium plugin v27.1 (Yoast SEO v27.1.1) - https:\/\/yoast.com\/product\/yoast-seo-premium-wordpress\/ -->\n<title>Ratimor\u00ae K\u00f6derbl\u00f6cke Brodifacoum Rattengift M\u00e4usegift - Roundup, Glyphosat und Rattengift Rattenk\u00f6der ohne Nachweis kaufen<\/title>\n<meta name=\"description\" content=\"Ratimor\u00ae K\u00f6derbl\u00f6cke Brodifacoum Rattengift M\u00e4usegift Roundup, Glyphosat und Rattengift Rattenk\u00f6der ohne Nachweis kaufen Ratimor Pasten Power Rattengift K\u00f6derbl\u00f6cke Brodifacoum\" \/>\n<meta name=\"robots\" content=\"noindex, follow, max-snippet:-1, max-image-preview:large, max-video-preview:-1\" \/>\n<meta property=\"og:locale\" content=\"de_DE\" \/>\n<meta property=\"og:type\" content=\"article\" \/>\n<meta property=\"og:title\" content=\"Ratimor\u00ae K\u00f6derbl\u00f6cke Brodifacoum Rattengift M\u00e4usegift\" \/>\n<meta property=\"og:description\" content=\"Ratimor\u00ae K\u00f6derbl\u00f6cke Brodifacoum Rattengift M\u00e4usegift Roundup, Glyphosat und Rattengift Rattenk\u00f6der ohne Nachweis kaufen Ratimor Pasten Power Rattengift K\u00f6derbl\u00f6cke Brodifacoum\" \/>\n<meta property=\"og:url\" content=\"https:\/\/hood.discount\/?product=ratimor-koderblocke-brodifacoum-rattengift-mausegift\" \/>\n<meta property=\"og:site_name\" content=\"Roundup, Glyphosat und Rattengift Rattenk\u00f6der ohne Nachweis kaufen\" \/>\n<meta property=\"article:modified_time\" content=\"2025-02-25T14:59:40+00:00\" \/>\n<meta property=\"og:image\" content=\"https:\/\/hood.discount\/wp-content\/uploads\/2025\/02\/3-und-10kg-ratimor-koederbloecke-brodifacoum-rattengift-maeusegift-2.jpg\" \/>\n\t<meta property=\"og:image:width\" content=\"720\" \/>\n\t<meta property=\"og:image:height\" content=\"565\" \/>\n\t<meta property=\"og:image:type\" content=\"image\/jpeg\" \/>\n<meta name=\"twitter:card\" content=\"summary_large_image\" \/>\n<meta name=\"twitter:label1\" content=\"Verf\u00fcgbarkeit\" \/>\n\t<meta name=\"twitter:data1\" content=\"Auf Lager\" \/>\n<script type=\"application\/ld+json\" class=\"yoast-schema-graph\">{\"@context\":\"https:\/\/schema.org\",\"@graph\":[{\"@type\":\"WebPage\",\"@id\":\"https:\/\/hood.discount\/?product=ratimor-koderblocke-brodifacoum-rattengift-mausegift\",\"url\":\"https:\/\/hood.discount\/?product=ratimor-koderblocke-brodifacoum-rattengift-mausegift\",\"name\":\"Ratimor\u00ae K\u00f6derbl\u00f6cke Brodifacoum Rattengift M\u00e4usegift - Roundup, Glyphosat und Rattengift Rattenk\u00f6der ohne Nachweis kaufen\",\"isPartOf\":{\"@id\":\"https:\/\/hood.discount\/#website\"},\"primaryImageOfPage\":{\"@id\":\"https:\/\/hood.discount\/?product=ratimor-koderblocke-brodifacoum-rattengift-mausegift#primaryimage\"},\"image\":{\"@id\":\"https:\/\/hood.discount\/?product=ratimor-koderblocke-brodifacoum-rattengift-mausegift#primaryimage\"},\"thumbnailUrl\":\"https:\/\/hood.discount\/wp-content\/uploads\/2025\/02\/3-und-10kg-ratimor-koederbloecke-brodifacoum-rattengift-maeusegift-2.jpg\",\"datePublished\":\"2025-02-11T05:20:40+00:00\",\"dateModified\":\"2025-02-25T14:59:40+00:00\",\"description\":\"Ratimor\u00ae K\u00f6derbl\u00f6cke Brodifacoum Rattengift M\u00e4usegift Roundup, Glyphosat und Rattengift Rattenk\u00f6der ohne Nachweis kaufen Ratimor Pasten Power Rattengift K\u00f6derbl\u00f6cke Brodifacoum\",\"breadcrumb\":{\"@id\":\"https:\/\/hood.discount\/?product=ratimor-koderblocke-brodifacoum-rattengift-mausegift#breadcrumb\"},\"inLanguage\":\"de\",\"potentialAction\":[{\"@type\":\"ReadAction\",\"target\":[\"https:\/\/hood.discount\/?product=ratimor-koderblocke-brodifacoum-rattengift-mausegift\"]}]},{\"@type\":\"ImageObject\",\"inLanguage\":\"de\",\"@id\":\"https:\/\/hood.discount\/?product=ratimor-koderblocke-brodifacoum-rattengift-mausegift#primaryimage\",\"url\":\"https:\/\/hood.discount\/wp-content\/uploads\/2025\/02\/3-und-10kg-ratimor-koederbloecke-brodifacoum-rattengift-maeusegift-2.jpg\",\"contentUrl\":\"https:\/\/hood.discount\/wp-content\/uploads\/2025\/02\/3-und-10kg-ratimor-koederbloecke-brodifacoum-rattengift-maeusegift-2.jpg\",\"width\":720,\"height\":565},{\"@type\":\"BreadcrumbList\",\"@id\":\"https:\/\/hood.discount\/?product=ratimor-koderblocke-brodifacoum-rattengift-mausegift#breadcrumb\",\"itemListElement\":[{\"@type\":\"ListItem\",\"position\":1,\"name\":\"Home\",\"item\":\"https:\/\/hood.discount\/\"},{\"@type\":\"ListItem\",\"position\":2,\"name\":\"Shop\",\"item\":\"https:\/\/hood.discount\/?page_id=1207\"},{\"@type\":\"ListItem\",\"position\":3,\"name\":\"Ratimor\u00ae K\u00f6derbl\u00f6cke Brodifacoum Rattengift M\u00e4usegift\"}]},{\"@type\":\"WebSite\",\"@id\":\"https:\/\/hood.discount\/#website\",\"url\":\"https:\/\/hood.discount\/\",\"name\":\"hood discount Roundup, Glyphosat und Rattengift Rattenk\u00f6der ohne Sachkundenachweis kaufen\",\"description\":\"Kaufe Roundup Glyphosat Rattenk\u00f6der Rattengift ohne Sachkunde Einschr\u00e4nkungen\",\"publisher\":{\"@id\":\"https:\/\/hood.discount\/#organization\"},\"potentialAction\":[{\"@type\":\"SearchAction\",\"target\":{\"@type\":\"EntryPoint\",\"urlTemplate\":\"https:\/\/hood.discount\/?s={search_term_string}\"},\"query-input\":{\"@type\":\"PropertyValueSpecification\",\"valueRequired\":true,\"valueName\":\"search_term_string\"}}],\"inLanguage\":\"de\"},{\"@type\":\"Organization\",\"@id\":\"https:\/\/hood.discount\/#organization\",\"name\":\"hood discount Roundup, Glyphosat und Rattengift Rattenk\u00f6der kaufen\",\"url\":\"https:\/\/hood.discount\/\",\"logo\":{\"@type\":\"ImageObject\",\"inLanguage\":\"de\",\"@id\":\"https:\/\/hood.discount\/#\/schema\/logo\/image\/\",\"url\":\"https:\/\/hood.discount\/wp-content\/uploads\/2025\/03\/cropped-hood-discount.jpg\",\"contentUrl\":\"https:\/\/hood.discount\/wp-content\/uploads\/2025\/03\/cropped-hood-discount.jpg\",\"width\":999,\"height\":999,\"caption\":\"hood discount Roundup, Glyphosat und Rattengift Rattenk\u00f6der kaufen\"},\"image\":{\"@id\":\"https:\/\/hood.discount\/#\/schema\/logo\/image\/\"}}]}<\/script>\n<meta property=\"og:availability\" content=\"instock\" \/>\n<meta property=\"product:availability\" content=\"instock\" \/>\n<meta property=\"product:retailer_item_id\" content=\"Ratimor Ratten M\u00e4usegift K\u00f6derbl\u00f6cke Brodifacoum\" \/>\n<meta property=\"product:condition\" content=\"new\" \/>\n<!-- \/ Yoast SEO Premium plugin. -->","yoast_head_json":{"title":"Ratimor\u00ae K\u00f6derbl\u00f6cke Brodifacoum Rattengift M\u00e4usegift - Roundup, Glyphosat und Rattengift Rattenk\u00f6der ohne Nachweis kaufen","description":"Ratimor\u00ae K\u00f6derbl\u00f6cke Brodifacoum Rattengift M\u00e4usegift Roundup, Glyphosat und Rattengift Rattenk\u00f6der ohne Nachweis kaufen Ratimor Pasten Power Rattengift K\u00f6derbl\u00f6cke Brodifacoum","robots":{"index":"noindex","follow":"follow","max-snippet":"max-snippet:-1","max-image-preview":"max-image-preview:large","max-video-preview":"max-video-preview:-1"},"og_locale":"de_DE","og_type":"article","og_title":"Ratimor\u00ae K\u00f6derbl\u00f6cke Brodifacoum Rattengift M\u00e4usegift","og_description":"Ratimor\u00ae K\u00f6derbl\u00f6cke Brodifacoum Rattengift M\u00e4usegift Roundup, Glyphosat und Rattengift Rattenk\u00f6der ohne Nachweis kaufen Ratimor Pasten Power Rattengift K\u00f6derbl\u00f6cke Brodifacoum","og_url":"https:\/\/hood.discount\/?product=ratimor-koderblocke-brodifacoum-rattengift-mausegift","og_site_name":"Roundup, Glyphosat und Rattengift Rattenk\u00f6der ohne Nachweis kaufen","article_modified_time":"2025-02-25T14:59:40+00:00","og_image":[{"width":720,"height":565,"url":"https:\/\/hood.discount\/wp-content\/uploads\/2025\/02\/3-und-10kg-ratimor-koederbloecke-brodifacoum-rattengift-maeusegift-2.jpg","type":"image\/jpeg"}],"twitter_card":"summary_large_image","twitter_misc":{"Verf\u00fcgbarkeit":"Auf Lager"},"schema":{"@context":"https:\/\/schema.org","@graph":[{"@type":"WebPage","@id":"https:\/\/hood.discount\/?product=ratimor-koderblocke-brodifacoum-rattengift-mausegift","url":"https:\/\/hood.discount\/?product=ratimor-koderblocke-brodifacoum-rattengift-mausegift","name":"Ratimor\u00ae K\u00f6derbl\u00f6cke Brodifacoum Rattengift M\u00e4usegift - Roundup, Glyphosat und Rattengift Rattenk\u00f6der ohne Nachweis kaufen","isPartOf":{"@id":"https:\/\/hood.discount\/#website"},"primaryImageOfPage":{"@id":"https:\/\/hood.discount\/?product=ratimor-koderblocke-brodifacoum-rattengift-mausegift#primaryimage"},"image":{"@id":"https:\/\/hood.discount\/?product=ratimor-koderblocke-brodifacoum-rattengift-mausegift#primaryimage"},"thumbnailUrl":"https:\/\/hood.discount\/wp-content\/uploads\/2025\/02\/3-und-10kg-ratimor-koederbloecke-brodifacoum-rattengift-maeusegift-2.jpg","datePublished":"2025-02-11T05:20:40+00:00","dateModified":"2025-02-25T14:59:40+00:00","description":"Ratimor\u00ae K\u00f6derbl\u00f6cke Brodifacoum Rattengift M\u00e4usegift Roundup, Glyphosat und Rattengift Rattenk\u00f6der ohne Nachweis kaufen Ratimor Pasten Power Rattengift K\u00f6derbl\u00f6cke Brodifacoum","breadcrumb":{"@id":"https:\/\/hood.discount\/?product=ratimor-koderblocke-brodifacoum-rattengift-mausegift#breadcrumb"},"inLanguage":"de","potentialAction":[{"@type":"ReadAction","target":["https:\/\/hood.discount\/?product=ratimor-koderblocke-brodifacoum-rattengift-mausegift"]}]},{"@type":"ImageObject","inLanguage":"de","@id":"https:\/\/hood.discount\/?product=ratimor-koderblocke-brodifacoum-rattengift-mausegift#primaryimage","url":"https:\/\/hood.discount\/wp-content\/uploads\/2025\/02\/3-und-10kg-ratimor-koederbloecke-brodifacoum-rattengift-maeusegift-2.jpg","contentUrl":"https:\/\/hood.discount\/wp-content\/uploads\/2025\/02\/3-und-10kg-ratimor-koederbloecke-brodifacoum-rattengift-maeusegift-2.jpg","width":720,"height":565},{"@type":"BreadcrumbList","@id":"https:\/\/hood.discount\/?product=ratimor-koderblocke-brodifacoum-rattengift-mausegift#breadcrumb","itemListElement":[{"@type":"ListItem","position":1,"name":"Home","item":"https:\/\/hood.discount\/"},{"@type":"ListItem","position":2,"name":"Shop","item":"https:\/\/hood.discount\/?page_id=1207"},{"@type":"ListItem","position":3,"name":"Ratimor\u00ae K\u00f6derbl\u00f6cke Brodifacoum Rattengift M\u00e4usegift"}]},{"@type":"WebSite","@id":"https:\/\/hood.discount\/#website","url":"https:\/\/hood.discount\/","name":"hood discount Roundup, Glyphosat und Rattengift Rattenk\u00f6der ohne Sachkundenachweis kaufen","description":"Kaufe Roundup Glyphosat Rattenk\u00f6der Rattengift ohne Sachkunde Einschr\u00e4nkungen","publisher":{"@id":"https:\/\/hood.discount\/#organization"},"potentialAction":[{"@type":"SearchAction","target":{"@type":"EntryPoint","urlTemplate":"https:\/\/hood.discount\/?s={search_term_string}"},"query-input":{"@type":"PropertyValueSpecification","valueRequired":true,"valueName":"search_term_string"}}],"inLanguage":"de"},{"@type":"Organization","@id":"https:\/\/hood.discount\/#organization","name":"hood discount Roundup, Glyphosat und Rattengift Rattenk\u00f6der kaufen","url":"https:\/\/hood.discount\/","logo":{"@type":"ImageObject","inLanguage":"de","@id":"https:\/\/hood.discount\/#\/schema\/logo\/image\/","url":"https:\/\/hood.discount\/wp-content\/uploads\/2025\/03\/cropped-hood-discount.jpg","contentUrl":"https:\/\/hood.discount\/wp-content\/uploads\/2025\/03\/cropped-hood-discount.jpg","width":999,"height":999,"caption":"hood discount Roundup, Glyphosat und Rattengift Rattenk\u00f6der kaufen"},"image":{"@id":"https:\/\/hood.discount\/#\/schema\/logo\/image\/"}}]},"og_availability":"instock","product_availability":"instock","product_retailer_item_id":"Ratimor Ratten M\u00e4usegift K\u00f6derbl\u00f6cke Brodifacoum","product_condition":"new"},"_links":{"self":[{"href":"https:\/\/hood.discount\/index.php?rest_route=\/wp\/v2\/product\/22167","targetHints":{"allow":["GET"]}}],"collection":[{"href":"https:\/\/hood.discount\/index.php?rest_route=\/wp\/v2\/product"}],"about":[{"href":"https:\/\/hood.discount\/index.php?rest_route=\/wp\/v2\/types\/product"}],"replies":[{"embeddable":true,"href":"https:\/\/hood.discount\/index.php?rest_route=%2Fwp%2Fv2%2Fcomments&post=22167"}],"wp:featuredmedia":[{"embeddable":true,"href":"https:\/\/hood.discount\/index.php?rest_route=\/wp\/v2\/media\/22004"}],"wp:attachment":[{"href":"https:\/\/hood.discount\/index.php?rest_route=%2Fwp%2Fv2%2Fmedia&parent=22167"}],"wp:term":[{"taxonomy":"product_brand","embeddable":true,"href":"https:\/\/hood.discount\/index.php?rest_route=%2Fwp%2Fv2%2Fproduct_brand&post=22167"},{"taxonomy":"product_cat","embeddable":true,"href":"https:\/\/hood.discount\/index.php?rest_route=%2Fwp%2Fv2%2Fproduct_cat&post=22167"},{"taxonomy":"product_tag","embeddable":true,"href":"https:\/\/hood.discount\/index.php?rest_route=%2Fwp%2Fv2%2Fproduct_tag&post=22167"}],"curies":[{"name":"wp","href":"https:\/\/api.w.org\/{rel}","templated":true}]}}