{"id":22163,"date":"2025-02-11T05:20:40","date_gmt":"2025-02-11T05:20:40","guid":{"rendered":"https:\/\/hood.discount\/?post_type=product&#038;p=22163"},"modified":"2025-02-25T14:59:40","modified_gmt":"2025-02-25T14:59:40","slug":"provoke-booster-fur-rattenkoder-8-oz-227g","status":"publish","type":"product","link":"https:\/\/hood.discount\/?product=provoke-booster-fur-rattenkoder-8-oz-227g","title":{"rendered":"PROVOKE\u00ae Booster f\u00fcr Rattenk\u00f6der 8 OZ  227g"},"content":{"rendered":"<h2><span style=\"color: #ff0000;\">Verbessern Sie die Effektivit\u00e4t jeder Falle oder K\u00f6derstation um hervorragende Ergebnisse zu erzielen.<\/span><\/h2>\n<p><iframe src=\"https:\/\/www.youtube.com\/embed\/-vV-IYxDBqk?rel=0&amp;showinfo=0&amp;iv_load_policy=3&amp;modestbranding=1&amp;nologo=1&amp;autoplay=0\" width=\"200\" height=\"250\" frameborder=\"0\" allowfullscreen=\"allowfullscreen\"><\/iframe><iframe src=\"https:\/\/www.youtube.com\/embed\/9ca0icoeJwc?rel=0&amp;showinfo=0&amp;iv_load_policy=3&amp;modestbranding=1&amp;nologo=1&amp;autoplay=0\" width=\"200\" height=\"250\" frameborder=\"0\" allowfullscreen=\"allowfullscreen\"><\/iframe><\/p>\n<p>Haben Sie mit einem Rattenproblem in Ihrem Haus oder Gesch\u00e4ft zu k\u00e4mpfen? Wir stellen Ihnen PROVOKE\u00ae Rat Bait Attractant Booster vor, die ultimative L\u00f6sung, mit der Sie Ihre Fangbem\u00fchungen noch effektiver gestalten k\u00f6nnen. PROVOKE enth\u00e4lt eine einzigartige Mischung von Duftstoffen, die f\u00fcr Ratten unwiderstehlich attraktiv sind und ihren Geruchssinn anstelle des Geschmackssinns ansprechen. Das bedeutet, dass Sie Ihre Fangstrategie mit Leichtigkeit verbessern k\u00f6nnen.<\/p>\n<p>Ratten sind sehr vorsichtig und lernf\u00e4hig. Wenn sie negative Erfahrungen mit bestimmten Nahrungsquellen wie Bromadiolone oder Brodifacoum K\u00f6der gemacht haben, werden sie diese meiden. Dieses Verhalten kann dazu f\u00fchren, dass sie bestimmte K\u00f6der verweigern, insbesondere wenn sie alternative Nahrungsquellen finden. Da Ratten mehr durch Geruch als durch Geschmack angetrieben werden, enth\u00e4lt PROVOKE f\u00fcr Ratten eine neue einzigartige Mischung von Duftstoffen, die von Wander- und Dachratten als verlockend empfunden werden. Dieser Duftstoff \u00fcberlagert den Geruch von herk\u00f6mmlichen K\u00f6dern, den Ratten bereits kennen und f\u00f6rdert damit die Aufnahme bekannter K\u00f6der wie Bromadiolon, Brodifacoum etc.<\/p>\n<p>Die Verwendung von PROVOKE ist einfach. Nehmen Sie einfach Ihre bevorzugte mechanische Falle, sei es aus Kunststoff, Holz oder sogar eine K\u00f6derstation. Mit unserem speziell entwickelten tropffreien Applikator und der langen D\u00fcse ist die Anwendung des K\u00f6ders ein Kinderspiel. Nehmen Sie einfach die Kappe ab, tragen Sie eine kleine Menge PROVOKE auf die Falle oder die K\u00f6der auf, und schon k\u00f6nnen Sie loslegen!<\/p>\n<p>Dar\u00fcber hinaus ist PROVOKE absolut ungiftig und hypoallergen, so dass es auch in Umgebungen verwendet werden kann, in denen Lebensmittelallergien ein Problem darstellen. Au\u00dferdem hinterl\u00e4sst er keine Flecken und sorgt so f\u00fcr ein sauberes, problemloses Erlebnis. Verabschieden Sie sich von unerw\u00fcnschten Nagetieren mit PROVOKE!<\/p>\n<p>PROVOKE ist ein ungiftiger K\u00f6derverst\u00e4rker, der Ratten in Fallen oder K\u00f6derstationen lockt und zur K\u00f6deraufnahme verleiten soll.<\/p>\n<ul type=\"disc\">\n<li>Speziell formuliert, um den spezifischen Verhaltenseigenschaften von Ratten und deren Geruchssinn gerecht zu werden.<\/li>\n<li>Die Provoke Maus- und Rattenlockstoffe haben eine eher fl\u00fcssige Konsistenz und werden f\u00fcr eine schnelle Anwendung in Dripflaschen geliefert.<\/li>\n<li>Zur Verwendung mit einer Reihe von Fallen- und K\u00f6derstationstypen.<\/li>\n<\/ul>\n<p><strong>Verpackungseinheit:\u00a0 Flasche mit 8 oz. \/ 227 g Inhalt<\/p>\n<p><\/strong><\/p>\n<p>&nbsp;<\/p>\n","protected":false},"excerpt":{"rendered":"<p>Haben Sie mit einem Rattenproblem in Ihrem Haus oder Gesch\u00e4ft zu k\u00e4mpfen? Wir stellen Ihnen PROVOKE\u00ae Rattenk\u00f6der Verst\u00e4rker vor, die ultimative L\u00f6sung, mit der Sie Ihre Fangbem\u00fchungen noch effektiver gestalten k\u00f6nnen. PROVOKE enth\u00e4lt eine einzigartige Mischung von Duftstoffen, die f\u00fcr Ratten unwiderstehlich attraktiv sind und ihren Geruchssinn anstelle des Geschmackssinns ansprechen. Das bedeutet, dass Sie Ihre Fangstrategie mit Leichtigkeit verbessern k\u00f6nnen.<\/p>\n","protected":false},"featured_media":21846,"comment_status":"open","ping_status":"closed","template":"","meta":[],"product_brand":[],"product_cat":[19],"product_tag":[],"class_list":{"0":"post-22163","1":"product","2":"type-product","3":"status-publish","4":"has-post-thumbnail","6":"product_cat-anticoagulant-rodenticides-rattengift","8":"first","9":"instock","10":"taxable","11":"shipping-taxable","12":"purchasable","13":"product-type-simple"},"yoast_head":"<!-- This site is optimized with the Yoast SEO Premium plugin v27.1 (Yoast SEO v27.1.1) - https:\/\/yoast.com\/product\/yoast-seo-premium-wordpress\/ -->\n<title>PROVOKE\u00ae Booster f\u00fcr Rattenk\u00f6der 8 OZ 227g - Roundup, Glyphosat und Rattengift Rattenk\u00f6der ohne Nachweis kaufen<\/title>\n<meta name=\"description\" content=\"L\u00f6sen Sie Ihr Rattenproblem mit PROVOKE, dem unwiderstehlich attraktiven K\u00f6derverst\u00e4rker. Verbessern Sie Ihre Fangstrategie und machen Sie Ihre K\u00f6der noch effektiver! \ud83d\udc00\" \/>\n<meta name=\"robots\" content=\"noindex, follow, max-snippet:-1, max-image-preview:large, max-video-preview:-1\" \/>\n<meta property=\"og:locale\" content=\"de_DE\" \/>\n<meta property=\"og:type\" content=\"article\" \/>\n<meta property=\"og:title\" content=\"PROVOKE\u00ae Booster f\u00fcr Rattenk\u00f6der 8 OZ 227g\" \/>\n<meta property=\"og:description\" content=\"L\u00f6sen Sie Ihr Rattenproblem mit PROVOKE, dem unwiderstehlich attraktiven K\u00f6derverst\u00e4rker. Verbessern Sie Ihre Fangstrategie und machen Sie Ihre K\u00f6der noch effektiver! \ud83d\udc00\" \/>\n<meta property=\"og:url\" content=\"https:\/\/hood.discount\/?product=provoke-booster-fur-rattenkoder-8-oz-227g\" \/>\n<meta property=\"og:site_name\" content=\"Roundup, Glyphosat und Rattengift Rattenk\u00f6der ohne Nachweis kaufen\" \/>\n<meta property=\"article:modified_time\" content=\"2025-02-25T14:59:40+00:00\" \/>\n<meta property=\"og:image\" content=\"https:\/\/hood.discount\/wp-content\/uploads\/2025\/02\/titel-7.jpg\" \/>\n\t<meta property=\"og:image:width\" content=\"1024\" \/>\n\t<meta property=\"og:image:height\" content=\"1024\" \/>\n\t<meta property=\"og:image:type\" content=\"image\/jpeg\" \/>\n<meta name=\"twitter:card\" content=\"summary_large_image\" \/>\n<meta name=\"twitter:label1\" content=\"Preis\" \/>\n\t<meta name=\"twitter:data1\" content=\"39,99&nbsp;&euro; incl. VAT\" \/>\n\t<meta name=\"twitter:label2\" content=\"Verf\u00fcgbarkeit\" \/>\n\t<meta name=\"twitter:data2\" content=\"Auf Lager\" \/>\n<script type=\"application\/ld+json\" class=\"yoast-schema-graph\">{\"@context\":\"https:\/\/schema.org\",\"@graph\":[{\"@type\":\"WebPage\",\"@id\":\"https:\/\/hood.discount\/?product=provoke-booster-fur-rattenkoder-8-oz-227g\",\"url\":\"https:\/\/hood.discount\/?product=provoke-booster-fur-rattenkoder-8-oz-227g\",\"name\":\"PROVOKE\u00ae Booster f\u00fcr Rattenk\u00f6der 8 OZ 227g - Roundup, Glyphosat und Rattengift Rattenk\u00f6der ohne Nachweis kaufen\",\"isPartOf\":{\"@id\":\"https:\/\/hood.discount\/#website\"},\"primaryImageOfPage\":{\"@id\":\"https:\/\/hood.discount\/?product=provoke-booster-fur-rattenkoder-8-oz-227g#primaryimage\"},\"image\":{\"@id\":\"https:\/\/hood.discount\/?product=provoke-booster-fur-rattenkoder-8-oz-227g#primaryimage\"},\"thumbnailUrl\":\"https:\/\/hood.discount\/wp-content\/uploads\/2025\/02\/titel-7.jpg\",\"datePublished\":\"2025-02-11T05:20:40+00:00\",\"dateModified\":\"2025-02-25T14:59:40+00:00\",\"description\":\"L\u00f6sen Sie Ihr Rattenproblem mit PROVOKE, dem unwiderstehlich attraktiven K\u00f6derverst\u00e4rker. Verbessern Sie Ihre Fangstrategie und machen Sie Ihre K\u00f6der noch effektiver! \ud83d\udc00\",\"breadcrumb\":{\"@id\":\"https:\/\/hood.discount\/?product=provoke-booster-fur-rattenkoder-8-oz-227g#breadcrumb\"},\"inLanguage\":\"de\",\"potentialAction\":[{\"@type\":\"ReadAction\",\"target\":[\"https:\/\/hood.discount\/?product=provoke-booster-fur-rattenkoder-8-oz-227g\"]}]},{\"@type\":\"ImageObject\",\"inLanguage\":\"de\",\"@id\":\"https:\/\/hood.discount\/?product=provoke-booster-fur-rattenkoder-8-oz-227g#primaryimage\",\"url\":\"https:\/\/hood.discount\/wp-content\/uploads\/2025\/02\/titel-7.jpg\",\"contentUrl\":\"https:\/\/hood.discount\/wp-content\/uploads\/2025\/02\/titel-7.jpg\",\"width\":1024,\"height\":1024},{\"@type\":\"BreadcrumbList\",\"@id\":\"https:\/\/hood.discount\/?product=provoke-booster-fur-rattenkoder-8-oz-227g#breadcrumb\",\"itemListElement\":[{\"@type\":\"ListItem\",\"position\":1,\"name\":\"Home\",\"item\":\"https:\/\/hood.discount\/\"},{\"@type\":\"ListItem\",\"position\":2,\"name\":\"Shop\",\"item\":\"https:\/\/hood.discount\/?page_id=1207\"},{\"@type\":\"ListItem\",\"position\":3,\"name\":\"PROVOKE\u00ae Booster f\u00fcr Rattenk\u00f6der 8 OZ 227g\"}]},{\"@type\":\"WebSite\",\"@id\":\"https:\/\/hood.discount\/#website\",\"url\":\"https:\/\/hood.discount\/\",\"name\":\"hood discount Roundup, Glyphosat und Rattengift Rattenk\u00f6der ohne Sachkundenachweis kaufen\",\"description\":\"Kaufe Roundup Glyphosat Rattenk\u00f6der Rattengift ohne Sachkunde Einschr\u00e4nkungen\",\"publisher\":{\"@id\":\"https:\/\/hood.discount\/#organization\"},\"potentialAction\":[{\"@type\":\"SearchAction\",\"target\":{\"@type\":\"EntryPoint\",\"urlTemplate\":\"https:\/\/hood.discount\/?s={search_term_string}\"},\"query-input\":{\"@type\":\"PropertyValueSpecification\",\"valueRequired\":true,\"valueName\":\"search_term_string\"}}],\"inLanguage\":\"de\"},{\"@type\":\"Organization\",\"@id\":\"https:\/\/hood.discount\/#organization\",\"name\":\"hood discount Roundup, Glyphosat und Rattengift Rattenk\u00f6der kaufen\",\"url\":\"https:\/\/hood.discount\/\",\"logo\":{\"@type\":\"ImageObject\",\"inLanguage\":\"de\",\"@id\":\"https:\/\/hood.discount\/#\/schema\/logo\/image\/\",\"url\":\"https:\/\/hood.discount\/wp-content\/uploads\/2025\/03\/cropped-hood-discount.jpg\",\"contentUrl\":\"https:\/\/hood.discount\/wp-content\/uploads\/2025\/03\/cropped-hood-discount.jpg\",\"width\":999,\"height\":999,\"caption\":\"hood discount Roundup, Glyphosat und Rattengift Rattenk\u00f6der kaufen\"},\"image\":{\"@id\":\"https:\/\/hood.discount\/#\/schema\/logo\/image\/\"}}]}<\/script>\n<meta property=\"product:price:amount\" content=\"39.99\" \/>\n<meta property=\"product:price:currency\" content=\"EUR\" \/>\n<meta property=\"og:availability\" content=\"instock\" \/>\n<meta property=\"product:availability\" content=\"instock\" \/>\n<meta property=\"product:retailer_item_id\" content=\"8 oz 227g PROVOKE Rat Bait Booster\" \/>\n<meta property=\"product:condition\" content=\"new\" \/>\n<!-- \/ Yoast SEO Premium plugin. -->","yoast_head_json":{"title":"PROVOKE\u00ae Booster f\u00fcr Rattenk\u00f6der 8 OZ 227g - Roundup, Glyphosat und Rattengift Rattenk\u00f6der ohne Nachweis kaufen","description":"L\u00f6sen Sie Ihr Rattenproblem mit PROVOKE, dem unwiderstehlich attraktiven K\u00f6derverst\u00e4rker. Verbessern Sie Ihre Fangstrategie und machen Sie Ihre K\u00f6der noch effektiver! \ud83d\udc00","robots":{"index":"noindex","follow":"follow","max-snippet":"max-snippet:-1","max-image-preview":"max-image-preview:large","max-video-preview":"max-video-preview:-1"},"og_locale":"de_DE","og_type":"article","og_title":"PROVOKE\u00ae Booster f\u00fcr Rattenk\u00f6der 8 OZ 227g","og_description":"L\u00f6sen Sie Ihr Rattenproblem mit PROVOKE, dem unwiderstehlich attraktiven K\u00f6derverst\u00e4rker. Verbessern Sie Ihre Fangstrategie und machen Sie Ihre K\u00f6der noch effektiver! \ud83d\udc00","og_url":"https:\/\/hood.discount\/?product=provoke-booster-fur-rattenkoder-8-oz-227g","og_site_name":"Roundup, Glyphosat und Rattengift Rattenk\u00f6der ohne Nachweis kaufen","article_modified_time":"2025-02-25T14:59:40+00:00","og_image":[{"width":1024,"height":1024,"url":"https:\/\/hood.discount\/wp-content\/uploads\/2025\/02\/titel-7.jpg","type":"image\/jpeg"}],"twitter_card":"summary_large_image","twitter_misc":{"Preis":"39,99&nbsp;&euro; incl. VAT","Verf\u00fcgbarkeit":"Auf Lager"},"schema":{"@context":"https:\/\/schema.org","@graph":[{"@type":"WebPage","@id":"https:\/\/hood.discount\/?product=provoke-booster-fur-rattenkoder-8-oz-227g","url":"https:\/\/hood.discount\/?product=provoke-booster-fur-rattenkoder-8-oz-227g","name":"PROVOKE\u00ae Booster f\u00fcr Rattenk\u00f6der 8 OZ 227g - Roundup, Glyphosat und Rattengift Rattenk\u00f6der ohne Nachweis kaufen","isPartOf":{"@id":"https:\/\/hood.discount\/#website"},"primaryImageOfPage":{"@id":"https:\/\/hood.discount\/?product=provoke-booster-fur-rattenkoder-8-oz-227g#primaryimage"},"image":{"@id":"https:\/\/hood.discount\/?product=provoke-booster-fur-rattenkoder-8-oz-227g#primaryimage"},"thumbnailUrl":"https:\/\/hood.discount\/wp-content\/uploads\/2025\/02\/titel-7.jpg","datePublished":"2025-02-11T05:20:40+00:00","dateModified":"2025-02-25T14:59:40+00:00","description":"L\u00f6sen Sie Ihr Rattenproblem mit PROVOKE, dem unwiderstehlich attraktiven K\u00f6derverst\u00e4rker. Verbessern Sie Ihre Fangstrategie und machen Sie Ihre K\u00f6der noch effektiver! \ud83d\udc00","breadcrumb":{"@id":"https:\/\/hood.discount\/?product=provoke-booster-fur-rattenkoder-8-oz-227g#breadcrumb"},"inLanguage":"de","potentialAction":[{"@type":"ReadAction","target":["https:\/\/hood.discount\/?product=provoke-booster-fur-rattenkoder-8-oz-227g"]}]},{"@type":"ImageObject","inLanguage":"de","@id":"https:\/\/hood.discount\/?product=provoke-booster-fur-rattenkoder-8-oz-227g#primaryimage","url":"https:\/\/hood.discount\/wp-content\/uploads\/2025\/02\/titel-7.jpg","contentUrl":"https:\/\/hood.discount\/wp-content\/uploads\/2025\/02\/titel-7.jpg","width":1024,"height":1024},{"@type":"BreadcrumbList","@id":"https:\/\/hood.discount\/?product=provoke-booster-fur-rattenkoder-8-oz-227g#breadcrumb","itemListElement":[{"@type":"ListItem","position":1,"name":"Home","item":"https:\/\/hood.discount\/"},{"@type":"ListItem","position":2,"name":"Shop","item":"https:\/\/hood.discount\/?page_id=1207"},{"@type":"ListItem","position":3,"name":"PROVOKE\u00ae Booster f\u00fcr Rattenk\u00f6der 8 OZ 227g"}]},{"@type":"WebSite","@id":"https:\/\/hood.discount\/#website","url":"https:\/\/hood.discount\/","name":"hood discount Roundup, Glyphosat und Rattengift Rattenk\u00f6der ohne Sachkundenachweis kaufen","description":"Kaufe Roundup Glyphosat Rattenk\u00f6der Rattengift ohne Sachkunde Einschr\u00e4nkungen","publisher":{"@id":"https:\/\/hood.discount\/#organization"},"potentialAction":[{"@type":"SearchAction","target":{"@type":"EntryPoint","urlTemplate":"https:\/\/hood.discount\/?s={search_term_string}"},"query-input":{"@type":"PropertyValueSpecification","valueRequired":true,"valueName":"search_term_string"}}],"inLanguage":"de"},{"@type":"Organization","@id":"https:\/\/hood.discount\/#organization","name":"hood discount Roundup, Glyphosat und Rattengift Rattenk\u00f6der kaufen","url":"https:\/\/hood.discount\/","logo":{"@type":"ImageObject","inLanguage":"de","@id":"https:\/\/hood.discount\/#\/schema\/logo\/image\/","url":"https:\/\/hood.discount\/wp-content\/uploads\/2025\/03\/cropped-hood-discount.jpg","contentUrl":"https:\/\/hood.discount\/wp-content\/uploads\/2025\/03\/cropped-hood-discount.jpg","width":999,"height":999,"caption":"hood discount Roundup, Glyphosat und Rattengift Rattenk\u00f6der kaufen"},"image":{"@id":"https:\/\/hood.discount\/#\/schema\/logo\/image\/"}}]},"product_price_amount":"39.99","product_price_currency":"EUR","og_availability":"instock","product_availability":"instock","product_retailer_item_id":"8 oz 227g PROVOKE Rat Bait Booster","product_condition":"new"},"_links":{"self":[{"href":"https:\/\/hood.discount\/index.php?rest_route=\/wp\/v2\/product\/22163","targetHints":{"allow":["GET"]}}],"collection":[{"href":"https:\/\/hood.discount\/index.php?rest_route=\/wp\/v2\/product"}],"about":[{"href":"https:\/\/hood.discount\/index.php?rest_route=\/wp\/v2\/types\/product"}],"replies":[{"embeddable":true,"href":"https:\/\/hood.discount\/index.php?rest_route=%2Fwp%2Fv2%2Fcomments&post=22163"}],"wp:featuredmedia":[{"embeddable":true,"href":"https:\/\/hood.discount\/index.php?rest_route=\/wp\/v2\/media\/21846"}],"wp:attachment":[{"href":"https:\/\/hood.discount\/index.php?rest_route=%2Fwp%2Fv2%2Fmedia&parent=22163"}],"wp:term":[{"taxonomy":"product_brand","embeddable":true,"href":"https:\/\/hood.discount\/index.php?rest_route=%2Fwp%2Fv2%2Fproduct_brand&post=22163"},{"taxonomy":"product_cat","embeddable":true,"href":"https:\/\/hood.discount\/index.php?rest_route=%2Fwp%2Fv2%2Fproduct_cat&post=22163"},{"taxonomy":"product_tag","embeddable":true,"href":"https:\/\/hood.discount\/index.php?rest_route=%2Fwp%2Fv2%2Fproduct_tag&post=22163"}],"curies":[{"name":"wp","href":"https:\/\/api.w.org\/{rel}","templated":true}]}}