{"id":22162,"date":"2025-02-11T05:20:40","date_gmt":"2025-02-11T05:20:40","guid":{"rendered":"https:\/\/hood.discount\/?post_type=product&#038;p=22162"},"modified":"2025-02-25T14:59:40","modified_gmt":"2025-02-25T14:59:40","slug":"harmonix-rodent-paste-5kg","status":"publish","type":"product","link":"https:\/\/hood.discount\/?product=harmonix-rodent-paste-5kg","title":{"rendered":"Harmonix\u00ae Rodent Paste 5kg"},"content":{"rendered":"<p><img decoding=\"async\" class=\" wp-image-21220\" src=\"https:\/\/agro-fluid.de\/wp-content\/uploads\/Highly-Effective-Series-Circle-Logo-_final_2.png\" alt=\"Hochwirksame Rattengifte unterscheiden sich von normalen Rattengiften vor allem in ihrer Zusammensetzung, Wirkungsweise, und Anwendungsstrategie. Diese Unterschiede k\u00f6nnen die Effektivit\u00e4t, die Geschwindigkeit der Wirkung, und die Zielgenauigkeit verbessern. Hier sind die Hauptunterschiede:\" width=\"123\" height=\"88\" \/><\/p>\n<p><strong>Produkte mit diesem Logo wirken dort wo andere Rattengifte versagen.<\/p>\n<p><\/strong><\/p>\n<p><strong>Normale Gifte<\/strong>:<\/p>\n<ul>\n<li>Setzen auf herk\u00f6mmliche Wirkstoffe wie Warfarin, Bromadiolon oder Brodifacoum, gegen die einige Rattenpopulationen bereits resistent sind.<\/li>\n<\/ul>\n<p><strong>Hochwirksame Gifte<\/strong>:<\/p>\n<ul>\n<li>Entwickelt, um Resistenzen zu \u00fcberwinden:\n<ul>\n<li>Nutzen neue chemische Formulierungen.<\/li>\n<li>Wechseln zwischen Wirkstoffen oder kombinieren sie, um Resistenzen vorzubeugen.<\/li>\n<\/ul>\n<\/li>\n<li>Setzen auf moderne Technologien Stop-Feeding-Effect\n<p><div id=\"attachment_20968\" style=\"width: 74px\" class=\"wp-caption alignnone\"><a href=\"https:\/\/naitcon.com\/knowledge-base\/the-stop-feed-effect-of-cholecalciferol-vitamin-d3-and-the-efficacy-of-brodifacoum-combined-with-cholecalciferol-in-y139c-resistant-norway-rats-rattus-norvegicus\/\" target=\"_blank\" rel=\"noopener\"><img decoding=\"async\" aria-describedby=\"caption-attachment-20968\" class=\"wp-image-20968\" src=\"https:\/\/agro-fluid.de\/wp-content\/uploads\/favicon-_grey.png\" alt=\"naitCON Logo Wissensdatenbank\" width=\"64\" height=\"64\" \/><\/a><p id=\"caption-attachment-20968\" class=\"wp-caption-text\">The stop-feed effect of cholecalciferol<\/p><\/div><\/li>\n<\/ul>\n<p>&nbsp;<\/p>\n<p>Die Harmonix\u00ae Rodent Paste er\u00f6ffnet neue Bek\u00e4mpfungsm\u00f6glichkeiten gegen Ratten und M\u00e4use. Dank des Wirkstoffs Cholecalciferol (auch bekannt als Vitamin D<sub>3<\/sub>) ist die Harmonix\u00ae Rodent Paste\u00a0auch gegen Warfarin-resistente Ratten und M\u00e4use uneingeschr\u00e4nkt wirksam. Cholecalciferol geh\u00f6rt nicht zur Wirkstoffklasse der Antikoagulantien, deren\u00a0Anwendung aufgrund des Risikos f\u00fcr Sekund\u00e4rvergiftungen zunehmend restriktiv gehandhabt wird.\u00a0Die\u00a0Harmonix\u00ae Rodent Paste \u00fcberzeugt durch flexible Einsatzm\u00f6glichkeiten in Innenr\u00e4umen, um Geb\u00e4ude und im Au\u00dfenbereich (Erdbaubek\u00f6derung und Deponien). Eine hervorragende Eignung im Rahmen des Resistenzmanagements sowie die\u00a0Zulassung f\u00fcr befallsunabh\u00e4ngige Dauerbek\u00f6derung sind weitere klare Vorteile des neuartigen K\u00f6ders.<\/p>\n<p class=\"western\"><strong>Vitamin D3 als Rattengift<\/p>\n<p><\/strong>Vitamin D3 ist wegen seiner F\u00e4higkeit, in hohen Dosen t\u00f6dlich f\u00fcr Nagetiere zu wirken, als Rattengift zugelassen. Es f\u00fchrt zur Kalzium\u00fcberladung im K\u00f6rper, was schwerwiegende Sch\u00e4den an lebenswichtigen Organen wie Herz und Nieren verursacht und schlie\u00dflich zum Tod f\u00fchrt.<\/p>\n<p><strong>Wie wirkt\u00a0Vitamin D3 als Gift bei Ratten?<\/p>\n<p><\/strong>Vitamin D3 steigert die Kalziumaufnahme aus dem Darm. Bei Ratten f\u00fchrt dies zu einer Hyperkalz\u00e4mie, die eine \u00dcberkalzifikation von Weichteilen wie den Nieren, Arterien und dem Herz bewirkt.<\/p>\n<p>Mit dem neuen Harmonix-K\u00f6der steht deshalb ein wichtiges Werkzeug im Resistenzmanagement zur Verf\u00fcgung, das entsprechend, d.h. im Au\u00dfenbereich, eingesetzt werden darf! Zwar d\u00fcrfen die Antikoagulantien der zweiten Generation Difenacoum und Bromadiolone auch eingesetzt werden. Die sind aber nicht wirksam gegen resistente St\u00e4mme, und bilden persistente R\u00fcckst\u00e4nde, \u00fcber deren Wirkung, besonders bei Bromadiolone, viel berichtet und publiziert wurde.\u00a0 Nicht jede (Nicht-)Restriktion ist nachvollziehbar. Das R\u00fcckstandsverhalten und die potentielle Gefahr von Sekund\u00e4rvergiftungen durch Cholecalciferol wurden in Neuseeland untersucht, wo der Wirkstoff z.T. extensiv verwendet wird. Eine nennenswerte Gef\u00e4hrdung konnte dabei ausgeschlossen werden.<\/p>\n<p align=\"justify\"><strong><span style=\"font-size: large;\">Stop-Feeding Effect \u2013 ein entscheidender Vorteil<\/p>\n<p><\/span><\/strong>Auch wenn ein Cholecalciferol-K\u00f6der nicht anders aussieht als ein antikoagulanter K\u00f6der, so ist der Bek\u00e4mpfungsverlauf nur anf\u00e4nglich vergleichbar.\u00a0 Und hier liegt der Schl\u00fcssel zum Erfolg: Dieser stellt sich nur nach guter und schneller Annahme des K\u00f6ders ein!\u00a0 Entsprechend sorgf\u00e4ltig muss die Bek\u00f6derung durch den Sch\u00e4dlingsbek\u00e4mpfer vorbereitet und begonnen werden. Denn Cholecalciferol bewirkt bei toxischer Dosierung stark nachlassenden Appetit, quasi eine Anorexie, hier \u201eStop-Feeding Effect\u201c genannt.\u00a0 Dieser stellt sich auch bei subletaler Dosierung nach zwei Tagen ein. Dann k\u00f6nnen sich die Tiere erholen und fressen nicht weiter vom K\u00f6der. W\u00e4hrend sich mit Antikoagulantien auch bei anf\u00e4nglich unzureichender Bek\u00f6derung guter Bek\u00e4mpfungserfolg erzielen l\u00e4sst, indem nachgelegt wird und zus\u00e4tzliche K\u00f6derpunkte eingerichtet werden, muss bei Cholecalciferol in den ersten Bek\u00e4mpfungstagen alles stimmen.\u00a0Also sind gr\u00fcndlichste Befallsanalyse und l\u00fcckenlose Bek\u00f6derung Pflicht!<\/p>\n<p>Gewisserma\u00dfen f\u00fchrt dieser physiologische Effekt auf das Verhalten der Tiere zu gr\u00fcndlichster Vorbereitung der Bek\u00e4mpfung beim sachkundigen Anwender. Dieser Mehraufwand wird belohnt:\u00a0 Der schnelle R\u00fcckgang der Fra\u00dfmengen (siehe Bek\u00e4mpfungsverlauf Abb. 1) hat einen geringeren K\u00f6derverbrauch w\u00e4hrend der Bek\u00e4mpfung zur Folge. Dieser betr\u00e4gt oft weniger als die H\u00e4lfte verglichen mit K\u00f6dern mit anderen Wirkstoffen. Das spart Kosten und reduziert potentielle Gefahren. Nur der Bek\u00e4mpfungsstart muss passen. Die l\u00fcckenlose und reichliche Bek\u00f6derung des Befallsareals sollte innerhalb der ersten beiden Tage gepr\u00fcft und ggf. erg\u00e4nzt werden.<\/p>\n<p align=\"justify\">Wird diese in der Natur des Wirkstoffs liegende Besonderheit beachtet, steht dem Anwender ein potentes Rodentizid mit weitem Anwendungsspielraum zur Verf\u00fcgung.<\/p>\n<p>_________________________________________<\/p>\n<p>Gebrauchsfertiger K\u00f6der (Paste) (RB) | 4 kg<\/p>\n<p>Wirkstoff: Cholecalciferol 0,75 g\/kg (0,075 %)<\/p>\n<p>BAuA-Zulassungsnummer: DE-0015958-14<\/p>\n<p>Biozidprodukte vorsichtig verwenden. Vor Gebrauch stets Etikett und Produktinformationen lesen!<\/p>\n<h2 class=\"western\">Anwendung und Sicherheit<\/h2>\n<p class=\"western\"><strong>Anwendungszeitraum<\/strong><\/p>\n<p>Januar Februar M\u00e4rz April Mai Juni Juli August September Oktober November Dezember<\/p>\n<p class=\"western\"><strong>Anwendungsbereiche<\/p>\n<p><\/strong>Gewerbliche Geb\u00e4ude Industrieanlagen \u00d6ffentliche Geb\u00e4ude Innenr\u00e4ume Au\u00dfenbereich M\u00fclldeponien<\/p>\n<p class=\"western\"><strong>Geeignet gegen<\/p>\n<p><\/strong><a href=\"https:\/\/www.de.envu.com\/schaedlingskontrolle\/anwendungsbereiche\/black-rat\">Hausratte (Rattus rattus)<\/a> <a href=\"https:\/\/www.de.envu.com\/schaedlingskontrolle\/produkte\/harmonix#\">Wanderratte (Rattus norvegicus)<\/a> <a href=\"https:\/\/www.de.envu.com\/schaedlingskontrolle\/produkte\/harmonix#\">Hausmaus (Mus musculus)<\/a><\/p>\n<h3 class=\"western\">Aufwandmengen &amp; Dosierung<\/h3>\n<p><strong>Aufwandmenge<\/strong><\/p>\n<ul>\n<li>Ratten: 100 \u2013 200 g K\u00f6der pro K\u00f6derpunkt, abh\u00e4ngig von der Befallsst\u00e4rke.<\/li>\n<li>M\u00e4use: 20 g K\u00f6der pro K\u00f6derpunkt abh<\/li>\n<\/ul>\n\n","protected":false},"excerpt":{"rendered":"<p>Die Harmonix\u00ae Rodent Paste er\u00f6ffnet neue Bek\u00e4mpfungsm\u00f6glichkeiten gegen Ratten und M\u00e4use. Dank des Wirkstoffs Cholecalciferol (auch bekannt als Vitamin D<sub>3<\/sub>) ist die Harmonix\u00ae Rodent Paste\u00a0auch gegen Warfarin-resistente Ratten und M\u00e4use uneingeschr\u00e4nkt wirksam. Cholecalciferol geh\u00f6rt nicht zur Wirkstoffklasse der Antikoagulantien, deren\u00a0Anwendung aufgrund des Risikos f\u00fcr Sekund\u00e4rvergiftungen zunehmend restriktiv gehandhabt wird.\u00a0Die\u00a0Harmonix\u00ae Rodent Paste \u00fcberzeugt durch flexible Einsatzm\u00f6glichkeiten in Innenr\u00e4umen, um Geb\u00e4ude und im Au\u00dfenbereich (Erdbaubek\u00f6derung und Deponien). Eine hervorragende Eignung im Rahmen des Resistenzmanagements sowie die\u00a0Zulassung f\u00fcr befallsunabh\u00e4ngige Dauerbek\u00f6derung sind weitere klare Vorteile des neuartigen K\u00f6ders.<\/p>\n<p class=\"western\"><strong>Vitamin D3 als Rattengift<\/p>\n<p><\/strong>Vitamin D3 ist wegen seiner F\u00e4higkeit, in hohen Dosen t\u00f6dlich f\u00fcr Nagetiere zu wirken, als Rattengift zugelassen. Es f\u00fchrt zur Kalzium\u00fcberladung im K\u00f6rper, was schwerwiegende Sch\u00e4den an lebenswichtigen Organen wie Herz und Nieren verursacht und schlie\u00dflich zum Tod f\u00fchrt.<\/p>\n<p><strong>Wie wirkt\u00a0Vitamin D3 als Gift bei Ratten?<\/p>\n<p><\/strong>Vitamin D3 steigert die Kalziumaufnahme aus dem Darm. Bei Ratten f\u00fchrt dies zu einer Hyperkalz\u00e4mie, die eine \u00dcberkalzifikation von Weichteilen wie den Nieren, Arterien und dem Herz bewirkt.<\/p>\n","protected":false},"featured_media":21844,"comment_status":"open","ping_status":"closed","template":"","meta":[],"product_brand":[],"product_cat":[19],"product_tag":[],"class_list":{"0":"post-22162","1":"product","2":"type-product","3":"status-publish","4":"has-post-thumbnail","6":"product_cat-anticoagulant-rodenticides-rattengift","8":"first","9":"instock","10":"taxable","11":"shipping-taxable","12":"purchasable","13":"product-type-simple"},"yoast_head":"<!-- This site is optimized with the Yoast SEO Premium plugin v27.1 (Yoast SEO v27.1.1) - https:\/\/yoast.com\/product\/yoast-seo-premium-wordpress\/ -->\n<title>Harmonix\u00ae Rodent Paste 5kg - Roundup, Glyphosat und Rattengift Rattenk\u00f6der ohne Nachweis kaufen<\/title>\n<meta name=\"description\" content=\"Bek\u00e4mpfe Ratten und M\u00e4use effektiv mit der Harmonix\u00ae Rodent Paste. Dank des Wirkstoffs Cholecalciferol uneingeschr\u00e4nkt wirksam, selbst gegen resistente Nager.\" \/>\n<meta name=\"robots\" content=\"noindex, follow, max-snippet:-1, max-image-preview:large, max-video-preview:-1\" \/>\n<meta property=\"og:locale\" content=\"de_DE\" \/>\n<meta property=\"og:type\" content=\"article\" \/>\n<meta property=\"og:title\" content=\"Harmonix\u00ae Rodent Paste 5kg\" \/>\n<meta property=\"og:description\" content=\"Bek\u00e4mpfe Ratten und M\u00e4use effektiv mit der Harmonix\u00ae Rodent Paste. Dank des Wirkstoffs Cholecalciferol uneingeschr\u00e4nkt wirksam, selbst gegen resistente Nager.\" \/>\n<meta property=\"og:url\" content=\"https:\/\/hood.discount\/?product=harmonix-rodent-paste-5kg\" \/>\n<meta property=\"og:site_name\" content=\"Roundup, Glyphosat und Rattengift Rattenk\u00f6der ohne Nachweis kaufen\" \/>\n<meta property=\"article:modified_time\" content=\"2025-02-25T14:59:40+00:00\" \/>\n<meta property=\"og:image\" content=\"https:\/\/hood.discount\/wp-content\/uploads\/2025\/02\/rattenbefall-vorher-nachher-_final_1.png\" \/>\n\t<meta property=\"og:image:width\" content=\"1024\" \/>\n\t<meta property=\"og:image:height\" content=\"1024\" \/>\n\t<meta property=\"og:image:type\" content=\"image\/png\" \/>\n<meta name=\"twitter:card\" content=\"summary_large_image\" \/>\n<meta name=\"twitter:label1\" content=\"Preis\" \/>\n\t<meta name=\"twitter:data1\" content=\"169,90&nbsp;&euro; incl. VAT\" \/>\n\t<meta name=\"twitter:label2\" content=\"Verf\u00fcgbarkeit\" \/>\n\t<meta name=\"twitter:data2\" content=\"Auf Lager\" \/>\n<script type=\"application\/ld+json\" class=\"yoast-schema-graph\">{\"@context\":\"https:\/\/schema.org\",\"@graph\":[{\"@type\":\"WebPage\",\"@id\":\"https:\/\/hood.discount\/?product=harmonix-rodent-paste-5kg\",\"url\":\"https:\/\/hood.discount\/?product=harmonix-rodent-paste-5kg\",\"name\":\"Harmonix\u00ae Rodent Paste 5kg - Roundup, Glyphosat und Rattengift Rattenk\u00f6der ohne Nachweis kaufen\",\"isPartOf\":{\"@id\":\"https:\/\/hood.discount\/#website\"},\"primaryImageOfPage\":{\"@id\":\"https:\/\/hood.discount\/?product=harmonix-rodent-paste-5kg#primaryimage\"},\"image\":{\"@id\":\"https:\/\/hood.discount\/?product=harmonix-rodent-paste-5kg#primaryimage\"},\"thumbnailUrl\":\"https:\/\/hood.discount\/wp-content\/uploads\/2025\/02\/rattenbefall-vorher-nachher-_final_1.png\",\"datePublished\":\"2025-02-11T05:20:40+00:00\",\"dateModified\":\"2025-02-25T14:59:40+00:00\",\"description\":\"Bek\u00e4mpfe Ratten und M\u00e4use effektiv mit der Harmonix\u00ae Rodent Paste. Dank des Wirkstoffs Cholecalciferol uneingeschr\u00e4nkt wirksam, selbst gegen resistente Nager.\",\"breadcrumb\":{\"@id\":\"https:\/\/hood.discount\/?product=harmonix-rodent-paste-5kg#breadcrumb\"},\"inLanguage\":\"de\",\"potentialAction\":[{\"@type\":\"ReadAction\",\"target\":[\"https:\/\/hood.discount\/?product=harmonix-rodent-paste-5kg\"]}]},{\"@type\":\"ImageObject\",\"inLanguage\":\"de\",\"@id\":\"https:\/\/hood.discount\/?product=harmonix-rodent-paste-5kg#primaryimage\",\"url\":\"https:\/\/hood.discount\/wp-content\/uploads\/2025\/02\/rattenbefall-vorher-nachher-_final_1.png\",\"contentUrl\":\"https:\/\/hood.discount\/wp-content\/uploads\/2025\/02\/rattenbefall-vorher-nachher-_final_1.png\",\"width\":1024,\"height\":1024},{\"@type\":\"BreadcrumbList\",\"@id\":\"https:\/\/hood.discount\/?product=harmonix-rodent-paste-5kg#breadcrumb\",\"itemListElement\":[{\"@type\":\"ListItem\",\"position\":1,\"name\":\"Home\",\"item\":\"https:\/\/hood.discount\/\"},{\"@type\":\"ListItem\",\"position\":2,\"name\":\"Shop\",\"item\":\"https:\/\/hood.discount\/?page_id=1207\"},{\"@type\":\"ListItem\",\"position\":3,\"name\":\"Harmonix\u00ae Rodent Paste 5kg\"}]},{\"@type\":\"WebSite\",\"@id\":\"https:\/\/hood.discount\/#website\",\"url\":\"https:\/\/hood.discount\/\",\"name\":\"hood discount Roundup, Glyphosat und Rattengift Rattenk\u00f6der ohne Sachkundenachweis kaufen\",\"description\":\"Kaufe Roundup Glyphosat Rattenk\u00f6der Rattengift ohne Sachkunde Einschr\u00e4nkungen\",\"publisher\":{\"@id\":\"https:\/\/hood.discount\/#organization\"},\"potentialAction\":[{\"@type\":\"SearchAction\",\"target\":{\"@type\":\"EntryPoint\",\"urlTemplate\":\"https:\/\/hood.discount\/?s={search_term_string}\"},\"query-input\":{\"@type\":\"PropertyValueSpecification\",\"valueRequired\":true,\"valueName\":\"search_term_string\"}}],\"inLanguage\":\"de\"},{\"@type\":\"Organization\",\"@id\":\"https:\/\/hood.discount\/#organization\",\"name\":\"hood discount Roundup, Glyphosat und Rattengift Rattenk\u00f6der kaufen\",\"url\":\"https:\/\/hood.discount\/\",\"logo\":{\"@type\":\"ImageObject\",\"inLanguage\":\"de\",\"@id\":\"https:\/\/hood.discount\/#\/schema\/logo\/image\/\",\"url\":\"https:\/\/hood.discount\/wp-content\/uploads\/2025\/03\/cropped-hood-discount.jpg\",\"contentUrl\":\"https:\/\/hood.discount\/wp-content\/uploads\/2025\/03\/cropped-hood-discount.jpg\",\"width\":999,\"height\":999,\"caption\":\"hood discount Roundup, Glyphosat und Rattengift Rattenk\u00f6der kaufen\"},\"image\":{\"@id\":\"https:\/\/hood.discount\/#\/schema\/logo\/image\/\"}}]}<\/script>\n<meta property=\"product:price:amount\" content=\"169.90\" \/>\n<meta property=\"product:price:currency\" content=\"EUR\" \/>\n<meta property=\"og:availability\" content=\"instock\" \/>\n<meta property=\"product:availability\" content=\"instock\" \/>\n<meta property=\"product:retailer_item_id\" content=\"5kg BAYER Harmonix Rodent Paste\" \/>\n<meta property=\"product:condition\" content=\"new\" \/>\n<!-- \/ Yoast SEO Premium plugin. -->","yoast_head_json":{"title":"Harmonix\u00ae Rodent Paste 5kg - Roundup, Glyphosat und Rattengift Rattenk\u00f6der ohne Nachweis kaufen","description":"Bek\u00e4mpfe Ratten und M\u00e4use effektiv mit der Harmonix\u00ae Rodent Paste. Dank des Wirkstoffs Cholecalciferol uneingeschr\u00e4nkt wirksam, selbst gegen resistente Nager.","robots":{"index":"noindex","follow":"follow","max-snippet":"max-snippet:-1","max-image-preview":"max-image-preview:large","max-video-preview":"max-video-preview:-1"},"og_locale":"de_DE","og_type":"article","og_title":"Harmonix\u00ae Rodent Paste 5kg","og_description":"Bek\u00e4mpfe Ratten und M\u00e4use effektiv mit der Harmonix\u00ae Rodent Paste. Dank des Wirkstoffs Cholecalciferol uneingeschr\u00e4nkt wirksam, selbst gegen resistente Nager.","og_url":"https:\/\/hood.discount\/?product=harmonix-rodent-paste-5kg","og_site_name":"Roundup, Glyphosat und Rattengift Rattenk\u00f6der ohne Nachweis kaufen","article_modified_time":"2025-02-25T14:59:40+00:00","og_image":[{"width":1024,"height":1024,"url":"https:\/\/hood.discount\/wp-content\/uploads\/2025\/02\/rattenbefall-vorher-nachher-_final_1.png","type":"image\/png"}],"twitter_card":"summary_large_image","twitter_misc":{"Preis":"169,90&nbsp;&euro; incl. VAT","Verf\u00fcgbarkeit":"Auf Lager"},"schema":{"@context":"https:\/\/schema.org","@graph":[{"@type":"WebPage","@id":"https:\/\/hood.discount\/?product=harmonix-rodent-paste-5kg","url":"https:\/\/hood.discount\/?product=harmonix-rodent-paste-5kg","name":"Harmonix\u00ae Rodent Paste 5kg - Roundup, Glyphosat und Rattengift Rattenk\u00f6der ohne Nachweis kaufen","isPartOf":{"@id":"https:\/\/hood.discount\/#website"},"primaryImageOfPage":{"@id":"https:\/\/hood.discount\/?product=harmonix-rodent-paste-5kg#primaryimage"},"image":{"@id":"https:\/\/hood.discount\/?product=harmonix-rodent-paste-5kg#primaryimage"},"thumbnailUrl":"https:\/\/hood.discount\/wp-content\/uploads\/2025\/02\/rattenbefall-vorher-nachher-_final_1.png","datePublished":"2025-02-11T05:20:40+00:00","dateModified":"2025-02-25T14:59:40+00:00","description":"Bek\u00e4mpfe Ratten und M\u00e4use effektiv mit der Harmonix\u00ae Rodent Paste. Dank des Wirkstoffs Cholecalciferol uneingeschr\u00e4nkt wirksam, selbst gegen resistente Nager.","breadcrumb":{"@id":"https:\/\/hood.discount\/?product=harmonix-rodent-paste-5kg#breadcrumb"},"inLanguage":"de","potentialAction":[{"@type":"ReadAction","target":["https:\/\/hood.discount\/?product=harmonix-rodent-paste-5kg"]}]},{"@type":"ImageObject","inLanguage":"de","@id":"https:\/\/hood.discount\/?product=harmonix-rodent-paste-5kg#primaryimage","url":"https:\/\/hood.discount\/wp-content\/uploads\/2025\/02\/rattenbefall-vorher-nachher-_final_1.png","contentUrl":"https:\/\/hood.discount\/wp-content\/uploads\/2025\/02\/rattenbefall-vorher-nachher-_final_1.png","width":1024,"height":1024},{"@type":"BreadcrumbList","@id":"https:\/\/hood.discount\/?product=harmonix-rodent-paste-5kg#breadcrumb","itemListElement":[{"@type":"ListItem","position":1,"name":"Home","item":"https:\/\/hood.discount\/"},{"@type":"ListItem","position":2,"name":"Shop","item":"https:\/\/hood.discount\/?page_id=1207"},{"@type":"ListItem","position":3,"name":"Harmonix\u00ae Rodent Paste 5kg"}]},{"@type":"WebSite","@id":"https:\/\/hood.discount\/#website","url":"https:\/\/hood.discount\/","name":"hood discount Roundup, Glyphosat und Rattengift Rattenk\u00f6der ohne Sachkundenachweis kaufen","description":"Kaufe Roundup Glyphosat Rattenk\u00f6der Rattengift ohne Sachkunde Einschr\u00e4nkungen","publisher":{"@id":"https:\/\/hood.discount\/#organization"},"potentialAction":[{"@type":"SearchAction","target":{"@type":"EntryPoint","urlTemplate":"https:\/\/hood.discount\/?s={search_term_string}"},"query-input":{"@type":"PropertyValueSpecification","valueRequired":true,"valueName":"search_term_string"}}],"inLanguage":"de"},{"@type":"Organization","@id":"https:\/\/hood.discount\/#organization","name":"hood discount Roundup, Glyphosat und Rattengift Rattenk\u00f6der kaufen","url":"https:\/\/hood.discount\/","logo":{"@type":"ImageObject","inLanguage":"de","@id":"https:\/\/hood.discount\/#\/schema\/logo\/image\/","url":"https:\/\/hood.discount\/wp-content\/uploads\/2025\/03\/cropped-hood-discount.jpg","contentUrl":"https:\/\/hood.discount\/wp-content\/uploads\/2025\/03\/cropped-hood-discount.jpg","width":999,"height":999,"caption":"hood discount Roundup, Glyphosat und Rattengift Rattenk\u00f6der kaufen"},"image":{"@id":"https:\/\/hood.discount\/#\/schema\/logo\/image\/"}}]},"product_price_amount":"169.90","product_price_currency":"EUR","og_availability":"instock","product_availability":"instock","product_retailer_item_id":"5kg BAYER Harmonix Rodent Paste","product_condition":"new"},"_links":{"self":[{"href":"https:\/\/hood.discount\/index.php?rest_route=\/wp\/v2\/product\/22162","targetHints":{"allow":["GET"]}}],"collection":[{"href":"https:\/\/hood.discount\/index.php?rest_route=\/wp\/v2\/product"}],"about":[{"href":"https:\/\/hood.discount\/index.php?rest_route=\/wp\/v2\/types\/product"}],"replies":[{"embeddable":true,"href":"https:\/\/hood.discount\/index.php?rest_route=%2Fwp%2Fv2%2Fcomments&post=22162"}],"wp:featuredmedia":[{"embeddable":true,"href":"https:\/\/hood.discount\/index.php?rest_route=\/wp\/v2\/media\/21844"}],"wp:attachment":[{"href":"https:\/\/hood.discount\/index.php?rest_route=%2Fwp%2Fv2%2Fmedia&parent=22162"}],"wp:term":[{"taxonomy":"product_brand","embeddable":true,"href":"https:\/\/hood.discount\/index.php?rest_route=%2Fwp%2Fv2%2Fproduct_brand&post=22162"},{"taxonomy":"product_cat","embeddable":true,"href":"https:\/\/hood.discount\/index.php?rest_route=%2Fwp%2Fv2%2Fproduct_cat&post=22162"},{"taxonomy":"product_tag","embeddable":true,"href":"https:\/\/hood.discount\/index.php?rest_route=%2Fwp%2Fv2%2Fproduct_tag&post=22162"}],"curies":[{"name":"wp","href":"https:\/\/api.w.org\/{rel}","templated":true}]}}