{"id":22161,"date":"2025-02-11T05:20:40","date_gmt":"2025-02-11T05:20:40","guid":{"rendered":"https:\/\/hood.discount\/?post_type=product&#038;p=22161"},"modified":"2025-02-25T14:55:08","modified_gmt":"2025-02-25T14:55:08","slug":"venim-difethialon-hocheffizienter-rattenkoder-auch-gegen-resistente-arten","status":"publish","type":"product","link":"https:\/\/hood.discount\/?product=venim-difethialon-hocheffizienter-rattenkoder-auch-gegen-resistente-arten","title":{"rendered":"VENIM Difethialon Hocheffizienter Rattenk\u00f6der auch gegen resistente Arten"},"content":{"rendered":"<p><img decoding=\"async\" class=\" wp-image-21220\" src=\"https:\/\/agro-fluid.de\/wp-content\/uploads\/Highly-Effective-Series-Circle-Logo-_final_2.png\" alt=\"Hochwirksame Rattengifte unterscheiden sich von normalen Rattengiften vor allem in ihrer Zusammensetzung, Wirkungsweise, und Anwendungsstrategie. Diese Unterschiede k\u00f6nnen die Effektivit\u00e4t, die Geschwindigkeit der Wirkung, und die Zielgenauigkeit verbessern. Hier sind die Hauptunterschiede:\" width=\"123\" height=\"88\" \/><\/p>\n<p><strong>Produkte mit diesem Logo wirken dort wo andere Rattengifte versagen.<\/p>\n<p><\/strong><\/p>\n<p><strong>Normale Gifte<\/strong>:<\/p>\n<ul>\n<li>Setzen auf herk\u00f6mmliche Wirkstoffe wie Warfarin, Bromadiolon oder Brodifacoum, gegen die einige Rattenpopulationen bereits resistent sind.<\/li>\n<\/ul>\n<p><strong>Hochwirksame Gifte<\/strong>:<\/p>\n<ul>\n<li>Entwickelt, um Resistenzen zu \u00fcberwinden:\n<ul>\n<li>Nutzen neue chemische Formulierungen.<\/li>\n<li>Wechseln zwischen Wirkstoffen oder kombinieren sie, um Resistenzen vorzubeugen.<\/li>\n<\/ul>\n<\/li>\n<li>Setzen auf moderne Technologien, um \u201eK\u00f6derscheu\u201c (Bait Shyness) zu minimieren, z. B. durch verz\u00f6gerte Wirkung.\n<p><div id=\"attachment_20968\" style=\"width: 74px\" class=\"wp-caption alignnone\"><a href=\"https:\/\/naitcon.com\/knowledge-base\/bait-shyness-a-study-in-rat-behaviour\/\" target=\"_blank\" rel=\"noopener\"><img decoding=\"async\" aria-describedby=\"caption-attachment-20968\" class=\"wp-image-20968\" src=\"https:\/\/agro-fluid.de\/wp-content\/uploads\/favicon-_grey.png\" alt=\"naitCON Logo Wissensdatenbank\" width=\"64\" height=\"64\" \/><\/a><p id=\"caption-attachment-20968\" class=\"wp-caption-text\">Bait shyness, a study in rat behaviour<\/p><\/div><\/li>\n<\/ul>\n<p><strong><\/p>\n<p>GEBRAUCHSFERTIGE VENIM-MISCHUNG (Difethialon) 2,5 KG K\u00d6DER<\/strong><\/p>\n<p>Difethialon ist ein hochwirksamer Wirkstoff aus der Klasse der Antikoagulanzien der zweiten Generation, der in der Sch\u00e4dlingsbek\u00e4mpfung zur Kontrolle von Nagetieren wie Ratten und M\u00e4usen eingesetzt wird. Aufgrund seiner starken Wirksamkeit wird Difethialon vor allem in Gebieten verwendet, in denen herk\u00f6mmliche Mittel versagen oder Resistenzprobleme bestehen.<\/p>\n<div id=\"attachment_20836\" style=\"width: 310px\" class=\"wp-caption alignnone\"><img decoding=\"async\" aria-describedby=\"caption-attachment-20836\" class=\"size-medium wp-image-20836\" src=\"https:\/\/agro-fluid.de\/wp-content\/uploads\/titel-4-300x128.png\" alt=\"Wirkung gegen resistente Ratten\" width=\"300\" height=\"128\" \/><p id=\"caption-attachment-20836\" class=\"wp-caption-text\">Gegen Wanderratten angewendete Blutgerinnungshemmer verglichen anhand ihrer Wirkung gegen resistente Ratten. Ist ein Tier resistent gegen einen der Blutgerinnungshemmer, so ist es auch gegen die in der gleichen Gruppe und die links davon stehenden Wirkstoffe resistent.<\/p><\/div>\n<p><strong>DAS HOCHWIRKSAMSTE GIFT F\u00dcR M\u00c4USE UND RATTEN!<\/p>\n<p>100% WIRKSAM NACH EINMALIGER VERABREICHUNG<\/strong><\/p>\n<p><strong>\u2705 f\u00fcr die Kontrolle von M\u00e4usen und Ratten<\/strong><\/p>\n<p>\u2705 <strong>Mischung aus 3 Getreidearten und Haferflocken<\/strong><\/p>\n<p>\u2705 <strong>einsatzbereit<\/strong><\/p>\n<p>\u2705<strong> sehr wirksam<\/strong><\/p>\n<p>\u2705<strong> f\u00fcr den Innen- und Au\u00dfenbereich<\/strong><\/p>\n<p>\u2705 <strong>enth\u00e4lt Difethialon &#8211; den derzeit st\u00e4rksten Wirkstoff bei giftresisdenten Ratten<\/strong><\/p>\n<p><strong>PRODUKTBEZEICHNUNG<\/strong><\/p>\n<p><strong>VENIM MIX <\/strong>ist eine gebrauchsfertige, hochwertige <strong>Mischung aus 3 Getreidesorten (Mais, zwei Sonnenblumensorten) und Haferflocken<\/strong>. Es enth\u00e4lt einen Wirkstoff, der die versehentliche Aufnahme durch Nicht-Zieltiere verhindert. <strong>VENIM MIX <\/strong>enth\u00e4lt den Wirkstoff <strong>DIFETHIALON <\/strong>in einer Konzentration von 0,0025 %, welcher derzeit <strong>die beste Alternative bei einer Population von K\u00f6derresistenten Ratten <\/strong>ist.<\/p>\n<p><strong>ANWENDUNG<\/strong><\/p>\n<p><strong>VENIM MIX <\/strong>ist f\u00fcr die Verwendung im Innen- und Au\u00dfenbereich bestimmt. Es wird unter anderem empfohlen f\u00fcr die Verwendung in:<\/p>\n<ul>\n<li style=\"list-style-type: none;\">\n<ul>\n<li>Geb\u00e4ude der Viehzucht (z. B. Schweinest\u00e4lle, Gefl\u00fcgelst\u00e4lle, Pelztierfarmen)<\/li>\n<\/ul>\n<\/li>\n<\/ul>\n<ul>\n<li style=\"list-style-type: none;\">\n<ul>\n<li>Pilzfarmen, Schwarzpilzfarmen, Kompostieranlagen<\/li>\n<\/ul>\n<\/li>\n<\/ul>\n<ul>\n<li style=\"list-style-type: none;\">\n<ul>\n<li>Abstellr\u00e4ume<\/li>\n<\/ul>\n<\/li>\n<\/ul>\n<ul>\n<li style=\"list-style-type: none;\">\n<ul>\n<li>\u00f6ffentliche R\u00e4ume usw.<\/li>\n<\/ul>\n<\/li>\n<\/ul>\n<p><strong>ANWENDUNGSMETHODE<\/strong><\/p>\n<p><strong>VENIM MIX <\/strong>ist ein Rodentizidk\u00f6der, der zur Bek\u00e4mpfung von Nagetieren (<strong>M\u00e4usen <\/strong>und <strong>Ratten<\/strong>) durch Auslegen in manipulationssicheren K\u00f6derstationen\/Boxen und zur Verwendung in K\u00f6derablagebereichen (wo Stationen nicht benutzt werden k\u00f6nnen bestimmt ist, so dass Nichtzieltiere- und Organismen ihn nicht aufnehmen k\u00f6nnen.<\/p>\n<p>Vor der Anwendung ist es ratsam, das Gebiet, in dem Nagetiere vorkommen, zu erkunden, um die Nagetierarten und die Aktivit\u00e4tsbereiche zu bestimmen und den Grad des Befalls sowie die m\u00f6gliche Ursache der Sch\u00e4dlinge abzusch\u00e4tzen. Es ist ratsam, alternative Nahrungsquellen (verstreutes Getreide, Futterreste) zu entfernen. Greifen Sie nicht direkt in die Umgebung der Nagetiere ein, da dies ihr Verhalten beeinflussen kann (z. B. Ausl\u00f6sung von Misstrauen, Nahrungsaufnahme).\u00a0 Das Produkt sollte unter Beachtung der Gesundheits- und Sicherheitsvorschriften verwendet werden.<\/p>\n<p><strong>DOSIERUNG <\/strong><\/p>\n<p>M\u00e4usebek\u00e4mpfung: bis zu 50 g K\u00f6der in den alle 2 &#8211; 3 m aufgestellten K\u00f6derstationen empfohlen.<\/p>\n<p>Rattenbek\u00e4mpfung: bis zu 150 &#8211; 200 g K\u00f6der in den alle 8 &#8211; 10 m aufgestellten K\u00f6derstationen, bei hohem Sch\u00e4dlingsaufkommen empfiehlt es sich, die K\u00f6derstationen alle 4 &#8211; 5 m aufzustellen.<\/p>\n<p>Die Stellen, an denen die K\u00f6der ausgelegt sind, sollten regelm\u00e4\u00dfig kontrolliert werden (bei der Rattenbek\u00e4mpfung alle 7 &#8211; 10 Tage, bei der M\u00e4usebek\u00e4mpfung alle 3 &#8211; 4 Tage), wobei aufgefressene K\u00f6der nachgef\u00fcllt und durch Wasser besch\u00e4digte oder verunreinigte K\u00f6der ersetzt werden sollten. Wenn der K\u00f6der vollst\u00e4ndig aufgefressen wurde, erh\u00f6hen Sie die Anzahl der K\u00f6derboxen in diesem Gebiet. Erh\u00f6hen Sie nicht die Menge des an einer bestimmten Stelle ausgebrachten K\u00f6ders. Um das Risiko des Verschluckens und der Vergiftung durch Kinder und Nichtzieltiere zu minimieren, sammeln Sie tote Nagetiere, Futterautomaten und K\u00f6der, die sich au\u00dferhalb des Futterautomaten befinden, w\u00e4hrend der Bek\u00e4mpfungsma\u00dfnahmen und am Ende der Deratisierungsbehandlung ein und entsorgen Sie sie.<\/p>\n<p><strong>Zusammensetzung: <\/strong>Difethialon 0,0025 g\/100 g (0,0025%)<\/p>\n<p><strong>Zulassungsnummer:<\/strong> PL\/2011\/0003\/A\/MR<\/p>\n<p><strong>Biozidprodukte sollten mit Vorsicht verwendet werden. Lesen Sie vor jeder Anwendung das Etikett und die Produktinformationen.\u00a0 Das Produkt ist f\u00fcr professionelle Anwender bestimmt.<\/strong><\/p>\n","protected":false},"excerpt":{"rendered":"<p><strong>VENIM MIX <\/strong>ist eine gebrauchsfertige, hochwertige <strong>Mischung aus 3 Getreidesorten (Mais, zwei Sonnenblumensorten) und Haferflocken<\/strong>. Es enth\u00e4lt einen Wirkstoff, der die versehentliche Aufnahme durch Nicht-Zieltiere verhindert. <strong>VENIM MIX <\/strong>enth\u00e4lt den Wirkstoff <strong>DIFETIALON <\/strong>in einer Konzentration von 0,0025 %, welcher derzeit <strong>die beste Alternative bei einer Population von K\u00f6derresistenten Ratten <\/strong>ist.<\/p>\n","protected":false},"featured_media":21840,"comment_status":"open","ping_status":"closed","template":"","meta":[],"product_brand":[],"product_cat":[19],"product_tag":[],"class_list":{"0":"post-22161","1":"product","2":"type-product","3":"status-publish","4":"has-post-thumbnail","6":"product_cat-anticoagulant-rodenticides-rattengift","8":"first","9":"instock","10":"sale","11":"taxable","12":"shipping-taxable","13":"purchasable","14":"product-type-simple"},"yoast_head":"<!-- This site is optimized with the Yoast SEO Premium plugin v27.1 (Yoast SEO v27.1.1) - https:\/\/yoast.com\/product\/yoast-seo-premium-wordpress\/ -->\n<title>Ratenk\u00f6der Rattengift Difethialon Mix: Hochwirksam und Sicher<\/title>\n<meta name=\"description\" content=\"Bek\u00e4mpfen Sie Nagetiere mit dem hochwirksamen Venim Mix. Die ideale L\u00f6sung f\u00fcr Resistenzprobleme. Effektiv und sicher. Bestellen Sie jetzt!\" \/>\n<meta name=\"robots\" content=\"noindex, follow, max-snippet:-1, max-image-preview:large, max-video-preview:-1\" \/>\n<meta property=\"og:locale\" content=\"de_DE\" \/>\n<meta property=\"og:type\" content=\"article\" \/>\n<meta property=\"og:title\" content=\"VENIM Difethialon Hocheffizienter Rattenk\u00f6der auch gegen resistente Arten\" \/>\n<meta property=\"og:description\" content=\"Bek\u00e4mpfen Sie Nagetiere mit dem hochwirksamen Venim Mix. Die ideale L\u00f6sung f\u00fcr Resistenzprobleme. Effektiv und sicher. Bestellen Sie jetzt!\" \/>\n<meta property=\"og:url\" content=\"https:\/\/hood.discount\/?product=venim-difethialon-hocheffizienter-rattenkoder-auch-gegen-resistente-arten\" \/>\n<meta property=\"og:site_name\" content=\"Roundup, Glyphosat und Rattengift Rattenk\u00f6der ohne Nachweis kaufen\" \/>\n<meta property=\"article:modified_time\" content=\"2025-02-25T14:55:08+00:00\" \/>\n<meta property=\"og:image\" content=\"https:\/\/hood.discount\/wp-content\/uploads\/2025\/02\/VENIM-rattengift-rattenkoeder-rat-baits_high_effective.png\" \/>\n\t<meta property=\"og:image:width\" content=\"1280\" \/>\n\t<meta property=\"og:image:height\" content=\"1280\" \/>\n\t<meta property=\"og:image:type\" content=\"image\/png\" \/>\n<meta name=\"twitter:card\" content=\"summary_large_image\" \/>\n<meta name=\"twitter:label1\" content=\"Preis\" \/>\n\t<meta name=\"twitter:data1\" content=\"99,00&nbsp;&euro; incl. VAT\" \/>\n\t<meta name=\"twitter:label2\" content=\"Verf\u00fcgbarkeit\" \/>\n\t<meta name=\"twitter:data2\" content=\"Auf Lager\" \/>\n<script type=\"application\/ld+json\" class=\"yoast-schema-graph\">{\"@context\":\"https:\/\/schema.org\",\"@graph\":[{\"@type\":\"WebPage\",\"@id\":\"https:\/\/hood.discount\/?product=venim-difethialon-hocheffizienter-rattenkoder-auch-gegen-resistente-arten\",\"url\":\"https:\/\/hood.discount\/?product=venim-difethialon-hocheffizienter-rattenkoder-auch-gegen-resistente-arten\",\"name\":\"Ratenk\u00f6der Rattengift Difethialon Mix: Hochwirksam und Sicher\",\"isPartOf\":{\"@id\":\"https:\/\/hood.discount\/#website\"},\"primaryImageOfPage\":{\"@id\":\"https:\/\/hood.discount\/?product=venim-difethialon-hocheffizienter-rattenkoder-auch-gegen-resistente-arten#primaryimage\"},\"image\":{\"@id\":\"https:\/\/hood.discount\/?product=venim-difethialon-hocheffizienter-rattenkoder-auch-gegen-resistente-arten#primaryimage\"},\"thumbnailUrl\":\"https:\/\/hood.discount\/wp-content\/uploads\/2025\/02\/VENIM-rattengift-rattenkoeder-rat-baits_high_effective.png\",\"datePublished\":\"2025-02-11T05:20:40+00:00\",\"dateModified\":\"2025-02-25T14:55:08+00:00\",\"description\":\"Bek\u00e4mpfen Sie Nagetiere mit dem hochwirksamen Venim Mix. Die ideale L\u00f6sung f\u00fcr Resistenzprobleme. Effektiv und sicher. Bestellen Sie jetzt!\",\"breadcrumb\":{\"@id\":\"https:\/\/hood.discount\/?product=venim-difethialon-hocheffizienter-rattenkoder-auch-gegen-resistente-arten#breadcrumb\"},\"inLanguage\":\"de\",\"potentialAction\":[{\"@type\":\"ReadAction\",\"target\":[\"https:\/\/hood.discount\/?product=venim-difethialon-hocheffizienter-rattenkoder-auch-gegen-resistente-arten\"]}]},{\"@type\":\"ImageObject\",\"inLanguage\":\"de\",\"@id\":\"https:\/\/hood.discount\/?product=venim-difethialon-hocheffizienter-rattenkoder-auch-gegen-resistente-arten#primaryimage\",\"url\":\"https:\/\/hood.discount\/wp-content\/uploads\/2025\/02\/VENIM-rattengift-rattenkoeder-rat-baits_high_effective.png\",\"contentUrl\":\"https:\/\/hood.discount\/wp-content\/uploads\/2025\/02\/VENIM-rattengift-rattenkoeder-rat-baits_high_effective.png\",\"width\":1280,\"height\":1280},{\"@type\":\"BreadcrumbList\",\"@id\":\"https:\/\/hood.discount\/?product=venim-difethialon-hocheffizienter-rattenkoder-auch-gegen-resistente-arten#breadcrumb\",\"itemListElement\":[{\"@type\":\"ListItem\",\"position\":1,\"name\":\"Home\",\"item\":\"https:\/\/hood.discount\/\"},{\"@type\":\"ListItem\",\"position\":2,\"name\":\"Shop\",\"item\":\"https:\/\/hood.discount\/?page_id=1207\"},{\"@type\":\"ListItem\",\"position\":3,\"name\":\"VENIM Difethialon Hocheffizienter Rattenk\u00f6der auch gegen resistente Arten\"}]},{\"@type\":\"WebSite\",\"@id\":\"https:\/\/hood.discount\/#website\",\"url\":\"https:\/\/hood.discount\/\",\"name\":\"hood discount Roundup, Glyphosat und Rattengift Rattenk\u00f6der ohne Sachkundenachweis kaufen\",\"description\":\"Kaufe Roundup Glyphosat Rattenk\u00f6der Rattengift ohne Sachkunde Einschr\u00e4nkungen\",\"publisher\":{\"@id\":\"https:\/\/hood.discount\/#organization\"},\"potentialAction\":[{\"@type\":\"SearchAction\",\"target\":{\"@type\":\"EntryPoint\",\"urlTemplate\":\"https:\/\/hood.discount\/?s={search_term_string}\"},\"query-input\":{\"@type\":\"PropertyValueSpecification\",\"valueRequired\":true,\"valueName\":\"search_term_string\"}}],\"inLanguage\":\"de\"},{\"@type\":\"Organization\",\"@id\":\"https:\/\/hood.discount\/#organization\",\"name\":\"hood discount Roundup, Glyphosat und Rattengift Rattenk\u00f6der kaufen\",\"url\":\"https:\/\/hood.discount\/\",\"logo\":{\"@type\":\"ImageObject\",\"inLanguage\":\"de\",\"@id\":\"https:\/\/hood.discount\/#\/schema\/logo\/image\/\",\"url\":\"https:\/\/hood.discount\/wp-content\/uploads\/2025\/03\/cropped-hood-discount.jpg\",\"contentUrl\":\"https:\/\/hood.discount\/wp-content\/uploads\/2025\/03\/cropped-hood-discount.jpg\",\"width\":999,\"height\":999,\"caption\":\"hood discount Roundup, Glyphosat und Rattengift Rattenk\u00f6der kaufen\"},\"image\":{\"@id\":\"https:\/\/hood.discount\/#\/schema\/logo\/image\/\"}}]}<\/script>\n<meta property=\"product:price:amount\" content=\"99.00\" \/>\n<meta property=\"product:price:currency\" content=\"EUR\" \/>\n<meta property=\"og:availability\" content=\"instock\" \/>\n<meta property=\"product:availability\" content=\"instock\" \/>\n<meta property=\"product:retailer_item_id\" content=\"2.5kg VENIM Ratten M\u00e4uesgift Difethialon\" \/>\n<meta property=\"product:condition\" content=\"new\" \/>\n<!-- \/ Yoast SEO Premium plugin. -->","yoast_head_json":{"title":"Ratenk\u00f6der Rattengift Difethialon Mix: Hochwirksam und Sicher","description":"Bek\u00e4mpfen Sie Nagetiere mit dem hochwirksamen Venim Mix. Die ideale L\u00f6sung f\u00fcr Resistenzprobleme. Effektiv und sicher. Bestellen Sie jetzt!","robots":{"index":"noindex","follow":"follow","max-snippet":"max-snippet:-1","max-image-preview":"max-image-preview:large","max-video-preview":"max-video-preview:-1"},"og_locale":"de_DE","og_type":"article","og_title":"VENIM Difethialon Hocheffizienter Rattenk\u00f6der auch gegen resistente Arten","og_description":"Bek\u00e4mpfen Sie Nagetiere mit dem hochwirksamen Venim Mix. Die ideale L\u00f6sung f\u00fcr Resistenzprobleme. Effektiv und sicher. Bestellen Sie jetzt!","og_url":"https:\/\/hood.discount\/?product=venim-difethialon-hocheffizienter-rattenkoder-auch-gegen-resistente-arten","og_site_name":"Roundup, Glyphosat und Rattengift Rattenk\u00f6der ohne Nachweis kaufen","article_modified_time":"2025-02-25T14:55:08+00:00","og_image":[{"width":1280,"height":1280,"url":"https:\/\/hood.discount\/wp-content\/uploads\/2025\/02\/VENIM-rattengift-rattenkoeder-rat-baits_high_effective.png","type":"image\/png"}],"twitter_card":"summary_large_image","twitter_misc":{"Preis":"99,00&nbsp;&euro; incl. VAT","Verf\u00fcgbarkeit":"Auf Lager"},"schema":{"@context":"https:\/\/schema.org","@graph":[{"@type":"WebPage","@id":"https:\/\/hood.discount\/?product=venim-difethialon-hocheffizienter-rattenkoder-auch-gegen-resistente-arten","url":"https:\/\/hood.discount\/?product=venim-difethialon-hocheffizienter-rattenkoder-auch-gegen-resistente-arten","name":"Ratenk\u00f6der Rattengift Difethialon Mix: Hochwirksam und Sicher","isPartOf":{"@id":"https:\/\/hood.discount\/#website"},"primaryImageOfPage":{"@id":"https:\/\/hood.discount\/?product=venim-difethialon-hocheffizienter-rattenkoder-auch-gegen-resistente-arten#primaryimage"},"image":{"@id":"https:\/\/hood.discount\/?product=venim-difethialon-hocheffizienter-rattenkoder-auch-gegen-resistente-arten#primaryimage"},"thumbnailUrl":"https:\/\/hood.discount\/wp-content\/uploads\/2025\/02\/VENIM-rattengift-rattenkoeder-rat-baits_high_effective.png","datePublished":"2025-02-11T05:20:40+00:00","dateModified":"2025-02-25T14:55:08+00:00","description":"Bek\u00e4mpfen Sie Nagetiere mit dem hochwirksamen Venim Mix. Die ideale L\u00f6sung f\u00fcr Resistenzprobleme. Effektiv und sicher. Bestellen Sie jetzt!","breadcrumb":{"@id":"https:\/\/hood.discount\/?product=venim-difethialon-hocheffizienter-rattenkoder-auch-gegen-resistente-arten#breadcrumb"},"inLanguage":"de","potentialAction":[{"@type":"ReadAction","target":["https:\/\/hood.discount\/?product=venim-difethialon-hocheffizienter-rattenkoder-auch-gegen-resistente-arten"]}]},{"@type":"ImageObject","inLanguage":"de","@id":"https:\/\/hood.discount\/?product=venim-difethialon-hocheffizienter-rattenkoder-auch-gegen-resistente-arten#primaryimage","url":"https:\/\/hood.discount\/wp-content\/uploads\/2025\/02\/VENIM-rattengift-rattenkoeder-rat-baits_high_effective.png","contentUrl":"https:\/\/hood.discount\/wp-content\/uploads\/2025\/02\/VENIM-rattengift-rattenkoeder-rat-baits_high_effective.png","width":1280,"height":1280},{"@type":"BreadcrumbList","@id":"https:\/\/hood.discount\/?product=venim-difethialon-hocheffizienter-rattenkoder-auch-gegen-resistente-arten#breadcrumb","itemListElement":[{"@type":"ListItem","position":1,"name":"Home","item":"https:\/\/hood.discount\/"},{"@type":"ListItem","position":2,"name":"Shop","item":"https:\/\/hood.discount\/?page_id=1207"},{"@type":"ListItem","position":3,"name":"VENIM Difethialon Hocheffizienter Rattenk\u00f6der auch gegen resistente Arten"}]},{"@type":"WebSite","@id":"https:\/\/hood.discount\/#website","url":"https:\/\/hood.discount\/","name":"hood discount Roundup, Glyphosat und Rattengift Rattenk\u00f6der ohne Sachkundenachweis kaufen","description":"Kaufe Roundup Glyphosat Rattenk\u00f6der Rattengift ohne Sachkunde Einschr\u00e4nkungen","publisher":{"@id":"https:\/\/hood.discount\/#organization"},"potentialAction":[{"@type":"SearchAction","target":{"@type":"EntryPoint","urlTemplate":"https:\/\/hood.discount\/?s={search_term_string}"},"query-input":{"@type":"PropertyValueSpecification","valueRequired":true,"valueName":"search_term_string"}}],"inLanguage":"de"},{"@type":"Organization","@id":"https:\/\/hood.discount\/#organization","name":"hood discount Roundup, Glyphosat und Rattengift Rattenk\u00f6der kaufen","url":"https:\/\/hood.discount\/","logo":{"@type":"ImageObject","inLanguage":"de","@id":"https:\/\/hood.discount\/#\/schema\/logo\/image\/","url":"https:\/\/hood.discount\/wp-content\/uploads\/2025\/03\/cropped-hood-discount.jpg","contentUrl":"https:\/\/hood.discount\/wp-content\/uploads\/2025\/03\/cropped-hood-discount.jpg","width":999,"height":999,"caption":"hood discount Roundup, Glyphosat und Rattengift Rattenk\u00f6der kaufen"},"image":{"@id":"https:\/\/hood.discount\/#\/schema\/logo\/image\/"}}]},"product_price_amount":"99.00","product_price_currency":"EUR","og_availability":"instock","product_availability":"instock","product_retailer_item_id":"2.5kg VENIM Ratten M\u00e4uesgift Difethialon","product_condition":"new"},"_links":{"self":[{"href":"https:\/\/hood.discount\/index.php?rest_route=\/wp\/v2\/product\/22161","targetHints":{"allow":["GET"]}}],"collection":[{"href":"https:\/\/hood.discount\/index.php?rest_route=\/wp\/v2\/product"}],"about":[{"href":"https:\/\/hood.discount\/index.php?rest_route=\/wp\/v2\/types\/product"}],"replies":[{"embeddable":true,"href":"https:\/\/hood.discount\/index.php?rest_route=%2Fwp%2Fv2%2Fcomments&post=22161"}],"wp:featuredmedia":[{"embeddable":true,"href":"https:\/\/hood.discount\/index.php?rest_route=\/wp\/v2\/media\/21840"}],"wp:attachment":[{"href":"https:\/\/hood.discount\/index.php?rest_route=%2Fwp%2Fv2%2Fmedia&parent=22161"}],"wp:term":[{"taxonomy":"product_brand","embeddable":true,"href":"https:\/\/hood.discount\/index.php?rest_route=%2Fwp%2Fv2%2Fproduct_brand&post=22161"},{"taxonomy":"product_cat","embeddable":true,"href":"https:\/\/hood.discount\/index.php?rest_route=%2Fwp%2Fv2%2Fproduct_cat&post=22161"},{"taxonomy":"product_tag","embeddable":true,"href":"https:\/\/hood.discount\/index.php?rest_route=%2Fwp%2Fv2%2Fproduct_tag&post=22161"}],"curies":[{"name":"wp","href":"https:\/\/api.w.org\/{rel}","templated":true}]}}