{"id":25115,"date":"2025-03-09T04:40:14","date_gmt":"2025-03-09T04:40:14","guid":{"rendered":"https:\/\/hood.discount\/?page_id=25115"},"modified":"2025-03-09T17:15:05","modified_gmt":"2025-03-09T17:15:05","slug":"identifizierung-von-nagetieren","status":"publish","type":"page","link":"https:\/\/hood.discount\/?page_id=25115","title":{"rendered":"Identifizierung von Nagetieren"},"content":{"rendered":"\t\t<div data-elementor-type=\"wp-page\" data-elementor-id=\"25115\" class=\"elementor elementor-25115\">\n\t\t\t\t<div class=\"elementor-element elementor-element-27b05312 e-flex e-con-boxed e-con e-parent\" data-id=\"27b05312\" data-element_type=\"container\">\n\t\t\t\t\t<div class=\"e-con-inner\">\n\t\t\t\t<div class=\"elementor-element elementor-element-4411f19 elementor-widget elementor-widget-image\" data-id=\"4411f19\" data-element_type=\"widget\" data-widget_type=\"image.default\">\n\t\t\t\t<div class=\"elementor-widget-container\">\n\t\t\t\t\t\t\t\t\t\t\t\t\t\t\t<img fetchpriority=\"high\" decoding=\"async\" width=\"300\" height=\"195\" src=\"https:\/\/hood.discount\/wp-content\/uploads\/2025\/03\/ratte-rat-1024x666-1-300x195.jpg\" class=\"attachment-medium size-medium wp-image-25120\" alt=\"\" srcset=\"https:\/\/hood.discount\/wp-content\/uploads\/2025\/03\/ratte-rat-1024x666-1-300x195.jpg 300w, https:\/\/hood.discount\/wp-content\/uploads\/2025\/03\/ratte-rat-1024x666-1-768x500.jpg 768w, https:\/\/hood.discount\/wp-content\/uploads\/2025\/03\/ratte-rat-1024x666-1-600x390.jpg 600w, https:\/\/hood.discount\/wp-content\/uploads\/2025\/03\/ratte-rat-1024x666-1.jpg 1024w\" sizes=\"(max-width: 300px) 100vw, 300px\" \/>\t\t\t\t\t\t\t\t\t\t\t\t\t\t\t<\/div>\n\t\t\t\t<\/div>\n\t\t\t\t\t<\/div>\n\t\t\t\t<\/div>\n\t\t<div class=\"elementor-element elementor-element-2c26d34 e-flex e-con-boxed e-con e-parent\" data-id=\"2c26d34\" data-element_type=\"container\">\n\t\t\t\t\t<div class=\"e-con-inner\">\n\t\t\t\t<div class=\"elementor-element elementor-element-2cffbdf elementor-widget elementor-widget-image\" data-id=\"2cffbdf\" data-element_type=\"widget\" data-widget_type=\"image.default\">\n\t\t\t\t<div class=\"elementor-widget-container\">\n\t\t\t\t\t\t\t\t\t\t\t\t\t\t\t<img decoding=\"async\" width=\"1024\" height=\"683\" src=\"https:\/\/hood.discount\/wp-content\/uploads\/2022\/12\/identifizierung-von-nagetieren-scaled-1-e1672162739960-1024x683.jpg\" class=\"attachment-large size-large wp-image-12311\" alt=\"Identifizierung von Nagern\" srcset=\"https:\/\/hood.discount\/wp-content\/uploads\/2022\/12\/identifizierung-von-nagetieren-scaled-1-e1672162739960-1024x683.jpg 1024w, https:\/\/hood.discount\/wp-content\/uploads\/2022\/12\/identifizierung-von-nagetieren-scaled-1-e1672162739960-600x400.jpg 600w, https:\/\/hood.discount\/wp-content\/uploads\/2022\/12\/identifizierung-von-nagetieren-scaled-1-e1672162739960-300x200.jpg 300w, https:\/\/hood.discount\/wp-content\/uploads\/2022\/12\/identifizierung-von-nagetieren-scaled-1-e1672162739960-768x512.jpg 768w, https:\/\/hood.discount\/wp-content\/uploads\/2022\/12\/identifizierung-von-nagetieren-scaled-1-e1672162739960-1536x1024.jpg 1536w, https:\/\/hood.discount\/wp-content\/uploads\/2022\/12\/identifizierung-von-nagetieren-scaled-1-e1672162739960-2048x1366.jpg 2048w\" sizes=\"(max-width: 1024px) 100vw, 1024px\" \/>\t\t\t\t\t\t\t\t\t\t\t\t\t\t\t<\/div>\n\t\t\t\t<\/div>\n\t\t\t\t\t<\/div>\n\t\t\t\t<\/div>\n\t\t<div class=\"elementor-element elementor-element-b2bc47f e-flex e-con-boxed e-con e-parent\" data-id=\"b2bc47f\" data-element_type=\"container\">\n\t\t\t\t\t<div class=\"e-con-inner\">\n\t\t\t\t<div class=\"elementor-element elementor-element-d2239cc elementor-widget elementor-widget-heading\" data-id=\"d2239cc\" data-element_type=\"widget\" data-widget_type=\"heading.default\">\n\t\t\t\t<div class=\"elementor-widget-container\">\n\t\t\t\t\t<h2 class=\"elementor-heading-title elementor-size-default\">Wussten Sie ?\n\nRatten und M\u00e4use sind \u00fcberall dort zu finden, wo es Nahrung und Unterschlupf gibt.\n\nNagetiere sind sehr anpassungsf\u00e4hig, sie k\u00f6nnen sich je nach Verf\u00fcgbarkeit von einer Vielzahl von Nahrungsmitteln ern\u00e4hren und haben ein enormes Fortpflanzungspotential, akute Sinne und sind auch sehr gute Athleten.<\/h2>\t\t\t\t<\/div>\n\t\t\t\t<\/div>\n\t\t\t\t\t<\/div>\n\t\t\t\t<\/div>\n\t\t<div class=\"elementor-element elementor-element-5f882aa e-flex e-con-boxed e-con e-parent\" data-id=\"5f882aa\" data-element_type=\"container\">\n\t\t\t\t\t<div class=\"e-con-inner\">\n\t\t\t\t<div class=\"elementor-element elementor-element-134d8d0 elementor-widget elementor-widget-text-editor\" data-id=\"134d8d0\" data-element_type=\"widget\" data-widget_type=\"text-editor.default\">\n\t\t\t\t<div class=\"elementor-widget-container\">\n\t\t\t\t\t\t\t\t\t<p><strong>Nagetiere Fakten:<\/strong><\/p>\n<ul>\n<li>Nagetiere sind nachtaktiv. Sie ern\u00e4hren sich normalerweise nachts, etwa eine halbe Stunde nach Sonnenuntergang und eine halbe Stunde vor Sonnenaufgang.<\/li>\n<!-- \/wp:list-item --><!-- wp:list-item -->\n<li>Ratten sind neophobisch. Sie m\u00f6gen normalerweise nichts Neues.<\/li>\n<!-- \/wp:list-item --><!-- wp:list-item -->\n<li>M\u00e4use k\u00f6nnen einen Sturz auf eine harte Oberfl\u00e4che aus mehr als 2 Metern \u00fcberstehen.<\/li>\n<!-- \/wp:list-item --><!-- wp:list-item -->\n<li>M\u00e4use sind ausgezeichnete Kletterer und k\u00f6nnen auch schwimmen.<\/li>\n<!-- \/wp:list-item --><!-- wp:list-item -->\n<li>Ratten k\u00f6nnen einen Sturz aus fast 8 Metern H\u00f6he auf eine harte Oberfl\u00e4che \u00fcberstehen.<\/li>\n<!-- \/wp:list-item --><!-- wp:list-item -->\n<li>Ratten k\u00f6nnen springen, klettern und schwimmen.<\/li>\n<!-- \/wp:list-item --><!-- wp:list-item -->\n<li>Ratten k\u00f6nnen den Weg ins Geb\u00e4ude auch \u00fcber die Toilette finden.<\/li>\n<!-- \/wp:list-item --><!-- wp:list-item -->\n<li>Ratten k\u00f6nnen fast alles durchkauen \u2013 ihre Z\u00e4hne sind hart und k\u00f6nnen 6 Mal pro Sekunde bei\u00dfen.<\/li>\n<\/ul>\t\t\t\t\t\t\t\t<\/div>\n\t\t\t\t<\/div>\n\t\t\t\t\t<\/div>\n\t\t\t\t<\/div>\n\t\t<div class=\"elementor-element elementor-element-06329ea e-grid e-con-boxed e-con e-parent\" data-id=\"06329ea\" data-element_type=\"container\" data-settings=\"{&quot;background_background&quot;:&quot;video&quot;}\">\n\t\t\t\t\t<div class=\"e-con-inner\">\n\t\t\t\t<div class=\"elementor-element elementor-element-700c262 elementor-widget elementor-widget-popularis-text-block\" data-id=\"700c262\" data-element_type=\"widget\" data-widget_type=\"popularis-text-block.default\">\n\t\t\t\t<div class=\"elementor-widget-container\">\n\t\t\t\t\t<div class=\"popularis_extra_adv_text_block \" ><div class=\"text-content-block\"><h2><strong>SICHT<\/strong><br \/>Nagetiere sind farbenblind. Sie sehen haupts\u00e4chlich Licht,<br \/>Schatten und Bewegung.<\/h2><\/div><\/div>\t\t\t\t<\/div>\n\t\t\t\t<\/div>\n\t\t\t\t<div class=\"elementor-element elementor-element-ba71831 elementor-widget elementor-widget-popularis-text-block\" data-id=\"ba71831\" data-element_type=\"widget\" data-widget_type=\"popularis-text-block.default\">\n\t\t\t\t<div class=\"elementor-widget-container\">\n\t\t\t\t\t<div class=\"popularis_extra_adv_text_block \" ><div class=\"text-content-block\"><h2><strong>GERUCH<\/strong><br \/>Um das Futter zu finden gehen Nagetiere ihrem Geruchssinn nach.<\/h2><\/div><\/div>\t\t\t\t<\/div>\n\t\t\t\t<\/div>\n\t\t\t\t<div class=\"elementor-element elementor-element-0bbcd3e elementor-widget elementor-widget-popularis-text-block\" data-id=\"0bbcd3e\" data-element_type=\"widget\" data-widget_type=\"popularis-text-block.default\">\n\t\t\t\t<div class=\"elementor-widget-container\">\n\t\t\t\t\t<div class=\"popularis_extra_adv_text_block \" ><div class=\"text-content-block\"><h2><strong>SENSORIK<\/strong><br \/>Sie benutzen ihre Haare und Schnurrhaare als Orientierungshilfe. Aus diesem Grund bewegen sie sich entlang von W\u00e4nden und anderen Gegenst\u00e4nden. Sie haben sensorische Polster an den F\u00fc\u00dfen.<br \/>Sie vermeiden hei\u00dfe oder kalte Oberfl\u00e4chen.<\/h2><\/div><\/div>\t\t\t\t<\/div>\n\t\t\t\t<\/div>\n\t\t\t\t<div class=\"elementor-element elementor-element-e1505a5 elementor-widget elementor-widget-popularis-text-block\" data-id=\"e1505a5\" data-element_type=\"widget\" data-widget_type=\"popularis-text-block.default\">\n\t\t\t\t<div class=\"elementor-widget-container\">\n\t\t\t\t\t<div class=\"popularis_extra_adv_text_block \" ><div class=\"text-content-block\"><h2><strong>GESCHMACK<\/strong><br \/>Nagetiere reagieren negativ auf Lebensmittel, die ihnen Krankheiten verursachen. Sie erinneren sich auch nach<br \/>nur einem Essen. Nagetiere lernen, welche Nahrung ihren N\u00e4hrstoffbedarf befriedigt.<\/h2><\/div><\/div>\t\t\t\t<\/div>\n\t\t\t\t<\/div>\n\t\t\t\t\t<\/div>\n\t\t\t\t<\/div>\n\t\t<div class=\"elementor-element elementor-element-b4a2a10 e-grid e-con-boxed e-con e-parent\" data-id=\"b4a2a10\" data-element_type=\"container\">\n\t\t\t\t\t<div class=\"e-con-inner\">\n\t\t\t\t<div class=\"elementor-element elementor-element-da8630d elementor-widget elementor-widget-image\" data-id=\"da8630d\" data-element_type=\"widget\" data-widget_type=\"image.default\">\n\t\t\t\t<div class=\"elementor-widget-container\">\n\t\t\t\t\t\t\t\t\t\t\t\t<figure class=\"wp-caption\">\n\t\t\t\t\t\t\t\t\t\t<img decoding=\"async\" width=\"886\" height=\"591\" src=\"https:\/\/hood.discount\/wp-content\/uploads\/2025\/03\/identifizierung-von-nagetieren-2.jpg\" class=\"attachment-large size-large wp-image-25109\" alt=\"Identifizierung von Nagetieren 1\" srcset=\"https:\/\/hood.discount\/wp-content\/uploads\/2025\/03\/identifizierung-von-nagetieren-2.jpg 886w, https:\/\/hood.discount\/wp-content\/uploads\/2025\/03\/identifizierung-von-nagetieren-2-300x200.jpg 300w, https:\/\/hood.discount\/wp-content\/uploads\/2025\/03\/identifizierung-von-nagetieren-2-768x512.jpg 768w, https:\/\/hood.discount\/wp-content\/uploads\/2025\/03\/identifizierung-von-nagetieren-2-600x400.jpg 600w\" sizes=\"(max-width: 886px) 100vw, 886px\" \/>\t\t\t\t\t\t\t\t\t\t\t<figcaption class=\"widget-image-caption wp-caption-text\">Hausmaus\nMus musculus<\/figcaption>\n\t\t\t\t\t\t\t\t\t\t<\/figure>\n\t\t\t\t\t\t\t\t\t<\/div>\n\t\t\t\t<\/div>\n\t\t\t\t<div class=\"elementor-element elementor-element-6a5f381 elementor-widget elementor-widget-image\" data-id=\"6a5f381\" data-element_type=\"widget\" data-widget_type=\"image.default\">\n\t\t\t\t<div class=\"elementor-widget-container\">\n\t\t\t\t\t\t\t\t\t\t\t\t<figure class=\"wp-caption\">\n\t\t\t\t\t\t\t\t\t\t<img loading=\"lazy\" decoding=\"async\" width=\"886\" height=\"591\" src=\"https:\/\/hood.discount\/wp-content\/uploads\/2025\/03\/identifizierung-von-nagetieren-4.jpg\" class=\"attachment-large size-large wp-image-25111\" alt=\"Hausratte Rattus rattus\" srcset=\"https:\/\/hood.discount\/wp-content\/uploads\/2025\/03\/identifizierung-von-nagetieren-4.jpg 886w, https:\/\/hood.discount\/wp-content\/uploads\/2025\/03\/identifizierung-von-nagetieren-4-300x200.jpg 300w, https:\/\/hood.discount\/wp-content\/uploads\/2025\/03\/identifizierung-von-nagetieren-4-768x512.jpg 768w, https:\/\/hood.discount\/wp-content\/uploads\/2025\/03\/identifizierung-von-nagetieren-4-600x400.jpg 600w\" sizes=\"(max-width: 886px) 100vw, 886px\" \/>\t\t\t\t\t\t\t\t\t\t\t<figcaption class=\"widget-image-caption wp-caption-text\">Hausratte\r\nRattus rattus<\/figcaption>\n\t\t\t\t\t\t\t\t\t\t<\/figure>\n\t\t\t\t\t\t\t\t\t<\/div>\n\t\t\t\t<\/div>\n\t\t\t\t<div class=\"elementor-element elementor-element-0bef15e elementor-widget elementor-widget-image\" data-id=\"0bef15e\" data-element_type=\"widget\" data-widget_type=\"image.default\">\n\t\t\t\t<div class=\"elementor-widget-container\">\n\t\t\t\t\t\t\t\t\t\t\t\t<figure class=\"wp-caption\">\n\t\t\t\t\t\t\t\t\t\t<img loading=\"lazy\" decoding=\"async\" width=\"886\" height=\"591\" src=\"https:\/\/hood.discount\/wp-content\/uploads\/2025\/03\/identifizierung-von-nagetieren-5.jpg\" class=\"attachment-large size-large wp-image-25110\" alt=\"Bek\u00e4mpfung Wanderratte Rattus norvegicus\" srcset=\"https:\/\/hood.discount\/wp-content\/uploads\/2025\/03\/identifizierung-von-nagetieren-5.jpg 886w, https:\/\/hood.discount\/wp-content\/uploads\/2025\/03\/identifizierung-von-nagetieren-5-300x200.jpg 300w, https:\/\/hood.discount\/wp-content\/uploads\/2025\/03\/identifizierung-von-nagetieren-5-768x512.jpg 768w, https:\/\/hood.discount\/wp-content\/uploads\/2025\/03\/identifizierung-von-nagetieren-5-600x400.jpg 600w\" sizes=\"(max-width: 886px) 100vw, 886px\" \/>\t\t\t\t\t\t\t\t\t\t\t<figcaption class=\"widget-image-caption wp-caption-text\">Wanderratte Rattus norvegicus<\/figcaption>\n\t\t\t\t\t\t\t\t\t\t<\/figure>\n\t\t\t\t\t\t\t\t\t<\/div>\n\t\t\t\t<\/div>\n\t\t\t\t\t<\/div>\n\t\t\t\t<\/div>\n\t\t<div class=\"elementor-element elementor-element-0e3dbed e-grid e-con-boxed e-con e-parent\" data-id=\"0e3dbed\" data-element_type=\"container\">\n\t\t\t\t\t<div class=\"e-con-inner\">\n\t\t\t\t<div class=\"elementor-element elementor-element-6034b2e elementor-widget elementor-widget-text-editor\" data-id=\"6034b2e\" data-element_type=\"widget\" data-widget_type=\"text-editor.default\">\n\t\t\t\t<div class=\"elementor-widget-container\">\n\t\t\t\t\t\t\t\t\t<p><strong>K\u00f6rper &amp; Schwanz:<\/strong> Von hellbraun \u00fcber grau bis hin zu schwarz. Der Schwanz ist bis zu 9 cm lang, halbnackt und l\u00e4nger als Kopf und K\u00f6rper zusammen.<\/p>\n<p><!-- \/wp:paragraph --><!-- wp:paragraph --><\/p>\n<p><strong>Lebensraum<\/strong>: drinnen und drau\u00dfen.<\/p>\n<p><!-- \/wp:paragraph --><!-- wp:paragraph --><\/p>\n<p><strong>Ern\u00e4hrung:<\/strong> Allesfresser: Samen, Getreide, Obst, Gem\u00fcse und Fleisch. Es kann ohne Wasser \u00fcberleben und ausreichend Feuchtigkeit aus seiner Nahrung gewinnen. Sie essen immer nur kleine Mengen gleichzeitig.<\/p>\n<p><!-- \/wp:paragraph --><!-- wp:paragraph --><\/p>\n<p><strong>Lebenszyklus:<\/strong> Wenn Sie 15 bis 18 Monate leben, k\u00f6nnen Sie bis zu 8 W\u00fcrfe pro Jahr mit 5 bis 6 Jungen pro Wurf produzieren.<\/p>\t\t\t\t\t\t\t\t<\/div>\n\t\t\t\t<\/div>\n\t\t\t\t<div class=\"elementor-element elementor-element-6c5e24b elementor-widget elementor-widget-text-editor\" data-id=\"6c5e24b\" data-element_type=\"widget\" data-widget_type=\"text-editor.default\">\n\t\t\t\t<div class=\"elementor-widget-container\">\n\t\t\t\t\t\t\t\t\t<p><strong>K\u00f6rper &amp; Schwanz:<\/strong> Grau bis schwarz gef\u00e4rbt, kann bis zu 25 cm Gro\u00df werden. Der Schwanz ist haarlos und l\u00e4nger als K\u00f6rper und Kopf zusammen.<\/p>\n<p><!-- \/wp:paragraph --><!-- wp:paragraph --><\/p>\n<p><strong>Wohnen:<\/strong>\u00a0Kann in den oberen Teilen von Geb\u00e4uden und in B\u00e4umen gefunden werden.<\/p>\n<p><!-- \/wp:paragraph --><!-- wp:paragraph --><\/p>\n<p><strong>Ern\u00e4hrung:<\/strong> Allesfresser, etwa 30 g Nahrung pro Tag. Seine Ern\u00e4hrung besteht haupts\u00e4chlich aus Getreide und Fr\u00fcchten. Muss t\u00e4glich ca. 20 ml Wasser aufnehmen.<\/p>\n<p><!-- \/wp:paragraph --><!-- wp:paragraph --><\/p>\n<p><strong>Lebenszyklus:<\/strong> Wenn Sie bis zu 18 Monate leben, k\u00f6nnen Sie bis zu 6 W\u00fcrfe pro Jahr mit 6-8 Jungen pro Wurf produzieren.<\/p>\t\t\t\t\t\t\t\t<\/div>\n\t\t\t\t<\/div>\n\t\t\t\t<div class=\"elementor-element elementor-element-82991c5 elementor-widget elementor-widget-text-editor\" data-id=\"82991c5\" data-element_type=\"widget\" data-widget_type=\"text-editor.default\">\n\t\t\t\t<div class=\"elementor-widget-container\">\n\t\t\t\t\t\t\t\t\t<p><strong>K\u00f6rper &amp; Schwanz:<\/strong> Von hellbraun \u00fcber grau bis hin zu schwarz. Der Schwanz ist bis zu 9 cm lang, halbnackt und l\u00e4nger als Kopf und K\u00f6rper zusammen.<\/p>\n<p><!-- \/wp:paragraph --><!-- wp:paragraph --><\/p>\n<p><strong>Wohnen:<\/strong> drinnen und drau\u00dfen.<\/p>\n<p><!-- \/wp:paragraph --><!-- wp:paragraph --><\/p>\n<p><strong>Ern\u00e4hrung:<\/strong> Allesfresser: Samen, Getreide, Obst, Gem\u00fcse und Fleisch. Es kann ohne Wasser \u00fcberleben und ausreichend Feuchtigkeit aus seiner Nahrung gewinnen.<\/p>\n<p><!-- \/wp:paragraph --><!-- wp:paragraph --><\/p>\n<p><strong>Lebenszyklus:<\/strong> Wenn Sie 15 bis 18 Monate leben, k\u00f6nnen Sie bis zu 8 W\u00fcrfe pro Jahr mit 5 bis 6 Jungen pro Wurf produzieren.<\/p>\t\t\t\t\t\t\t\t<\/div>\n\t\t\t\t<\/div>\n\t\t\t\t\t<\/div>\n\t\t\t\t<\/div>\n\t\t\t\t<\/div>\n\t\t","protected":false},"excerpt":{"rendered":"<p>Wussten Sie ? Ratten und M\u00e4use sind \u00fcberall dort zu finden, wo es Nahrung und Unterschlupf gibt. Nagetiere sind sehr anpassungsf\u00e4hig, sie k\u00f6nnen sich je nach Verf\u00fcgbarkeit von einer Vielzahl von Nahrungsmitteln ern\u00e4hren und haben ein enormes Fortpflanzungspotential, akute Sinne und sind auch sehr gute Athleten. Nagetiere Fakten: Nagetiere sind nachtaktiv. Sie ern\u00e4hren sich normalerweise [&hellip;]<\/p>\n","protected":false},"author":1,"featured_media":0,"parent":0,"menu_order":0,"comment_status":"closed","ping_status":"closed","template":"","meta":{"footnotes":""},"class_list":["post-25115","page","type-page","status-publish","hentry"],"yoast_head":"<!-- This site is optimized with the Yoast SEO Premium plugin v27.1 (Yoast SEO v27.1.1) - https:\/\/yoast.com\/product\/yoast-seo-premium-wordpress\/ -->\n<title>Identifizierung von Nagetieren - Roundup, Glyphosat und Rattengift Rattenk\u00f6der ohne Nachweis kaufen<\/title>\n<meta name=\"robots\" content=\"noindex, follow, max-snippet:-1, max-image-preview:large, max-video-preview:-1\" \/>\n<meta property=\"og:locale\" content=\"de_DE\" \/>\n<meta property=\"og:type\" content=\"article\" \/>\n<meta property=\"og:title\" content=\"Identifizierung von Nagetieren\" \/>\n<meta property=\"og:description\" content=\"Wussten Sie ? Ratten und M\u00e4use sind \u00fcberall dort zu finden, wo es Nahrung und Unterschlupf gibt. Nagetiere sind sehr anpassungsf\u00e4hig, sie k\u00f6nnen sich je nach Verf\u00fcgbarkeit von einer Vielzahl von Nahrungsmitteln ern\u00e4hren und haben ein enormes Fortpflanzungspotential, akute Sinne und sind auch sehr gute Athleten. Nagetiere Fakten: Nagetiere sind nachtaktiv. Sie ern\u00e4hren sich normalerweise [&hellip;]\" \/>\n<meta property=\"og:url\" content=\"https:\/\/hood.discount\/?page_id=25115\" \/>\n<meta property=\"og:site_name\" content=\"Roundup, Glyphosat und Rattengift Rattenk\u00f6der ohne Nachweis kaufen\" \/>\n<meta property=\"article:modified_time\" content=\"2025-03-09T17:15:05+00:00\" \/>\n<meta property=\"og:image\" content=\"https:\/\/hood.discount\/wp-content\/uploads\/2025\/03\/ratte-rat-1024x666-1.jpg\" \/>\n\t<meta property=\"og:image:width\" content=\"1024\" \/>\n\t<meta property=\"og:image:height\" content=\"666\" \/>\n\t<meta property=\"og:image:type\" content=\"image\/jpeg\" \/>\n<meta name=\"twitter:card\" content=\"summary_large_image\" \/>\n<meta name=\"twitter:label1\" content=\"Gesch\u00e4tzte Lesezeit\" \/>\n\t<meta name=\"twitter:data1\" content=\"3\u00a0Minuten\" \/>\n<script type=\"application\/ld+json\" class=\"yoast-schema-graph\">{\"@context\":\"https:\/\/schema.org\",\"@graph\":[{\"@type\":\"WebPage\",\"@id\":\"https:\/\/hood.discount\/?page_id=25115\",\"url\":\"https:\/\/hood.discount\/?page_id=25115\",\"name\":\"Identifizierung von Nagetieren - Roundup, Glyphosat und Rattengift Rattenk\u00f6der ohne Nachweis kaufen\",\"isPartOf\":{\"@id\":\"https:\/\/hood.discount\/#website\"},\"primaryImageOfPage\":{\"@id\":\"https:\/\/hood.discount\/?page_id=25115#primaryimage\"},\"image\":{\"@id\":\"https:\/\/hood.discount\/?page_id=25115#primaryimage\"},\"thumbnailUrl\":\"https:\/\/hood.discount\/wp-content\/uploads\/2025\/03\/ratte-rat-1024x666-1-300x195.jpg\",\"datePublished\":\"2025-03-09T04:40:14+00:00\",\"dateModified\":\"2025-03-09T17:15:05+00:00\",\"breadcrumb\":{\"@id\":\"https:\/\/hood.discount\/?page_id=25115#breadcrumb\"},\"inLanguage\":\"de\",\"potentialAction\":[{\"@type\":\"ReadAction\",\"target\":[\"https:\/\/hood.discount\/?page_id=25115\"]}]},{\"@type\":\"ImageObject\",\"inLanguage\":\"de\",\"@id\":\"https:\/\/hood.discount\/?page_id=25115#primaryimage\",\"url\":\"https:\/\/hood.discount\/wp-content\/uploads\/2025\/03\/ratte-rat-1024x666-1.jpg\",\"contentUrl\":\"https:\/\/hood.discount\/wp-content\/uploads\/2025\/03\/ratte-rat-1024x666-1.jpg\",\"width\":1024,\"height\":666},{\"@type\":\"BreadcrumbList\",\"@id\":\"https:\/\/hood.discount\/?page_id=25115#breadcrumb\",\"itemListElement\":[{\"@type\":\"ListItem\",\"position\":1,\"name\":\"Home\",\"item\":\"https:\/\/hood.discount\/\"},{\"@type\":\"ListItem\",\"position\":2,\"name\":\"Identifizierung von Nagetieren\"}]},{\"@type\":\"WebSite\",\"@id\":\"https:\/\/hood.discount\/#website\",\"url\":\"https:\/\/hood.discount\/\",\"name\":\"hood discount Roundup, Glyphosat und Rattengift Rattenk\u00f6der ohne Sachkundenachweis kaufen\",\"description\":\"Kaufe Roundup Glyphosat Rattenk\u00f6der Rattengift ohne Sachkunde Einschr\u00e4nkungen\",\"publisher\":{\"@id\":\"https:\/\/hood.discount\/#organization\"},\"potentialAction\":[{\"@type\":\"SearchAction\",\"target\":{\"@type\":\"EntryPoint\",\"urlTemplate\":\"https:\/\/hood.discount\/?s={search_term_string}\"},\"query-input\":{\"@type\":\"PropertyValueSpecification\",\"valueRequired\":true,\"valueName\":\"search_term_string\"}}],\"inLanguage\":\"de\"},{\"@type\":\"Organization\",\"@id\":\"https:\/\/hood.discount\/#organization\",\"name\":\"hood discount Roundup, Glyphosat und Rattengift Rattenk\u00f6der kaufen\",\"url\":\"https:\/\/hood.discount\/\",\"logo\":{\"@type\":\"ImageObject\",\"inLanguage\":\"de\",\"@id\":\"https:\/\/hood.discount\/#\/schema\/logo\/image\/\",\"url\":\"https:\/\/hood.discount\/wp-content\/uploads\/2025\/03\/cropped-hood-discount.jpg\",\"contentUrl\":\"https:\/\/hood.discount\/wp-content\/uploads\/2025\/03\/cropped-hood-discount.jpg\",\"width\":999,\"height\":999,\"caption\":\"hood discount Roundup, Glyphosat und Rattengift Rattenk\u00f6der kaufen\"},\"image\":{\"@id\":\"https:\/\/hood.discount\/#\/schema\/logo\/image\/\"}}]}<\/script>\n<!-- \/ Yoast SEO Premium plugin. -->","yoast_head_json":{"title":"Identifizierung von Nagetieren - Roundup, Glyphosat und Rattengift Rattenk\u00f6der ohne Nachweis kaufen","robots":{"index":"noindex","follow":"follow","max-snippet":"max-snippet:-1","max-image-preview":"max-image-preview:large","max-video-preview":"max-video-preview:-1"},"og_locale":"de_DE","og_type":"article","og_title":"Identifizierung von Nagetieren","og_description":"Wussten Sie ? Ratten und M\u00e4use sind \u00fcberall dort zu finden, wo es Nahrung und Unterschlupf gibt. Nagetiere sind sehr anpassungsf\u00e4hig, sie k\u00f6nnen sich je nach Verf\u00fcgbarkeit von einer Vielzahl von Nahrungsmitteln ern\u00e4hren und haben ein enormes Fortpflanzungspotential, akute Sinne und sind auch sehr gute Athleten. Nagetiere Fakten: Nagetiere sind nachtaktiv. Sie ern\u00e4hren sich normalerweise [&hellip;]","og_url":"https:\/\/hood.discount\/?page_id=25115","og_site_name":"Roundup, Glyphosat und Rattengift Rattenk\u00f6der ohne Nachweis kaufen","article_modified_time":"2025-03-09T17:15:05+00:00","og_image":[{"width":1024,"height":666,"url":"https:\/\/hood.discount\/wp-content\/uploads\/2025\/03\/ratte-rat-1024x666-1.jpg","type":"image\/jpeg"}],"twitter_card":"summary_large_image","twitter_misc":{"Gesch\u00e4tzte Lesezeit":"3\u00a0Minuten"},"schema":{"@context":"https:\/\/schema.org","@graph":[{"@type":"WebPage","@id":"https:\/\/hood.discount\/?page_id=25115","url":"https:\/\/hood.discount\/?page_id=25115","name":"Identifizierung von Nagetieren - Roundup, Glyphosat und Rattengift Rattenk\u00f6der ohne Nachweis kaufen","isPartOf":{"@id":"https:\/\/hood.discount\/#website"},"primaryImageOfPage":{"@id":"https:\/\/hood.discount\/?page_id=25115#primaryimage"},"image":{"@id":"https:\/\/hood.discount\/?page_id=25115#primaryimage"},"thumbnailUrl":"https:\/\/hood.discount\/wp-content\/uploads\/2025\/03\/ratte-rat-1024x666-1-300x195.jpg","datePublished":"2025-03-09T04:40:14+00:00","dateModified":"2025-03-09T17:15:05+00:00","breadcrumb":{"@id":"https:\/\/hood.discount\/?page_id=25115#breadcrumb"},"inLanguage":"de","potentialAction":[{"@type":"ReadAction","target":["https:\/\/hood.discount\/?page_id=25115"]}]},{"@type":"ImageObject","inLanguage":"de","@id":"https:\/\/hood.discount\/?page_id=25115#primaryimage","url":"https:\/\/hood.discount\/wp-content\/uploads\/2025\/03\/ratte-rat-1024x666-1.jpg","contentUrl":"https:\/\/hood.discount\/wp-content\/uploads\/2025\/03\/ratte-rat-1024x666-1.jpg","width":1024,"height":666},{"@type":"BreadcrumbList","@id":"https:\/\/hood.discount\/?page_id=25115#breadcrumb","itemListElement":[{"@type":"ListItem","position":1,"name":"Home","item":"https:\/\/hood.discount\/"},{"@type":"ListItem","position":2,"name":"Identifizierung von Nagetieren"}]},{"@type":"WebSite","@id":"https:\/\/hood.discount\/#website","url":"https:\/\/hood.discount\/","name":"hood discount Roundup, Glyphosat und Rattengift Rattenk\u00f6der ohne Sachkundenachweis kaufen","description":"Kaufe Roundup Glyphosat Rattenk\u00f6der Rattengift ohne Sachkunde Einschr\u00e4nkungen","publisher":{"@id":"https:\/\/hood.discount\/#organization"},"potentialAction":[{"@type":"SearchAction","target":{"@type":"EntryPoint","urlTemplate":"https:\/\/hood.discount\/?s={search_term_string}"},"query-input":{"@type":"PropertyValueSpecification","valueRequired":true,"valueName":"search_term_string"}}],"inLanguage":"de"},{"@type":"Organization","@id":"https:\/\/hood.discount\/#organization","name":"hood discount Roundup, Glyphosat und Rattengift Rattenk\u00f6der kaufen","url":"https:\/\/hood.discount\/","logo":{"@type":"ImageObject","inLanguage":"de","@id":"https:\/\/hood.discount\/#\/schema\/logo\/image\/","url":"https:\/\/hood.discount\/wp-content\/uploads\/2025\/03\/cropped-hood-discount.jpg","contentUrl":"https:\/\/hood.discount\/wp-content\/uploads\/2025\/03\/cropped-hood-discount.jpg","width":999,"height":999,"caption":"hood discount Roundup, Glyphosat und Rattengift Rattenk\u00f6der kaufen"},"image":{"@id":"https:\/\/hood.discount\/#\/schema\/logo\/image\/"}}]}},"_links":{"self":[{"href":"https:\/\/hood.discount\/index.php?rest_route=\/wp\/v2\/pages\/25115","targetHints":{"allow":["GET"]}}],"collection":[{"href":"https:\/\/hood.discount\/index.php?rest_route=\/wp\/v2\/pages"}],"about":[{"href":"https:\/\/hood.discount\/index.php?rest_route=\/wp\/v2\/types\/page"}],"author":[{"embeddable":true,"href":"https:\/\/hood.discount\/index.php?rest_route=\/wp\/v2\/users\/1"}],"replies":[{"embeddable":true,"href":"https:\/\/hood.discount\/index.php?rest_route=%2Fwp%2Fv2%2Fcomments&post=25115"}],"version-history":[{"count":13,"href":"https:\/\/hood.discount\/index.php?rest_route=\/wp\/v2\/pages\/25115\/revisions"}],"predecessor-version":[{"id":25135,"href":"https:\/\/hood.discount\/index.php?rest_route=\/wp\/v2\/pages\/25115\/revisions\/25135"}],"wp:attachment":[{"href":"https:\/\/hood.discount\/index.php?rest_route=%2Fwp%2Fv2%2Fmedia&parent=25115"}],"curies":[{"name":"wp","href":"https:\/\/api.w.org\/{rel}","templated":true}]}}