{"id":20946,"date":"2024-12-15T09:42:23","date_gmt":"2024-12-15T08:42:23","guid":{"rendered":"https:\/\/agro-fluid.de\/?page_id=20946"},"modified":"2025-03-13T03:06:51","modified_gmt":"2025-03-13T03:06:51","slug":"erfolgreiche-rattenbekaempfung-leicht-gemacht","status":"publish","type":"page","link":"https:\/\/hood.discount\/?page_id=20946","title":{"rendered":"Erfolgreiche Rattenbek\u00e4mpfung &#8211; leicht gemacht!"},"content":{"rendered":"<p>Nicht alle Rodentizide sind gegen alle Nagerarten wirksam, denn die Arten sind unterschiedlich empfindlich.<br \/>\nDie Positionierung von K\u00f6dern ist oft kritisch. K\u00f6derstellen m\u00fcssen den Hinweisen auf das Vorkommen der Nagetiere entsprechend platziert werden, z.B. an den Laufwegen zwischen Bau und Futterstelle, oder wo Kot und andere Spuren von Aktivit\u00e4t zu erkennen sind. Eine nur einen Meter entfernt von einem viel benutzten Laufweg aufgestellte K\u00f6derstelle kann unerkannt bleiben. Eine gr\u00fcndliche Untersuchung des Befallsareals ist daher unerl\u00e4sslich.<\/p>\n<p><a href=\"https:\/\/naitcon.com\" target=\"_blank\" rel=\"noopener\"><img decoding=\"async\" class=\"wp-image-20968 size-full\" src=\"https:\/\/agro-fluid.de\/wp-content\/uploads\/favicon-_grey.png\" alt=\"knowledge base\" width=\"148\" height=\"148\" \/><\/a><br \/>\n<a href=\"https:\/\/naitcon.com\" target=\"_blank\" rel=\"noopener\"><strong><span style=\"color: #008080;\">Dokumentendatenbank Herbizide Unkr\u00e4uter<\/span><\/strong><br \/>\n<strong><span style=\"color: #008080;\">Roundup Glyphosat Rodentizide Rattengift<br \/>\nInsektizide Sch\u00e4dlinge<\/span> <\/strong><span style=\"color: #008080;\"><strong>Fungizide<\/strong><br \/>\n<strong>Molluskizide Schneckenkorn<\/strong><\/span><\/a><\/p>\n\n<table id=\"tablepress-3\" class=\"tablepress tablepress-id-3\">\n<thead>\n<tr class=\"row-1\">\n\t<th class=\"column-1\"><img decoding=\"async\" src=\"https:\/\/hood.discount\/wp-content\/uploads\/2024\/12\/sv-pdf-logo.png\" alt=\"[Titel] 7\" width=\"35\" height=\"35\" class=\"alignnone size-trp-custom-language-flag wp-image-21055\" srcset=\"https:\/\/hood.discount\/wp-content\/uploads\/2024\/12\/sv-pdf-logo.png 512w, https:\/\/hood.discount\/wp-content\/uploads\/2024\/12\/sv-pdf-logo-300x300.png 300w, https:\/\/hood.discount\/wp-content\/uploads\/2024\/12\/sv-pdf-logo-100x100.png 100w, https:\/\/hood.discount\/wp-content\/uploads\/2024\/12\/sv-pdf-logo-416x416.png 416w, https:\/\/hood.discount\/wp-content\/uploads\/2024\/12\/sv-pdf-logo-150x150.png 150w\" sizes=\"(max-width: 35px) 100vw, 35px\" \/><\/th><th class=\"column-2\"><a href=\"https:\/\/naitcon.com\/knowledge-base\/framgangsrik-bekaempning-av-resistenta-rattor\/\" target=\"_blank\">Framg\u00e5ngsrik bek\u00e4mpning av resistenta r\u00e5ttor<\/a><\/th>\n<\/tr>\n<\/thead>\n<tbody class=\"row-striping row-hover\">\n<tr class=\"row-2\">\n\t<td class=\"column-1\"><img decoding=\"async\" src=\"https:\/\/hood.discount\/wp-content\/uploads\/2024\/05\/nl-pdf-logo.png\" alt=\"[Titel] 6\" width=\"35\" height=\"35\"  \/><\/td><td class=\"column-2\"><a href=\"https:\/\/naitcon.com\/knowledge-base\/problemen-bij-het-bestrijden-van-rattenplagen\/\" target=\"_blank\">Problemen bij het bestrijden van rattenplagen<\/a><\/td>\n<\/tr>\n<tr class=\"row-3\">\n\t<td class=\"column-1\"><img loading=\"lazy\" decoding=\"async\" src=\"https:\/\/hood.discount\/wp-content\/uploads\/2024\/05\/de-pdf-logo.png\" alt=\"[Titel] 3\" width=\"35\" height=\"35\" class=\"alignnone size-medium wp-image-16344\" srcset=\"https:\/\/hood.discount\/wp-content\/uploads\/2024\/05\/de-pdf-logo.png 512w, https:\/\/hood.discount\/wp-content\/uploads\/2024\/05\/de-pdf-logo-300x300.png 300w, https:\/\/hood.discount\/wp-content\/uploads\/2024\/05\/de-pdf-logo-100x100.png 100w, https:\/\/hood.discount\/wp-content\/uploads\/2024\/05\/de-pdf-logo-416x416.png 416w, https:\/\/hood.discount\/wp-content\/uploads\/2024\/05\/de-pdf-logo-150x150.png 150w\" sizes=\"(max-width: 35px) 100vw, 35px\" \/><a href=\"https:\/\/naitcon.com\/knowledge-base\/probleme-bei-der-rattenbekaempfung\/\" target=\"_blank\"><\/a><\/td><td class=\"column-2\"><a href=\"https:\/\/naitcon.com\/knowledge-base\/probleme-bei-der-rattenbekaempfung\/\" target=\"_blank\">Probleme bei der Rattenbek\u00e4mpfung<\/a><\/td>\n<\/tr>\n<tr class=\"row-4\">\n\t<td class=\"column-1\"><img loading=\"lazy\" decoding=\"async\" src=\"https:\/\/agro-fluid.de\/wp-content\/uploads\/fr-pdf-logo-12x12.png\" alt=\"\" width=\"35\" height=\"35\" class=\"alignnone size-trp-custom-language-flag wp-image-16982\" \/><\/td><td class=\"column-2\"><\/td>\n<\/tr>\n<tr class=\"row-5\">\n\t<td class=\"column-1\"><img loading=\"lazy\" decoding=\"async\" src=\"https:\/\/agro-fluid.de\/wp-content\/uploads\/dk-pdf-logo-12x12.png\" alt=\"\" width=\"35\" height=\"35\" class=\"alignnone size-trp-custom-language-flag wp-image-21071\" \/><\/td><td class=\"column-2\"><\/td>\n<\/tr>\n<tr class=\"row-6\">\n\t<td class=\"column-1\"><img loading=\"lazy\" decoding=\"async\" src=\"https:\/\/hood.discount\/wp-content\/uploads\/2024\/05\/uk-pdf-logo.png\" alt=\"[Titel] 5\" width=\"35\" height=\"35\" class=\"alignnone size-medium wp-image-16181\" srcset=\"https:\/\/hood.discount\/wp-content\/uploads\/2024\/05\/uk-pdf-logo.png 512w, https:\/\/hood.discount\/wp-content\/uploads\/2024\/05\/uk-pdf-logo-300x300.png 300w, https:\/\/hood.discount\/wp-content\/uploads\/2024\/05\/uk-pdf-logo-100x100.png 100w, https:\/\/hood.discount\/wp-content\/uploads\/2024\/05\/uk-pdf-logo-416x416.png 416w, https:\/\/hood.discount\/wp-content\/uploads\/2024\/05\/uk-pdf-logo-150x150.png 150w\" sizes=\"(max-width: 35px) 100vw, 35px\" \/><\/td><td class=\"column-2\"><a href=\"https:\/\/naitcon.com\/knowledge-base\/problems-in-controlling-rat-infestation\/\" target=\"_blank\">Problems in controlling rat infestation<\/a><\/td>\n<\/tr>\n<\/tbody>\n<\/table>\n<!-- #tablepress-3 from cache -->\n<p>&nbsp;<\/p>\n","protected":false},"excerpt":{"rendered":"<p>Nicht alle Rodentizide sind gegen alle Nagerarten wirksam, denn die Arten sind unterschiedlich empfindlich. Die Positionierung von K\u00f6dern ist oft kritisch. K\u00f6derstellen m\u00fcssen den Hinweisen auf das Vorkommen der Nagetiere entsprechend platziert werden, z.B. an den Laufwegen zwischen Bau und Futterstelle, oder wo Kot und andere Spuren von Aktivit\u00e4t zu erkennen sind. Eine nur einen [&hellip;]<\/p>\n","protected":false},"author":1,"featured_media":0,"parent":0,"menu_order":0,"comment_status":"closed","ping_status":"closed","template":"","meta":{"footnotes":""},"class_list":["post-20946","page","type-page","status-publish","hentry"],"yoast_head":"<!-- This site is optimized with the Yoast SEO Premium plugin v27.1 (Yoast SEO v27.1.1) - https:\/\/yoast.com\/product\/yoast-seo-premium-wordpress\/ -->\n<title>Erfolgreiche Rattenbek\u00e4mpfung - leicht gemacht! - Roundup, Glyphosat und Rattengift Rattenk\u00f6der ohne Nachweis kaufen<\/title>\n<meta name=\"description\" content=\"Entdecken Sie die besten Strategien zur Rattenbek\u00e4mpfung: Effektive Tipps und Tricks, um Nagetiere sicher und effizient loszuwerden.\" \/>\n<meta name=\"robots\" content=\"noindex, follow, max-snippet:-1, max-image-preview:large, max-video-preview:-1\" \/>\n<meta property=\"og:locale\" content=\"de_DE\" \/>\n<meta property=\"og:type\" content=\"article\" \/>\n<meta property=\"og:title\" content=\"Erfolgreiche Rattenbek\u00e4mpfung - leicht gemacht!\" \/>\n<meta property=\"og:description\" content=\"Entdecken Sie die besten Strategien zur Rattenbek\u00e4mpfung: Effektive Tipps und Tricks, um Nagetiere sicher und effizient loszuwerden.\" \/>\n<meta property=\"og:url\" content=\"https:\/\/hood.discount\/?page_id=20946\" \/>\n<meta property=\"og:site_name\" content=\"Roundup, Glyphosat und Rattengift Rattenk\u00f6der ohne Nachweis kaufen\" \/>\n<meta property=\"article:modified_time\" content=\"2025-03-13T03:06:51+00:00\" \/>\n<meta property=\"og:image\" content=\"https:\/\/hood.discount\/wp-content\/uploads\/2024\/12\/favicon-_grey.png\" \/>\n\t<meta property=\"og:image:width\" content=\"148\" \/>\n\t<meta property=\"og:image:height\" content=\"148\" \/>\n\t<meta property=\"og:image:type\" content=\"image\/png\" \/>\n<meta name=\"twitter:card\" content=\"summary_large_image\" \/>\n<meta name=\"twitter:label1\" content=\"Gesch\u00e4tzte Lesezeit\" \/>\n\t<meta name=\"twitter:data1\" content=\"1\u00a0Minute\" \/>\n<script type=\"application\/ld+json\" class=\"yoast-schema-graph\">{\"@context\":\"https:\/\/schema.org\",\"@graph\":[{\"@type\":\"WebPage\",\"@id\":\"https:\/\/hood.discount\/?page_id=20946\",\"url\":\"https:\/\/hood.discount\/?page_id=20946\",\"name\":\"Erfolgreiche Rattenbek\u00e4mpfung - leicht gemacht! - Roundup, Glyphosat und Rattengift Rattenk\u00f6der ohne Nachweis kaufen\",\"isPartOf\":{\"@id\":\"https:\/\/hood.discount\/#website\"},\"primaryImageOfPage\":{\"@id\":\"https:\/\/hood.discount\/?page_id=20946#primaryimage\"},\"image\":{\"@id\":\"https:\/\/hood.discount\/?page_id=20946#primaryimage\"},\"thumbnailUrl\":\"https:\/\/agro-fluid.de\/wp-content\/uploads\/favicon-_grey.png\",\"datePublished\":\"2024-12-15T08:42:23+00:00\",\"dateModified\":\"2025-03-13T03:06:51+00:00\",\"description\":\"Entdecken Sie die besten Strategien zur Rattenbek\u00e4mpfung: Effektive Tipps und Tricks, um Nagetiere sicher und effizient loszuwerden.\",\"breadcrumb\":{\"@id\":\"https:\/\/hood.discount\/?page_id=20946#breadcrumb\"},\"inLanguage\":\"de\",\"potentialAction\":[{\"@type\":\"ReadAction\",\"target\":[\"https:\/\/hood.discount\/?page_id=20946\"]}]},{\"@type\":\"ImageObject\",\"inLanguage\":\"de\",\"@id\":\"https:\/\/hood.discount\/?page_id=20946#primaryimage\",\"url\":\"https:\/\/agro-fluid.de\/wp-content\/uploads\/favicon-_grey.png\",\"contentUrl\":\"https:\/\/agro-fluid.de\/wp-content\/uploads\/favicon-_grey.png\"},{\"@type\":\"BreadcrumbList\",\"@id\":\"https:\/\/hood.discount\/?page_id=20946#breadcrumb\",\"itemListElement\":[{\"@type\":\"ListItem\",\"position\":1,\"name\":\"Home\",\"item\":\"https:\/\/hood.discount\/\"},{\"@type\":\"ListItem\",\"position\":2,\"name\":\"Erfolgreiche Rattenbek\u00e4mpfung &#8211; leicht gemacht!\"}]},{\"@type\":\"WebSite\",\"@id\":\"https:\/\/hood.discount\/#website\",\"url\":\"https:\/\/hood.discount\/\",\"name\":\"hood discount Roundup, Glyphosat und Rattengift Rattenk\u00f6der ohne Sachkundenachweis kaufen\",\"description\":\"Kaufe Roundup Glyphosat Rattenk\u00f6der Rattengift ohne Sachkunde Einschr\u00e4nkungen\",\"publisher\":{\"@id\":\"https:\/\/hood.discount\/#organization\"},\"potentialAction\":[{\"@type\":\"SearchAction\",\"target\":{\"@type\":\"EntryPoint\",\"urlTemplate\":\"https:\/\/hood.discount\/?s={search_term_string}\"},\"query-input\":{\"@type\":\"PropertyValueSpecification\",\"valueRequired\":true,\"valueName\":\"search_term_string\"}}],\"inLanguage\":\"de\"},{\"@type\":\"Organization\",\"@id\":\"https:\/\/hood.discount\/#organization\",\"name\":\"hood discount Roundup, Glyphosat und Rattengift Rattenk\u00f6der kaufen\",\"url\":\"https:\/\/hood.discount\/\",\"logo\":{\"@type\":\"ImageObject\",\"inLanguage\":\"de\",\"@id\":\"https:\/\/hood.discount\/#\/schema\/logo\/image\/\",\"url\":\"https:\/\/hood.discount\/wp-content\/uploads\/2025\/03\/cropped-hood-discount.jpg\",\"contentUrl\":\"https:\/\/hood.discount\/wp-content\/uploads\/2025\/03\/cropped-hood-discount.jpg\",\"width\":999,\"height\":999,\"caption\":\"hood discount Roundup, Glyphosat und Rattengift Rattenk\u00f6der kaufen\"},\"image\":{\"@id\":\"https:\/\/hood.discount\/#\/schema\/logo\/image\/\"}}]}<\/script>\n<!-- \/ Yoast SEO Premium plugin. -->","yoast_head_json":{"title":"Erfolgreiche Rattenbek\u00e4mpfung - leicht gemacht! - Roundup, Glyphosat und Rattengift Rattenk\u00f6der ohne Nachweis kaufen","description":"Entdecken Sie die besten Strategien zur Rattenbek\u00e4mpfung: Effektive Tipps und Tricks, um Nagetiere sicher und effizient loszuwerden.","robots":{"index":"noindex","follow":"follow","max-snippet":"max-snippet:-1","max-image-preview":"max-image-preview:large","max-video-preview":"max-video-preview:-1"},"og_locale":"de_DE","og_type":"article","og_title":"Erfolgreiche Rattenbek\u00e4mpfung - leicht gemacht!","og_description":"Entdecken Sie die besten Strategien zur Rattenbek\u00e4mpfung: Effektive Tipps und Tricks, um Nagetiere sicher und effizient loszuwerden.","og_url":"https:\/\/hood.discount\/?page_id=20946","og_site_name":"Roundup, Glyphosat und Rattengift Rattenk\u00f6der ohne Nachweis kaufen","article_modified_time":"2025-03-13T03:06:51+00:00","og_image":[{"width":148,"height":148,"url":"https:\/\/hood.discount\/wp-content\/uploads\/2024\/12\/favicon-_grey.png","type":"image\/png"}],"twitter_card":"summary_large_image","twitter_misc":{"Gesch\u00e4tzte Lesezeit":"1\u00a0Minute"},"schema":{"@context":"https:\/\/schema.org","@graph":[{"@type":"WebPage","@id":"https:\/\/hood.discount\/?page_id=20946","url":"https:\/\/hood.discount\/?page_id=20946","name":"Erfolgreiche Rattenbek\u00e4mpfung - leicht gemacht! - Roundup, Glyphosat und Rattengift Rattenk\u00f6der ohne Nachweis kaufen","isPartOf":{"@id":"https:\/\/hood.discount\/#website"},"primaryImageOfPage":{"@id":"https:\/\/hood.discount\/?page_id=20946#primaryimage"},"image":{"@id":"https:\/\/hood.discount\/?page_id=20946#primaryimage"},"thumbnailUrl":"https:\/\/agro-fluid.de\/wp-content\/uploads\/favicon-_grey.png","datePublished":"2024-12-15T08:42:23+00:00","dateModified":"2025-03-13T03:06:51+00:00","description":"Entdecken Sie die besten Strategien zur Rattenbek\u00e4mpfung: Effektive Tipps und Tricks, um Nagetiere sicher und effizient loszuwerden.","breadcrumb":{"@id":"https:\/\/hood.discount\/?page_id=20946#breadcrumb"},"inLanguage":"de","potentialAction":[{"@type":"ReadAction","target":["https:\/\/hood.discount\/?page_id=20946"]}]},{"@type":"ImageObject","inLanguage":"de","@id":"https:\/\/hood.discount\/?page_id=20946#primaryimage","url":"https:\/\/agro-fluid.de\/wp-content\/uploads\/favicon-_grey.png","contentUrl":"https:\/\/agro-fluid.de\/wp-content\/uploads\/favicon-_grey.png"},{"@type":"BreadcrumbList","@id":"https:\/\/hood.discount\/?page_id=20946#breadcrumb","itemListElement":[{"@type":"ListItem","position":1,"name":"Home","item":"https:\/\/hood.discount\/"},{"@type":"ListItem","position":2,"name":"Erfolgreiche Rattenbek\u00e4mpfung &#8211; leicht gemacht!"}]},{"@type":"WebSite","@id":"https:\/\/hood.discount\/#website","url":"https:\/\/hood.discount\/","name":"hood discount Roundup, Glyphosat und Rattengift Rattenk\u00f6der ohne Sachkundenachweis kaufen","description":"Kaufe Roundup Glyphosat Rattenk\u00f6der Rattengift ohne Sachkunde Einschr\u00e4nkungen","publisher":{"@id":"https:\/\/hood.discount\/#organization"},"potentialAction":[{"@type":"SearchAction","target":{"@type":"EntryPoint","urlTemplate":"https:\/\/hood.discount\/?s={search_term_string}"},"query-input":{"@type":"PropertyValueSpecification","valueRequired":true,"valueName":"search_term_string"}}],"inLanguage":"de"},{"@type":"Organization","@id":"https:\/\/hood.discount\/#organization","name":"hood discount Roundup, Glyphosat und Rattengift Rattenk\u00f6der kaufen","url":"https:\/\/hood.discount\/","logo":{"@type":"ImageObject","inLanguage":"de","@id":"https:\/\/hood.discount\/#\/schema\/logo\/image\/","url":"https:\/\/hood.discount\/wp-content\/uploads\/2025\/03\/cropped-hood-discount.jpg","contentUrl":"https:\/\/hood.discount\/wp-content\/uploads\/2025\/03\/cropped-hood-discount.jpg","width":999,"height":999,"caption":"hood discount Roundup, Glyphosat und Rattengift Rattenk\u00f6der kaufen"},"image":{"@id":"https:\/\/hood.discount\/#\/schema\/logo\/image\/"}}]}},"_links":{"self":[{"href":"https:\/\/hood.discount\/index.php?rest_route=\/wp\/v2\/pages\/20946","targetHints":{"allow":["GET"]}}],"collection":[{"href":"https:\/\/hood.discount\/index.php?rest_route=\/wp\/v2\/pages"}],"about":[{"href":"https:\/\/hood.discount\/index.php?rest_route=\/wp\/v2\/types\/page"}],"author":[{"embeddable":true,"href":"https:\/\/hood.discount\/index.php?rest_route=\/wp\/v2\/users\/1"}],"replies":[{"embeddable":true,"href":"https:\/\/hood.discount\/index.php?rest_route=%2Fwp%2Fv2%2Fcomments&post=20946"}],"version-history":[{"count":1,"href":"https:\/\/hood.discount\/index.php?rest_route=\/wp\/v2\/pages\/20946\/revisions"}],"predecessor-version":[{"id":25215,"href":"https:\/\/hood.discount\/index.php?rest_route=\/wp\/v2\/pages\/20946\/revisions\/25215"}],"wp:attachment":[{"href":"https:\/\/hood.discount\/index.php?rest_route=%2Fwp%2Fv2%2Fmedia&parent=20946"}],"curies":[{"name":"wp","href":"https:\/\/api.w.org\/{rel}","templated":true}]}}