{"id":11411,"date":"2022-07-29T10:09:19","date_gmt":"2022-07-29T08:09:19","guid":{"rendered":"https:\/\/agro-fluid.de\/?page_id=11411"},"modified":"2025-03-08T17:19:26","modified_gmt":"2025-03-08T17:19:26","slug":"roundup-rattengift-ohne-sachkundenachweis-in-polen-kaufen","status":"publish","type":"page","link":"https:\/\/hood.discount\/?page_id=11411","title":{"rendered":"Roundup-Glyphosat-Rattenk\u00f6der-Rattengift-ohne-Sachkundenachweis-kaufen"},"content":{"rendered":"\t\t<div data-elementor-type=\"wp-page\" data-elementor-id=\"11411\" class=\"elementor elementor-11411\">\n\t\t\t\t<div class=\"elementor-element elementor-element-203e8ff0 e-flex e-con-boxed e-con e-parent\" data-id=\"203e8ff0\" data-element_type=\"container\">\n\t\t\t\t\t<div class=\"e-con-inner\">\n\t\t\t\t<div class=\"elementor-element elementor-element-2d45a90d elementor-widget elementor-widget-text-editor\" data-id=\"2d45a90d\" data-element_type=\"widget\" data-widget_type=\"text-editor.default\">\n\t\t\t\t<div class=\"elementor-widget-container\">\n\t\t\t\t\t\t\t\t\t<p><strong>hood.discount verf\u00fcgt \u00fcber langj\u00e4hrige Erfahrung im Bereich Agrarchemie. Ein hervorragendes Netzwerk an Gesch\u00e4ftsbeziehungen, unterst\u00fctzt uns insbesonders beim Einkauf von Pflanzenschutzmitteln und Rodentiziden -Rattengift-. Unser Erfolg basiert wesentlich auf einer Vernetzung mit den wichtigsten Lieferanten der Agrarbranche in Polen, Deutschland, Gro\u00dfbritannien, Irland, Rum\u00e4nien, \u00d6sterreich, Polen, Belgien, Ungarn, den Niederlanden, Italien, und den baltischen Staaten.<\/strong><\/p><p><strong>Seit neuestem unterhalten wir auch Gesch\u00e4ftsbeziehungen zu au\u00dfereurop\u00e4ischen Auftragnehmern, z.B. zu Lieferanten und Produzenten, u.a\u00a0aus den Vereinigten Arabischen Emiraten, Libanon, Pakistan, USA, Brasilien, China und Indien.<\/strong><\/p><p><strong>Bestehende Gesch\u00e4ftsbeziehungen umfassen Hersteller, H\u00e4ndler, Zulassungsinhaber und Endverbraucher.<\/strong><\/p><p><strong>Dar\u00fcber hinaus bestehen Kontakte zu einer Vielzahl von Landwirten und landwirtschaftlichen Genossenschaften sowie Einkaufsgemeinschaften in der EU, die einen bedeutenden Anteil an der Anbaufl\u00e4che repr\u00e4sentieren.<\/strong><\/p><p><strong>Agro \u2013 Fluid macht den Unterschied!\u00a0Wir besch\u00e4ftigen uns mit Parallelhandel in ganz Europa und handeln engagiert, effizient und kompetent \u2013 \u200b\u200bzum Nutzen unserer Kunden.<\/strong><\/p><h2><span style=\"color: #ff6600;\">Wettbewerbsvorteile durch Parallelhandel<\/span><\/h2><p><span style=\"color: #ff6600;\">Wir verschaffen der europ\u00e4ischen Landwirtschaft und Endverbrauchern Wettbewerbsvorteile<\/span><br \/><span style=\"color: #ff6600;\">durch den Parallelhandel mit Pflanzenschutz- und Rodentiziden (Rattengift), D\u00fcngemitteln sowie mit ausgew\u00e4hltem Saatgut.<br \/><\/span><\/p><ul><li><span style=\"color: #ff6600;\">Sie werden von unserem Logistikdienstleister aus Polen beliefert<br \/><\/span><\/li><li><span style=\"color: #ff6600;\">Im Falle von Produkten, die Pflanzenschutzmittel und Rodentiziden kann die Bestellung und der Abschluss des Kaufvertrags nur von Kunden vorgenommen werden, die nat\u00fcrliche Personen sind, die voll gesch\u00e4ftsf\u00e4hig sind und die \u00fcber die jeweiligen national vorgeschriebenen Qualifikationen zum Kauf und der Verwendung dieser Mittel verf\u00fcgen.<br \/><\/span><\/li><\/ul><h2><span style=\"color: #ff6600;\"><br \/>Langj\u00e4hrige Erfahrung und ein exzellentes Lieferantennetzwerk<\/span><\/h2><p><span style=\"color: #ff6600;\">Wir haben viel Erfahrung und ein exzellentes Lieferantennetzwerk<\/span><br \/><span style=\"color: #ff6600;\">insbesondere im Parallelhandel von Pflanzenschutzmitteln in der EU.<\/span><\/p><h2><span style=\"color: #ff6600;\">Effiziente L\u00f6sungen halten Ihre<\/span><br \/><span style=\"color: #ff6600;\">Preise und Kosten niedrig<\/span><\/h2><p><span style=\"color: #ff6600;\">Wir nutzen effiziente Kommunikationstechniken, Logistikl\u00f6sungen und Finanzierungstools \u2013<\/span><br \/><span style=\"color: #ff6600;\">das h\u00e4lt unsere Preise und somit Ihre Kosten niedrig.<\/span><\/p><h2><span style=\"color: #ff6600;\">Wir sind keine Allesk\u00f6nner<\/span><\/h2><p><span style=\"color: #ff6600;\">und versprechen nichts was wir nicht halten k\u00f6nnen.<\/span><br \/><span style=\"color: #ff6600;\">Aber das, was wir k\u00f6nnen, macht niemand besser.<\/span><\/p><p><a href=\"https:\/\/hood.discount\/?page_id=10897\"><span style=\"color: #0000ff;\">Welches Glyphosat f\u00fcr welches Unkraut<\/span><\/a><\/p><p><span style=\"color: #0000ff;\"><a style=\"color: #0000ff;\" href=\"https:\/\/hood.discount\/?product_cat=anticoagulant-rodenticides-rattengift\">Rattengift kaufen<\/a><\/span><\/p>\t\t\t\t\t\t\t\t<\/div>\n\t\t\t\t<\/div>\n\t\t\t\t\t<\/div>\n\t\t\t\t<\/div>\n\t\t\t\t<\/div>\n\t\t","protected":false},"excerpt":{"rendered":"<p>hood.discount verf\u00fcgt \u00fcber langj\u00e4hrige Erfahrung im Bereich Agrarchemie. Ein hervorragendes Netzwerk an Gesch\u00e4ftsbeziehungen, unterst\u00fctzt uns insbesonders beim Einkauf von Pflanzenschutzmitteln und Rodentiziden -Rattengift-. Unser Erfolg basiert wesentlich auf einer Vernetzung mit den wichtigsten Lieferanten der Agrarbranche in Polen, Deutschland, Gro\u00dfbritannien, Irland, Rum\u00e4nien, \u00d6sterreich, Polen, Belgien, Ungarn, den Niederlanden, Italien, und den baltischen Staaten. Seit neuestem [&hellip;]<\/p>\n","protected":false},"author":1,"featured_media":10310,"parent":0,"menu_order":0,"comment_status":"closed","ping_status":"closed","template":"","meta":{"footnotes":""},"class_list":["post-11411","page","type-page","status-publish","has-post-thumbnail","hentry"],"yoast_head":"<!-- This site is optimized with the Yoast SEO Premium plugin v27.1 (Yoast SEO v27.1.1) - https:\/\/yoast.com\/product\/yoast-seo-premium-wordpress\/ -->\n<title>Roundup-Glyphosat-Rattenk\u00f6der-Rattengift-ohne-Sachkundenachweis-kaufen - Roundup, Glyphosat und Rattengift Rattenk\u00f6der ohne Nachweis kaufen<\/title>\n<meta name=\"description\" content=\"Ein Sachkundenachweis oder dergleichen ist deshalb f\u00fcr die Bestellung bei uns nicht erforderlich. Wir verschaffen der europ\u00e4ischen Landwirtschaft und Endverbrauchern Wettbewerbsvorteiledurch den Parallelhandel mit Pflanzenschutz- und Rodentiziden (Rattengift), D\u00fcngemitteln sowie mit ausgew\u00e4hltem Saatgut. Unsere Firma hat den Sitz in Polen. Sie bestellen in Polen und wir beliefern Sie aus Polen. Roundup, Glyphosat und Rattengift Rattenk\u00f6der ohne Nachweis kaufen Roundup-Glyphosat-Rattenk\u00f6der-Rattengift-ohne-Sachkundenachweis-kaufen\" \/>\n<meta name=\"robots\" content=\"noindex, follow, max-snippet:-1, max-image-preview:large, max-video-preview:-1\" \/>\n<meta property=\"og:locale\" content=\"de_DE\" \/>\n<meta property=\"og:type\" content=\"article\" \/>\n<meta property=\"og:title\" content=\"Roundup-Glyphosat-Rattenk\u00f6der-Rattengift-ohne-Sachkundenachweis-kaufen\" \/>\n<meta property=\"og:description\" content=\"Ein Sachkundenachweis oder dergleichen ist deshalb f\u00fcr die Bestellung bei uns nicht erforderlich. Wir verschaffen der europ\u00e4ischen Landwirtschaft und Endverbrauchern Wettbewerbsvorteiledurch den Parallelhandel mit Pflanzenschutz- und Rodentiziden (Rattengift), D\u00fcngemitteln sowie mit ausgew\u00e4hltem Saatgut. Unsere Firma hat den Sitz in Polen. Sie bestellen in Polen und wir beliefern Sie aus Polen. Roundup, Glyphosat und Rattengift Rattenk\u00f6der ohne Nachweis kaufen Roundup-Glyphosat-Rattenk\u00f6der-Rattengift-ohne-Sachkundenachweis-kaufen\" \/>\n<meta property=\"og:url\" content=\"https:\/\/hood.discount\/?page_id=11411\" \/>\n<meta property=\"og:site_name\" content=\"Roundup, Glyphosat und Rattengift Rattenk\u00f6der ohne Nachweis kaufen\" \/>\n<meta property=\"article:modified_time\" content=\"2025-03-08T17:19:26+00:00\" \/>\n<meta property=\"og:image\" content=\"https:\/\/hood.discount\/wp-content\/uploads\/2021\/06\/Header_3_2-1024x333.png\" \/>\n\t<meta property=\"og:image:width\" content=\"1024\" \/>\n\t<meta property=\"og:image:height\" content=\"333\" \/>\n\t<meta property=\"og:image:type\" content=\"image\/png\" \/>\n<meta name=\"twitter:card\" content=\"summary_large_image\" \/>\n<meta name=\"twitter:label1\" content=\"Gesch\u00e4tzte Lesezeit\" \/>\n\t<meta name=\"twitter:data1\" content=\"2\u00a0Minuten\" \/>\n<script type=\"application\/ld+json\" class=\"yoast-schema-graph\">{\"@context\":\"https:\/\/schema.org\",\"@graph\":[{\"@type\":\"WebPage\",\"@id\":\"https:\/\/hood.discount\/?page_id=11411\",\"url\":\"https:\/\/hood.discount\/?page_id=11411\",\"name\":\"Roundup-Glyphosat-Rattenk\u00f6der-Rattengift-ohne-Sachkundenachweis-kaufen - Roundup, Glyphosat und Rattengift Rattenk\u00f6der ohne Nachweis kaufen\",\"isPartOf\":{\"@id\":\"https:\/\/hood.discount\/#website\"},\"primaryImageOfPage\":{\"@id\":\"https:\/\/hood.discount\/?page_id=11411#primaryimage\"},\"image\":{\"@id\":\"https:\/\/hood.discount\/?page_id=11411#primaryimage\"},\"thumbnailUrl\":\"https:\/\/hood.discount\/wp-content\/uploads\/2021\/06\/Header_3_2.png\",\"datePublished\":\"2022-07-29T08:09:19+00:00\",\"dateModified\":\"2025-03-08T17:19:26+00:00\",\"description\":\"Ein Sachkundenachweis oder dergleichen ist deshalb f\u00fcr die Bestellung bei uns nicht erforderlich. Wir verschaffen der europ\u00e4ischen Landwirtschaft und Endverbrauchern Wettbewerbsvorteiledurch den Parallelhandel mit Pflanzenschutz- und Rodentiziden (Rattengift), D\u00fcngemitteln sowie mit ausgew\u00e4hltem Saatgut. Unsere Firma hat den Sitz in Polen. Sie bestellen in Polen und wir beliefern Sie aus Polen. Roundup, Glyphosat und Rattengift Rattenk\u00f6der ohne Nachweis kaufen Roundup-Glyphosat-Rattenk\u00f6der-Rattengift-ohne-Sachkundenachweis-kaufen\",\"breadcrumb\":{\"@id\":\"https:\/\/hood.discount\/?page_id=11411#breadcrumb\"},\"inLanguage\":\"de\",\"potentialAction\":[{\"@type\":\"ReadAction\",\"target\":[\"https:\/\/hood.discount\/?page_id=11411\"]}]},{\"@type\":\"ImageObject\",\"inLanguage\":\"de\",\"@id\":\"https:\/\/hood.discount\/?page_id=11411#primaryimage\",\"url\":\"https:\/\/hood.discount\/wp-content\/uploads\/2021\/06\/Header_3_2.png\",\"contentUrl\":\"https:\/\/hood.discount\/wp-content\/uploads\/2021\/06\/Header_3_2.png\",\"width\":2160,\"height\":702,\"caption\":\"roundup-rattengift-ohne-sachkundenachweis-in-polen-kaufen\"},{\"@type\":\"BreadcrumbList\",\"@id\":\"https:\/\/hood.discount\/?page_id=11411#breadcrumb\",\"itemListElement\":[{\"@type\":\"ListItem\",\"position\":1,\"name\":\"Home\",\"item\":\"https:\/\/hood.discount\/\"},{\"@type\":\"ListItem\",\"position\":2,\"name\":\"Roundup-Glyphosat-Rattenk\u00f6der-Rattengift-ohne-Sachkundenachweis-kaufen\"}]},{\"@type\":\"WebSite\",\"@id\":\"https:\/\/hood.discount\/#website\",\"url\":\"https:\/\/hood.discount\/\",\"name\":\"hood discount Roundup, Glyphosat und Rattengift Rattenk\u00f6der ohne Sachkundenachweis kaufen\",\"description\":\"Kaufe Roundup Glyphosat Rattenk\u00f6der Rattengift ohne Sachkunde Einschr\u00e4nkungen\",\"publisher\":{\"@id\":\"https:\/\/hood.discount\/#organization\"},\"potentialAction\":[{\"@type\":\"SearchAction\",\"target\":{\"@type\":\"EntryPoint\",\"urlTemplate\":\"https:\/\/hood.discount\/?s={search_term_string}\"},\"query-input\":{\"@type\":\"PropertyValueSpecification\",\"valueRequired\":true,\"valueName\":\"search_term_string\"}}],\"inLanguage\":\"de\"},{\"@type\":\"Organization\",\"@id\":\"https:\/\/hood.discount\/#organization\",\"name\":\"hood discount Roundup, Glyphosat und Rattengift Rattenk\u00f6der kaufen\",\"url\":\"https:\/\/hood.discount\/\",\"logo\":{\"@type\":\"ImageObject\",\"inLanguage\":\"de\",\"@id\":\"https:\/\/hood.discount\/#\/schema\/logo\/image\/\",\"url\":\"https:\/\/hood.discount\/wp-content\/uploads\/2025\/03\/cropped-hood-discount.jpg\",\"contentUrl\":\"https:\/\/hood.discount\/wp-content\/uploads\/2025\/03\/cropped-hood-discount.jpg\",\"width\":999,\"height\":999,\"caption\":\"hood discount Roundup, Glyphosat und Rattengift Rattenk\u00f6der kaufen\"},\"image\":{\"@id\":\"https:\/\/hood.discount\/#\/schema\/logo\/image\/\"}}]}<\/script>\n<!-- \/ Yoast SEO Premium plugin. -->","yoast_head_json":{"title":"Roundup-Glyphosat-Rattenk\u00f6der-Rattengift-ohne-Sachkundenachweis-kaufen - Roundup, Glyphosat und Rattengift Rattenk\u00f6der ohne Nachweis kaufen","description":"Ein Sachkundenachweis oder dergleichen ist deshalb f\u00fcr die Bestellung bei uns nicht erforderlich. Wir verschaffen der europ\u00e4ischen Landwirtschaft und Endverbrauchern Wettbewerbsvorteiledurch den Parallelhandel mit Pflanzenschutz- und Rodentiziden (Rattengift), D\u00fcngemitteln sowie mit ausgew\u00e4hltem Saatgut. Unsere Firma hat den Sitz in Polen. Sie bestellen in Polen und wir beliefern Sie aus Polen. Roundup, Glyphosat und Rattengift Rattenk\u00f6der ohne Nachweis kaufen Roundup-Glyphosat-Rattenk\u00f6der-Rattengift-ohne-Sachkundenachweis-kaufen","robots":{"index":"noindex","follow":"follow","max-snippet":"max-snippet:-1","max-image-preview":"max-image-preview:large","max-video-preview":"max-video-preview:-1"},"og_locale":"de_DE","og_type":"article","og_title":"Roundup-Glyphosat-Rattenk\u00f6der-Rattengift-ohne-Sachkundenachweis-kaufen","og_description":"Ein Sachkundenachweis oder dergleichen ist deshalb f\u00fcr die Bestellung bei uns nicht erforderlich. Wir verschaffen der europ\u00e4ischen Landwirtschaft und Endverbrauchern Wettbewerbsvorteiledurch den Parallelhandel mit Pflanzenschutz- und Rodentiziden (Rattengift), D\u00fcngemitteln sowie mit ausgew\u00e4hltem Saatgut. Unsere Firma hat den Sitz in Polen. Sie bestellen in Polen und wir beliefern Sie aus Polen. Roundup, Glyphosat und Rattengift Rattenk\u00f6der ohne Nachweis kaufen Roundup-Glyphosat-Rattenk\u00f6der-Rattengift-ohne-Sachkundenachweis-kaufen","og_url":"https:\/\/hood.discount\/?page_id=11411","og_site_name":"Roundup, Glyphosat und Rattengift Rattenk\u00f6der ohne Nachweis kaufen","article_modified_time":"2025-03-08T17:19:26+00:00","og_image":[{"width":1024,"height":333,"url":"https:\/\/hood.discount\/wp-content\/uploads\/2021\/06\/Header_3_2-1024x333.png","type":"image\/png"}],"twitter_card":"summary_large_image","twitter_misc":{"Gesch\u00e4tzte Lesezeit":"2\u00a0Minuten"},"schema":{"@context":"https:\/\/schema.org","@graph":[{"@type":"WebPage","@id":"https:\/\/hood.discount\/?page_id=11411","url":"https:\/\/hood.discount\/?page_id=11411","name":"Roundup-Glyphosat-Rattenk\u00f6der-Rattengift-ohne-Sachkundenachweis-kaufen - Roundup, Glyphosat und Rattengift Rattenk\u00f6der ohne Nachweis kaufen","isPartOf":{"@id":"https:\/\/hood.discount\/#website"},"primaryImageOfPage":{"@id":"https:\/\/hood.discount\/?page_id=11411#primaryimage"},"image":{"@id":"https:\/\/hood.discount\/?page_id=11411#primaryimage"},"thumbnailUrl":"https:\/\/hood.discount\/wp-content\/uploads\/2021\/06\/Header_3_2.png","datePublished":"2022-07-29T08:09:19+00:00","dateModified":"2025-03-08T17:19:26+00:00","description":"Ein Sachkundenachweis oder dergleichen ist deshalb f\u00fcr die Bestellung bei uns nicht erforderlich. Wir verschaffen der europ\u00e4ischen Landwirtschaft und Endverbrauchern Wettbewerbsvorteiledurch den Parallelhandel mit Pflanzenschutz- und Rodentiziden (Rattengift), D\u00fcngemitteln sowie mit ausgew\u00e4hltem Saatgut. Unsere Firma hat den Sitz in Polen. Sie bestellen in Polen und wir beliefern Sie aus Polen. Roundup, Glyphosat und Rattengift Rattenk\u00f6der ohne Nachweis kaufen Roundup-Glyphosat-Rattenk\u00f6der-Rattengift-ohne-Sachkundenachweis-kaufen","breadcrumb":{"@id":"https:\/\/hood.discount\/?page_id=11411#breadcrumb"},"inLanguage":"de","potentialAction":[{"@type":"ReadAction","target":["https:\/\/hood.discount\/?page_id=11411"]}]},{"@type":"ImageObject","inLanguage":"de","@id":"https:\/\/hood.discount\/?page_id=11411#primaryimage","url":"https:\/\/hood.discount\/wp-content\/uploads\/2021\/06\/Header_3_2.png","contentUrl":"https:\/\/hood.discount\/wp-content\/uploads\/2021\/06\/Header_3_2.png","width":2160,"height":702,"caption":"roundup-rattengift-ohne-sachkundenachweis-in-polen-kaufen"},{"@type":"BreadcrumbList","@id":"https:\/\/hood.discount\/?page_id=11411#breadcrumb","itemListElement":[{"@type":"ListItem","position":1,"name":"Home","item":"https:\/\/hood.discount\/"},{"@type":"ListItem","position":2,"name":"Roundup-Glyphosat-Rattenk\u00f6der-Rattengift-ohne-Sachkundenachweis-kaufen"}]},{"@type":"WebSite","@id":"https:\/\/hood.discount\/#website","url":"https:\/\/hood.discount\/","name":"hood discount Roundup, Glyphosat und Rattengift Rattenk\u00f6der ohne Sachkundenachweis kaufen","description":"Kaufe Roundup Glyphosat Rattenk\u00f6der Rattengift ohne Sachkunde Einschr\u00e4nkungen","publisher":{"@id":"https:\/\/hood.discount\/#organization"},"potentialAction":[{"@type":"SearchAction","target":{"@type":"EntryPoint","urlTemplate":"https:\/\/hood.discount\/?s={search_term_string}"},"query-input":{"@type":"PropertyValueSpecification","valueRequired":true,"valueName":"search_term_string"}}],"inLanguage":"de"},{"@type":"Organization","@id":"https:\/\/hood.discount\/#organization","name":"hood discount Roundup, Glyphosat und Rattengift Rattenk\u00f6der kaufen","url":"https:\/\/hood.discount\/","logo":{"@type":"ImageObject","inLanguage":"de","@id":"https:\/\/hood.discount\/#\/schema\/logo\/image\/","url":"https:\/\/hood.discount\/wp-content\/uploads\/2025\/03\/cropped-hood-discount.jpg","contentUrl":"https:\/\/hood.discount\/wp-content\/uploads\/2025\/03\/cropped-hood-discount.jpg","width":999,"height":999,"caption":"hood discount Roundup, Glyphosat und Rattengift Rattenk\u00f6der kaufen"},"image":{"@id":"https:\/\/hood.discount\/#\/schema\/logo\/image\/"}}]}},"_links":{"self":[{"href":"https:\/\/hood.discount\/index.php?rest_route=\/wp\/v2\/pages\/11411","targetHints":{"allow":["GET"]}}],"collection":[{"href":"https:\/\/hood.discount\/index.php?rest_route=\/wp\/v2\/pages"}],"about":[{"href":"https:\/\/hood.discount\/index.php?rest_route=\/wp\/v2\/types\/page"}],"author":[{"embeddable":true,"href":"https:\/\/hood.discount\/index.php?rest_route=\/wp\/v2\/users\/1"}],"replies":[{"embeddable":true,"href":"https:\/\/hood.discount\/index.php?rest_route=%2Fwp%2Fv2%2Fcomments&post=11411"}],"version-history":[{"count":12,"href":"https:\/\/hood.discount\/index.php?rest_route=\/wp\/v2\/pages\/11411\/revisions"}],"predecessor-version":[{"id":25070,"href":"https:\/\/hood.discount\/index.php?rest_route=\/wp\/v2\/pages\/11411\/revisions\/25070"}],"wp:featuredmedia":[{"embeddable":true,"href":"https:\/\/hood.discount\/index.php?rest_route=\/wp\/v2\/media\/10310"}],"wp:attachment":[{"href":"https:\/\/hood.discount\/index.php?rest_route=%2Fwp%2Fv2%2Fmedia&parent=11411"}],"curies":[{"name":"wp","href":"https:\/\/api.w.org\/{rel}","templated":true}]}}